{"id":24,"date":"2009-06-18T03:55:32","date_gmt":"2009-06-18T03:55:32","guid":{"rendered":"http:\/\/staging.verztec.com\/verztec\/project-management\/"},"modified":"2024-10-02T01:49:33","modified_gmt":"2024-10-02T01:49:33","slug":"project-management","status":"publish","type":"page","link":"https:\/\/www.verztec.com\/project-management","title":{"rendered":"Gestion de projet"},"content":{"rendered":"<p>La localisation est un processus complexe qui couvre plusieurs niveaux et n\u00e9cessite une coordination fluide entre des \u00e9quipes mondiales. Chez Verztec, nous assurons le succ\u00e8s des projets gr\u00e2ce \u00e0 notre \u00e9quipe d\u00e9di\u00e9e de gestion de projet, compos\u00e9e d\u2019experts strat\u00e9giquement situ\u00e9s dans le monde entier pour mondialiser efficacement vos produits et services.<\/p>\n<p>Pour am\u00e9liorer l\u2019efficacit\u00e9 et la collaboration, Verztec utilise des technologies avanc\u00e9es et standardise des pratiques de gestion de projet de qualit\u00e9 sup\u00e9rieure via une plateforme virtuelle. Cette plateforme facilite une communication fluide et des mises \u00e0 jour en temps r\u00e9el entre les \u00e9quipes Verztec et les clients, garantissant une approche d\u00e9taill\u00e9e mais flexible de votre processus de localisation.<\/p>\n<p>La gestion de projet de localisation de Verztec repose sur trois aspects principaux :<\/p>\n<h3 class=\"title-normal\">Strat\u00e9gie :<\/h3>\n<p>Nos consultants effectuent des analyses approfondies de vos produits, besoins et objectifs. Cela permet de d\u00e9ployer les membres Verztec les mieux adapt\u00e9s pour atteindre vos objectifs de mani\u00e8re efficace.<\/p>\n<h3 class=\"title-normal\">Informations accessibles :<\/h3>\n<p>Nous tirons parti de l\u2019accessibilit\u00e9 et de la commodit\u00e9 offertes par Internet et les technologies mobiles pour optimiser les op\u00e9rations du projet. Gr\u00e2ce \u00e0 Verztec Xtranet, les parties prenantes ont un acc\u00e8s continu aux d\u00e9tails et aux statuts des projets, favorisant la transparence et l\u2019alignement.<\/p>\n<h3 class=\"title-normal\">Structure :<\/h3>\n<p>Les membres de l\u2019\u00e9quipe Verztec restent engag\u00e9s tout au long du cycle de vie du projet. Ils r\u00e9pondent rapidement aux changements et fournissent le soutien n\u00e9cessaire, garantissant une ex\u00e9cution fluide des projets et la satisfaction des clients.<\/p>\n<p>En plus de nos solides comp\u00e9tences en localisation, Verztec excelle dans la gestion de projets e-learning. Nous nous sp\u00e9cialisons dans le d\u00e9ploiement de plateformes LMS personnalis\u00e9es, la licence et l\u2019adaptation de contenus de formation pr\u00eats \u00e0 l\u2019emploi et la num\u00e9risation de programmes de formation internes pour des publics mondiaux dans plusieurs langues.<\/p>\n<p>Collaborez avec Verztec pour d\u00e9couvrir une expertise compl\u00e8te en gestion de projet, adapt\u00e9e \u00e0 la fois \u00e0 la localisation et aux solutions d\u2019apprentissage num\u00e9rique. Contactez-nous \u00e0 <a href=\"mailto:enquiry@verztec.com\">enquiry@verztec.com<\/a> pour explorer comment nous pouvons optimiser vos strat\u00e9gies de communication et de formation mondiales de mani\u00e8re efficace.<\/p>\n","protected":false},"excerpt":{"rendered":"<p>La localisation est un processus complexe qui couvre plusieurs niveaux et n\u00e9cessite une coordination fluide entre des \u00e9quipes mondiales. Chez Verztec, nous assurons le succ\u00e8s des projets gr\u00e2ce \u00e0 notre&hellip;<\/p>\n","protected":false},"author":1,"featured_media":2031,"parent":0,"menu_order":7,"comment_status":"closed","ping_status":"closed","template":"","meta":{"footnotes":""},"class_list":["post-24","page","type-page","status-publish","has-post-thumbnail","hentry"],"_links":{"self":[{"href":"https:\/\/www.verztec.com\/wp-json\/wp\/v2\/pages\/24"}],"collection":[{"href":"https:\/\/www.verztec.com\/wp-json\/wp\/v2\/pages"}],"about":[{"href":"https:\/\/www.verztec.com\/wp-json\/wp\/v2\/types\/page"}],"author":[{"embeddable":true,"href":"https:\/\/www.verztec.com\/wp-json\/wp\/v2\/users\/1"}],"replies":[{"embeddable":true,"href":"https:\/\/www.verztec.com\/wp-json\/wp\/v2\/comments?post=24"}],"version-history":[{"count":1,"href":"https:\/\/www.verztec.com\/wp-json\/wp\/v2\/pages\/24\/revisions"}],"predecessor-version":[{"id":2055,"href":"https:\/\/www.verztec.com\/wp-json\/wp\/v2\/pages\/24\/revisions\/2055"}],"wp:featuredmedia":[{"embeddable":true,"href":"https:\/\/www.verztec.com\/wp-json\/wp\/v2\/media\/2031"}],"wp:attachment":[{"href":"https:\/\/www.verztec.com\/wp-json\/wp\/v2\/media?parent=24"}],"curies":[{"name":"wp","href":"https:\/\/api.w.org\/{rel}","templated":true}]}}