{"id":608,"date":"2009-06-26T08:23:52","date_gmt":"2009-06-26T08:23:52","guid":{"rendered":"http:\/\/staging.verztec.com\/verztec\/privacy-policy-2\/"},"modified":"2025-06-11T05:53:59","modified_gmt":"2025-06-11T05:53:59","slug":"privacy-policy-2","status":"publish","type":"page","link":"https:\/\/www.verztec.com\/privacy-policy-2","title":{"rendered":"Politique de confidentialit\u00e9"},"content":{"rendered":"<p>Ce site web est administr\u00e9 par Verztec Consulting Pte Ltd.<\/p>\n<p>Ce qui suit donne un aper\u00e7u de la mani\u00e8re dont nous prot\u00e9geons votre vie priv\u00e9e pendant votre visite.<\/p>\n<p style=\"height: 5px;\">\u00a0<\/p>\n<p><strong>Quelles informations recueillons-nous ?<\/strong><\/p>\n<p>Les informations sur verztec.com sont recueillies de deux mani\u00e8res : (1) indirectement (par exemple, via la technologie de notre site) et (2) directement (par exemple, lorsque vous fournissez des informations sur les diff\u00e9rentes pages de verztec.com).<\/p>\n<p>Un exemple d&#8217;informations que nous recueillons indirectement est via nos journaux d&#8217;acc\u00e8s Internet. Lorsque vous acc\u00e9dez \u00e0 verztec.com, votre adresse Internet est automatiquement collect\u00e9e et enregistr\u00e9e dans nos journaux d&#8217;acc\u00e8s Internet.<\/p>\n<p>Nous collectons directement des informations aupr\u00e8s de vous de plusieurs fa\u00e7ons, dont certaines sont d\u00e9crites dans cette D\u00e9claration de confidentialit\u00e9. L&#8217;une de ces fa\u00e7ons est l&#8217;utilisation des cookies. Les cookies sont de petits fichiers d&#8217;informations qui enregistrent et r\u00e9cup\u00e8rent des donn\u00e9es sur votre visite sur verztec.com \u2014 par exemple, comment vous \u00eates arriv\u00e9 sur notre site, comment vous avez navigu\u00e9 et quelles informations vous ont int\u00e9ress\u00e9. Les cookies que nous utilisons vous identifient simplement comme un num\u00e9ro. (Si vous \u00eates mal \u00e0 l&#8217;aise avec l&#8217;utilisation des cookies, gardez \u00e0 l&#8217;esprit que vous pouvez d\u00e9sactiver les cookies dans les param\u00e8tres ou les options de votre navigateur.)<\/p>\n<p>Nous collectons \u00e9galement des informations lorsque vous les soumettez volontairement. Sur notre site, nous offrons la possibilit\u00e9 de s&#8217;inscrire \u00e0 un \u00e9v\u00e9nement ou une conf\u00e9rence, de commander un livre blanc ou de participer \u00e0 une enqu\u00eate en ligne. Lorsque nous collectons ce type d&#8217;informations, nous vous informons des raisons pour lesquelles nous les demandons et de la mani\u00e8re dont elles seront utilis\u00e9es. Il est enti\u00e8rement \u00e0 votre discr\u00e9tion de fournir ces informations ou non.<\/p>\n<p style=\"height: 5px;\">\u00a0<\/p>\n<p><strong>Comment utilisons-nous ces informations ?<\/strong><\/p>\n<p>Nous les analysons pour d\u00e9terminer ce qui est le plus efficace sur notre site, pour nous aider \u00e0 identifier les moyens de l&#8217;am\u00e9liorer, et finalement, pour d\u00e9terminer comment personnaliser verztec.com afin de le rendre plus efficace. Nous pouvons \u00e9galement utiliser les donn\u00e9es \u00e0 d&#8217;autres fins, que nous vous d\u00e9crirons au moment o\u00f9 nous collectons les informations.<\/p>\n<p style=\"height: 5px;\">\u00a0<\/p>\n<p><strong>Partageons-nous ces informations avec des tiers ?<\/strong><\/p>\n<p>En tant qu&#8217;organisation mondiale, les donn\u00e9es que nous collectons peuvent \u00eatre transf\u00e9r\u00e9es internationalement au sein de l&#8217;organisation mondiale de Verztec. Nous ne vendons pas d&#8217;informations individuelles et nous ne les partageons qu&#8217;avec nos conseillers. Il y aura d&#8217;autres moments o\u00f9 nous devrons partager des informations, par exemple, dans le cadre d&#8217;un \u00e9v\u00e9nement o\u00f9 nous devons fournir des informations sur les pr\u00e9f\u00e9rences alimentaires \u00e0 notre traiteur. Mais encore une fois, avant que vous ne soumettiez des informations, nous vous informerons des raisons pour lesquelles nous les demandons, et il est enti\u00e8rement \u00e0 votre discr\u00e9tion de les fournir ou non.<\/p>\n<p style=\"height: 5px;\">\u00a0<\/p>\n<p><strong>Qu&#8217;en est-il des donn\u00e9es personnelles sensibles ?<\/strong><\/p>\n<p>Nous ne cherchons g\u00e9n\u00e9ralement pas \u00e0 collecter des donn\u00e9es personnelles sensibles via ce site. Si nous cherchons \u00e0 collecter de telles donn\u00e9es, nous vous demanderons votre consentement pour les utilisations propos\u00e9es.<\/p>\n<p style=\"height: 5px;\">\u00a0<\/p>\n<p><strong>Qu&#8217;en est-il de la s\u00e9curit\u00e9 des donn\u00e9es ?<\/strong><\/p>\n<p>Nous prenons les mesures appropri\u00e9es pour maintenir la s\u00e9curit\u00e9 de vos donn\u00e9es sur verztec.com. Vous devez comprendre que la nature ouverte d&#8217;Internet est telle que les donn\u00e9es peuvent circuler sur des r\u00e9seaux sans mesures de s\u00e9curit\u00e9 et peuvent \u00eatre accessibles et utilis\u00e9es par des personnes autres que celles pour lesquelles les donn\u00e9es sont destin\u00e9es.<\/p>\n<p>Si vous avez des questions maintenant ou pendant votre visite, veuillez nous contacter.<\/p>\n","protected":false},"excerpt":{"rendered":"<p>Ce site web est administr\u00e9 par Verztec Consulting Pte Ltd. Ce qui suit donne un aper\u00e7u de la mani\u00e8re dont nous prot\u00e9geons votre vie priv\u00e9e pendant votre visite. \u00a0 Quelles&hellip;<\/p>\n","protected":false},"author":1,"featured_media":2033,"parent":0,"menu_order":13,"comment_status":"closed","ping_status":"closed","template":"","meta":{"footnotes":""},"class_list":["post-608","page","type-page","status-publish","has-post-thumbnail","hentry"],"_links":{"self":[{"href":"https:\/\/www.verztec.com\/wp-json\/wp\/v2\/pages\/608"}],"collection":[{"href":"https:\/\/www.verztec.com\/wp-json\/wp\/v2\/pages"}],"about":[{"href":"https:\/\/www.verztec.com\/wp-json\/wp\/v2\/types\/page"}],"author":[{"embeddable":true,"href":"https:\/\/www.verztec.com\/wp-json\/wp\/v2\/users\/1"}],"replies":[{"embeddable":true,"href":"https:\/\/www.verztec.com\/wp-json\/wp\/v2\/comments?post=608"}],"version-history":[{"count":1,"href":"https:\/\/www.verztec.com\/wp-json\/wp\/v2\/pages\/608\/revisions"}],"predecessor-version":[{"id":4266,"href":"https:\/\/www.verztec.com\/wp-json\/wp\/v2\/pages\/608\/revisions\/4266"}],"wp:featuredmedia":[{"embeddable":true,"href":"https:\/\/www.verztec.com\/wp-json\/wp\/v2\/media\/2033"}],"wp:attachment":[{"href":"https:\/\/www.verztec.com\/wp-json\/wp\/v2\/media?parent=608"}],"curies":[{"name":"wp","href":"https:\/\/api.w.org\/{rel}","templated":true}]}}