{"id":620,"date":"2009-07-31T04:25:55","date_gmt":"2009-07-31T04:25:55","guid":{"rendered":"http:\/\/staging.verztec.com\/verztec\/industry-associations\/"},"modified":"2025-02-10T08:38:27","modified_gmt":"2025-02-10T08:38:27","slug":"industry-associations","status":"publish","type":"page","link":"https:\/\/www.verztec.com\/industry-associations","title":{"rendered":"Associations Commerciales et Chambres"},"content":{"rendered":"<p>En tant que partenaire id\u00e9al pour les entreprises cherchant \u00e0 s&#8217;\u00e9tendre sur le march\u00e9 mondial et \u00e0 r\u00e9ussir \u00e0 l&#8217;international, Verztec propose des solutions d&#8217;apprentissage num\u00e9rique et divers services de traduction professionnelle. Nous prenons en charge tous types de communications, y compris le contenu en ligne, les documents de formation, les documents juridiques et les ressources web. Nous sommes fiers d&#8217;\u00eatre membres de plusieurs organisations professionnelles reconnues repr\u00e9sentant des entreprises de taille moyenne et grande dans divers secteurs.<\/p>\n<table class=\"industry_associations\" border=\"0\" width=\"100%\" cellspacing=\"0\" cellpadding=\"0\">\n<tbody>\n<tr>\n<td valign=\"top\" style=\"width: 250px;\"><img loading=\"lazy\" decoding=\"async\" class=\"alignleft size-full wp-image-619\" src=\"https:\/\/www.verztec.com\/wp-content\/uploads\/2009\/07\/sneflogo.gif\" alt=\"\" width=\"170\" height=\"39\" align=\"left\" border=\"0\" \/><\/td>\n<td class=\"s2\">La F\u00e9d\u00e9ration nationale des employeurs de Singapour (SNEF) est un syndicat enregistr\u00e9 en vertu de la loi sur les syndicats. Elle repr\u00e9sente les int\u00e9r\u00eats des employeurs de tous les secteurs \u00e9conomiques et agit en tant que contrepartie du Congr\u00e8s national des syndicats (NTUC). La SNEF aide les entreprises syndiqu\u00e9es et non syndiqu\u00e9es \u00e0 am\u00e9liorer l&#8217;harmonie des relations employeur-employ\u00e9, la productivit\u00e9 et la comp\u00e9titivit\u00e9.<\/td>\n<\/tr>\n<tr>\n<td valign=\"top\" style=\"width: 250px;\"><img decoding=\"async\" class=\"alignleft size-full wp-image-617\" src=\"https:\/\/www.verztec.com\/wp-content\/uploads\/2009\/07\/sicclogo.png\" alt=\"\" width=\"170\" align=\"left\" border=\"0\" \/><\/td>\n<td class=\"s2\">La Chambre de commerce internationale de Singapour (SICC), fond\u00e9e en 1837, repr\u00e9sente certaines des plus grandes entreprises internationales et soci\u00e9t\u00e9s leaders de Singapour. En collaborant avec les d\u00e9cideurs politiques et les parties prenantes cl\u00e9s, la SICC offre \u00e0 ses membres un avantage concurrentiel dans un environnement \u00e9conomique en constante \u00e9volution. Elle regroupe des membres de plus de 40 nations et 20 secteurs industriels afin de maintenir Singapour en tant que plateforme mondiale d&#8217;affaires.<\/td>\n<\/tr>\n<tr>\n<td valign=\"top\" style=\"width: 250px;\"><img decoding=\"async\" class=\"alignleft size-full wp-image-616\" src=\"https:\/\/www.verztec.com\/wp-content\/uploads\/2009\/07\/eurocham.png\" alt=\"\" width=\"170\" align=\"left\" border=\"0\" \/><\/td>\n<td class=\"s2\">La Chambre de commerce europ\u00e9enne de Singapour (EuroCham Singapore) repr\u00e9sente les int\u00e9r\u00eats communs de la communaut\u00e9 d&#8217;affaires europ\u00e9enne en promouvant le commerce, les services et les investissements entre l&#8217;Europe, Singapour et la r\u00e9gion. EuroCham est un r\u00e9seau unique d&#8217;entreprises europ\u00e9ennes et locales, de repr\u00e9sentants des chambres de commerce nationales europ\u00e9ennes \u00e0 Singapour, d&#8217;universit\u00e9s et d&#8217;associations professionnelles.<\/td>\n<\/tr>\n<tr>\n<td valign=\"top\" style=\"width: 250px;\"><img decoding=\"async\" class=\"alignleft size-full wp-image-618\" src=\"https:\/\/www.verztec.com\/wp-content\/uploads\/2009\/07\/sbflogo.gif\" alt=\"\" width=\"170\" align=\"left\" border=\"0\" \/><\/td>\n<td class=\"s2\">Fond\u00e9e en 2002, la F\u00e9d\u00e9ration des entreprises de Singapour (SBF) est la chambre de commerce supr\u00eame qui d\u00e9fend les int\u00e9r\u00eats de la communaut\u00e9 des affaires singapourienne en mati\u00e8re de commerce, d&#8217;investissement et de relations industrielles. La SBF agit comme un pont entre le gouvernement et les entreprises \u00e0 Singapour afin de cr\u00e9er et d&#8217;am\u00e9liorer un environnement favorable aux affaires. Elle repr\u00e9sente plus de 19 000 entreprises ainsi que les chambres de commerce locales et \u00e9trang\u00e8res et les principales associations industrielles.<\/td>\n<\/tr>\n<tr>\n<td valign=\"top\" style=\"width: 250px;\"><img decoding=\"async\" class=\"alignleft size-full wp-image-618\" src=\"https:\/\/www.verztec.com\/wp-content\/uploads\/2025\/02\/SHRI-logo.png\" alt=\"\" width=\"170\" align=\"left\" border=\"0\" \/><\/td>\n<td class=\"s2\">L&#8217;Institut des ressources humaines de Singapour (SHRI) est l&#8217;association professionnelle de premier plan pour les praticiens des ressources humaines \u00e0 Singapour, engag\u00e9e dans l&#8217;avancement de la profession RH. Il propose une large gamme de ressources, de formations et d&#8217;opportunit\u00e9s de r\u00e9seautage pour aider les leaders des RH \u00e0 d\u00e9velopper leurs comp\u00e9tences professionnelles.<\/td>\n<\/tr>\n<tr>\n<td valign=\"top\" style=\"width: 250px;\"><img decoding=\"async\" class=\"alignleft size-full wp-image-614\" src=\"https:\/\/www.verztec.com\/wp-content\/uploads\/2009\/07\/GALA_small.gif\" alt=\"\" width=\"170\" align=\"left\" border=\"0\" \/><\/td>\n<td class=\"s2\">L&#8217;Association pour la globalisation et la localisation (GALA) est une organisation internationale \u00e0 but non lucratif repr\u00e9sentant l&#8217;industrie de la traduction, de l&#8217;internationalisation, de la localisation et de la globalisation. L&#8217;association offre aux membres une plateforme commune pour discuter des enjeux du secteur, cr\u00e9er des solutions innovantes, promouvoir l&#8217;industrie et proposer une valeur collaborative unique \u00e0 leurs clients.<\/td>\n<\/tr>\n<tr>\n<td valign=\"top\" style=\"width: 250px;\"><img decoding=\"async\" class=\"alignleft size-full wp-image-615\" src=\"https:\/\/www.verztec.com\/wp-content\/uploads\/2009\/07\/alcuslogo.gif\" alt=\"\" width=\"170\" align=\"left\" border=\"0\" \/><\/td>\n<td class=\"s2\">Fond\u00e9e en 2002, l&#8217;Association des entreprises linguistiques (ALC) est une organisation professionnelle unique repr\u00e9sentant les entreprises fournissant des services de traduction, d&#8217;interpr\u00e9tation, de localisation et de formation linguistique. Cette association fournit des informations essentielles sur les meilleures pratiques du secteur, offre des opportunit\u00e9s de collaboration entre professionnels exp\u00e9riment\u00e9s et sensibilise le public \u00e0 l&#8217;industrie de la traduction et de la localisation.<\/td>\n<\/tr>\n<\/tbody>\n<\/table>\n","protected":false},"excerpt":{"rendered":"<p>En tant que partenaire id\u00e9al pour les entreprises cherchant \u00e0 s&#8217;\u00e9tendre sur le march\u00e9 mondial et \u00e0 r\u00e9ussir \u00e0 l&#8217;international, Verztec propose des solutions d&#8217;apprentissage num\u00e9rique et divers services de&hellip;<\/p>\n","protected":false},"author":1,"featured_media":2024,"parent":0,"menu_order":17,"comment_status":"closed","ping_status":"closed","template":"","meta":{"footnotes":""},"class_list":["post-620","page","type-page","status-publish","has-post-thumbnail","hentry"],"_links":{"self":[{"href":"https:\/\/www.verztec.com\/wp-json\/wp\/v2\/pages\/620"}],"collection":[{"href":"https:\/\/www.verztec.com\/wp-json\/wp\/v2\/pages"}],"about":[{"href":"https:\/\/www.verztec.com\/wp-json\/wp\/v2\/types\/page"}],"author":[{"embeddable":true,"href":"https:\/\/www.verztec.com\/wp-json\/wp\/v2\/users\/1"}],"replies":[{"embeddable":true,"href":"https:\/\/www.verztec.com\/wp-json\/wp\/v2\/comments?post=620"}],"version-history":[{"count":20,"href":"https:\/\/www.verztec.com\/wp-json\/wp\/v2\/pages\/620\/revisions"}],"predecessor-version":[{"id":4121,"href":"https:\/\/www.verztec.com\/wp-json\/wp\/v2\/pages\/620\/revisions\/4121"}],"wp:featuredmedia":[{"embeddable":true,"href":"https:\/\/www.verztec.com\/wp-json\/wp\/v2\/media\/2024"}],"wp:attachment":[{"href":"https:\/\/www.verztec.com\/wp-json\/wp\/v2\/media?parent=620"}],"curies":[{"name":"wp","href":"https:\/\/api.w.org\/{rel}","templated":true}]}}