{"id":678,"date":"2009-07-31T04:29:06","date_gmt":"2009-07-31T04:29:06","guid":{"rendered":"http:\/\/staging.verztec.com\/verztec\/investors\/"},"modified":"2024-10-29T06:26:33","modified_gmt":"2024-10-29T06:26:33","slug":"investors","status":"publish","type":"page","link":"https:\/\/www.verztec.com\/investors","title":{"rendered":"Relations avec les Investisseurs"},"content":{"rendered":"\r\n<p>Chez Verztec, nous privil\u00e9gions la communication transparente et un engagement sans faille \u00e0 tenir nos promesses, ce qui nous permet de gagner la confiance de nos investisseurs. Nos performances d\u00e9montrent une r\u00e9ussite constante gr\u00e2ce \u00e0 des taux de croissance \u00e9lev\u00e9s et \u00e0 l\u2019atteinte r\u00e9ussie de nos objectifs financiers.<\/p>\r\n\r\n\r\n\r\n<p>\u00c0 mesure que les entreprises se mondialisent et s\u2019\u00e9tendent sur des march\u00e9s \u00e9trangers, la demande de services de localisation devrait augmenter de mani\u00e8re significative dans les ann\u00e9es \u00e0 venir. Cela offre de solides opportunit\u00e9s pour une croissance continue et une innovation dans notre secteur. De plus, le passage aux solutions d&#8217;apprentissage num\u00e9rique positionne Verztec \u00e0 l&#8217;avant-garde d&#8217;un march\u00e9 en pleine \u00e9volution, avec un potentiel de croissance substantiel dans l&#8217;eLearning et la formation en ligne.<\/p>\r\n\r\n\r\n\r\n<p>Verztec est une entreprise technologique dynamique et en pleine croissance, et nous vous invitons \u00e0 faire partie de notre parcours. Votre investissement peut nous aider \u00e0 poursuivre notre mission et \u00e0 tirer parti des opportunit\u00e9s de march\u00e9 \u00e9mergentes dans les domaines de la localisation et de l&#8217;apprentissage num\u00e9rique.<\/p>\r\n\r\n\r\n\r\n<p>Pour les investisseurs int\u00e9ress\u00e9s, n&#8217;h\u00e9sitez pas \u00e0 nous contacter \u00e0 <a class=\"blue\" href=\"mailto:invest@verztec.com\">invest@verztec.com<\/a> pour plus de d\u00e9tails sur les opportunit\u00e9s d\u2019investissement potentielles.<\/p>\r\n<p>&nbsp;<\/p>\r\n\r\n\r\n\r\n<h3 class=\"wp-block-heading title-normal\">Partenariat Strat\u00e9gique : Grandiose Pte Ltd<\/h3>\r\n\r\n\r\n\r\n<figure class=\"wp-block-image\"><img loading=\"lazy\" decoding=\"async\" width=\"331\" height=\"60\" src=\"https:\/\/www.verztec.com\/wp-content\/uploads\/2009\/07\/grandiose.jpg\" alt=\"grandiose\" class=\"wp-image-677\" title=\"Grandiose\" srcset=\"https:\/\/www.verztec.com\/wp-content\/uploads\/2009\/07\/grandiose.jpg 331w, https:\/\/www.verztec.com\/wp-content\/uploads\/2009\/07\/grandiose-300x54.jpg 300w\" sizes=\"(max-width: 331px) 100vw, 331px\" \/><\/figure>\r\n\r\n\r\n\r\n<p><\/p>\r\n\r\n\r\n\r\n<p>Grandiose Pte Ltd est un investisseur corporatif cl\u00e9 de Verztec Consulting Pte Ltd. Avec une forte pr\u00e9sence dans le secteur de l\u2019assurance, Grandiose se sp\u00e9cialise dans l&#8217;organisation d\u2019assurances pour les entreprises engag\u00e9es dans des projets attribu\u00e9s par des entit\u00e9s publiques et priv\u00e9es. Leur client\u00e8le prestigieuse comprend des multinationales telles que Qing Jian Group, Shanghai Tunnel, Samsung C&amp;T Corporation, entre autres.<\/p>\r\n\r\n\r\n\r\n<p>Pour en savoir plus sur Grandiose et leurs services \u00e9tendus, veuillez visiter <a class=\"blue\" href=\"http:\/\/www.grandiose.com.sg\" target=\"_BLANK\" rel=\"noopener\">http:\/\/www.grandiose.com.sg<\/a>.<\/p>\r\n\r\n\r\n\r\n<p>Ensemble, nous esp\u00e9rons atteindre de nouveaux sommets et renforcer des relations \u00e0 long terme avec nos investisseurs. Merci de consid\u00e9rer Verztec comme un ajout pr\u00e9cieux \u00e0 votre portefeuille d&#8217;investissement.<\/p>\r\n\r\n","protected":false},"excerpt":{"rendered":"<p>Chez Verztec, nous privil\u00e9gions la communication transparente et un engagement sans faille \u00e0 tenir nos promesses, ce qui nous permet de gagner la confiance de nos investisseurs. Nos performances d\u00e9montrent&hellip;<\/p>\n","protected":false},"author":1,"featured_media":2024,"parent":0,"menu_order":18,"comment_status":"closed","ping_status":"closed","template":"","meta":{"footnotes":""},"class_list":["post-678","page","type-page","status-publish","has-post-thumbnail","hentry"],"_links":{"self":[{"href":"https:\/\/www.verztec.com\/wp-json\/wp\/v2\/pages\/678"}],"collection":[{"href":"https:\/\/www.verztec.com\/wp-json\/wp\/v2\/pages"}],"about":[{"href":"https:\/\/www.verztec.com\/wp-json\/wp\/v2\/types\/page"}],"author":[{"embeddable":true,"href":"https:\/\/www.verztec.com\/wp-json\/wp\/v2\/users\/1"}],"replies":[{"embeddable":true,"href":"https:\/\/www.verztec.com\/wp-json\/wp\/v2\/comments?post=678"}],"version-history":[{"count":3,"href":"https:\/\/www.verztec.com\/wp-json\/wp\/v2\/pages\/678\/revisions"}],"predecessor-version":[{"id":2826,"href":"https:\/\/www.verztec.com\/wp-json\/wp\/v2\/pages\/678\/revisions\/2826"}],"wp:featuredmedia":[{"embeddable":true,"href":"https:\/\/www.verztec.com\/wp-json\/wp\/v2\/media\/2024"}],"wp:attachment":[{"href":"https:\/\/www.verztec.com\/wp-json\/wp\/v2\/media?parent=678"}],"curies":[{"name":"wp","href":"https:\/\/api.w.org\/{rel}","templated":true}]}}