{"id":679,"date":"2009-07-31T04:30:48","date_gmt":"2009-07-31T04:30:48","guid":{"rendered":"http:\/\/staging.verztec.com\/verztec\/employment-opportunities\/"},"modified":"2024-11-15T07:38:06","modified_gmt":"2024-11-15T07:38:06","slug":"employment-opportunities","status":"publish","type":"page","link":"https:\/\/www.verztec.com\/employment-opportunities","title":{"rendered":"Opportunit\u00e9s d'emploi"},"content":{"rendered":"<style>\n    a:hover {\n        cursor: pointer;\n    }\n<\/style>\n<p>Chez Verztec, nous sommes sp\u00e9cialis\u00e9s dans l&#8217;accompagnement des entreprises pour qu&#8217;elles atteignent les march\u00e9s mondiaux et r\u00e9ussissent \u00e0 l&#8217;international. Que vous souhaitiez d\u00e9velopper votre activit\u00e9 ou exporter vos produits et services, nous sommes l\u00e0 pour vous aider.<\/p>\n<p>Avec son si\u00e8ge social \u00e0 Singapour et des bureaux dans le monde entier, Verztec soutient certaines des plus grandes entreprises mondiales dans le d\u00e9veloppement, la localisation, la publication et la gestion de leurs communications marketing et d&#8217;entreprise, ainsi que dans la formation globale en plus de 100 langues.<\/p>\n<h3 class=\"title-normal\">Nos clients et distinctions<\/h3>\n<p>Verztec soutient fi\u00e8rement un tiers des entreprises du classement Fortune 500, parmi lesquelles IBM, HP, Microsoft, Citibank, Rolls Royce Motors, P&#038;G, Honeywell, McDonald&#8217;s Corporation, UBS et Unilever. Nous avons \u00e9t\u00e9 reconnus comme l&#8217;une des entreprises les plus performantes de Singapour par le Business Times, le Sunday Times et le Lianhe ZaoBao. Nos distinctions prestigieuses incluent le Spirit of Enterprise Award, le Singapore Prestige Brand Award et le Promising SME 500 Award.<\/p>\n<h3 class=\"title-normal\">Notre philosophie<\/h3>\n<p>Nous croyons que notre succ\u00e8s repose sur les relations solides que nous construisons avec nos employ\u00e9s, notre engagement envers l&#8217;excellence du service client et notre d\u00e9vouement \u00e0 offrir des r\u00e9sultats de qualit\u00e9 mondiale en tant qu&#8217;\u00e9quipe dynamique.<\/p>\n<h3 class=\"title-normal\">Pourquoi rejoindre Verztec ?<\/h3>\n<p>Vous \u00eates int\u00e9ress\u00e9 \u00e0 rejoindre notre \u00e9quipe ? Voici pourquoi Verztec pourrait \u00eatre l&#8217;endroit id\u00e9al pour votre carri\u00e8re :<\/p>\n<ul>\n<li><strong>Culture d&#8217;\u00e9quipe forte :<\/strong> Nous valorisons les relations \u00e9troites et le travail d&#8217;\u00e9quipe.<\/li>\n<li><strong>Excellence du service client :<\/strong> Nous nous engageons \u00e0 fournir des r\u00e9sultats exceptionnels.<\/li>\n<li><strong>Opportunit\u00e9s mondiales :<\/strong> Travaillez avec des entreprises leaders \u00e0 travers le monde.<\/li>\n<li><strong>Croissance professionnelle :<\/strong> Nous offrons des opportunit\u00e9s d&#8217;apprentissage et de d\u00e9veloppement continu pour vous aider \u00e0 progresser dans votre carri\u00e8re.<\/li>\n<li><strong>Environnement innovant :<\/strong> Faites partie d&#8217;une entreprise dynamique qui adopte de nouvelles id\u00e9es et technologies.<\/li>\n<\/ul>\n<h3 class=\"title-normal\">Opportunit\u00e9s de stage<\/h3>\n<p>Si vous \u00eates \u00e9tudiant en enseignement sup\u00e9rieur \u00e0 la recherche d&#8217;une exp\u00e9rience de stage unique, veuillez contacter le responsable des placements de votre \u00e9cole pour exprimer votre int\u00e9r\u00eat pour Verztec.<\/p>\n<h3 class=\"title-normal\">Jeunes dipl\u00f4m\u00e9s<\/h3>\n<p>Les jeunes dipl\u00f4m\u00e9s sont chaleureusement accueillis chez Verztec ! Vous b\u00e9n\u00e9ficierez d&#8217;un atelier d&#8217;int\u00e9gration complet, d&#8217;une formation sur le tas et d&#8217;un programme de mentorat. Acqu\u00e9rez une exp\u00e9rience pratique, faites de nouvelles rencontres et d\u00e9couvrez votre plein potentiel. Au fur et \u00e0 mesure de votre progression, vous pourriez \u00eatre s\u00e9lectionn\u00e9 pour des programmes de d\u00e9veloppement en gestion, vous pr\u00e9parant \u00e0 des postes plus \u00e9lev\u00e9s, localement ou \u00e0 l&#8217;\u00e9tranger.<\/p>\n<h3 class=\"title-normal\">Opportunit\u00e9s de carri\u00e8re<\/h3>\n<p>Si vous \u00eates ax\u00e9 sur les r\u00e9sultats, centr\u00e9 sur le client et pr\u00eat \u00e0 relever des d\u00e9fis, Verztec a l&#8217;opportunit\u00e9 de carri\u00e8re qu&#8217;il vous faut ! Explorez les opportunit\u00e9s disponibles et rejoignez-nous pour fournir des solutions de qualit\u00e9 mondiale.<\/p>\n<p>Merci de consid\u00e9rer une carri\u00e8re chez Verztec. Nous avons h\u00e2te de vous accueillir dans notre \u00e9quipe !<\/p>\n<p>Explorez notre site Web pour en savoir plus sur la fa\u00e7on dont nous pouvons vous aider \u00e0 r\u00e9ussir \u00e0 l&#8217;\u00e9chelle mondiale.<\/p>\n<p><strong>1. <a id=\"e1\" title=\"Consultant en gestion de projet\">Consultant en gestion de projet<\/a><\/strong><\/p>\n<p><strong>2. <a id=\"e2\" title=\"Responsable d\u00e9veloppement commercial\">Responsable d\u00e9veloppement commercial<\/a><\/strong><\/p>\n<p><strong>3. <a id=\"e3\" title=\"Charg\u00e9(e) de marketing\">Charg\u00e9(e) de marketing<\/a><\/strong><\/p>\n<p><strong>4. <a id=\"e4\" title=\"Concepteur multim\u00e9dia interactif\">Concepteur multim\u00e9dia interactif<\/a><\/strong><\/p>\n<p><strong>5. <a id=\"e5\" title=\"Responsable conception p\u00e9dagogique \/ Chef d'\u00e9quipe technique\">Responsable conception p\u00e9dagogique \/ Chef d&#8217;\u00e9quipe technique<\/a><\/strong><\/p>\n<p><strong>6. <a id=\"e6\" title=\"Coordinateur de projet multim\u00e9dia \/ IT\">Coordinateur de projet multim\u00e9dia \/ IT<\/a><\/strong><\/p>\n<p><strong>7. <a id=\"e7\" title=\"Graphiste\">Graphiste<\/a><\/strong><\/p>\n<p><strong>8. <a id=\"e8\" title=\"D\u00e9veloppeur Web\">D\u00e9veloppeur Web<\/a><\/strong><\/p>\n<p><strong>9. <a title=\"Traducteurs et interpr\u00e8tes ind\u00e9pendants\" href=\"https:\/\/xtranet.verztec.com\/\" target=\"_blank\" rel=\"noopener\">Traducteurs et interpr\u00e8tes ind\u00e9pendants<\/a><\/strong><\/p>\n<p><strong>10. <a title=\"Com\u00e9diens voix-off ind\u00e9pendants\" href=\"https:\/\/xtranet.verztec.com\/\" target=\"_blank\" rel=\"noopener\">Com\u00e9diens voix-off ind\u00e9pendants<\/a><\/strong><\/p>\n<p>Rejoignez l&#8217;\u00e9quipe dynamique de Verztec d\u00e8s aujourd&#8217;hui en postulant avec confiance en envoyant votre CV \u00e0 <a href=\"mailto:hr@verztec.com\">hr@verztec.com<\/a>.<\/p>\n<p><script>\n  document.getElementById('e1').addEventListener('click', () => {\n    window.open('https:\/\/www.verztec.com\/wp-content\/uploads\/employment\/one.html', '_blank', 'width=800,height=600');\n  });\n  document.getElementById('e2').addEventListener('click', () => {\n    window.open('https:\/\/www.verztec.com\/wp-content\/uploads\/employment\/two.html', '_blank', 'width=800,height=600');\n  });\n  document.getElementById('e3').addEventListener('click', () => {\n    window.open('https:\/\/www.verztec.com\/wp-content\/uploads\/employment\/three.html', '_blank', 'width=800,height=600');\n  });\n  document.getElementById('e4').addEventListener('click', () => {\n    window.open('https:\/\/www.verztec.com\/wp-content\/uploads\/employment\/four.html', '_blank', 'width=800,height=600');\n  });\n  document.getElementById('e5').addEventListener('click', () => {\n    window.open('https:\/\/www.verztec.com\/wp-content\/uploads\/employment\/five.html', '_blank', 'width=800,height=600');\n  });\n  document.getElementById('e6').addEventListener('click', () => {\n    window.open('https:\/\/www.verztec.com\/wp-content\/uploads\/employment\/six.html', '_blank', 'width=800,height=600');\n  });\n  document.getElementById('e7').addEventListener('click', () => {\n    window.open('https:\/\/www.verztec.com\/wp-content\/uploads\/employment\/seven.html', '_blank', 'width=800,height=600');\n  });\n  document.getElementById('e8').addEventListener('click', () => {\n    window.open('https:\/\/www.verztec.com\/wp-content\/uploads\/employment\/eight.html', '_blank', 'width=800,height=600');\n  });\n<\/script><\/p>\n","protected":false},"excerpt":{"rendered":"<p>Chez Verztec, nous sommes sp\u00e9cialis\u00e9s dans l&#8217;accompagnement des entreprises pour qu&#8217;elles atteignent les march\u00e9s mondiaux et r\u00e9ussissent \u00e0 l&#8217;international. Que vous souhaitiez d\u00e9velopper votre activit\u00e9 ou exporter vos produits et&hellip;<\/p>\n","protected":false},"author":1,"featured_media":2033,"parent":0,"menu_order":15,"comment_status":"closed","ping_status":"closed","template":"","meta":{"footnotes":""},"class_list":["post-679","page","type-page","status-publish","has-post-thumbnail","hentry"],"_links":{"self":[{"href":"https:\/\/www.verztec.com\/wp-json\/wp\/v2\/pages\/679"}],"collection":[{"href":"https:\/\/www.verztec.com\/wp-json\/wp\/v2\/pages"}],"about":[{"href":"https:\/\/www.verztec.com\/wp-json\/wp\/v2\/types\/page"}],"author":[{"embeddable":true,"href":"https:\/\/www.verztec.com\/wp-json\/wp\/v2\/users\/1"}],"replies":[{"embeddable":true,"href":"https:\/\/www.verztec.com\/wp-json\/wp\/v2\/comments?post=679"}],"version-history":[{"count":11,"href":"https:\/\/www.verztec.com\/wp-json\/wp\/v2\/pages\/679\/revisions"}],"predecessor-version":[{"id":3148,"href":"https:\/\/www.verztec.com\/wp-json\/wp\/v2\/pages\/679\/revisions\/3148"}],"wp:featuredmedia":[{"embeddable":true,"href":"https:\/\/www.verztec.com\/wp-json\/wp\/v2\/media\/2033"}],"wp:attachment":[{"href":"https:\/\/www.verztec.com\/wp-json\/wp\/v2\/media?parent=679"}],"curies":[{"name":"wp","href":"https:\/\/api.w.org\/{rel}","templated":true}]}}