{"id":860,"date":"2009-08-03T07:35:35","date_gmt":"2009-08-03T07:35:35","guid":{"rendered":"http:\/\/staging.verztec.com\/verztec\/translation\/"},"modified":"2025-02-05T09:48:11","modified_gmt":"2025-02-05T09:48:11","slug":"translation","status":"publish","type":"page","link":"https:\/\/www.verztec.com\/translation","title":{"rendered":"Traduction humaine professionnelle"},"content":{"rendered":"<div class=\"mobile_img\" style=\"float: right; margin-left: 5px;\"><img loading=\"lazy\" decoding=\"async\" class=\" size-full wp-image-857\" style=\"max-width: 230px;\" src=\"https:\/\/www.verztec.com\/wp-content\/uploads\/2009\/08\/quotesMCD.jpg\" alt=\"\" width=\"375\" height=\"685\" border=\"0\" srcset=\"https:\/\/www.verztec.com\/wp-content\/uploads\/2009\/08\/quotesMCD.jpg 375w, https:\/\/www.verztec.com\/wp-content\/uploads\/2009\/08\/quotesMCD-164x300.jpg 164w\" sizes=\"(max-width: 375px) 100vw, 375px\" \/><\/div>\r\n<p>Dans le monde interconnect\u00e9 d\u2019aujourd\u2019hui, o\u00f9 le commerce \u00e9lectronique transforme le march\u00e9 mondial, il est essentiel d\u2019\u00e9tendre votre entreprise aux march\u00e9s internationaux. Que vous vendiez des produits, proposiez des services ou d\u00e9veloppiez votre marque, une communication efficace avec les clients internationaux est cruciale. La vente au-del\u00e0 des fronti\u00e8res devient de plus en plus courante, et une traduction de qualit\u00e9 est la cl\u00e9 de votre succ\u00e8s.<\/p>\r\n<h4 class=\"title-normal\">Pourquoi une traduction de qualit\u00e9 est essentielle pour le succ\u00e8s de votre entreprise<\/h4>\r\n<p>Sur le march\u00e9 mondial, traduire votre contenu dans plusieurs langues ne se r\u00e9sume pas \u00e0 convertir des mots : il s\u2019agit de garantir que votre message r\u00e9sonne avec les publics locaux, inspire confiance et favorise des relations durables. Avec l\u2019essor des plateformes num\u00e9riques pour atteindre de nouveaux march\u00e9s, une traduction de haute qualit\u00e9 est indispensable. Elle permet de s\u2019assurer que vos produits et services sont commercialis\u00e9s efficacement et per\u00e7us positivement sur les march\u00e9s \u00e9trangers.<\/p>\r\n<p>Bien que les outils num\u00e9riques facilitent l\u2019acc\u00e8s \u00e0 la traduction, les traductions automatiques ne peuvent pas capturer les subtilit\u00e9s du langage humain. Des v\u00e9rifications linguistiques et des r\u00e9visions appropri\u00e9es sont n\u00e9cessaires pour garantir une terminologie correcte et un style r\u00e9dactionnel adapt\u00e9. Lorsqu\u2019elle est bien r\u00e9alis\u00e9e, la traduction devient un puissant outil de r\u00e9ussite \u00e0 l\u2019international.<\/p>\r\n<h4 class=\"title-normal\">L\u2019expertise de Verztec en services de traduction<\/h4>\r\n<p>Chez Verztec, nous comprenons l\u2019importance d\u2019une traduction pr\u00e9cise, culturellement adapt\u00e9e et professionnelle. Nous traitons plus de 100 millions de mots chaque mois dans divers secteurs, notamment les supports de formation, les documents juridiques, les brevets, les fiches de s\u00e9curit\u00e9, les campagnes marketing, les enqu\u00eates de recherche, la documentation commerciale, les essais cliniques, les manuels techniques, les sites web et bien plus encore.<\/p>\r\n<p>Avec plus de 10 000 traducteurs professionnels, tous natifs et ayant plus de 10 ans d\u2019exp\u00e9rience, nous garantissons une traduction pr\u00e9cise et adapt\u00e9e \u00e0 votre public cible. Des documents juridiques aux supports marketing, nous veillons \u00e0 ce que votre communication commerciale soit linguistiquement pr\u00e9cise et culturellement pertinente.<\/p>\r\n<h4 class=\"title-normal\">L\u2019importance de la sensibilit\u00e9 culturelle et de la pr\u00e9cision<\/h4>\r\n<p>La langue est profond\u00e9ment li\u00e9e \u00e0 la culture. Nos traducteurs sont non seulement des experts linguistiques, mais aussi des connaisseurs de la culture locale, ce qui leur permet d\u2019adapter votre contenu aux sp\u00e9cificit\u00e9s du march\u00e9 cible. Cette sensibilit\u00e9 culturelle garantit que votre message r\u00e9sonne de mani\u00e8re significative.<\/p>\r\n<p>Outre l\u2019adaptation culturelle, la pr\u00e9cision est essentielle. Une mauvaise traduction peut entra\u00eener des malentendus, des erreurs de communication, voire des cons\u00e9quences juridiques. Le processus rigoureux de Verztec inclut des v\u00e9rifications linguistiques pour garantir exactitude et clart\u00e9, prot\u00e9geant ainsi votre r\u00e9putation sur les march\u00e9s mondiaux.<\/p>\r\n<h4 class=\"title-normal\">Assurer la coh\u00e9rence de votre marque \u00e0 l\u2019international<\/h4>\r\n<p>Lorsque vous vous d\u00e9veloppez sur de nouveaux march\u00e9s, il est essentiel de maintenir la coh\u00e9rence de votre message de marque. Que ce soit pour la traduction de supports marketing, de descriptions de produits ou de communications clients, nous veillons \u00e0 pr\u00e9server l\u2019identit\u00e9 de votre marque. Un message coh\u00e9rent renforce la confiance et la reconnaissance, favorisant ainsi la fid\u00e9lit\u00e9 des clients internationaux.<\/p>\r\n<h4 class=\"title-normal\">R\u00e9duction des risques gr\u00e2ce \u00e0 une traduction de qualit\u00e9<\/h4>\r\n<p>Une traduction inad\u00e9quate peut entra\u00eener des risques tels qu\u2019une image de marque d\u00e9t\u00e9rior\u00e9e, des complications juridiques et des opportunit\u00e9s manqu\u00e9es. Une seule erreur dans la traduction de contrats juridiques, de documents de s\u00e9curit\u00e9 ou de notices produits peut engendrer un bad buzz ou des poursuites judiciaires. En collaborant avec Verztec, vous minimisez ces risques. Notre processus d\u2019assurance qualit\u00e9 garantit des traductions pr\u00e9cises et fiables, prot\u00e9geant ainsi votre entreprise et sa r\u00e9putation.<\/p>\r\n<h4 class=\"title-normal\">Utiliser la traduction pour \u00e9tendre votre port\u00e9e<\/h4>\r\n<p>Le commerce \u00e9lectronique et le marketing num\u00e9rique facilitent plus que jamais l\u2019acc\u00e8s aux clients internationaux. Proposer un site web multilingue ou un microsite vous permet d\u2019explorer de nouveaux march\u00e9s, d\u2019\u00e9tablir des connexions avec les clients et de trouver des partenaires ou des r\u00e9seaux de distribution. Gr\u00e2ce aux services de traduction experts de Verztec, vous pouvez tester en toute confiance de nouveaux march\u00e9s, acqu\u00e9rir de nouveaux clients et stimuler la croissance gr\u00e2ce au marketing en plusieurs langues.<\/p>\r\n<h4 class=\"title-normal\">\u00c9viter les crises de relations publiques et les litiges<\/h4>\r\n<p>Une traduction appropri\u00e9e garantit que votre message est clair et culturellement adapt\u00e9, r\u00e9duisant ainsi le risque de crises de relations publiques et de probl\u00e8mes juridiques. Dans des secteurs tels que la sant\u00e9, la banque et la finance ou l&#8217;industrie manufacturi\u00e8re, o\u00f9 la pr\u00e9cision est essentielle, des erreurs de traduction peuvent entra\u00eener des probl\u00e8mes de s\u00e9curit\u00e9, des questions r\u00e9glementaires, voire des litiges. Les linguistes experts de Verztec veillent \u00e0 ce que votre contenu respecte les normes l\u00e9gales et r\u00e9glementaires locales, vous aidant ainsi \u00e0 \u00e9viter des erreurs co\u00fbteuses.<\/p>\r\n<h4 class=\"title-normal\">La diff\u00e9rence Verztec : un partenaire de confiance pour l\u2019expansion internationale<\/h4>\r\n<p>Lorsque vous vous d\u00e9veloppez \u00e0 l\u2019international, il est essentiel de collaborer avec un prestataire de services de traduction exp\u00e9riment\u00e9. Verztec prend en charge vos besoins linguistiques, de la traduction initiale aux efforts de localisation continus, garantissant un contenu toujours pr\u00e9cis et efficace. Nous prenons en charge plus de 100 langues, vous permettant d\u2019engager des clients \u00e0 travers le monde.<\/p>\r\n<p>Que vous souhaitiez p\u00e9n\u00e9trer de nouveaux march\u00e9s, tester des produits ou d\u00e9velopper votre pr\u00e9sence en ligne, Verztec est l\u00e0 pour vous accompagner. Nos services de traduction vont au-del\u00e0 du simple langage et proposent des solutions compl\u00e8tes pour vous aider \u00e0 construire votre marque \u00e0 l\u2019international et \u00e0 interagir plus efficacement avec vos clients.<\/p>\r\n<h4 class=\"title-normal\">Pr\u00eat \u00e0 d\u00e9velopper votre entreprise \u00e0 l\u2019international ?<\/h4>\r\n<p>Ne laissez pas les barri\u00e8res linguistiques freiner votre succ\u00e8s. Laissez Verztec vous aider \u00e0 communiquer avec le monde et \u00e0 d\u00e9velopper votre entreprise sur les march\u00e9s internationaux. Gr\u00e2ce \u00e0 nos services de traduction de haute qualit\u00e9, vous pouvez aborder de nouveaux territoires avec confiance, accro\u00eetre votre part de march\u00e9 et b\u00e2tir une marque mondiale qui r\u00e9sonne au-del\u00e0 des fronti\u00e8res.<\/p>\r\n<p>Associez-vous \u00e0 Verztec d\u00e8s aujourd\u2019hui et d\u00e9couvrez la puissance d\u2019une traduction humaine professionnelle pour votre entreprise.<\/p>\r\n<p align=\"center\"><img loading=\"lazy\" decoding=\"async\" class=\" size-full wp-image-858\" style=\"width: 650px;\" title=\"Processus de traduction\" src=\"https:\/\/www.verztec.com\/wp-content\/uploads\/2009\/08\/CheckList.jpg\" alt=\"Processus de traduction\" width=\"747\" height=\"448\" border=\"0\" srcset=\"https:\/\/www.verztec.com\/wp-content\/uploads\/2009\/08\/CheckList.jpg 747w, https:\/\/www.verztec.com\/wp-content\/uploads\/2009\/08\/CheckList-300x180.jpg 300w\" sizes=\"(max-width: 747px) 100vw, 747px\" \/><\/p>\r\n<h4 style=\"text-align: center;\"><strong>Processus de traduction<\/strong><\/h4>\r\n<p align=\"center\"><img loading=\"lazy\" decoding=\"async\" class=\" size-full wp-image-859\" style=\"width: 950px;\" title=\"Processus de traduction professionnelle\" src=\"https:\/\/www.verztec.com\/wp-content\/uploads\/2009\/08\/process.jpg\" alt=\"Processus de traduction professionnelle\" width=\"1979\" height=\"1044\" border=\"0\" srcset=\"https:\/\/www.verztec.com\/wp-content\/uploads\/2009\/08\/process.jpg 1979w, https:\/\/www.verztec.com\/wp-content\/uploads\/2009\/08\/process-300x158.jpg 300w, https:\/\/www.verztec.com\/wp-content\/uploads\/2009\/08\/process-1024x540.jpg 1024w, https:\/\/www.verztec.com\/wp-content\/uploads\/2009\/08\/process-768x405.jpg 768w, https:\/\/www.verztec.com\/wp-content\/uploads\/2009\/08\/process-1536x810.jpg 1536w\" sizes=\"(max-width: 1979px) 100vw, 1979px\" \/><\/p>\r\n<p>Vous avez un grand volume de contenu \u00e0 traduire ? Optez pour notre service <strong>Traduction AI avec r\u00e9visions humaines professionnelles<\/strong> pour une solution rapide et \u00e9conomique. Ce service combine une technologie de traduction AI avanc\u00e9e avec des v\u00e9rifications et des r\u00e9visions linguistiques minutieuses effectu\u00e9es par l&#8217;\u00e9quipe de traducteurs hautement qualifi\u00e9s de Verztec. Il garantit l&#8217;exactitude et \u00e9limine les erreurs dues aux limites de l&#8217;IA, ce qui en fait un choix id\u00e9al pour vos documents commerciaux et officiels importants.<\/p>\r\n<p>Consultez <a href=\"communicate\/machine-ai-translation-post-edit-services\" target=\"_blank\" rel=\"noopener\">le service de traduction AI avec r\u00e9vision (ATPE) de Verztec<\/a> pour plus d&#8217;informations.<\/p>\r\n<p><strong>Contactez-nous d\u00e8s aujourd&#8217;hui \u00e0 l&#8217;adresse <a href=\"mailto:enquiry@verztec.com\" target=\"_blank\" rel=\"noopener\">enquiry@verztec.com<\/a> pour en savoir plus sur nos services et comment nous pouvons vous aider \u00e0 r\u00e9ussir \u00e0 l&#8217;\u00e9chelle mondiale.<\/strong><\/p>\r\n\r\n<hr style=\"margin-top: 20px; margin-bottom: 20px; border: 0; border-top: 1px solid #eee;\" \/>\n<p style=\"margin-bottom: 0;\">\n  <img decoding=\"async\" src=\"https:\/\/www.verztec.com\/wp-content\/images\/home\/more.png\" alt=\"\" \/>\n  &nbsp;<a href=\"https:\/\/www.verztec.com\/fr\/language-services\/\" target=\"_blank\" rel=\"noopener\">Voir tous les &#8220;Services linguistiques&#8221;<\/a>\n<\/p>","protected":false},"excerpt":{"rendered":"<p>Dans le monde interconnect\u00e9 d\u2019aujourd\u2019hui, o\u00f9 le commerce \u00e9lectronique transforme le march\u00e9 mondial, il est essentiel d\u2019\u00e9tendre votre entreprise aux march\u00e9s internationaux. Que vous vendiez des produits, proposiez des services&hellip;<\/p>\n","protected":false},"author":1,"featured_media":2018,"parent":0,"menu_order":20,"comment_status":"closed","ping_status":"closed","template":"","meta":{"footnotes":""},"class_list":["post-860","page","type-page","status-publish","has-post-thumbnail","hentry"],"_links":{"self":[{"href":"https:\/\/www.verztec.com\/wp-json\/wp\/v2\/pages\/860"}],"collection":[{"href":"https:\/\/www.verztec.com\/wp-json\/wp\/v2\/pages"}],"about":[{"href":"https:\/\/www.verztec.com\/wp-json\/wp\/v2\/types\/page"}],"author":[{"embeddable":true,"href":"https:\/\/www.verztec.com\/wp-json\/wp\/v2\/users\/1"}],"replies":[{"embeddable":true,"href":"https:\/\/www.verztec.com\/wp-json\/wp\/v2\/comments?post=860"}],"version-history":[{"count":14,"href":"https:\/\/www.verztec.com\/wp-json\/wp\/v2\/pages\/860\/revisions"}],"predecessor-version":[{"id":4089,"href":"https:\/\/www.verztec.com\/wp-json\/wp\/v2\/pages\/860\/revisions\/4089"}],"wp:featuredmedia":[{"embeddable":true,"href":"https:\/\/www.verztec.com\/wp-json\/wp\/v2\/media\/2018"}],"wp:attachment":[{"href":"https:\/\/www.verztec.com\/wp-json\/wp\/v2\/media?parent=860"}],"curies":[{"name":"wp","href":"https:\/\/api.w.org\/{rel}","templated":true}]}}