{"id":867,"date":"2009-08-03T07:46:40","date_gmt":"2009-08-03T07:46:40","guid":{"rendered":"http:\/\/staging.verztec.com\/verztec\/multilingual-brand-management\/"},"modified":"2025-01-22T02:00:23","modified_gmt":"2025-01-22T02:00:23","slug":"multilingual-brand-management","status":"publish","type":"page","link":"https:\/\/www.verztec.com\/multilingual-brand-management","title":{"rendered":"Gestion de marque multilingue"},"content":{"rendered":"<p>Dans le march\u00e9 mondial d\u2019aujourd\u2019hui, les entreprises doivent relever des d\u00e9fis uniques pour naviguer \u00e0 travers les nuances linguistiques et culturelles tout en maintenant une pr\u00e9sence de marque coh\u00e9rente. Verztec est votre partenaire de confiance pour surmonter ces obstacles, en offrant des services complets de gestion de marque multilingue con\u00e7us pour am\u00e9liorer l\u2019efficacit\u00e9 de la communication et toucher des publics diversifi\u00e9s \u00e0 travers le monde.<\/p>\r\n<br \/>\r\n<h3>Strat\u00e9gies de localisation sur mesure<\/h3>\r\n<br \/>\r\n<p>Verztec comprend l\u2019importance cruciale du contenu localis\u00e9 pour \u00e9tablir la cr\u00e9dibilit\u00e9 de la marque et engager efficacement les march\u00e9s cibles. Nos services de gestion de marque multilingue sont personnalis\u00e9s pour garantir que votre message de marque est adapt\u00e9 avec pr\u00e9cision et r\u00e9sonne culturellement dans plus de 100 langues. Nous utilisons des outils de gestion linguistique flexibles qui facilitent un contr\u00f4le centralis\u00e9 tout en tenant compte des variations r\u00e9gionales, trouvant ainsi l\u2019\u00e9quilibre parfait pour une coh\u00e9rence mondiale de la marque.<\/p>\r\n<br \/>\r\n<h3>Offre de services compl\u00e8te<\/h3>\r\n<br \/>\r\n<p>De la traduction et la localisation \u00e0 l\u2019analyse et l\u2019adaptation interculturelles, Verztec fournit des solutions de bout en bout pour soutenir la croissance internationale de votre marque. Notre \u00e9quipe d\u2019experts collabore \u00e9troitement avec vos \u00e9quipes internes ou agences externes pour aligner la voix et le message de la marque de mani\u00e8re transparente sur diff\u00e9rents march\u00e9s. Nous effectuons des \u00e9valuations approfondies des nuances politiques, sociales, religieuses, \u00e9ducatives, linguistiques et technologiques pour garantir le succ\u00e8s de votre marque dans des contextes mondiaux vari\u00e9s.<\/p>\r\n<br \/>\r\n<h3>Renforcer vos \u00e9quipes<\/h3>\r\n<br \/>\r\n<p>Au-del\u00e0 de la prestation de services de localisation de haute qualit\u00e9, Verztec renforce les \u00e9quipes de d\u00e9veloppement de contenu gr\u00e2ce \u00e0 des formations et des programmes \u00e9ducatifs personnalis\u00e9s. Nous \u00e9quipons votre personnel des comp\u00e9tences et connaissances n\u00e9cessaires pour g\u00e9rer efficacement le contenu multilingue, am\u00e9liorant ainsi l\u2019efficacit\u00e9 et assurant l\u2019int\u00e9grit\u00e9 constante de la marque dans toutes les communications.<\/p>\r\n<br \/>\r\n<h3>Partenariat strat\u00e9gique pour r\u00e9ussir<\/h3>\r\n<br \/>\r\n<p>Verztec op\u00e8re avec le m\u00eame niveau de rigueur et d\u2019engagement envers l\u2019excellence que votre agence publicitaire. Nous collaborons \u00e9troitement avec votre agence pour adapter et amplifier la voix de votre marque sur les march\u00e9s cibles, garantissant une repr\u00e9sentation coh\u00e9rente de la marque et un impact maximal.<\/p>\r\n<br \/>\r\n<h3>Solutions de communication intelligentes<\/h3>\r\n<br \/>\r\n<p>Chez Verztec, nous nous sp\u00e9cialisons dans des solutions de communication intelligentes qui g\u00e9n\u00e8rent des r\u00e9sultats mesurables. Que vous lanciez un nouveau produit, que vous p\u00e9n\u00e9triez de nouveaux march\u00e9s ou que vous renforciez votre strat\u00e9gie de marque mondiale, nos services de gestion de marque multilingue offrent l\u2019expertise et les ressources n\u00e9cessaires pour atteindre vos objectifs efficacement.<\/p>\r\n<br \/>\r\n<h3>Partenariat avec Verztec<\/h3>\r\n<br \/>\r\n<p><strong>D\u00e9couvrez la puissance d\u2019une communication multilingue efficace avec Verztec. Contactez-nous d\u00e8s aujourd\u2019hui \u00e0 <a href=\"mailto:enquiry@verztec.com\">enquiry@verztec.com<\/a> pour explorer comment nos services personnalis\u00e9s de gestion de marque multilingue peuvent renforcer la pr\u00e9sence mondiale de votre marque et stimuler le succ\u00e8s au-del\u00e0 des fronti\u00e8res.<\/strong><\/p>\r\n\r\n<hr style=\"margin-top: 20px; margin-bottom: 20px; border: 0; border-top: 1px solid #eee;\" \/>\n<p style=\"margin-bottom: 0;\">\n  <img decoding=\"async\" src=\"https:\/\/www.verztec.com\/wp-content\/images\/home\/more.png\" alt=\"\" \/>\n  &nbsp;<a href=\"https:\/\/www.verztec.com\/fr\/language-services\/\" target=\"_blank\" rel=\"noopener\">Voir tous les &#8220;Services linguistiques&#8221;<\/a>\n<\/p>\r\n","protected":false},"excerpt":{"rendered":"<p>Dans le march\u00e9 mondial d\u2019aujourd\u2019hui, les entreprises doivent relever des d\u00e9fis uniques pour naviguer \u00e0 travers les nuances linguistiques et culturelles tout en maintenant une pr\u00e9sence de marque coh\u00e9rente. Verztec&hellip;<\/p>\n","protected":false},"author":1,"featured_media":2018,"parent":0,"menu_order":14,"comment_status":"closed","ping_status":"closed","template":"","meta":{"footnotes":""},"class_list":["post-867","page","type-page","status-publish","has-post-thumbnail","hentry"],"_links":{"self":[{"href":"https:\/\/www.verztec.com\/wp-json\/wp\/v2\/pages\/867"}],"collection":[{"href":"https:\/\/www.verztec.com\/wp-json\/wp\/v2\/pages"}],"about":[{"href":"https:\/\/www.verztec.com\/wp-json\/wp\/v2\/types\/page"}],"author":[{"embeddable":true,"href":"https:\/\/www.verztec.com\/wp-json\/wp\/v2\/users\/1"}],"replies":[{"embeddable":true,"href":"https:\/\/www.verztec.com\/wp-json\/wp\/v2\/comments?post=867"}],"version-history":[{"count":4,"href":"https:\/\/www.verztec.com\/wp-json\/wp\/v2\/pages\/867\/revisions"}],"predecessor-version":[{"id":4008,"href":"https:\/\/www.verztec.com\/wp-json\/wp\/v2\/pages\/867\/revisions\/4008"}],"wp:featuredmedia":[{"embeddable":true,"href":"https:\/\/www.verztec.com\/wp-json\/wp\/v2\/media\/2018"}],"wp:attachment":[{"href":"https:\/\/www.verztec.com\/wp-json\/wp\/v2\/media?parent=867"}],"curies":[{"name":"wp","href":"https:\/\/api.w.org\/{rel}","templated":true}]}}