{"id":868,"date":"2009-08-03T07:49:57","date_gmt":"2009-08-03T07:49:57","guid":{"rendered":"http:\/\/staging.verztec.com\/verztec\/multilingual-content-development\/"},"modified":"2025-01-22T01:28:22","modified_gmt":"2025-01-22T01:28:22","slug":"multilingual-content-development","status":"publish","type":"page","link":"https:\/\/www.verztec.com\/multilingual-content-development","title":{"rendered":"D\u00e9veloppement et \u00c9dition de Contenu"},"content":{"rendered":"<p>Lorsque vous vous d\u00e9veloppez sur de nouveaux march\u00e9s, une communication efficace dans la langue maternelle de votre audience cible est essentielle. Vos messages r\u00e9sonnent-ils de mani\u00e8re authentique\u00a0? Ou risquez-vous des malentendus culturels qui pourraient ternir la r\u00e9putation de votre marque\u00a0?<\/p>\r\n<p>Verztec propose des services de r\u00e9daction et d&#8217;\u00e9dition multilingues, soutenus par une \u00e9quipe mondiale de plus de 10\u00a0000 r\u00e9dacteurs et traducteurs natifs et locaux. Nos experts s&#8217;engagent \u00e0 cr\u00e9er des contenus convaincants et adapt\u00e9s culturellement qui \u00e9tablissent une connexion avec votre audience, qu&#8217;il s&#8217;agisse d&#8217;affiner vos scripts existants ou d&#8217;en cr\u00e9er de nouveaux \u00e0 partir de z\u00e9ro.<\/p>\r\n<br \/>\r\n<h3>Pourquoi choisir Verztec\u00a0?<\/h3>\r\n<br \/>\r\n<ol>\r\n<li>Expertise et localisation\u00a0: Notre \u00e9quipe exp\u00e9riment\u00e9e garantit que votre contenu respecte les normes linguistiques et r\u00e9sonne profond\u00e9ment avec les cultures locales. Nous vous aidons \u00e0 \u00e9viter les pi\u00e8ges courants de la communication tout en renfor\u00e7ant l\u2019efficacit\u00e9 de vos messages.<\/li>\r\n<li>Solutions sur mesure\u00a0: De l&#8217;\u00e9dition \u00e0 la cr\u00e9ation compl\u00e8te de contenu, nous adaptons nos services \u00e0 vos besoins sp\u00e9cifiques et aux exigences de votre secteur. Que vous lanciez une campagne mondiale ou localisiez du contenu pour des march\u00e9s r\u00e9gionaux, nous veillons \u00e0 ce que votre message soit clair, percutant et pertinent culturellement.<\/li>\r\n<li>Efficacit\u00e9 et rapidit\u00e9\u00a0: Gr\u00e2ce \u00e0 nos processus simplifi\u00e9s et \u00e0 notre vaste r\u00e9seau mondial, nous fournissons des solutions de contenu rapides et efficaces sans compromettre la qualit\u00e9. Restez en t\u00eate dans votre secteur avec des strat\u00e9gies de communication opportunes et efficaces.<\/li>\r\n<\/ol>\r\n<br \/>\r\n<h3>Nos services incluent\u00a0:<\/h3>\r\n<br \/>\r\n<ol>\r\n<li>R\u00e9daction\u00a0: Cr\u00e9ation de contenus persuasifs et engageants qui r\u00e9sonnent avec votre audience cible.<\/li>\r\n<li>\u00c9dition de contenu\u00a0: Am\u00e9lioration de la clart\u00e9, de la coh\u00e9rence et de la sensibilit\u00e9 culturelle de vos contenus existants.<\/li>\r\n<li>Localisation\u00a0: Adaptation de votre contenu pour qu&#8217;il s&#8217;adresse directement aux march\u00e9s locaux tout en pr\u00e9servant l&#8217;int\u00e9grit\u00e9 de votre marque.<\/li>\r\n<\/ol>\r\n<br \/>\r\n<h3>Collaborez avec Verztec<\/h3>\r\n<br \/>\r\n<p><strong>O\u00f9 que votre entreprise vous m\u00e8ne, Verztec est votre partenaire de confiance pour surmonter les barri\u00e8res linguistiques et les nuances culturelles. Permettez-nous de vous aider \u00e0 parler couramment sur chaque march\u00e9 que vous ciblez, en veillant \u00e0 ce que vos messages soient non seulement compris, mais aussi adopt\u00e9s. Contactez-nous \u00e0 <a href=\"mailto:enquiry@verztec.com\" target=\"_blank\" rel=\"noopener\">enquiry@verztec.com<\/a> pour en discuter davantage.<\/strong><\/p>\r\n\r\n<hr style=\"margin-top: 20px; margin-bottom: 20px; border: 0; border-top: 1px solid #eee;\" \/>\n<p style=\"margin-bottom: 0;\">\n  <img decoding=\"async\" src=\"https:\/\/www.verztec.com\/wp-content\/images\/home\/more.png\" alt=\"\" \/>\n  &nbsp;<a href=\"https:\/\/www.verztec.com\/fr\/language-services\/\" target=\"_blank\" rel=\"noopener\">Voir tous les &#8220;Services linguistiques&#8221;<\/a>\n<\/p>\r\n","protected":false},"excerpt":{"rendered":"<p>Lorsque vous vous d\u00e9veloppez sur de nouveaux march\u00e9s, une communication efficace dans la langue maternelle de votre audience cible est essentielle. Vos messages r\u00e9sonnent-ils de mani\u00e8re authentique\u00a0? Ou risquez-vous des&hellip;<\/p>\n","protected":false},"author":1,"featured_media":2018,"parent":0,"menu_order":17,"comment_status":"closed","ping_status":"closed","template":"","meta":{"footnotes":""},"class_list":["post-868","page","type-page","status-publish","has-post-thumbnail","hentry"],"_links":{"self":[{"href":"https:\/\/www.verztec.com\/wp-json\/wp\/v2\/pages\/868"}],"collection":[{"href":"https:\/\/www.verztec.com\/wp-json\/wp\/v2\/pages"}],"about":[{"href":"https:\/\/www.verztec.com\/wp-json\/wp\/v2\/types\/page"}],"author":[{"embeddable":true,"href":"https:\/\/www.verztec.com\/wp-json\/wp\/v2\/users\/1"}],"replies":[{"embeddable":true,"href":"https:\/\/www.verztec.com\/wp-json\/wp\/v2\/comments?post=868"}],"version-history":[{"count":3,"href":"https:\/\/www.verztec.com\/wp-json\/wp\/v2\/pages\/868\/revisions"}],"predecessor-version":[{"id":3998,"href":"https:\/\/www.verztec.com\/wp-json\/wp\/v2\/pages\/868\/revisions\/3998"}],"wp:featuredmedia":[{"embeddable":true,"href":"https:\/\/www.verztec.com\/wp-json\/wp\/v2\/media\/2018"}],"wp:attachment":[{"href":"https:\/\/www.verztec.com\/wp-json\/wp\/v2\/media?parent=868"}],"curies":[{"name":"wp","href":"https:\/\/api.w.org\/{rel}","templated":true}]}}