{"id":870,"date":"2009-08-03T07:50:40","date_gmt":"2009-08-03T07:50:40","guid":{"rendered":"http:\/\/staging.verztec.com\/verztec\/software-testing\/"},"modified":"2025-01-22T01:54:00","modified_gmt":"2025-01-22T01:54:00","slug":"software-testing","status":"publish","type":"page","link":"https:\/\/www.verztec.com\/software-testing","title":{"rendered":"Localisation de logiciels et d'applications mobiles"},"content":{"rendered":"<div class=\"mobile_img\" style=\"float: right; margin-left: 5px;\"><img loading=\"lazy\" decoding=\"async\" class=\" size-full wp-image-869\" src=\"https:\/\/www.verztec.com\/wp-content\/uploads\/2009\/08\/quotes7.jpg\" alt=\"\" width=\"180\" height=\"356\" border=\"0\" srcset=\"https:\/\/www.verztec.com\/wp-content\/uploads\/2009\/08\/quotes7.jpg 180w, https:\/\/www.verztec.com\/wp-content\/uploads\/2009\/08\/quotes7-152x300.jpg 152w\" sizes=\"(max-width: 180px) 100vw, 180px\" \/><\/div>\r\n<p>Dans le monde connect\u00e9 num\u00e9riquement d\u2019aujourd\u2019hui, atteindre des march\u00e9s non anglophones n\u00e9cessite plus qu\u2019une simple traduction de logiciels. Cela exige une localisation pr\u00e9cise qui r\u00e9sonne linguistiquement et culturellement avec votre public cible. La localisation de logiciels d\u00e9passe la simple traduction linguistique pour adapter les graphiques, les interfaces utilisateur, les messages d\u2019erreur et plus encore, garantissant une exp\u00e9rience utilisateur fluide dans diff\u00e9rentes r\u00e9gions et langues.<\/p>\r\n<br \/>\r\n<h3>Pourquoi choisir Verztec pour la localisation de logiciels et d\u2019applications mobiles\u00a0?<\/h3>\r\n<br \/>\r\n<p>Verztec s\u2019engage \u00e0 fournir des solutions personnalis\u00e9es de bout en bout pour vos besoins en localisation de logiciels et d\u2019applications mobiles. Gr\u00e2ce \u00e0 une combinaison solide d\u2019expertise en ing\u00e9nierie logicielle et de ressources linguistiques compl\u00e8tes, nous simplifions le processus complexe de localisation en garantissant pr\u00e9cision et pertinence culturelle \u00e0 chaque \u00e9tape.<\/p>\r\n<br \/>\r\n<h3>Processus de localisation complet<\/h3>\r\n<br \/>\r\n<p>Notre approche commence par une planification minutieuse et des protocoles de test avant m\u00eame le d\u00e9but de la localisation. Nous int\u00e9grons des proc\u00e9dures de test d\u00e8s le d\u00e9but du cycle de d\u00e9veloppement afin d\u2019identifier les probl\u00e8mes potentiels et d\u2019optimiser la fonctionnalit\u00e9 des produits. Tout au long du processus de localisation, nous effectuons des contr\u00f4les d\u00e9taill\u00e9s pour maintenir des normes de qualit\u00e9 et am\u00e9liorer la satisfaction des utilisateurs.<\/p>\r\n<br \/>\r\n<h3>Protocoles de test<\/h3>\r\n<br \/>\r\n<p>Nos protocoles de test couvrent un large \u00e9ventail d\u2019\u00e9l\u00e9ments essentiels pour garantir que vos logiciels fonctionnent parfaitement dans diff\u00e9rentes langues et r\u00e9gions\u00a0:<\/p>\r\n<ul>\r\n<li>Formatage du texte et du contenu\u00a0: Des langues de gauche \u00e0 droite et de droite \u00e0 gauche \u00e0 l\u2019affichage correct des symboles mon\u00e9taires, des dates et des adresses.<\/li>\r\n<li>Conversion des majuscules et gestion des d\u00e9cimales\u00a0: Nous v\u00e9rifions la conversion des majuscules et la gestion des d\u00e9cimales pour garantir l\u2019int\u00e9grit\u00e9 des donn\u00e9es et une exp\u00e9rience utilisateur coh\u00e9rente.<\/li>\r\n<li>Support des caract\u00e8res\u00a0: Assurer la compatibilit\u00e9 avec des alphabets complexes tels que ceux utilis\u00e9s dans les langues asiatiques, y compris le support des caract\u00e8res 16 bits.<\/li>\r\n<\/ul>\r\n<br \/>\r\n<h3>Exp\u00e9rience utilisateur am\u00e9lior\u00e9e<\/h3>\r\n<br \/>\r\n<p>Au-del\u00e0 des tests fonctionnels, nous privil\u00e9gions l\u2019int\u00e9grit\u00e9 esth\u00e9tique. Par exemple, notre approche minutieuse garantit que les mots plus longs dans des langues comme l\u2019allemand s\u2019affichent correctement et de mani\u00e8re esth\u00e9tique, pr\u00e9servant ainsi la lisibilit\u00e9 et l\u2019engagement des utilisateurs.<\/p>\r\n<br \/>\r\n<h3>Assurance qualit\u00e9 et satisfaction client<\/h3>\r\n<br \/>\r\n<p>Les processus proactifs d\u2019assurance qualit\u00e9 de Verztec sont con\u00e7us pour r\u00e9pondre \u00e0 des normes strictes en mati\u00e8re de fonctionnalit\u00e9 et d\u2019esth\u00e9tique. Notre objectif est de fournir des logiciels et des applications mobiles bien localis\u00e9s qui non seulement r\u00e9pondent, mais d\u00e9passent les attentes des utilisateurs, favorisant la confiance et la fid\u00e9lit\u00e9 de votre client\u00e8le mondiale.<\/p>\r\n<br \/>\r\n<h3>Partenariat avec Verztec<\/h3>\r\n<br \/>\r\n<p><strong>Rejoignez les d\u00e9veloppeurs de logiciels de premier plan qui comptent sur Verztec pour leurs besoins en localisation de logiciels et d\u2019applications mobiles. Que vous souhaitiez vous d\u00e9velopper sur de nouveaux march\u00e9s ou am\u00e9liorer l\u2019engagement des utilisateurs sur les march\u00e9s existants, notre expertise garantit que vos logiciels fonctionnent parfaitement entre les langues et les cultures. Pour en discuter davantage, veuillez nous contacter \u00e0 <a href=\"mailto:enquiry@verztec.com\" target=\"_blank\" rel=\"noopener\">enquiry@verztec.com<\/a>.<\/strong><\/p>\r\n\r\n<hr style=\"margin-top: 20px; margin-bottom: 20px; border: 0; border-top: 1px solid #eee;\" \/>\n<p style=\"margin-bottom: 0;\">\n  <img decoding=\"async\" src=\"https:\/\/www.verztec.com\/wp-content\/images\/home\/more.png\" alt=\"\" \/>\n  &nbsp;<a href=\"https:\/\/www.verztec.com\/fr\/language-services\/\" target=\"_blank\" rel=\"noopener\">Voir tous les &#8220;Services linguistiques&#8221;<\/a>\n<\/p>\r\n","protected":false},"excerpt":{"rendered":"<p>Dans le monde connect\u00e9 num\u00e9riquement d\u2019aujourd\u2019hui, atteindre des march\u00e9s non anglophones n\u00e9cessite plus qu\u2019une simple traduction de logiciels. Cela exige une localisation pr\u00e9cise qui r\u00e9sonne linguistiquement et culturellement avec votre&hellip;<\/p>\n","protected":false},"author":1,"featured_media":2018,"parent":0,"menu_order":19,"comment_status":"closed","ping_status":"closed","template":"","meta":{"footnotes":""},"class_list":["post-870","page","type-page","status-publish","has-post-thumbnail","hentry"],"_links":{"self":[{"href":"https:\/\/www.verztec.com\/wp-json\/wp\/v2\/pages\/870"}],"collection":[{"href":"https:\/\/www.verztec.com\/wp-json\/wp\/v2\/pages"}],"about":[{"href":"https:\/\/www.verztec.com\/wp-json\/wp\/v2\/types\/page"}],"author":[{"embeddable":true,"href":"https:\/\/www.verztec.com\/wp-json\/wp\/v2\/users\/1"}],"replies":[{"embeddable":true,"href":"https:\/\/www.verztec.com\/wp-json\/wp\/v2\/comments?post=870"}],"version-history":[{"count":4,"href":"https:\/\/www.verztec.com\/wp-json\/wp\/v2\/pages\/870\/revisions"}],"predecessor-version":[{"id":4004,"href":"https:\/\/www.verztec.com\/wp-json\/wp\/v2\/pages\/870\/revisions\/4004"}],"wp:featuredmedia":[{"embeddable":true,"href":"https:\/\/www.verztec.com\/wp-json\/wp\/v2\/media\/2018"}],"wp:attachment":[{"href":"https:\/\/www.verztec.com\/wp-json\/wp\/v2\/media?parent=870"}],"curies":[{"name":"wp","href":"https:\/\/api.w.org\/{rel}","templated":true}]}}