{"id":871,"date":"2009-08-03T07:51:17","date_gmt":"2009-08-03T07:51:17","guid":{"rendered":"http:\/\/staging.verztec.com\/verztec\/multilingual-voice-over\/"},"modified":"2025-01-21T01:38:16","modified_gmt":"2025-01-21T01:38:16","slug":"multilingual-voice-over","status":"publish","type":"page","link":"https:\/\/www.verztec.com\/multilingual-voice-over","title":{"rendered":"Voix Off Professionnelles et IA"},"content":{"rendered":"<p>\r\n  Chez Verztec, nous sommes sp\u00e9cialis\u00e9s dans la fourniture de services de voix off de haute qualit\u00e9,\r\n  con\u00e7us pour renforcer vos efforts de communication mondiale.\r\n  Que vous \u00e9laboriez des campagnes marketing, d\u00e9veloppiez des vid\u00e9os de formation ou pr\u00e9sentiez du contenu d&#8217;entreprise,\r\n  nos solutions compl\u00e8tes dans plus de 100 langues garantissent clart\u00e9, pertinence culturelle et impact.\r\n<\/p>\r\n<br>\r\n<h3>Pourquoi choisir les services de voix off de Verztec ?<\/h3>\r\n<br>\r\n<h4 class=\"title-normal\">Options vari\u00e9es de voix off :<\/h4>\r\n<p>Nous proposons deux approches distinctes pour r\u00e9pondre \u00e0 vos besoins :<\/p>\r\n<ul>\r\n  <li>\r\n    <p><strong>Voix professionnelle :<\/strong><\/p>\r\n    <p>\r\n      Notre r\u00e9seau mondial de talents vocaux apporte profondeur et authenticit\u00e9 \u00e0 votre contenu.\r\n      Gr\u00e2ce \u00e0 des ann\u00e9es d&#8217;exp\u00e9rience, ils garantissent une prestation nuanc\u00e9e qui r\u00e9sonne avec votre public.\r\n    <\/p>\r\n  <\/li>\r\n  <li>\r\n    <p><strong>Technologie vocale IA :<\/strong><\/p>\r\n    <p>\r\n      En exploitant une IA de pointe, nous offrons des solutions rentables avec des d\u00e9lais rapides.\r\n      Nos voix g\u00e9n\u00e9r\u00e9es par IA maintiennent une qualit\u00e9 \u00e9lev\u00e9e gr\u00e2ce \u00e0 des v\u00e9rifications et modifications m\u00e9ticuleuses,\r\n      id\u00e9ales pour les projets n\u00e9cessitant rapidit\u00e9 et excellence.\r\n    <\/p>\r\n  <\/li>\r\n<\/ul>\r\n<h4 class=\"title-normal\">Assurance qualit\u00e9 pour une prononciation pr\u00e9cise :<\/h4>\r\n<p>\r\n  Pour nos voix professionnelles humaines comme pour nos voix IA, nous garantissons des contr\u00f4les QA complets\r\n  pour assurer une prononciation correcte dans plus de 100 langues.\r\n<\/p>\r\n<ul>\r\n  <li>\r\n    <p><strong>Expertise native :<\/strong><\/p>\r\n    <p>\r\n      Toutes les enregistrements sont soigneusement examin\u00e9s par des experts linguistiques natifs et locaux.\r\n      Ce processus garantit que les mots \u00e9trangers sont prononc\u00e9s correctement.\r\n    <\/p>\r\n  <\/li>\r\n  <li>\r\n    <p><strong>Corrections et finalisation :<\/strong><\/p>\r\n    <p>\r\n      Les mots mal prononc\u00e9s n\u00e9cessitant un r\u00e9enregistrement sont rapidement corrig\u00e9s et refaits.\r\n      Une fois finalis\u00e9s, les fichiers audio sont soumis \u00e0 une validation finale par nos clients.\r\n    <\/p>\r\n  <\/li>\r\n  <li>\r\n    <p><strong>V\u00e9rifications sp\u00e9cifiques \u00e0 l&#8217;IA :<\/strong><\/p>\r\n    <p>\r\n      Les voix IA, bien qu&#8217;efficaces, peuvent parfois rencontrer des erreurs de prononciation dues \u00e0 des accents\r\n      ou des nuances linguistiques. Pour y rem\u00e9dier, nous faisons appel \u00e0 des sp\u00e9cialistes natifs pour v\u00e9rifier\r\n      et r\u00e9soudre ces probl\u00e8mes.\r\n    <\/p>\r\n  <\/li>\r\n<\/ul>\r\n<h4 class=\"title-normal\">Ma\u00eetrise multilingue :<\/h4>\r\n<p>\r\n  Avec une expertise couvrant plus de 100 langues et dialectes, nous facilitons l&#8217;expansion mondiale sans effort.\r\n  Nos services de voix off transcendent les barri\u00e8res linguistiques, permettant de connecter avec des audiences vari\u00e9es.\r\n<\/p>\r\n<br>\r\n<h3>Applications des services de voix off de Verztec<\/h3>\r\n<br>\r\n<ul>\r\n  <li>\r\n    <p><strong>Marketing et publicit\u00e9 :<\/strong><\/p>\r\n    <p>\r\n      Renforcez vos messages de marque avec des voix captivantes pour les publicit\u00e9s, vid\u00e9os promotionnelles et campagnes num\u00e9riques.\r\n    <\/p>\r\n  <\/li>\r\n  <li>\r\n    <p><strong>Formation et eLearning :<\/strong><\/p>\r\n    <p>\r\n      Cr\u00e9ez des environnements d&#8217;apprentissage efficaces gr\u00e2ce \u00e0 des voix claires et engageantes pour les modules de formation\r\n      et contenus p\u00e9dagogiques.\r\n    <\/p>\r\n  <\/li>\r\n  <li>\r\n    <p><strong>Narration d&#8217;entreprise :<\/strong><\/p>\r\n    <p>\r\n      Renforcez votre professionnalisme dans les pr\u00e9sentations d&#8217;entreprise, d\u00e9monstrations de produits et communications internes\r\n      avec des voix soigneusement con\u00e7ues.\r\n    <\/p>\r\n  <\/li>\r\n<\/ul>\r\n<br>\r\n<h3>Pourquoi la voix off multilingue est importante<\/h3>\r\n<br>\r\n<p>\r\n  En proposant des services de voix off dans plus de 100 langues, Verztec vous permet de :\r\n<\/p>\r\n<ul>\r\n  <li>\r\n    <p><strong>\u00c9largir votre port\u00e9e mondiale :<\/strong><\/p>\r\n    <p>\r\n      Transmettez votre message sans fronti\u00e8res et assurez-vous qu&#8217;il r\u00e9sonne authentiquement aupr\u00e8s des audiences internationales.\r\n    <\/p>\r\n  <\/li>\r\n  <li>\r\n    <p><strong>Assurer une pertinence culturelle :<\/strong><\/p>\r\n    <p>\r\n      Adaptez votre contenu \u00e0 des contextes culturels vari\u00e9s pour renforcer l&#8217;engagement et la compr\u00e9hension.\r\n    <\/p>\r\n  <\/li>\r\n  <li>\r\n    <p><strong>Optimiser l&#8217;efficacit\u00e9 :<\/strong><\/p>\r\n    <p>\r\n      Choisissez entre nos talents vocaux professionnels et la technologie IA pour optimiser les co\u00fbts et d\u00e9lais\r\n      en fonction de vos besoins.\r\n    <\/p>\r\n  <\/li>\r\n  <li>\r\n    <p><strong>Am\u00e9liorer l&#8217;accessibilit\u00e9 :<\/strong><\/p>\r\n    <p>\r\n      Rendez votre contenu accessible aux march\u00e9s mondiaux, en soutenant l&#8217;inclusivit\u00e9 et la connexion avec le public.\r\n    <\/p>\r\n  <\/li>\r\n<\/ul>\r\n<br>\r\n<h3>Collaborez avec Verztec<\/h3>\r\n<br>\r\n<p>\r\n  <strong>\r\n    Rejoignez les leaders mondiaux qui font confiance \u00e0 Verztec pour fournir des solutions de voix off exceptionnelles.\r\n    Contactez-nous d\u00e8s aujourd&#8217;hui \u00e0 :\r\n    <a href=\"mailto:enquiry@verztec.com\" target=\"_blank\" rel=\"noopener\">enquiry@verztec.com<\/a>\r\n    pour d\u00e9couvrir comment nos services de voix off polyvalents peuvent am\u00e9liorer votre strat\u00e9gie de contenu.\r\n  <\/strong>\r\n<\/p>\r\n\r\n\r\n<hr style=\"margin-top: 20px; margin-bottom: 20px; border: 0; border-top: 1px solid #eee;\" \/>\n<p style=\"margin-bottom: 0;\">\n  <img decoding=\"async\" src=\"https:\/\/www.verztec.com\/wp-content\/images\/home\/more.png\" alt=\"\" \/>\n  &nbsp;<a href=\"https:\/\/www.verztec.com\/fr\/language-services\/\" target=\"_blank\" rel=\"noopener\">Voir tous les &#8220;Services linguistiques&#8221;<\/a>\n<\/p>","protected":false},"excerpt":{"rendered":"<p>Chez Verztec, nous sommes sp\u00e9cialis\u00e9s dans la fourniture de services de voix off de haute qualit\u00e9, con\u00e7us pour renforcer vos efforts de communication mondiale. Que vous \u00e9laboriez des campagnes marketing,&hellip;<\/p>\n","protected":false},"author":1,"featured_media":2018,"parent":0,"menu_order":12,"comment_status":"closed","ping_status":"closed","template":"","meta":{"footnotes":""},"class_list":["post-871","page","type-page","status-publish","has-post-thumbnail","hentry"],"_links":{"self":[{"href":"https:\/\/www.verztec.com\/wp-json\/wp\/v2\/pages\/871"}],"collection":[{"href":"https:\/\/www.verztec.com\/wp-json\/wp\/v2\/pages"}],"about":[{"href":"https:\/\/www.verztec.com\/wp-json\/wp\/v2\/types\/page"}],"author":[{"embeddable":true,"href":"https:\/\/www.verztec.com\/wp-json\/wp\/v2\/users\/1"}],"replies":[{"embeddable":true,"href":"https:\/\/www.verztec.com\/wp-json\/wp\/v2\/comments?post=871"}],"version-history":[{"count":12,"href":"https:\/\/www.verztec.com\/wp-json\/wp\/v2\/pages\/871\/revisions"}],"predecessor-version":[{"id":3992,"href":"https:\/\/www.verztec.com\/wp-json\/wp\/v2\/pages\/871\/revisions\/3992"}],"wp:featuredmedia":[{"embeddable":true,"href":"https:\/\/www.verztec.com\/wp-json\/wp\/v2\/media\/2018"}],"wp:attachment":[{"href":"https:\/\/www.verztec.com\/wp-json\/wp\/v2\/media?parent=871"}],"curies":[{"name":"wp","href":"https:\/\/api.w.org\/{rel}","templated":true}]}}