{"id":872,"date":"2009-08-03T07:53:04","date_gmt":"2009-08-03T07:53:04","guid":{"rendered":"http:\/\/staging.verztec.com\/verztec\/multilingual-desktop-publishing\/"},"modified":"2025-01-22T01:48:45","modified_gmt":"2025-01-22T01:48:45","slug":"multilingual-desktop-publishing","status":"publish","type":"page","link":"https:\/\/www.verztec.com\/multilingual-desktop-publishing","title":{"rendered":"Publication Assist\u00e9e par Ordinateur (PAO), Impression et Distribution"},"content":{"rendered":"<p>Chez Verztec, nous comprenons l&#8217;importance de communiquer efficacement avec un public international \u00e0 travers vos newsletters d&#8217;entreprise, livres blancs, rapports annuels et autres publications p\u00e9riodiques. Ces publications ne repr\u00e9sentent pas seulement votre marque, mais v\u00e9hiculent \u00e9galement des messages cruciaux qui doivent \u00eatre transmis avec pr\u00e9cision \u00e0 travers diff\u00e9rentes langues et cultures.<\/p>\r\n<br \/>\r\n<h3>Pourquoi choisir Verztec pour la publication assist\u00e9e par ordinateur\u00a0?<\/h3>\r\n<br \/>\r\n<p>Avec notre \u00e9quipe d\u00e9di\u00e9e \u00e0 la publication multilingue et \u00e9quip\u00e9e des derni\u00e8res applications logicielles, nous garantissons des publications claires, pr\u00e9cises et visuellement attrayantes dans plus de 100 langues. Que vous n\u00e9cessitiez des formats imprim\u00e9s ou num\u00e9riques, nous prenons en charge tout, de la conception de la mise en page \u00e0 la production finale.<\/p>\r\n<br \/>\r\n<h3>Processus de garantie qualit\u00e9<\/h3>\r\n<br \/>\r\n<p>Soyez assur\u00e9 que tous nos projets de publication multilingue suivent un processus rigoureux de garantie qualit\u00e9\u00a0:<\/p>\r\n<ol>\r\n<li>V\u00e9rification logique\u00a0: Garantir que le contenu est fluide et coh\u00e9rent dans les diff\u00e9rentes langues.<\/li>\r\n<li>Validation linguistique\u00a0: V\u00e9rifier l&#8217;exactitude linguistique et la pertinence culturelle par des locuteurs natifs des langues concern\u00e9es.<\/li>\r\n<li>R\u00e9vision de la mise en page\u00a0: Optimiser le design et la mise en page pour am\u00e9liorer l&#8217;attrait visuel et la lisibilit\u00e9.<\/li>\r\n<\/ol>\r\n<br \/>\r\n<h3>Expertise et services<\/h3>\r\n<br \/>\r\n<p>Notre expertise en publication assist\u00e9e par ordinateur inclut une ma\u00eetrise d&#8217;Adobe InDesign et d&#8217;autres logiciels standard de l&#8217;industrie. Que vous ayez besoin de mises en page complexes, de PDF interactifs ou de fichiers pr\u00eats \u00e0 \u00eatre imprim\u00e9s, nous adaptons nos services \u00e0 vos exigences sp\u00e9cifiques.<\/p>\r\n<br \/>\r\n<h3>Capacit\u00e9s mondiales d&#8217;impression et de distribution<\/h3>\r\n<br \/>\r\n<p>Au-del\u00e0 de la conception et de la mise en page, Verztec offre des services complets d&#8217;impression et de distribution \u00e0 l&#8217;\u00e9chelle mondiale. De la gestion logistique d&#8217;impression \u00e0 la livraison rapide dans des lieux internationaux, nous simplifions le processus pour vous faire gagner du temps et des ressources.<\/p>\r\n<br \/>\r\n<h3>Partenariat avec Verztec<\/h3>\r\n<br \/>\r\n<p>Rejoignez les grandes marques mondiales qui font confiance \u00e0 Verztec pour des services de publication multilingue impeccables. Nous vous aidons \u00e0 communiquer efficacement votre message \u00e0 des publics diversifi\u00e9s \u00e0 travers le monde, tout en pr\u00e9servant l&#8217;int\u00e9grit\u00e9 de votre marque.<\/p>\r\n<br \/>\r\n<h3>D\u00e9marrez votre projet d\u00e8s aujourd&#8217;hui<\/h3>\r\n<br \/>\r\n<p><strong>Pr\u00eat \u00e0 am\u00e9liorer vos publications\u00a0? Contactez Verztec \u00e0 <a href=\"mailto:enquiry@verztec.com\" target=\"_blank\" rel=\"noopener\">enquiry@verztec.com<\/a> pour discuter de vos besoins en publication assist\u00e9e par ordinateur et d\u00e9couvrir comment notre expertise peut soutenir votre strat\u00e9gie de communication globale. Faites confiance \u00e0 Verztec pour des publications pr\u00e9cises, professionnelles et visuellement attrayantes dans plus de 100 langues.<\/strong><\/p>\r\n\r\n<hr style=\"margin-top: 20px; margin-bottom: 20px; border: 0; border-top: 1px solid #eee;\" \/>\n<p style=\"margin-bottom: 0;\">\n  <img decoding=\"async\" src=\"https:\/\/www.verztec.com\/wp-content\/images\/home\/more.png\" alt=\"\" \/>\n  &nbsp;<a href=\"https:\/\/www.verztec.com\/fr\/language-services\/\" target=\"_blank\" rel=\"noopener\">Voir tous les &#8220;Services linguistiques&#8221;<\/a>\n<\/p>\r\n","protected":false},"excerpt":{"rendered":"<p>Chez Verztec, nous comprenons l&#8217;importance de communiquer efficacement avec un public international \u00e0 travers vos newsletters d&#8217;entreprise, livres blancs, rapports annuels et autres publications p\u00e9riodiques. Ces publications ne repr\u00e9sentent pas&hellip;<\/p>\n","protected":false},"author":1,"featured_media":2018,"parent":0,"menu_order":15,"comment_status":"closed","ping_status":"closed","template":"","meta":{"footnotes":""},"class_list":["post-872","page","type-page","status-publish","has-post-thumbnail","hentry"],"_links":{"self":[{"href":"https:\/\/www.verztec.com\/wp-json\/wp\/v2\/pages\/872"}],"collection":[{"href":"https:\/\/www.verztec.com\/wp-json\/wp\/v2\/pages"}],"about":[{"href":"https:\/\/www.verztec.com\/wp-json\/wp\/v2\/types\/page"}],"author":[{"embeddable":true,"href":"https:\/\/www.verztec.com\/wp-json\/wp\/v2\/users\/1"}],"replies":[{"embeddable":true,"href":"https:\/\/www.verztec.com\/wp-json\/wp\/v2\/comments?post=872"}],"version-history":[{"count":5,"href":"https:\/\/www.verztec.com\/wp-json\/wp\/v2\/pages\/872\/revisions"}],"predecessor-version":[{"id":4001,"href":"https:\/\/www.verztec.com\/wp-json\/wp\/v2\/pages\/872\/revisions\/4001"}],"wp:featuredmedia":[{"embeddable":true,"href":"https:\/\/www.verztec.com\/wp-json\/wp\/v2\/media\/2018"}],"wp:attachment":[{"href":"https:\/\/www.verztec.com\/wp-json\/wp\/v2\/media?parent=872"}],"curies":[{"name":"wp","href":"https:\/\/api.w.org\/{rel}","templated":true}]}}