{"id":873,"date":"2009-08-03T07:53:41","date_gmt":"2009-08-03T07:53:41","guid":{"rendered":"http:\/\/staging.verztec.com\/verztec\/transcription\/"},"modified":"2025-01-22T01:26:25","modified_gmt":"2025-01-22T01:26:25","slug":"transcription","status":"publish","type":"page","link":"https:\/\/www.verztec.com\/transcription","title":{"rendered":"Transcription Audio et Vid\u00e9o"},"content":{"rendered":"<p>Dans un monde o\u00f9 la connectivit\u00e9 ne conna\u00eet pas de fronti\u00e8res, une communication efficace entre diff\u00e9rentes langues est essentielle. Que vous soyez une multinationale, une soci\u00e9t\u00e9 d\u2019\u00e9v\u00e9nementiel, un \u00e9tablissement \u00e9ducatif ou un cabinet d\u2019avocats international, nos services de transcription audio et vid\u00e9o multilingue sont con\u00e7us pour r\u00e9pondre \u00e0 vos besoins de communication globale en transcrivant du contenu dans plus de 100 langues.<\/p>\r\n<br \/>\r\n<h3>Pourquoi choisir nos services<\/h3>\r\n<br \/>\r\n<h4 class=\"title-normal\">Une expertise linguistique in\u00e9gal\u00e9e :<\/h4>\r\n<p>Notre r\u00e9seau inclut des locuteurs natifs et des linguistes professionnels ma\u00eetrisant plus de 100 langues, garantissant des transcriptions pr\u00e9cises et nuanc\u00e9es culturellement.<\/p>\r\n<h4 class=\"title-normal\">Une pr\u00e9cision et une qualit\u00e9 \u00e9lev\u00e9es :<\/h4>\r\n<p>Nous sommes fiers de fournir des transcriptions de haute qualit\u00e9 et pr\u00e9cises. Nos processus rigoureux de contr\u00f4le qualit\u00e9 garantissent que votre contenu est transcrit avec une attention maximale aux d\u00e9tails.<\/p>\r\n<h4 class=\"title-normal\">Des d\u00e9lais rapides :<\/h4>\r\n<p>Nous comprenons que le temps est essentiel. Nos flux de travail efficaces et nos technologies de pointe nous permettent d&#8217;offrir des services de transcription rapides sans compromettre la qualit\u00e9.<\/p>\r\n<h4 class=\"title-normal\">S\u00e9curit\u00e9 et confidentialit\u00e9 des donn\u00e9es :<\/h4>\r\n<p>La protection de vos informations sensibles est primordiale. Nous appliquons des protocoles de confidentialit\u00e9 stricts pour garantir la s\u00e9curit\u00e9 de vos donn\u00e9es tout au long du processus de transcription.<\/p>\r\n<h4 class=\"title-normal\">Des solutions compl\u00e8tes pour des besoins divers :<\/h4>\r\n<p>Nous r\u00e9pondons \u00e0 une large gamme de besoins, allant des projets de petite envergure aux entreprises complexes, dans les secteurs corporate, juridique, \u00e9ducatif et m\u00e9diatique.<\/p>\r\n<p><strong>Notre gamme \u00e9tendue de services<\/strong><\/p>\r\n<ul>\r\n<li>Transcription audio : Transcription pr\u00e9cise d&#8217;interviews, podcasts, r\u00e9unions, etc.<\/li>\r\n<li>Transcription vid\u00e9o : Services d\u00e9taill\u00e9s pour des films, webinaires, vid\u00e9os de formation et contenus en ligne.<\/li>\r\n<li>Sous-titrage : Rendez vos vid\u00e9os plus accessibles avec des sous-titres professionnels en plusieurs langues.<\/li>\r\n<li>Traduction : Compl\u00e9tez vos transcriptions avec des services de traduction experte pour rendre votre contenu accessible dans le monde entier.<\/li>\r\n<\/ul>\r\n<p><strong>Options de transcription personnalis\u00e9es<\/strong><\/p>\r\n<p>Pour r\u00e9pondre \u00e0 vos besoins sp\u00e9cifiques, nous proposons deux principales options de transcription :<\/p>\r\n<h4 class=\"title-normal\">Transcription humaine professionnelle :<\/h4>\r\n<p>Notre \u00e9quipe exp\u00e9riment\u00e9e, forte de plus de 8 ans d&#8217;expertise, fournit des transcriptions de la plus haute qualit\u00e9, assurant une pr\u00e9cision m\u00e9ticuleuse et une pertinence culturelle.<\/p>\r\n<h4 class=\"title-normal\">Services de transcription par IA :<\/h4>\r\n<p>Pour des solutions plus rapides et \u00e9conomiques, nos services de transcription par IA sont enrichis de v\u00e9rifications et d&#8217;\u00e9ditions approfondies par notre \u00e9quipe qualifi\u00e9e. Cette option allie rapidit\u00e9 et qualit\u00e9, id\u00e9ale pour les entreprises recherchant des solutions de transcription efficaces et fiables.<\/p>\r\n<br \/>\r\n<h3>Rejoignez notre client\u00e8le mondiale<\/h3>\r\n<br \/>\r\n<p>Notre client\u00e8le inclut des entreprises du Fortune 500, des universit\u00e9s prestigieuses, des grandes entreprises m\u00e9diatiques et des cabinets juridiques de premier plan. Ils nous font confiance pour fournir des services de transcription multilingue fiables et de haute qualit\u00e9 pour am\u00e9liorer leurs efforts de communication \u00e0 l&#8217;\u00e9chelle mondiale.<\/p>\r\n<br \/>\r\n<h3>Commencez d\u00e8s aujourd\u2019hui<\/h3>\r\n<br \/>\r\n<p><strong>Pr\u00eat \u00e0 am\u00e9liorer votre strat\u00e9gie de communication\u00a0? Contactez-nous \u00e0 <a href=\"mailto:enquiry@verztec.com\" target=\"_blank\" rel=\"noopener\">enquiry@verztec.com<\/a> pour un devis personnalis\u00e9 et d\u00e9couvrez comment nos services de transcription multilingue peuvent vous aider \u00e0 vous connecter au monde.<\/strong><\/p>\r\n\r\n<hr style=\"margin-top: 20px; margin-bottom: 20px; border: 0; border-top: 1px solid #eee;\" \/>\n<p style=\"margin-bottom: 0;\">\n  <img decoding=\"async\" src=\"https:\/\/www.verztec.com\/wp-content\/images\/home\/more.png\" alt=\"\" \/>\n  &nbsp;<a href=\"https:\/\/www.verztec.com\/fr\/language-services\/\" target=\"_blank\" rel=\"noopener\">Voir tous les &#8220;Services linguistiques&#8221;<\/a>\n<\/p>","protected":false},"excerpt":{"rendered":"<p>Dans un monde o\u00f9 la connectivit\u00e9 ne conna\u00eet pas de fronti\u00e8res, une communication efficace entre diff\u00e9rentes langues est essentielle. Que vous soyez une multinationale, une soci\u00e9t\u00e9 d\u2019\u00e9v\u00e9nementiel, un \u00e9tablissement \u00e9ducatif&hellip;<\/p>\n","protected":false},"author":1,"featured_media":2018,"parent":0,"menu_order":16,"comment_status":"closed","ping_status":"closed","template":"","meta":{"footnotes":""},"class_list":["post-873","page","type-page","status-publish","has-post-thumbnail","hentry"],"_links":{"self":[{"href":"https:\/\/www.verztec.com\/wp-json\/wp\/v2\/pages\/873"}],"collection":[{"href":"https:\/\/www.verztec.com\/wp-json\/wp\/v2\/pages"}],"about":[{"href":"https:\/\/www.verztec.com\/wp-json\/wp\/v2\/types\/page"}],"author":[{"embeddable":true,"href":"https:\/\/www.verztec.com\/wp-json\/wp\/v2\/users\/1"}],"replies":[{"embeddable":true,"href":"https:\/\/www.verztec.com\/wp-json\/wp\/v2\/comments?post=873"}],"version-history":[{"count":5,"href":"https:\/\/www.verztec.com\/wp-json\/wp\/v2\/pages\/873\/revisions"}],"predecessor-version":[{"id":3997,"href":"https:\/\/www.verztec.com\/wp-json\/wp\/v2\/pages\/873\/revisions\/3997"}],"wp:featuredmedia":[{"embeddable":true,"href":"https:\/\/www.verztec.com\/wp-json\/wp\/v2\/media\/2018"}],"wp:attachment":[{"href":"https:\/\/www.verztec.com\/wp-json\/wp\/v2\/media?parent=873"}],"curies":[{"name":"wp","href":"https:\/\/api.w.org\/{rel}","templated":true}]}}