{"id":874,"date":"2009-08-03T07:54:16","date_gmt":"2009-08-03T07:54:16","guid":{"rendered":"http:\/\/staging.verztec.com\/verztec\/technology\/"},"modified":"2025-02-03T08:34:00","modified_gmt":"2025-02-03T08:34:00","slug":"technology","status":"publish","type":"page","link":"https:\/\/www.verztec.com\/technology","title":{"rendered":"Technologie"},"content":{"rendered":"<p>Les entreprises technologiques sont \u00e0 l&#8217;avant-garde de l&#8217;innovation mondiale, stimulant une concurrence intense gr\u00e2ce \u00e0 l&#8217;\u00e9volution continue de leurs m\u00e9thodologies et solutions cr\u00e9atives. Les entreprises sont de plus en plus confront\u00e9es au d\u00e9fi de diff\u00e9rencier leurs produits et de fid\u00e9liser leur client\u00e8le dans cet environnement en constante \u00e9volution.<\/p>\r\n<p>Dans cet environnement en \u00e9volution rapide, la demande d&#8217;approches marketing strat\u00e9giques et opportunes n&#8217;a jamais \u00e9t\u00e9 aussi forte. Les strat\u00e9gies de vente et les campagnes de marketing doivent d\u00e9sormais \u00eatre ex\u00e9cut\u00e9es \u00e0 l&#8217;\u00e9chelle mondiale pour saisir de nouvelles opportunit\u00e9s et devancer les concurrents.<\/p>\r\n<p>L&#8217;expansion sur de nouveaux march\u00e9s apporte le d\u00e9fi suppl\u00e9mentaire d&#8217;adapter les livrables aux pr\u00e9f\u00e9rences et r\u00e9gulations r\u00e9gionales diverses. Une communication efficace, adapt\u00e9e \u00e0 ces publics vari\u00e9s, est cruciale pour un succ\u00e8s durable.<\/p>\r\n<p>D\u00e9couvrez comment Verztec permet aux principales entreprises technologiques d&#8217;atteindre leurs objectifs de mondialisation avec des solutions d&#8217;apprentissage num\u00e9rique compl\u00e8tes int\u00e9gr\u00e9es \u00e0 nos services. De la localisation de logiciels et des bases de connaissances en ligne aux cours eLearning interactifs et vid\u00e9os de formation, nous proposons des solutions flexibles qui renforcent l&#8217;apprentissage et l&#8217;engagement des \u00e9quipes mondiales.<\/p>\r\n<p>Notre approche garantit non seulement une communication fluide \u00e0 travers les fronti\u00e8res, mais am\u00e9liore \u00e9galement l&#8217;efficacit\u00e9 op\u00e9rationnelle et acc\u00e9l\u00e8re le transfert de connaissances. En exploitant les technologies d&#8217;apprentissage num\u00e9rique, les entreprises peuvent rationaliser les processus de formation, am\u00e9liorer les performances des employ\u00e9s et maintenir la conformit\u00e9 aux exigences r\u00e9glementaires \u00e0 l&#8217;\u00e9chelle mondiale.<\/p>\r\n<p>Associez-vous \u00e0 Verztec pour optimiser vos strat\u00e9gies de communication mondiale et d\u00e9bloquer de nouvelles opportunit\u00e9s de croissance dans le monde comp\u00e9titif de la technologie. Contactez-nous d\u00e8s aujourd&#8217;hui pour en savoir plus sur la fa\u00e7on dont nos solutions sur mesure peuvent faire avancer votre entreprise \u00e0 l&#8217;international.<\/p>\r\n<p>Les capacit\u00e9s compl\u00e8tes de Verztec comprennent :<\/p>\r\n<ul>\r\n<li>Localisation de logiciels<\/li>\r\n<li>Bases de connaissances en ligne<\/li>\r\n<li>Guides utilisateur et administrateur<\/li>\r\n<li>Composants logiciels<\/li>\r\n<li>Jeux \u00e9ducatifs<\/li>\r\n<li>Vid\u00e9os de formation<\/li>\r\n<li>Formation en ligne \/ cours eLearning<\/li>\r\n<li>Communication marketing<\/li>\r\n<li>Sites Web, sites Extranet et Intranet<\/li>\r\n<li>Documentation de formation<\/li>\r\n<li>Guides utilisateur<\/li>\r\n<li>Fiches produits \/ fiches de r\u00e9f\u00e9rence produits<\/li>\r\n<li>Guides de r\u00e9f\u00e9rence rapide \/ guides d&#8217;installation rapide \/ guides de d\u00e9marrage rapide<\/li>\r\n<li>Point de vente, emballages et \u00e9tiquetage<\/li>\r\n<li>Documents \u00e9thiques, conformit\u00e9 et r\u00e9glementaires<\/li>\r\n<\/ul>\r\n<p>\u00c9levez votre pr\u00e9sence mondiale avec l&#8217;expertise de Verztec en apprentissage num\u00e9rique et localisation. Laissez-nous vous aider \u00e0 naviguer dans les complexit\u00e9s des march\u00e9s internationaux tout en fournissant un contenu percutant qui r\u00e9sonne avec votre public mondial.<\/p>\r\n\r\n<hr style=\"margin-top: 20px; margin-bottom: 20px; border: 0; border-top: 1px solid #eee;\" \/>\n<p style=\"margin-bottom: 0;\"><a href=\"https:\/\/www.verztec.com\/fr\/testimonials\/\" target=\"_blank\" rel=\"noopener\">T\u00e9moignages de clients<\/a> &nbsp; : D\u00e9couvrez ce que nos clients disent de nous !<\/p>\n<p><a href=\"https:\/\/www.verztec.com\/fr\/clients\/\" target=\"_blank\" rel=\"noopener\">Nos Clients Pr\u00e9cieux<\/a> &nbsp; : Consultez la liste de nos clients estim\u00e9s.<\/p>\n\r\n","protected":false},"excerpt":{"rendered":"<p>Les entreprises technologiques sont \u00e0 l&#8217;avant-garde de l&#8217;innovation mondiale, stimulant une concurrence intense gr\u00e2ce \u00e0 l&#8217;\u00e9volution continue de leurs m\u00e9thodologies et solutions cr\u00e9atives. Les entreprises sont de plus en plus&hellip;<\/p>\n","protected":false},"author":1,"featured_media":4027,"parent":0,"menu_order":24,"comment_status":"closed","ping_status":"closed","template":"","meta":{"footnotes":""},"class_list":["post-874","page","type-page","status-publish","has-post-thumbnail","hentry"],"_links":{"self":[{"href":"https:\/\/www.verztec.com\/wp-json\/wp\/v2\/pages\/874"}],"collection":[{"href":"https:\/\/www.verztec.com\/wp-json\/wp\/v2\/pages"}],"about":[{"href":"https:\/\/www.verztec.com\/wp-json\/wp\/v2\/types\/page"}],"author":[{"embeddable":true,"href":"https:\/\/www.verztec.com\/wp-json\/wp\/v2\/users\/1"}],"replies":[{"embeddable":true,"href":"https:\/\/www.verztec.com\/wp-json\/wp\/v2\/comments?post=874"}],"version-history":[{"count":3,"href":"https:\/\/www.verztec.com\/wp-json\/wp\/v2\/pages\/874\/revisions"}],"predecessor-version":[{"id":3152,"href":"https:\/\/www.verztec.com\/wp-json\/wp\/v2\/pages\/874\/revisions\/3152"}],"wp:featuredmedia":[{"embeddable":true,"href":"https:\/\/www.verztec.com\/wp-json\/wp\/v2\/media\/4027"}],"wp:attachment":[{"href":"https:\/\/www.verztec.com\/wp-json\/wp\/v2\/media?parent=874"}],"curies":[{"name":"wp","href":"https:\/\/api.w.org\/{rel}","templated":true}]}}