{"id":875,"date":"2009-08-03T08:02:09","date_gmt":"2009-08-03T08:02:09","guid":{"rendered":"http:\/\/staging.verztec.com\/verztec\/manufacturing\/"},"modified":"2025-02-03T08:28:14","modified_gmt":"2025-02-03T08:28:14","slug":"manufacturing","status":"publish","type":"page","link":"https:\/\/www.verztec.com\/manufacturing","title":{"rendered":"Fabrication"},"content":{"rendered":"<p>Les perspectives commerciales pour les produits de base n&#8217;ont jamais \u00e9t\u00e9 aussi prometteuses. Avec les avantages d&#8217;une mondialisation accrue, les fabricants de produits de consommation et de services sont pr\u00eats \u00e0 exploiter les vastes opportunit\u00e9s du march\u00e9 mondial.<\/p>\r\n<p>Du commerce de d\u00e9tail aux biens de consommation, les entreprises doivent transmettre efficacement des messages culturellement appropri\u00e9s au-del\u00e0 des fronti\u00e8res nationales et linguistiques pour renforcer la valeur de la marque.<\/p>\r\n<p>Dans le paysage manufacturier actuel, les entreprises op\u00e8rent souvent sur plusieurs continents, g\u00e9rant des effectifs mondiaux, des syst\u00e8mes de production et de distribution tout en cherchant \u00e0 ma\u00eetriser les co\u00fbts et \u00e0 maintenir des normes de qualit\u00e9 \u00e9lev\u00e9es.<\/p>\r\n<p>Verztec se sp\u00e9cialise dans l&#8217;assistance aux grands groupes manufacturiers pour l&#8217;optimisation des processus afin de g\u00e9rer efficacement les demandes de communication mondiales. Nous aidons \u00e0 \u00e9tablir et maintenir des applications linguistiques qui garantissent une communication coh\u00e9rente de la marque \u00e0 travers des exigences d&#8217;entreprise diverses.<\/p>\r\n<p>Les capacit\u00e9s de Verztec couvrent un large \u00e9ventail de documents sources essentiels pour l&#8217;industrie manufacturi\u00e8re :<\/p>\r\n<ul>\r\n<li><b>Communication marketing<\/b><\/li>\r\n<li><b>Sites Web, Extranets et Intranets<\/b><\/li>\r\n<li><b>Documents de formation<\/b><\/li>\r\n<li><b>Catalogues (en ligne et papier)<\/b><\/li>\r\n<li><b>Guides d&#8217;utilisateur<\/b><\/li>\r\n<li><b>Fiches techniques produits \/ Fiches de r\u00e9f\u00e9rence produit<\/b><\/li>\r\n<li><b>Guides de r\u00e9f\u00e9rence rapide \/ Guides d&#8217;installation rapide \/ Guides de d\u00e9marrage rapide<\/b><\/li>\r\n<li><b>Point de vente, emballage et \u00e9tiquetage<\/b><\/li>\r\n<li><b>Documents \u00e9thiques, de conformit\u00e9 et r\u00e9glementaires<\/b><\/li>\r\n<\/ul>\r\n<p>En plus des services de langue traditionnels, Verztec propose des solutions d&#8217;apprentissage num\u00e9rique avanc\u00e9es adapt\u00e9es au secteur manufacturier. Les avantages de l&#8217;apprentissage num\u00e9rique incluent :<\/p>\r\n<ul>\r\n<li><b>Am\u00e9lioration de l&#8217;efficacit\u00e9 de la formation :<\/b> Simplifiez les processus d&#8217;int\u00e9gration et am\u00e9liorez le d\u00e9veloppement des comp\u00e9tences au sein des \u00e9quipes mondiales gr\u00e2ce aux modules de formation en ligne interactifs.<\/li>\r\n<li><b>Am\u00e9lioration de la conformit\u00e9 :<\/b> Assurez la conformit\u00e9 de votre main-d&#8217;\u0153uvre mondiale avec les normes r\u00e9glementaires gr\u00e2ce \u00e0 des documents de formation num\u00e9riques facilement accessibles et constamment mis \u00e0 jour.<\/li>\r\n<li><b>\u00c9conomies de co\u00fbts :<\/b> R\u00e9duisez les co\u00fbts de formation associ\u00e9s aux d\u00e9placements et \u00e0 la logistique en fournissant des solutions d&#8217;apprentissage en ligne \u00e9volutives.<\/li>\r\n<li><b>Accessibilit\u00e9 mondiale :<\/b> Facilitez une formation coh\u00e9rente \u00e0 travers diff\u00e9rents fuseaux horaires et langues, garantissant que tous les employ\u00e9s re\u00e7oivent un savoir-faire standardis\u00e9.<\/li>\r\n<\/ul>\r\n<p>Associez-vous \u00e0 Verztec pour optimiser vos strat\u00e9gies de communication mondiales, rationaliser l&#8217;efficacit\u00e9 op\u00e9rationnelle et maintenir la coh\u00e9rence de votre marque \u00e0 travers les march\u00e9s internationaux.<\/p>\r\n<p>Contactez-nous aujourd&#8217;hui pour d\u00e9couvrir comment nos services sp\u00e9cialis\u00e9s et solutions num\u00e9riques peuvent soutenir la croissance et le succ\u00e8s de votre entreprise manufacturi\u00e8re.<\/p>\r\n\r\n<hr style=\"margin-top: 20px; margin-bottom: 20px; border: 0; border-top: 1px solid #eee;\" \/>\n<p style=\"margin-bottom: 0;\"><a href=\"https:\/\/www.verztec.com\/fr\/testimonials\/\" target=\"_blank\" rel=\"noopener\">T\u00e9moignages de clients<\/a> &nbsp; : D\u00e9couvrez ce que nos clients disent de nous !<\/p>\n<p><a href=\"https:\/\/www.verztec.com\/fr\/clients\/\" target=\"_blank\" rel=\"noopener\">Nos Clients Pr\u00e9cieux<\/a> &nbsp; : Consultez la liste de nos clients estim\u00e9s.<\/p>\n\r\n","protected":false},"excerpt":{"rendered":"<p>Les perspectives commerciales pour les produits de base n&#8217;ont jamais \u00e9t\u00e9 aussi prometteuses. Avec les avantages d&#8217;une mondialisation accrue, les fabricants de produits de consommation et de services sont pr\u00eats&hellip;<\/p>\n","protected":false},"author":1,"featured_media":4027,"parent":0,"menu_order":28,"comment_status":"closed","ping_status":"closed","template":"","meta":{"footnotes":""},"class_list":["post-875","page","type-page","status-publish","has-post-thumbnail","hentry"],"_links":{"self":[{"href":"https:\/\/www.verztec.com\/wp-json\/wp\/v2\/pages\/875"}],"collection":[{"href":"https:\/\/www.verztec.com\/wp-json\/wp\/v2\/pages"}],"about":[{"href":"https:\/\/www.verztec.com\/wp-json\/wp\/v2\/types\/page"}],"author":[{"embeddable":true,"href":"https:\/\/www.verztec.com\/wp-json\/wp\/v2\/users\/1"}],"replies":[{"embeddable":true,"href":"https:\/\/www.verztec.com\/wp-json\/wp\/v2\/comments?post=875"}],"version-history":[{"count":2,"href":"https:\/\/www.verztec.com\/wp-json\/wp\/v2\/pages\/875\/revisions"}],"predecessor-version":[{"id":2868,"href":"https:\/\/www.verztec.com\/wp-json\/wp\/v2\/pages\/875\/revisions\/2868"}],"wp:featuredmedia":[{"embeddable":true,"href":"https:\/\/www.verztec.com\/wp-json\/wp\/v2\/media\/4027"}],"wp:attachment":[{"href":"https:\/\/www.verztec.com\/wp-json\/wp\/v2\/media?parent=875"}],"curies":[{"name":"wp","href":"https:\/\/api.w.org\/{rel}","templated":true}]}}