{"id":877,"date":"2009-08-03T08:04:34","date_gmt":"2009-08-03T08:04:34","guid":{"rendered":"http:\/\/staging.verztec.com\/verztec\/legal\/"},"modified":"2025-02-03T08:49:23","modified_gmt":"2025-02-03T08:49:23","slug":"legal","status":"publish","type":"page","link":"https:\/\/www.verztec.com\/legal","title":{"rendered":"L\u00e9gal"},"content":{"rendered":"<p>Le secteur juridique conna\u00eet une forte dynamique, propuls\u00e9e par des mesures r\u00e9glementaires de plus en plus complexes, entra\u00eenant une activit\u00e9 accrue au sein des cabinets d&#8217;avocats et des d\u00e9partements juridiques des entreprises.<\/p>\r\n<p>\u00c0 mesure que les march\u00e9s \u00e9mergents se d\u00e9veloppent, les entit\u00e9s juridiques sont confront\u00e9es \u00e0 une demande croissante pour la traduction et la localisation de documents. Les agences juridiques et les minist\u00e8res mondiaux sont tenus de fournir des informations et des conseils pr\u00e9cis \u00e0 travers des constituencies diverses, mettant en \u00e9vidence le besoin critique d&#8217;une communication efficace.<\/p>\r\n<p>Pour r\u00e9pondre aux besoins multiculturels de leurs populations, les agences de services publics, y compris les prestataires de soins de sant\u00e9, doivent offrir des services dans plusieurs langues. Verztec se sp\u00e9cialise dans la fourniture de solutions linguistiques compl\u00e8tes et de services d&#8217;apprentissage num\u00e9rique adapt\u00e9s \u00e0 l&#8217;industrie juridique.<\/p>\r\n<p>Verztec soutient les proc\u00e9dures juridiques avec une expertise en mati\u00e8re de gouvernance, des capacit\u00e9s de localisation int\u00e9gr\u00e9es et des services d&#8217;interpr\u00e9tation en temps r\u00e9el, permettant au personnel interne de se concentrer sur les fonctions l\u00e9gislatives principales.<\/p>\r\n<p>Les capacit\u00e9s de Verztec couvrent une large gamme de documents juridiques, y compris :<\/p>\r\n<ul>\r\n<li>\r\n<p><b>Contrats et accords :<\/b><\/p>\r\n<ul>\r\n<li>Contrats de pr\u00eat<\/li>\r\n<li>Contrats commerciaux pour diverses industries<\/li>\r\n<li>Contrats de distribution<\/li>\r\n<li>Contrats de licence<\/li>\r\n<li>Accords d&#8217;achat d&#8217;actions<\/li>\r\n<li>Accords de confidentialit\u00e9<\/li>\r\n<li>Contrats financiers<\/li>\r\n<li>Contrats d&#8217;assurance<\/li>\r\n<li>Statuts<\/li>\r\n<li>Procurations<\/li>\r\n<li>Contrats de services de soutien<\/li>\r\n<\/ul>\r\n<\/li>\r\n<\/ul>\r\n<ul>\r\n<li>\r\n<p><b>Propri\u00e9t\u00e9 intellectuelle :<\/b><\/p>\r\n<ul>\r\n<li>Brevet<\/li>\r\n<li>Droits d&#8217;auteur<\/li>\r\n<li>Certificats de renouvellement de marque<\/li>\r\n<li>Certificats d&#8217;enregistrement de marque<\/li>\r\n<\/ul>\r\n<\/li>\r\n<\/ul>\r\n<ul>\r\n<li>\r\n<p><b>Proc\u00e9dures judiciaires :<\/b><\/p>\r\n<ul>\r\n<li>Actions en justice et d\u00e9cisions judiciaires<\/li>\r\n<li>Examens de brevets<\/li>\r\n<li>Fichiers audio pour les proc\u00e9dures judiciaires<\/li>\r\n<\/ul>\r\n<\/li>\r\n<\/ul>\r\n<ul>\r\n<li>\r\n<p><b>Conformit\u00e9 et formation :<\/b><\/p>\r\n<ul>\r\n<li>Manuels du code de conduite pour les employ\u00e9s<\/li>\r\n<li>Formation en \u00e9thique et en conformit\u00e9<\/li>\r\n<li>Certificats d&#8217;\u00e9ducation<\/li>\r\n<li>Certificats de naissance<\/li>\r\n<\/ul>\r\n<\/li>\r\n<\/ul>\r\n<p>En plus de la traduction de documents, Verztec propose des solutions d&#8217;apprentissage num\u00e9rique pour am\u00e9liorer la formation juridique et la formation en conformit\u00e9. Nos services incluent le d\u00e9veloppement et la localisation de modules de formation en ligne, de supports audiovisuels pour les proc\u00e9dures judiciaires et de contenu multilingue pour les programmes de formation juridique.<\/p>\r\n<p>Partenariat avec Verztec pour optimiser vos strat\u00e9gies de communication juridiques, rationaliser vos op\u00e9rations et assurer la conformit\u00e9 avec les normes r\u00e9glementaires. Contactez-nous d\u00e8s aujourd&#8217;hui pour explorer comment nos services sp\u00e9cialis\u00e9s peuvent soutenir votre pratique juridique dans un environnement mondialement interconnect\u00e9.<\/p>\r\n\r\n<hr style=\"margin-top: 20px; margin-bottom: 20px; border: 0; border-top: 1px solid #eee;\" \/>\n<p style=\"margin-bottom: 0;\"><a href=\"https:\/\/www.verztec.com\/fr\/testimonials\/\" target=\"_blank\" rel=\"noopener\">T\u00e9moignages de clients<\/a> &nbsp; : D\u00e9couvrez ce que nos clients disent de nous !<\/p>\n<p><a href=\"https:\/\/www.verztec.com\/fr\/clients\/\" target=\"_blank\" rel=\"noopener\">Nos Clients Pr\u00e9cieux<\/a> &nbsp; : Consultez la liste de nos clients estim\u00e9s.<\/p>\n\r\n","protected":false},"excerpt":{"rendered":"<p>Le secteur juridique conna\u00eet une forte dynamique, propuls\u00e9e par des mesures r\u00e9glementaires de plus en plus complexes, entra\u00eenant une activit\u00e9 accrue au sein des cabinets d&#8217;avocats et des d\u00e9partements juridiques&hellip;<\/p>\n","protected":false},"author":1,"featured_media":4027,"parent":0,"menu_order":27,"comment_status":"closed","ping_status":"closed","template":"","meta":{"footnotes":""},"class_list":["post-877","page","type-page","status-publish","has-post-thumbnail","hentry"],"_links":{"self":[{"href":"https:\/\/www.verztec.com\/wp-json\/wp\/v2\/pages\/877"}],"collection":[{"href":"https:\/\/www.verztec.com\/wp-json\/wp\/v2\/pages"}],"about":[{"href":"https:\/\/www.verztec.com\/wp-json\/wp\/v2\/types\/page"}],"author":[{"embeddable":true,"href":"https:\/\/www.verztec.com\/wp-json\/wp\/v2\/users\/1"}],"replies":[{"embeddable":true,"href":"https:\/\/www.verztec.com\/wp-json\/wp\/v2\/comments?post=877"}],"version-history":[{"count":3,"href":"https:\/\/www.verztec.com\/wp-json\/wp\/v2\/pages\/877\/revisions"}],"predecessor-version":[{"id":3153,"href":"https:\/\/www.verztec.com\/wp-json\/wp\/v2\/pages\/877\/revisions\/3153"}],"wp:featuredmedia":[{"embeddable":true,"href":"https:\/\/www.verztec.com\/wp-json\/wp\/v2\/media\/4027"}],"wp:attachment":[{"href":"https:\/\/www.verztec.com\/wp-json\/wp\/v2\/media?parent=877"}],"curies":[{"name":"wp","href":"https:\/\/api.w.org\/{rel}","templated":true}]}}