{"id":879,"date":"2009-08-03T08:34:21","date_gmt":"2009-08-03T08:34:21","guid":{"rendered":"http:\/\/staging.verztec.com\/verztec\/customer-promise\/"},"modified":"2024-10-02T02:13:44","modified_gmt":"2024-10-02T02:13:44","slug":"customer-promise","status":"publish","type":"page","link":"https:\/\/www.verztec.com\/customer-promise","title":{"rendered":"Notre Promesse \u00e0 nos Clients"},"content":{"rendered":"<p>Dans le contexte mondial actuel, une internationalisation r\u00e9ussie n\u00e9cessite une attention particuli\u00e8re aux diff\u00e9rents facteurs sociaux, \u00e9conomiques et politiques. Chez Verztec, nous comprenons que nos clients sont au c\u0153ur de notre mission, c&#8217;est pourquoi nous nous engageons \u00e0 offrir des exp\u00e9riences de localisation exceptionnelles, adapt\u00e9es \u00e0 vos besoins.<\/p>\n<p>Verztec aide les entreprises \u00e0 se d\u00e9velopper \u00e0 l&#8217;international gr\u00e2ce \u00e0 des solutions d&#8217;apprentissage num\u00e9rique de premier ordre et \u00e0 des services de traduction professionnels. Nous proposons des traductions humaines et assist\u00e9es par l&#8217;IA, toujours accompagn\u00e9es de r\u00e9visions professionnelles pour garantir pr\u00e9cision et clart\u00e9. Notre approche repose sur trois principes fondamentaux :<\/p>\n<ul>\n<li><strong>Planification Strat\u00e9gique<\/strong> : Nous travaillons en \u00e9troite collaboration avec vous pour comprendre les objectifs de votre organisation, nous permettant ainsi d&#8217;adapter nos services et de constituer une \u00e9quipe comp\u00e9tente qui d\u00e9livre des r\u00e9sultats efficaces, adapt\u00e9s \u00e0 vos exigences.<\/li>\n<li><strong>Pr\u00e9paration aux Impr\u00e9vus<\/strong> : Avec une vaste exp\u00e9rience et un solide r\u00e9seau d&#8217;\u00e9quipes internes qualifi\u00e9es et de partenaires externes, nous sommes pr\u00eats \u00e0 nous adapter rapidement aux d\u00e9fis qui peuvent survenir au cours du cycle de vie du projet. Cela garantit que votre projet reste sur la bonne voie, m\u00eame face \u00e0 des obstacles inattendus.<\/li>\n<li><strong>Efficacit\u00e9<\/strong> : Nous valorisons votre temps et nous effor\u00e7ons de livrer des projets avec une efficacit\u00e9 maximale tout en maintenant les plus hauts standards de qualit\u00e9. Que vous ayez besoin de traductions sp\u00e9cialis\u00e9es pour des documents techniques ou d&#8217;une localisation compl\u00e8te de cours eLearning, Verztec poss\u00e8de l&#8217;expertise et les ressources n\u00e9cessaires pour r\u00e9pondre \u00e0 vos besoins.<\/li>\n<\/ul>\n<p>De plus, nous offrons un large \u00e9ventail de services, y compris le d\u00e9veloppement d&#8217;eLearning personnalis\u00e9, des solutions de Syst\u00e8me de Gestion de l&#8217;Apprentissage (LMS), des services de design, de publication assist\u00e9e par ordinateur, de tests d&#8217;assurance qualit\u00e9 et de conseil professionnel pour faciliter une expansion mondiale fluide.<\/p>\n<p>Chez Verztec, nous nous engageons \u00e0 l&#8217;excellence dans les services de localisation et \u00e0 cultiver des relations durables avec nos clients. Votre succ\u00e8s est notre priorit\u00e9, et nous sommes l\u00e0 pour vous soutenir dans la navigation des complexit\u00e9s des march\u00e9s internationaux.<\/p>\n","protected":false},"excerpt":{"rendered":"<p>Dans le contexte mondial actuel, une internationalisation r\u00e9ussie n\u00e9cessite une attention particuli\u00e8re aux diff\u00e9rents facteurs sociaux, \u00e9conomiques et politiques. Chez Verztec, nous comprenons que nos clients sont au c\u0153ur de&hellip;<\/p>\n","protected":false},"author":1,"featured_media":2024,"parent":0,"menu_order":14,"comment_status":"closed","ping_status":"closed","template":"","meta":{"footnotes":""},"class_list":["post-879","page","type-page","status-publish","has-post-thumbnail","hentry"],"_links":{"self":[{"href":"https:\/\/www.verztec.com\/wp-json\/wp\/v2\/pages\/879"}],"collection":[{"href":"https:\/\/www.verztec.com\/wp-json\/wp\/v2\/pages"}],"about":[{"href":"https:\/\/www.verztec.com\/wp-json\/wp\/v2\/types\/page"}],"author":[{"embeddable":true,"href":"https:\/\/www.verztec.com\/wp-json\/wp\/v2\/users\/1"}],"replies":[{"embeddable":true,"href":"https:\/\/www.verztec.com\/wp-json\/wp\/v2\/comments?post=879"}],"version-history":[{"count":1,"href":"https:\/\/www.verztec.com\/wp-json\/wp\/v2\/pages\/879\/revisions"}],"predecessor-version":[{"id":2076,"href":"https:\/\/www.verztec.com\/wp-json\/wp\/v2\/pages\/879\/revisions\/2076"}],"wp:featuredmedia":[{"embeddable":true,"href":"https:\/\/www.verztec.com\/wp-json\/wp\/v2\/media\/2024"}],"wp:attachment":[{"href":"https:\/\/www.verztec.com\/wp-json\/wp\/v2\/media?parent=879"}],"curies":[{"name":"wp","href":"https:\/\/api.w.org\/{rel}","templated":true}]}}