{"id":880,"date":"2009-08-03T08:55:17","date_gmt":"2009-08-03T08:55:17","guid":{"rendered":"http:\/\/staging.verztec.com\/verztec\/vendor-management\/"},"modified":"2024-11-01T01:36:14","modified_gmt":"2024-11-01T01:36:14","slug":"vendor-management","status":"publish","type":"page","link":"https:\/\/www.verztec.com\/vendor-management","title":{"rendered":"Gestion des fournisseurs"},"content":{"rendered":"\r\n<p>Verztec a investi dans une \u00e9quipe d\u00e9di\u00e9e \u00e0 plein temps, exclusivement ax\u00e9e sur la gestion des fournisseurs. Cette \u00e9quipe joue un r\u00f4le crucial dans le recrutement, la certification et le maintien de relations \u00e0 long terme avec les fournisseurs, garantissant des tarifs comp\u00e9titifs bas\u00e9s sur nos volumes de projets leaders dans l&#8217;industrie.<\/p>\r\n\r\n\r\n\r\n<p>Pour obtenir le statut certifi\u00e9 Verztec, les traducteurs doivent passer des \u00e9valuations linguistiques rigoureuses men\u00e9es par un comit\u00e9 linguistique senior. Cette \u00e9valuation couvre la grammaire, l&#8217;orthographe, la ponctuation, le style d&#8217;\u00e9criture, la pr\u00e9cision de la traduction et l&#8217;utilisation de la terminologie. Les traducteurs sont class\u00e9s selon leurs performances, et seuls les 20% les meilleurs obtiennent la certification et sont \u00e9ligibles pour travailler sur des projets clients, garantissant des traductions de haute qualit\u00e9 constantes.<\/p>\r\n\r\n\r\n\r\n<p>Les traducteurs certifi\u00e9s sont continuellement surveill\u00e9s quant \u00e0 leur capacit\u00e9 \u00e0 respecter les d\u00e9lais et \u00e0 fournir des r\u00e9sultats de qualit\u00e9 sup\u00e9rieure, garantissant une excellence continue dans l&#8217;ex\u00e9cution des projets.<\/p>\r\n\r\n\r\n\r\n<p>En plus de g\u00e9rer notre \u00e9quipe interne, Verztec maintient \u00e9galement de solides relations avec des ressources ind\u00e9pendantes. Nous privil\u00e9gions des pratiques de gestion \u00e9quitables, des calendriers de paiement fiables et un flux de travail constant pour garantir la coh\u00e9rence linguistique dans tous les projets clients.<\/p>\r\n\r\n\r\n\r\n<p>Notre strat\u00e9gie de gestion des fournisseurs se concentre \u00e9galement sur l&#8217;obtention de tarifs comp\u00e9titifs, nous permettant d&#8217;offrir les meilleurs prix aux clients sans compromettre la qualit\u00e9. Cette approche garantit que Verztec reste un leader dans la fourniture de solutions linguistiques de haute qualit\u00e9 et de grande valeur \u00e0 travers divers secteurs.<\/p>\r\n\r\n\r\n\r\n<p>Pour les projets d&#8217;apprentissage num\u00e9rique, Verztec s&#8217;appuie sur ses \u00e9quipes internes pour personnaliser et int\u00e9grer les plateformes LMS. Nous collaborons avec des partenaires de contenu pour fournir des contenus sous licence pr\u00eats \u00e0 l&#8217;emploi en plus de nos propres offres. Nous travaillons \u00e9galement en \u00e9troite collaboration avec des partenaires de traduction sp\u00e9cialis\u00e9s, ma\u00eetrisant les terminologies de diff\u00e9rents secteurs, pour garantir une localisation pr\u00e9cise des eLearning, vid\u00e9os et supports de formation en plusieurs langues.<\/p>\r\n\r\n\r\n\r\n<p>Les aspects techniques de la plupart des projets d&#8217;eLearning sont g\u00e9r\u00e9s en interne par nos \u00e9quipes sp\u00e9cialis\u00e9es. Chaque projet subit des contr\u00f4les et des tests approfondis avant la r\u00e9vision et la mise en \u0153uvre par le client, garantissant un contr\u00f4le de qualit\u00e9 robuste tout au long du processus.<\/p>\r\n\r\n\r\n\r\n<p>Collaborez avec Verztec pour b\u00e9n\u00e9ficier d&#8217;une expertise compl\u00e8te en gestion des fournisseurs et de solutions linguistiques sup\u00e9rieures. Contactez-nous \u00e0 <a href=\"mailto:enquiry@verztec.com\">enquiry@verztec.com<\/a> pour d\u00e9couvrir comment nous pouvons efficacement soutenir vos initiatives de communication mondiale et d&#8217;apprentissage num\u00e9rique.<\/p>\r\n\r\n","protected":false},"excerpt":{"rendered":"<p>Verztec a investi dans une \u00e9quipe d\u00e9di\u00e9e \u00e0 plein temps, exclusivement ax\u00e9e sur la gestion des fournisseurs. Cette \u00e9quipe joue un r\u00f4le crucial dans le recrutement, la certification et le&hellip;<\/p>\n","protected":false},"author":1,"featured_media":2031,"parent":0,"menu_order":2,"comment_status":"closed","ping_status":"closed","template":"","meta":{"footnotes":""},"class_list":["post-880","page","type-page","status-publish","has-post-thumbnail","hentry"],"_links":{"self":[{"href":"https:\/\/www.verztec.com\/wp-json\/wp\/v2\/pages\/880"}],"collection":[{"href":"https:\/\/www.verztec.com\/wp-json\/wp\/v2\/pages"}],"about":[{"href":"https:\/\/www.verztec.com\/wp-json\/wp\/v2\/types\/page"}],"author":[{"embeddable":true,"href":"https:\/\/www.verztec.com\/wp-json\/wp\/v2\/users\/1"}],"replies":[{"embeddable":true,"href":"https:\/\/www.verztec.com\/wp-json\/wp\/v2\/comments?post=880"}],"version-history":[{"count":2,"href":"https:\/\/www.verztec.com\/wp-json\/wp\/v2\/pages\/880\/revisions"}],"predecessor-version":[{"id":2885,"href":"https:\/\/www.verztec.com\/wp-json\/wp\/v2\/pages\/880\/revisions\/2885"}],"wp:featuredmedia":[{"embeddable":true,"href":"https:\/\/www.verztec.com\/wp-json\/wp\/v2\/media\/2031"}],"wp:attachment":[{"href":"https:\/\/www.verztec.com\/wp-json\/wp\/v2\/media?parent=880"}],"curies":[{"name":"wp","href":"https:\/\/api.w.org\/{rel}","templated":true}]}}