{"id":881,"date":"2009-08-03T08:55:53","date_gmt":"2009-08-03T08:55:53","guid":{"rendered":"http:\/\/staging.verztec.com\/verztec\/on-demand-scalability\/"},"modified":"2024-10-02T01:48:13","modified_gmt":"2024-10-02T01:48:13","slug":"on-demand-scalability","status":"publish","type":"page","link":"https:\/\/www.verztec.com\/on-demand-scalability","title":{"rendered":"\u00c9volutivit\u00e9 \u00e0 la demande"},"content":{"rendered":"<p>Les ressources humaines sont fondamentales pour \u00e9tablir la base de connaissances n\u00e9cessaire \u00e0 la r\u00e9ussite des projets de localisation. Verztec comprend l&#8217;importance cruciale de constituer une \u00e9quipe comp\u00e9tente et talentueuse dans divers domaines pour r\u00e9pondre en permanence aux normes rigoureuses des projets.<\/p>\n<p>Verztec combine des pratiques innovantes de gestion de projet \u00e0 l&#8217;\u00e9chelle mondiale avec une \u00e9quipe de professionnels hautement qualifi\u00e9s capables de mener \u00e0 bien des projets de localisation dans les d\u00e9lais sp\u00e9cifi\u00e9s. Notre avantage comp\u00e9titif r\u00e9side dans notre capacit\u00e9 \u00e0 s\u00e9lectionner les meilleurs talents adapt\u00e9s \u00e0 vos objectifs de localisation.<\/p>\n<p>L&#8217;\u00e9quipe multidisciplinaire de Verztec comprend des professionnels exp\u00e9riment\u00e9s, tels que :<\/p>\n<ol>\n<li>\n<p><strong>Chefs de projet en localisation form\u00e9s par Verztec :<\/strong><br \/> Experts dans la supervision et la coordination de projets de localisation complexes, garantissant des flux de travail efficaces et des livraisons ponctuelles.<\/p>\n<\/li>\n<li>\n<p><strong>Traducteurs natifs, r\u00e9sidant dans le pays cible :<\/strong><br \/> Sp\u00e9cialistes linguistiques ma\u00eetrisant leur langue maternelle, capables de saisir les nuances culturelles et de fournir des traductions pr\u00e9cises qui r\u00e9sonnent avec les publics cibles.<\/p>\n<\/li>\n<li>\n<p><strong>Experts en apprentissage num\u00e9rique :<\/strong><br \/> Sp\u00e9cialistes des solutions de formation num\u00e9rique et e-learning, comp\u00e9tents dans la personnalisation des syst\u00e8mes de gestion de l&#8217;apprentissage (LMS) et l&#8217;int\u00e9gration de technologies innovantes pour am\u00e9liorer les exp\u00e9riences d&#8217;apprentissage \u00e0 l&#8217;\u00e9chelle mondiale.<\/p>\n<\/li>\n<li>\n<p><strong>Concepteurs p\u00e9dagogiques :<\/strong><br \/> Professionnels cr\u00e9atifs qui con\u00e7oivent des exp\u00e9riences d&#8217;apprentissage engageantes et efficaces, align\u00e9es sur les objectifs p\u00e9dagogiques et les besoins du public.<\/p>\n<\/li>\n<li>\n<p><strong>\u00c9diteurs :<\/strong><br \/> Experts dans l&#8217;am\u00e9lioration et la finalisation des contenus pour garantir l&#8217;exactitude, la coh\u00e9rence et la clart\u00e9 linguistiques de tous les mat\u00e9riaux.<\/p>\n<\/li>\n<li>\n<p><strong>Experts en la mati\u00e8re :<\/strong><br \/> Sp\u00e9cialistes dans des domaines sp\u00e9cifiques tels que les sciences de la vie, la technologie, la finance et le droit, assurant une localisation pr\u00e9cise des contenus sp\u00e9cialis\u00e9s et la conformit\u00e9 aux normes industrielles.<\/p>\n<\/li>\n<li>\n<p><strong>Ing\u00e9nieurs logiciels experts :<\/strong><br \/> Innovateurs technologiques qui d\u00e9veloppent et int\u00e8grent des outils et solutions avanc\u00e9s pour optimiser les processus de localisation et am\u00e9liorer l&#8217;efficacit\u00e9 des projets.<\/p>\n<\/li>\n<li>\n<p><strong>Ing\u00e9nieurs en contenu :<\/strong><br \/> Professionnels experts dans la gestion de contenus num\u00e9riques, de la localisation multim\u00e9dia \u00e0 la publication assist\u00e9e par ordinateur, garantissant une adaptation homog\u00e8ne sur diverses plateformes.<\/p>\n<\/li>\n<li>\n<p><strong>Sp\u00e9cialistes des proc\u00e9dures r\u00e9glementaires :<\/strong><br \/> Professionnels ma\u00eetrisant les cadres r\u00e9glementaires et les normes de conformit\u00e9, veillant \u00e0 ce que les contenus localis\u00e9s respectent les lois et r\u00e8glements locaux.<\/p>\n<\/li>\n<li>\n<p><strong>Artistes voix-off :<\/strong><br \/> Talents vocaux capables de produire des contenus audio clairs et engageants dans plusieurs langues et dialectes, renfor\u00e7ant l&#8217;impact des mat\u00e9riaux multim\u00e9dias localis\u00e9s.<\/p>\n<\/li>\n<\/ol>\n<p>L&#8217;engagement de Verztec \u00e0 constituer une main-d&#8217;\u0153uvre diversifi\u00e9e et qualifi\u00e9e nous permet de r\u00e9pondre efficacement aux exigences uniques de chaque projet de localisation. Que vous ayez besoin de gestion de projet compl\u00e8te, d&#8217;expertise linguistique sp\u00e9cialis\u00e9e, de conception p\u00e9dagogique ou d&#8217;innovation technologique, Verztec garantit un service in\u00e9gal\u00e9 pour atteindre vos objectifs de localisation avec pr\u00e9cision et excellence.<\/p>\n<p>Associez-vous \u00e0 Verztec d\u00e8s aujourd&#8217;hui pour tirer parti de notre expertise et de nos capacit\u00e9s mondiales dans la fourniture de solutions de localisation personnalis\u00e9es adapt\u00e9es \u00e0 vos besoins sp\u00e9cifiques. Contactez-nous \u00e0 <a href=\"mailto:enquiry@verztec.com\">enquiry@verztec.com<\/a> pour en savoir plus sur la mani\u00e8re dont nous pouvons soutenir vos initiatives de localisation et d&#8217;apprentissage num\u00e9rique.<\/p>\n","protected":false},"excerpt":{"rendered":"<p>Les ressources humaines sont fondamentales pour \u00e9tablir la base de connaissances n\u00e9cessaire \u00e0 la r\u00e9ussite des projets de localisation. Verztec comprend l&#8217;importance cruciale de constituer une \u00e9quipe comp\u00e9tente et talentueuse&hellip;<\/p>\n","protected":false},"author":1,"featured_media":2031,"parent":0,"menu_order":6,"comment_status":"closed","ping_status":"closed","template":"","meta":{"footnotes":""},"class_list":["post-881","page","type-page","status-publish","has-post-thumbnail","hentry"],"_links":{"self":[{"href":"https:\/\/www.verztec.com\/wp-json\/wp\/v2\/pages\/881"}],"collection":[{"href":"https:\/\/www.verztec.com\/wp-json\/wp\/v2\/pages"}],"about":[{"href":"https:\/\/www.verztec.com\/wp-json\/wp\/v2\/types\/page"}],"author":[{"embeddable":true,"href":"https:\/\/www.verztec.com\/wp-json\/wp\/v2\/users\/1"}],"replies":[{"embeddable":true,"href":"https:\/\/www.verztec.com\/wp-json\/wp\/v2\/comments?post=881"}],"version-history":[{"count":1,"href":"https:\/\/www.verztec.com\/wp-json\/wp\/v2\/pages\/881\/revisions"}],"predecessor-version":[{"id":2052,"href":"https:\/\/www.verztec.com\/wp-json\/wp\/v2\/pages\/881\/revisions\/2052"}],"wp:featuredmedia":[{"embeddable":true,"href":"https:\/\/www.verztec.com\/wp-json\/wp\/v2\/media\/2031"}],"wp:attachment":[{"href":"https:\/\/www.verztec.com\/wp-json\/wp\/v2\/media?parent=881"}],"curies":[{"name":"wp","href":"https:\/\/api.w.org\/{rel}","templated":true}]}}