{"id":882,"date":"2009-08-03T08:56:27","date_gmt":"2009-08-03T08:56:27","guid":{"rendered":"http:\/\/staging.verztec.com\/verztec\/flexibility\/"},"modified":"2024-10-02T01:45:21","modified_gmt":"2024-10-02T01:45:21","slug":"flexibility","status":"publish","type":"page","link":"https:\/\/www.verztec.com\/flexibility","title":{"rendered":"Flexibilit\u00e9"},"content":{"rendered":"<p>Verztec croit fermement \u00e0 l&#8217;importance d&#8217;anticiper et de r\u00e9pondre efficacement aux changements lors de la gestion des projets de ses clients, en particulier dans les domaines de l&#8217;apprentissage num\u00e9rique, des solutions LMS personnalis\u00e9es, de la traduction et de la localisation.<\/p>\n<p>Dans l\u2019environnement commercial dynamique d\u2019aujourd\u2019hui, les syst\u00e8mes de gestion de projet doivent \u00eatre \u00e0 la fois flexibles et fiables pour s\u2019adapter aux besoins en constante \u00e9volution des clients. Nous comprenons que des modifications peuvent survenir dans divers aspects d\u2019un projet, tels que les d\u00e9lais pr\u00e9vus, les ajustements de p\u00e9rim\u00e8tre, les changements de dates de livraison, les mises \u00e0 jour des produits ou services, les changements d\u2019orientation th\u00e9matique ou la r\u00e9vision des priorit\u00e9s mondiales. Chez Verztec, nous nous engageons \u00e0 adapter notre approche pour relever ces d\u00e9fis, garantissant qu&#8217;aucune modification ne compromet la pr\u00e9cision ou le d\u00e9vouement que nous apportons \u00e0 votre projet, ni ne nuit \u00e0 notre engagement \u00e0 respecter vos d\u00e9lais de mani\u00e8re efficace.<\/p>\n<p>Notre capacit\u00e9 \u00e0 faire preuve de flexibilit\u00e9 et de r\u00e9activit\u00e9 a \u00e9t\u00e9 reconnue par des clients de renom tels qu\u2019Invensys, Philips Consumer Electronics et IBM. Ces t\u00e9moignages soulignent notre aptitude \u00e0 naviguer dans les exigences vari\u00e9es des projets avec agilit\u00e9 et pr\u00e9cision, en livrant des r\u00e9sultats qui d\u00e9passent les attentes.<\/p>\n<p>Dans le cadre des initiatives d&#8217;apprentissage num\u00e9rique, notamment la personnalisation des syst\u00e8mes de gestion de l&#8217;apprentissage (LMS), la traduction de contenus \u00e9ducatifs et la localisation compl\u00e8te \u00e0 travers plusieurs langues et contextes culturels, Verztec excelle. Notre \u00e9quipe d\u00e9di\u00e9e, compos\u00e9e de chefs de projet, de linguistes, d&#8217;experts en apprentissage num\u00e9rique et de sp\u00e9cialistes techniques, garantit notre capacit\u00e9 \u00e0 nous adapter sans effort aux exigences uniques de chaque projet. Qu&#8217;il s&#8217;agisse d&#8217;int\u00e9grer des plateformes LMS personnalis\u00e9es, d&#8217;adapter des contenus de formation pour un public mondial ou de garantir l&#8217;exactitude linguistique et culturelle des supports d&#8217;e-learning, Verztec met \u00e0 profit son expertise et ses syst\u00e8mes de gestion de projet avanc\u00e9s pour fournir des r\u00e9sultats sup\u00e9rieurs.<\/p>\n<p>Nous privil\u00e9gions la satisfaction client gr\u00e2ce \u00e0 une communication proactive, une planification minutieuse et des mesures rigoureuses d\u2019assurance qualit\u00e9. Cette approche soutient non seulement l&#8217;ex\u00e9cution r\u00e9ussie de vos projets, mais favorise \u00e9galement des partenariats \u00e0 long terme fond\u00e9s sur la confiance et le succ\u00e8s mutuel.<\/p>\n<p>Associez-vous \u00e0 Verztec pour b\u00e9n\u00e9ficier d&#8217;une approche proactive et r\u00e9active de la gestion de projet, adapt\u00e9e \u00e0 vos besoins sp\u00e9cifiques en apprentissage num\u00e9rique et en localisation. Contactez-nous \u00e0 <a href=\"mailto:enquiry@verztec.com\">enquiry@verztec.com<\/a> pour d\u00e9couvrir comment nous pouvons soutenir et am\u00e9liorer efficacement vos projets.<\/p>\n","protected":false},"excerpt":{"rendered":"<p>Verztec croit fermement \u00e0 l&#8217;importance d&#8217;anticiper et de r\u00e9pondre efficacement aux changements lors de la gestion des projets de ses clients, en particulier dans les domaines de l&#8217;apprentissage num\u00e9rique, des&hellip;<\/p>\n","protected":false},"author":1,"featured_media":2031,"parent":0,"menu_order":5,"comment_status":"closed","ping_status":"closed","template":"","meta":{"footnotes":""},"class_list":["post-882","page","type-page","status-publish","has-post-thumbnail","hentry"],"_links":{"self":[{"href":"https:\/\/www.verztec.com\/wp-json\/wp\/v2\/pages\/882"}],"collection":[{"href":"https:\/\/www.verztec.com\/wp-json\/wp\/v2\/pages"}],"about":[{"href":"https:\/\/www.verztec.com\/wp-json\/wp\/v2\/types\/page"}],"author":[{"embeddable":true,"href":"https:\/\/www.verztec.com\/wp-json\/wp\/v2\/users\/1"}],"replies":[{"embeddable":true,"href":"https:\/\/www.verztec.com\/wp-json\/wp\/v2\/comments?post=882"}],"version-history":[{"count":1,"href":"https:\/\/www.verztec.com\/wp-json\/wp\/v2\/pages\/882\/revisions"}],"predecessor-version":[{"id":2047,"href":"https:\/\/www.verztec.com\/wp-json\/wp\/v2\/pages\/882\/revisions\/2047"}],"wp:featuredmedia":[{"embeddable":true,"href":"https:\/\/www.verztec.com\/wp-json\/wp\/v2\/media\/2031"}],"wp:attachment":[{"href":"https:\/\/www.verztec.com\/wp-json\/wp\/v2\/media?parent=882"}],"curies":[{"name":"wp","href":"https:\/\/api.w.org\/{rel}","templated":true}]}}