{"id":883,"date":"2009-08-03T08:56:54","date_gmt":"2009-08-03T08:56:54","guid":{"rendered":"http:\/\/staging.verztec.com\/verztec\/transparency-integrity\/"},"modified":"2024-11-01T01:37:24","modified_gmt":"2024-11-01T01:37:24","slug":"transparency-integrity","status":"publish","type":"page","link":"https:\/\/www.verztec.com\/transparency-integrity","title":{"rendered":"Transparence et int\u00e9grit\u00e9"},"content":{"rendered":"<div class=\"page-header clearfix\">\n<p class=\"page-title\"><span style=\"font-size: revert; color: initial;\">L&#8217;\u00e9quipe de Verztec s&#8217;engage profond\u00e9ment \u00e0 \u00e9tablir des relations solides et de confiance avec nos clients. Au c\u0153ur de cet engagement se trouve une fondation bas\u00e9e sur la transparence et l&#8217;int\u00e9grit\u00e9 dans tous les aspects de nos op\u00e9rations.<\/span><\/p>\n<\/div>\n<p>La transparence est une pierre angulaire de notre approche. Nous croyons en la n\u00e9cessit\u00e9 de fournir \u00e0 nos clients une visibilit\u00e9 compl\u00e8te sur les proc\u00e9dures, les d\u00e9lais et les objectifs des projets. Cela garantit que nos clients sont pleinement inform\u00e9s et impliqu\u00e9s \u00e0 chaque \u00e9tape du processus de localisation.<\/p>\n<p>La confiance est renforc\u00e9e par notre d\u00e9vouement \u00e0 fournir un travail de localisation exceptionnel. Nous abordons chaque projet avec diligence et responsabilit\u00e9, collaborant \u00e9troitement avec nos clients pour surmonter les d\u00e9fis et atteindre ensemble des r\u00e9sultats r\u00e9ussis.<\/p>\n<p>L&#8217;int\u00e9grit\u00e9 est primordiale dans nos relations avec les clients. Nous respectons les normes les plus \u00e9lev\u00e9es d&#8217;honn\u00eatet\u00e9 et de professionnalisme, veillant \u00e0 ce que nos clients re\u00e7oivent des informations pr\u00e9cises et des conseils d&#8217;experts tout au long du cycle de vie du projet.<\/p>\n<p>Chez Verztec, nous d\u00e9montrons notre engagement envers nos clients \u00e0 travers un ensemble de principes fondamentaux :<\/p>\n<ol>\n<li><strong>D\u00e9finition pr\u00e9cise du p\u00e9rim\u00e8tre du projet :<\/strong> Nous d\u00e9finissons m\u00e9ticuleusement le p\u00e9rim\u00e8tre, les d\u00e9lais de r\u00e9alisation, les consid\u00e9rations budg\u00e9taires et les besoins en ressources d\u00e8s le d\u00e9part, garantissant des attentes claires d\u00e8s le d\u00e9but.<\/li>\n<li><strong>Conseils d&#8217;experts :<\/strong> Gr\u00e2ce \u00e0 notre vaste exp\u00e9rience, nous fournissons des recommandations \u00e9clair\u00e9es pour optimiser les processus de localisation afin d&#8217;en maximiser l&#8217;efficacit\u00e9 et l&#8217;impact.<\/li>\n<li><strong>Communication r\u00e9guli\u00e8re :<\/strong> Nous maintenons des canaux de communication ouverts, traitant rapidement toute \u00e9volution ou pr\u00e9occupation pour que nos clients restent inform\u00e9s et impliqu\u00e9s.<\/li>\n<li><strong>Engagement de sp\u00e9cialistes :<\/strong> Nous affectons les sp\u00e9cialistes les plus qualifi\u00e9s \u00e0 chaque projet, garantissant que nos clients b\u00e9n\u00e9ficient d&#8217;une expertise adapt\u00e9e \u00e0 leurs besoins sp\u00e9cifiques et exigences sectorielles.<\/li>\n<li><strong>Livraison dans les d\u00e9lais :<\/strong> Quelle que soit la taille ou la complexit\u00e9 du projet, nous nous engageons \u00e0 respecter toutes les dates et exigences de livraison convenues, sans compromis.<\/li>\n<\/ol>\n<p>Chez Verztec, nous comprenons que faire des promesses est facile, mais les tenir de mani\u00e8re constante exige d\u00e9vouement et capacit\u00e9s \u00e9prouv\u00e9es. Nous sommes fiers de non seulement tenir ces engagements, mais aussi de les int\u00e9grer dans nos syst\u00e8mes de gestion de projet robustes, garantissant des r\u00e9sultats concrets qui d\u00e9passent les attentes.<\/p>\n<p>Collaborez avec Verztec pour d\u00e9couvrir par vous-m\u00eame notre engagement ind\u00e9fectible envers la transparence, l&#8217;int\u00e9grit\u00e9 et la satisfaction du client dans chaque projet de localisation. Contactez-nous \u00e0 <a href=\"mailto:enquiry@verztec.com\">enquiry@verztec.com<\/a> pour d\u00e9couvrir comment nous pouvons soutenir efficacement vos besoins en communication mondiale.<\/p>\n","protected":false},"excerpt":{"rendered":"<p>L&#8217;\u00e9quipe de Verztec s&#8217;engage profond\u00e9ment \u00e0 \u00e9tablir des relations solides et de confiance avec nos clients. Au c\u0153ur de cet engagement se trouve une fondation bas\u00e9e sur la transparence et&hellip;<\/p>\n","protected":false},"author":1,"featured_media":2031,"parent":0,"menu_order":3,"comment_status":"closed","ping_status":"closed","template":"","meta":{"footnotes":""},"class_list":["post-883","page","type-page","status-publish","has-post-thumbnail","hentry"],"_links":{"self":[{"href":"https:\/\/www.verztec.com\/wp-json\/wp\/v2\/pages\/883"}],"collection":[{"href":"https:\/\/www.verztec.com\/wp-json\/wp\/v2\/pages"}],"about":[{"href":"https:\/\/www.verztec.com\/wp-json\/wp\/v2\/types\/page"}],"author":[{"embeddable":true,"href":"https:\/\/www.verztec.com\/wp-json\/wp\/v2\/users\/1"}],"replies":[{"embeddable":true,"href":"https:\/\/www.verztec.com\/wp-json\/wp\/v2\/comments?post=883"}],"version-history":[{"count":2,"href":"https:\/\/www.verztec.com\/wp-json\/wp\/v2\/pages\/883\/revisions"}],"predecessor-version":[{"id":2886,"href":"https:\/\/www.verztec.com\/wp-json\/wp\/v2\/pages\/883\/revisions\/2886"}],"wp:featuredmedia":[{"embeddable":true,"href":"https:\/\/www.verztec.com\/wp-json\/wp\/v2\/media\/2031"}],"wp:attachment":[{"href":"https:\/\/www.verztec.com\/wp-json\/wp\/v2\/media?parent=883"}],"curies":[{"name":"wp","href":"https:\/\/api.w.org\/{rel}","templated":true}]}}