{"id":885,"date":"2009-08-03T08:58:18","date_gmt":"2009-08-03T08:58:18","guid":{"rendered":"http:\/\/staging.verztec.com\/verztec\/confidentiality\/"},"modified":"2024-10-02T01:42:41","modified_gmt":"2024-10-02T01:42:41","slug":"confidentiality","status":"publish","type":"page","link":"https:\/\/www.verztec.com\/confidentiality","title":{"rendered":"Confidentialit\u00e9"},"content":{"rendered":"<p>Verztec met en \u0153uvre des mesures strictes pour prot\u00e9ger la confidentialit\u00e9 et les droits d&#8217;auteur des donn\u00e9es de ses clients. Nous accordons une priorit\u00e9 absolue \u00e0 notre responsabilit\u00e9 envers la vie priv\u00e9e de nos clients et appliquons des protocoles rigoureux pour garantir la protection de toutes les informations sensibles.<\/p>\n<h3 class=\"title-normal\">Mesures de Confidentialit\u00e9<\/h3>\n<p>Verztec respecte scrupuleusement les accords de non-divulgation (NDA) sign\u00e9s avec les prestataires externes et les linguistes avant le d\u00e9but de chaque projet. Ces accords incluent des clauses claires pour s&#8217;assurer que les membres de l&#8217;\u00e9quipe comprennent et respectent pleinement leurs obligations de confidentialit\u00e9 pendant et apr\u00e8s la r\u00e9alisation du projet.<\/p>\n<p>Chacun de nos linguistes travaille sur un ordinateur de bureau d\u00e9di\u00e9 avec un mot de passe r\u00e9seau priv\u00e9, garantissant un acc\u00e8s restreint aux fichiers du projet. Nos clients peuvent \u00eatre assur\u00e9s que seuls le traducteur et le r\u00e9viseur assign\u00e9s manipuleront leurs documents.<\/p>\n<h3 class=\"title-normal\">Gestion S\u00e9curis\u00e9e des Donn\u00e9es<\/h3>\n<p>Toutes les informations et donn\u00e9es des clients sont stock\u00e9es en toute s\u00e9curit\u00e9 et accessibles uniquement aux membres du personnel d\u00e9sign\u00e9s \u00e0 des fins autoris\u00e9es. Nos op\u00e9rations en ligne sont r\u00e9alis\u00e9es via un serveur s\u00e9curis\u00e9 avec un cryptage SSL 128 bits sur HTTPS, \u00e9quivalent aux normes de cryptage utilis\u00e9es par les principales institutions financi\u00e8res mondiales. Cela garantit que tous les d\u00e9tails et fichiers transmis via notre plateforme restent confidentiels et prot\u00e9g\u00e9s contre tout acc\u00e8s non autoris\u00e9.<\/p>\n<h3 class=\"title-normal\">Engagement envers la Vie Priv\u00e9e<\/h3>\n<p>Verztec applique une politique stricte contre la vente ou le partage de listes de noms ou de donn\u00e9es personnelles avec des organisations tierces. Nous traitons les informations des clients avec la plus grande confidentialit\u00e9 et int\u00e9grit\u00e9, en veillant au respect des normes et r\u00e9glementations internationales en mati\u00e8re de protection des donn\u00e9es.<\/p>\n<p>Chez Verztec, nous pla\u00e7ons la confiance et la confidentialit\u00e9 des clients au premier plan, en mettant en \u0153uvre des mesures de s\u00e9curit\u00e9 robustes et des protocoles pour prot\u00e9ger les informations sensibles \u00e0 chaque \u00e9tape de notre collaboration.<\/p>\n<p>Collaborez avec Verztec pour des solutions linguistiques qui mettent en avant votre confidentialit\u00e9 et votre s\u00e9curit\u00e9. Contactez-nous \u00e0 <a href=\"mailto:enquiry@verztec.com\">enquiry@verztec.com<\/a> pour d\u00e9couvrir comment nous pouvons r\u00e9pondre \u00e0 vos besoins en mati\u00e8re de langue et de localisation de mani\u00e8re s\u00e9curis\u00e9e et efficace.<\/p>\n","protected":false},"excerpt":{"rendered":"<p>Verztec met en \u0153uvre des mesures strictes pour prot\u00e9ger la confidentialit\u00e9 et les droits d&#8217;auteur des donn\u00e9es de ses clients. Nous accordons une priorit\u00e9 absolue \u00e0 notre responsabilit\u00e9 envers la&hellip;<\/p>\n","protected":false},"author":1,"featured_media":2031,"parent":0,"menu_order":4,"comment_status":"closed","ping_status":"closed","template":"","meta":{"footnotes":""},"class_list":["post-885","page","type-page","status-publish","has-post-thumbnail","hentry"],"_links":{"self":[{"href":"https:\/\/www.verztec.com\/wp-json\/wp\/v2\/pages\/885"}],"collection":[{"href":"https:\/\/www.verztec.com\/wp-json\/wp\/v2\/pages"}],"about":[{"href":"https:\/\/www.verztec.com\/wp-json\/wp\/v2\/types\/page"}],"author":[{"embeddable":true,"href":"https:\/\/www.verztec.com\/wp-json\/wp\/v2\/users\/1"}],"replies":[{"embeddable":true,"href":"https:\/\/www.verztec.com\/wp-json\/wp\/v2\/comments?post=885"}],"version-history":[{"count":1,"href":"https:\/\/www.verztec.com\/wp-json\/wp\/v2\/pages\/885\/revisions"}],"predecessor-version":[{"id":2043,"href":"https:\/\/www.verztec.com\/wp-json\/wp\/v2\/pages\/885\/revisions\/2043"}],"wp:featuredmedia":[{"embeddable":true,"href":"https:\/\/www.verztec.com\/wp-json\/wp\/v2\/media\/2031"}],"wp:attachment":[{"href":"https:\/\/www.verztec.com\/wp-json\/wp\/v2\/media?parent=885"}],"curies":[{"name":"wp","href":"https:\/\/api.w.org\/{rel}","templated":true}]}}