{"id":900,"date":"2009-08-03T09:32:16","date_gmt":"2009-08-03T09:32:16","guid":{"rendered":"http:\/\/staging.verztec.com\/verztec\/message-from-our-ceo\/"},"modified":"2025-01-22T00:54:57","modified_gmt":"2025-01-22T00:54:57","slug":"message-from-our-ceo","status":"publish","type":"page","link":"https:\/\/www.verztec.com\/message-from-our-ceo","title":{"rendered":"Message de notre PDG de Groupe"},"content":{"rendered":"\r\n<style>.wp-block-image img {padding: 30px;}<\/style>\r\n\r\n\r\n<div class=\"wp-block-image\">\r\n<figure class=\"alignright nicholas\"><img loading=\"lazy\" decoding=\"async\" width=\"320\" height=\"480\" src=\"https:\/\/www.verztec.com\/wp-content\/uploads\/2009\/08\/ceo-1.jpg\" alt=\"M. Nicholas Goh, PDG\" class=\"wp-image-898\" title=\"M. Nicholas Goh, PDG\" srcset=\"https:\/\/www.verztec.com\/wp-content\/uploads\/2009\/08\/ceo-1.jpg 320w, https:\/\/www.verztec.com\/wp-content\/uploads\/2009\/08\/ceo-1-200x300.jpg 200w\" sizes=\"(max-width: 320px) 100vw, 320px\" \/><\/figure><\/div>\r\n\r\n\r\n<p>Bonjour, je suis Nicholas Goh, PDG du groupe Verztec, et je suis ravi que vous preniez le temps de visiter notre site web.<\/p>\r\n\r\n\r\n\r\n<p>Tout d\u2019abord, je voudrais remercier Dieu pour Sa gr\u00e2ce qui nous a permis d\u2019en arriver l\u00e0. Au fil des ans, nous avons eu le privil\u00e8ge d\u2019aider de nombreuses entreprises \u00e0 am\u00e9liorer leurs performances gr\u00e2ce \u00e0 des solutions num\u00e9riques innovantes pour des programmes de formation r\u00e9gionaux et mondiaux. C\u2019est un v\u00e9ritable honneur de contribuer \u00e0 leur croissance mondiale. Nombre de nos clients nous font confiance pour digitaliser et maintenir leurs programmes de formation internes, y compris l\u2019int\u00e9gration du personnel, la gestion des risques et de la conformit\u00e9, la cybers\u00e9curit\u00e9, et bien plus encore. Nos services g\u00e9r\u00e9s leur permettent de d\u00e9ployer et de g\u00e9rer ces programmes sous forme de solutions enti\u00e8rement num\u00e9riques ou hybrides \u00e0 travers plusieurs r\u00e9gions.<\/p>\r\n\r\n\r\n\r\n<p>Depuis nos d\u00e9buts modestes en 2000, Verztec est devenu un leader dans les solutions d\u2019apprentissage et de langues de haute qualit\u00e9. Notre objectif principal a toujours \u00e9t\u00e9 de permettre \u00e0 des individus talentueux de fournir un travail exceptionnel qui d\u00e9passe constamment les attentes de nos clients.<\/p>\r\n\r\n\r\n\r\n<p>En tant qu\u2019entreprise engag\u00e9e dans l\u2019innovation continue, nous sommes ravis d\u2019offrir une large gamme de solutions assist\u00e9es par l\u2019IA, incluant la traduction, la transcription et les services de voix off dans plus de 100 langues. Ces services bas\u00e9s sur l\u2019IA permettent d\u2019am\u00e9liorer les actifs num\u00e9riques de nos clients en marketing et formation, tout en offrant efficacit\u00e9 et \u00e9conomies. Cependant, nous comprenons que l\u2019IA seule ne peut pas toujours capturer les nuances n\u00e9cessaires \u00e0 une qualit\u00e9 irr\u00e9prochable. C\u2019est pourquoi nous combinons des solutions d\u2019IA avec une supervision humaine \u2013 nos \u00e9quipes professionnelles effectuent des v\u00e9rifications et des r\u00e9visions approfondies pour garantir les meilleurs r\u00e9sultats. Cette combinaison de l\u2019IA et de l\u2019expertise humaine nous permet de fournir des services exceptionnels tout en ma\u00eetrisant les co\u00fbts pour nos clients.<\/p>\r\n\r\n\r\n\r\n<p>Chez Verztec, notre mission est de soutenir des entreprises comme la v\u00f4tre dans leur croissance et d\u2019am\u00e9liorer leurs performances sur les march\u00e9s \u00e9trangers gr\u00e2ce \u00e0 l\u2019apprentissage num\u00e9rique et \u00e0 des services linguistiques efficaces. Nous comprenons l\u2019importance de livrer des solutions pr\u00e9cises, ponctuelles et rentables. Avec plus de 10 000 traducteurs natifs qualifi\u00e9s dans plus de 50 pays, nous veillons \u00e0 ce que vos messages soient localis\u00e9s pour para\u00eetre comme des contenus originaux \u2013 soigneusement v\u00e9rifi\u00e9s et \u00e9dit\u00e9s \u2013 o\u00f9 que se trouve votre public.<\/p>\r\n\r\n\r\n\r\n<p>Nous sommes \u00e9galement profond\u00e9ment reconnaissants envers les membres du personnel d\u00e9vou\u00e9s qui nous ont rejoints au fil des ans. Leur engagement et leur travail acharn\u00e9 leur ont offert une exp\u00e9rience pr\u00e9cieuse, les aidant \u00e0 se d\u00e9velopper \u00e0 la fois professionnellement et personnellement, et \u00e0 progresser dans leur carri\u00e8re. Nous sommes fiers de leur offrir une plateforme o\u00f9 ils peuvent s\u2019\u00e9panouir.<\/p>\r\n\r\n\r\n\r\n<p>De plus, Verztec est une plateforme que Dieu utilise pour connecter les gens, rapprocher les cultures et faciliter les affaires internationales. Nous sommes reconnaissants pour les nombreux associ\u00e9s d\u2019affaires avec lesquels nous avons eu le privil\u00e8ge de nous connecter, en les aidant \u00e0 former des alliances et \u00e0 faire progresser leurs entreprises de mani\u00e8re inattendue.<\/p>\r\n\r\n\r\n\r\n<p>Notre vision est d\u2019\u00eatre un partenaire mondial de classe mondiale, renomm\u00e9 pour ses services de conseil de qualit\u00e9 et ses solutions compl\u00e8tes. Nous travaillons en collaboration avec nos clients, retroussant nos manches pour offrir la meilleure valeur possible. Cette d\u00e9votion nous a valu la confiance de nos clients, comme en t\u00e9moigne la fid\u00e9lit\u00e9 de nos clients satisfaits.<\/p>\r\n\r\n\r\n\r\n<p>Nous sommes fiers de nos solides valeurs d\u2019entreprise, qui nous ont permis de prosp\u00e9rer m\u00eame en p\u00e9riode difficile. La qualit\u00e9, l\u2019int\u00e9grit\u00e9 et l\u2019excellence sont au c\u0153ur de tout ce que nous faisons. Notre succ\u00e8s repose sur une culture qui valorise la prestation d\u2019un travail de haute qualit\u00e9, soutenue par les infrastructures et l\u2019expertise que nous avons d\u00e9velopp\u00e9es au fil des ans. Travailler avec Verztec signifie recevoir une attention personnalis\u00e9e \u00e0 vos projets, du d\u00e9but \u00e0 la fin. Nous nous engageons \u00e0 comprendre vos besoins et \u00e0 vous aider \u00e0 naviguer dans les tendances du march\u00e9 et les d\u00e9fis. Nos clients appr\u00e9cient notre approche centr\u00e9e sur le client et notre capacit\u00e9 \u00e0 \u00eatre suffisamment grands pour r\u00e9pondre \u00e0 des besoins vari\u00e9s, tout en restant suffisamment proches pour r\u00e9ellement se soucier de leur entreprise.<\/p>\r\n\r\n\r\n\r\n<p>Je vous invite \u00e0 explorer notre site web pour en savoir plus sur nous. Merci encore de votre int\u00e9r\u00eat. Nous esp\u00e9rons avoir bient\u00f4t l\u2019occasion de collaborer avec vous.<\/p>\r\n\r\n\r\n\r\n<p><strong>Cordialement,<\/strong><br>Nicholas Goh<br><\/p>\r\n\r\n\r\n","protected":false},"excerpt":{"rendered":"<p>Bonjour, je suis Nicholas Goh, PDG du groupe Verztec, et je suis ravi que vous preniez le temps de visiter notre site web. Tout d\u2019abord, je voudrais remercier Dieu pour&hellip;<\/p>\n","protected":false},"author":1,"featured_media":2024,"parent":0,"menu_order":20,"comment_status":"closed","ping_status":"closed","template":"","meta":{"footnotes":""},"class_list":["post-900","page","type-page","status-publish","has-post-thumbnail","hentry"],"_links":{"self":[{"href":"https:\/\/www.verztec.com\/wp-json\/wp\/v2\/pages\/900"}],"collection":[{"href":"https:\/\/www.verztec.com\/wp-json\/wp\/v2\/pages"}],"about":[{"href":"https:\/\/www.verztec.com\/wp-json\/wp\/v2\/types\/page"}],"author":[{"embeddable":true,"href":"https:\/\/www.verztec.com\/wp-json\/wp\/v2\/users\/1"}],"replies":[{"embeddable":true,"href":"https:\/\/www.verztec.com\/wp-json\/wp\/v2\/comments?post=900"}],"version-history":[{"count":7,"href":"https:\/\/www.verztec.com\/wp-json\/wp\/v2\/pages\/900\/revisions"}],"predecessor-version":[{"id":3994,"href":"https:\/\/www.verztec.com\/wp-json\/wp\/v2\/pages\/900\/revisions\/3994"}],"wp:featuredmedia":[{"embeddable":true,"href":"https:\/\/www.verztec.com\/wp-json\/wp\/v2\/media\/2024"}],"wp:attachment":[{"href":"https:\/\/www.verztec.com\/wp-json\/wp\/v2\/media?parent=900"}],"curies":[{"name":"wp","href":"https:\/\/api.w.org\/{rel}","templated":true}]}}