{"id":1436,"date":"2009-11-18T11:06:23","date_gmt":"2009-11-18T11:06:23","guid":{"rendered":"http:\/\/staging.verztec.com\/verztec\/why-verztec\/"},"modified":"2024-10-02T01:34:17","modified_gmt":"2024-10-02T01:34:17","slug":"why-verztec","status":"publish","type":"page","link":"https:\/\/www.verztec.com\/why-verztec","title":{"rendered":"Perch\u00e9 scegliere Verztec?"},"content":{"rendered":"<h3 class=\"title-normal\">Perch\u00e9 scegliere Verztec come il vostro partner globale preferito? Ecco 10 motivi:<\/h3>\n<p><strong>(1) Competenza nell\u2019apprendimento digitale:<\/strong><\/p>\n<p>Verztec eccelle nelle soluzioni di apprendimento digitale, offrendo piattaforme LMS personalizzabili, contenuti formativi con licenza pronti all\u2019uso e servizi di digitalizzazione eLearning adattati ai programmi di formazione interna in vari settori.<\/p>\n<p><strong>(2) eLearning multilingue:<\/strong><\/p>\n<p>Siamo specializzati nella traduzione e localizzazione di contenuti eLearning in pi\u00f9 lingue, garantendo l\u2019accessibilit\u00e0 globale e l\u2019efficacia dei vostri materiali di formazione.<\/p>\n<p><strong>(3) Gamma completa di servizi:<\/strong><\/p>\n<p>Dal servizio di traduzione e trascrizione all\u2019interpretariato in loco, pubblicazione desktop, voice-over e localizzazione web\/multimediale, Verztec offre un ampio spettro di servizi legati alle lingue.<\/p>\n<p><strong>(4) Certificazione ISO 9001:<\/strong><\/p>\n<p>In qualit\u00e0 di azienda certificata ISO 9001, manteniamo rigorosi standard di qualit\u00e0 per fornire risultati coerenti e di alta qualit\u00e0 che soddisfino le esigenze delle organizzazioni globali.<\/p>\n<p><strong>(5) Talento linguistico di alto livello:<\/strong><\/p>\n<p>I nostri traduttori, selezionati per la loro esperienza e conoscenza specifica del settore, garantiscono traduzioni accurate e culturalmente sensibili che risuonano con un pubblico diversificato in tutto il mondo.<\/p>\n<p><strong>(6) Gestione avanzata dei fornitori:<\/strong><\/p>\n<p>Attraverso un solido sistema di gestione dei fornitori, valutiamo e monitoriamo continuamente le prestazioni dei nostri linguisti, garantendo qualit\u00e0 e affidabilit\u00e0 eccezionali.<\/p>\n<p><strong>(7) Coerenza terminologica:<\/strong><\/p>\n<p>Grazie a software proprietari, assicuriamo l\u2019accuratezza terminologica e la coerenza stilistica in tutti i progetti, migliorando la chiarezza e la coerenza della vostra comunicazione globale.<\/p>\n<p><strong>(8) Collaborazione a lungo termine:<\/strong><\/p>\n<p>Verztec si impegna a costruire rapporti duraturi con i clienti, offrendo supporto continuo e sfruttando la nostra rete globale di esperti linguistici e tecnici.<\/p>\n<p><strong>(9) Riservatezza e sicurezza:<\/strong><\/p>\n<p>Diamo priorit\u00e0 alla riservatezza e alla sicurezza dei vostri dati, garantendo il pieno rispetto dei diritti di propriet\u00e0 intellettuale e delle normative sulla privacy.<\/p>\n<p><strong>(10) Gestione trasparente dei progetti:<\/strong><\/p>\n<p>Con un impegno per la trasparenza e l\u2019integrit\u00e0, Verztec offre piena visibilit\u00e0 sullo stato dei progetti, le problematiche e le proiezioni durante tutta la collaborazione.<\/p>\n<p>Collabora con Verztec oggi stesso per sfruttare la nostra esperienza in soluzioni di apprendimento digitale e servizi linguistici completi. Contattaci a <a href=\"mailto:enquiry@verztec.com\">enquiry@verztec.com<\/a> per discutere come possiamo supportare efficacemente le vostre esigenze di comunicazione e formazione globale.<\/p>\n","protected":false},"excerpt":{"rendered":"<p>Perch\u00e9 scegliere Verztec come il vostro partner globale preferito? Ecco 10 motivi: (1) Competenza nell\u2019apprendimento digitale: Verztec eccelle nelle soluzioni di apprendimento digitale, offrendo piattaforme LMS personalizzabili, contenuti formativi con&hellip;<\/p>\n","protected":false},"author":1,"featured_media":2031,"parent":0,"menu_order":1,"comment_status":"closed","ping_status":"closed","template":"","meta":{"footnotes":""},"class_list":["post-1436","page","type-page","status-publish","has-post-thumbnail","hentry"],"_links":{"self":[{"href":"https:\/\/www.verztec.com\/wp-json\/wp\/v2\/pages\/1436"}],"collection":[{"href":"https:\/\/www.verztec.com\/wp-json\/wp\/v2\/pages"}],"about":[{"href":"https:\/\/www.verztec.com\/wp-json\/wp\/v2\/types\/page"}],"author":[{"embeddable":true,"href":"https:\/\/www.verztec.com\/wp-json\/wp\/v2\/users\/1"}],"replies":[{"embeddable":true,"href":"https:\/\/www.verztec.com\/wp-json\/wp\/v2\/comments?post=1436"}],"version-history":[{"count":1,"href":"https:\/\/www.verztec.com\/wp-json\/wp\/v2\/pages\/1436\/revisions"}],"predecessor-version":[{"id":2032,"href":"https:\/\/www.verztec.com\/wp-json\/wp\/v2\/pages\/1436\/revisions\/2032"}],"wp:featuredmedia":[{"embeddable":true,"href":"https:\/\/www.verztec.com\/wp-json\/wp\/v2\/media\/2031"}],"wp:attachment":[{"href":"https:\/\/www.verztec.com\/wp-json\/wp\/v2\/media?parent=1436"}],"curies":[{"name":"wp","href":"https:\/\/api.w.org\/{rel}","templated":true}]}}