{"id":1440,"date":"2010-02-08T08:59:02","date_gmt":"2010-02-08T08:59:02","guid":{"rendered":"http:\/\/staging.verztec.com\/verztec\/travel-and-hospitality\/"},"modified":"2025-02-03T08:31:07","modified_gmt":"2025-02-03T08:31:07","slug":"travel-and-hospitality","status":"publish","type":"page","link":"https:\/\/www.verztec.com\/travel-and-hospitality","title":{"rendered":"Viaggi e Ospitalit\u00e0"},"content":{"rendered":"<p>L&#8217;industria del turismo e dell&#8217;ospitalit\u00e0 \u00e8 un pilastro fondamentale del commercio globale, fungendo da importante collegamento per connettere persone e culture in tutto il mondo. Dai resort di lusso agli alloggi economici, dalle compagnie aeree internazionali agli operatori turistici locali, questo settore dinamico soddisfa le preferenze e le esigenze diversificate dei viaggiatori.<\/p>\r\n<p>Man mano che il viaggio globale continua a crescere, cresce anche la necessit\u00e0 di una comunicazione efficace attraverso barriere linguistiche e culturali. Le aziende di viaggio e ospitalit\u00e0 devono offrire esperienze senza soluzione di continuit\u00e0 agli ospiti provenienti da diverse parti del mondo, assicurandosi che i loro messaggi risuonino autenticamente con ogni pubblico.<\/p>\r\n<p>Nel panorama competitivo, le aziende di questo settore stanno sfruttando tecnologie avanzate e strategie di marketing innovative per mantenere il vantaggio competitivo. Molte di esse si stanno espandendo in nuovi mercati internazionali, il che richiede l&#8217;adattamento dei materiali di marketing e dei documenti operativi alle lingue e alle consuetudini locali.<\/p>\r\n<p>Verztec \u00e8 specializzata nell&#8217;offrire soluzioni complete di traduzione e localizzazione personalizzate per l&#8217;industria del turismo e dell&#8217;ospitalit\u00e0. Il nostro team di traduttori esperti e specialisti di localizzazione garantisce che i tuoi contenuti siano tradotti con precisione e adattati culturalmente per migliorare la soddisfazione degli ospiti e la fedelt\u00e0 al marchio nei mercati globali.<\/p>\r\n<p>Le capacit\u00e0 di Verztec coprono una vasta gamma di documenti essenziali per l&#8217;industria del turismo e dell&#8217;ospitalit\u00e0:<\/p>\r\n<ul>\r\n<li><b>Brochure di hotel e resort<\/b><\/li>\r\n<li><b>Guide turistiche e informazioni sulle destinazioni<\/b><\/li>\r\n<li><b>Piattaforme di prenotazione e sistemi di prenotazione<\/b><\/li>\r\n<li><b>Servizi e comodit\u00e0 per gli ospiti<\/b><\/li>\r\n<li><b>Campagne di marketing (stampate, digitali, social media)<\/b><\/li>\r\n<li><b>Materiale per eventi e conferenze<\/b><\/li>\r\n<li><b>Manuali di formazione per il personale<\/b><\/li>\r\n<li><b>Comunicazioni aziendali<\/b><\/li>\r\n<li><b>Localizzazione di siti web<\/b><\/li>\r\n<li><b>Supporto clienti multilingue<\/b><\/li>\r\n<\/ul>\r\n<p>Oltre ai tradizionali servizi di traduzione, Verztec offre soluzioni avanzate di apprendimento digitale su misura per le esigenze uniche del settore turistico e dell&#8217;ospitalit\u00e0. Queste soluzioni facilitano la formazione del personale, migliorano la qualit\u00e0 del servizio clienti e garantiscono una comunicazione coerente del marchio in diverse operazioni globali.<\/p>\r\n<p>Collabora con Verztec per ottimizzare le tue strategie di comunicazione globale, migliorare l&#8217;esperienza degli ospiti e raggiungere l&#8217;eccellenza operativa nell&#8217;industria competitiva del turismo e dell&#8217;ospitalit\u00e0. Contattaci oggi stesso per scoprire come i nostri servizi specializzati possano supportare la crescita e il successo della tua azienda sulla scena globale.<\/p>\r\n\r\n<hr style=\"margin-top: 20px; margin-bottom: 20px; border: 0; border-top: 1px solid #eee;\" \/>\n<p style=\"margin-bottom: 0;\"><a href=\"https:\/\/www.verztec.com\/it\/testimonials\/\" target=\"_blank\" rel=\"noopener\">Testimonianze dei Clienti<\/a> &nbsp; : Leggi cosa dicono i nostri clienti di noi!<\/p>\n<p><a href=\"https:\/\/www.verztec.com\/it\/clients\/\" target=\"_blank\" rel=\"noopener\">I Nostri Preziosi Clienti<\/a> &nbsp; : Visualizza l&#8217;elenco dei nostri stimati clienti.<\/p>\n\r\n","protected":false},"excerpt":{"rendered":"<p>L&#8217;industria del turismo e dell&#8217;ospitalit\u00e0 \u00e8 un pilastro fondamentale del commercio globale, fungendo da importante collegamento per connettere persone e culture in tutto il mondo. Dai resort di lusso agli&hellip;<\/p>\n","protected":false},"author":1,"featured_media":4027,"parent":0,"menu_order":21,"comment_status":"closed","ping_status":"closed","template":"","meta":{"footnotes":""},"class_list":["post-1440","page","type-page","status-publish","has-post-thumbnail","hentry"],"_links":{"self":[{"href":"https:\/\/www.verztec.com\/wp-json\/wp\/v2\/pages\/1440"}],"collection":[{"href":"https:\/\/www.verztec.com\/wp-json\/wp\/v2\/pages"}],"about":[{"href":"https:\/\/www.verztec.com\/wp-json\/wp\/v2\/types\/page"}],"author":[{"embeddable":true,"href":"https:\/\/www.verztec.com\/wp-json\/wp\/v2\/users\/1"}],"replies":[{"embeddable":true,"href":"https:\/\/www.verztec.com\/wp-json\/wp\/v2\/comments?post=1440"}],"version-history":[{"count":2,"href":"https:\/\/www.verztec.com\/wp-json\/wp\/v2\/pages\/1440\/revisions"}],"predecessor-version":[{"id":2872,"href":"https:\/\/www.verztec.com\/wp-json\/wp\/v2\/pages\/1440\/revisions\/2872"}],"wp:featuredmedia":[{"embeddable":true,"href":"https:\/\/www.verztec.com\/wp-json\/wp\/v2\/media\/4027"}],"wp:attachment":[{"href":"https:\/\/www.verztec.com\/wp-json\/wp\/v2\/media?parent=1440"}],"curies":[{"name":"wp","href":"https:\/\/api.w.org\/{rel}","templated":true}]}}