{"id":1465,"date":"2010-08-26T06:25:52","date_gmt":"2010-08-26T06:25:52","guid":{"rendered":"http:\/\/staging.verztec.com\/verztec\/verztec-leadership\/"},"modified":"2025-01-14T01:23:13","modified_gmt":"2025-01-14T01:23:13","slug":"verztec-leadership","status":"publish","type":"page","link":"https:\/\/www.verztec.com\/verztec-leadership","title":{"rendered":"Il Nostro Team di Leadership"},"content":{"rendered":"\r\n<div class=\"page-header clearfix\">\r\n<p>Il nostro team di leadership \u00e8 composto da professionisti esperti con una vasta esperienza e una passione per l&#8217;eccellenza. Con i loro diversi background e competenze, portano una prospettiva unica alla nostra organizzazione e ci guidano verso il successo.<\/p>\r\n<p>Sono impegnati a fornire un servizio eccezionale, a promuovere l&#8217;innovazione e a creare un impatto positivo sui nostri clienti e comunit\u00e0. Siamo orgogliosi di averli al timone della nostra organizzazione, conducendoci verso nuove vette di successo. Incontra il nostro team di leadership e scopri come la loro esperienza pu\u00f2 beneficiare il tuo business.<\/p>\r\n<\/div>\r\n\r\n\r\n\r\n<div class=\"leader-wrapper\">\r\n<div class=\"lead_container2\">\r\n<figure><img loading=\"lazy\" decoding=\"async\" class=\"size-full wp-image-1452\" title=\"Nicholas Goh, Founder And Group CEO\" src=\"https:\/\/www.verztec.com\/wp-content\/uploads\/2010\/08\/nicholas.jpg\" alt=\"\" width=\"112\" height=\"145\" border=\"0\"><\/figure>\r\n<div class=\"lead_image\"><\/div>\r\n<div class=\"lead_profile\">\r\n<h3 class=\"title-normal\">Nicholas Goh<br>Fondatore e CEO del Gruppo<\/h3>\r\n<div><a class=\"openDetail\" href=\"#\">Maggiori dettagli<\/a><\/div>\r\n<div class=\"lead_detail\" style=\"display: none;\">\r\n<p>Nicholas ha fondato Verztec nel 2000, trasformando l&#8217;azienda da un team di tre persone a un&#8217;organizzazione internazionale come quella che \u00e8 oggi.<\/p>\r\n<p>Nicholas collabora strettamente con il team Verztec a livello globale per aiutare i clienti a definire e raggiungere i loro obiettivi di tecnologia della comunicazione multilingue. Insieme, presentano ai clienti attuali e potenziali l&#8217;ampia gamma di servizi offerti da Verztec. Prima di fondare Verztec, Nicholas ha ricoperto ruoli tecnici e di gestione in diverse multinazionali e ha offerto consulenze IT e aziendali su base esterna.<\/p>\r\n<p>Nicholas possiede una laurea con lode in Informatica con Gestione presso l&#8217;Universit\u00e0 di Bradford, Regno Unito, ed \u00e8 appassionato di culture, lingue straniere e tecnologia.<\/p>\r\n<p>Ha guidato Verztec verso il conseguimento di numerosi premi aziendali. Ha ricevuto il premio Spirit of Enterprise nel 2010, l&#8217;Asia-Pacific Entrepreneurship Award nella categoria &#8220;Outstanding&#8221; e il premio Entrepreneur of the Year (EYA) nel 2014 nella categoria &#8220;Established Entrepreneur&#8221; con speciali meriti per il contributo sociale.<\/p>\r\n<p>Attualmente, Nicholas \u00e8 presidente della Life Community Services Society (LCSS), membro del consiglio del Sim Lim Tower Committee, membro del Finance Committee del National Volunteer &#038; Philanthropy Center (NVPC), membro del consiglio del Workforce Advancement Federation (WAF) e membro del consiglio della Global Cultural Alliance (GCA).<\/p>\r\n<p>Tra le cariche precedenti ricoperte da Nicholas ci sono: Membro del consiglio e Vicepresidente di Spirit of Enterprise (2010-2015), Presidente del SEP per Spirit of Enterprise, membro del comitato organizzatore del premio ASME Singapore Prestige Brand (2015) e membro del consiglio dello IYAE (International Young Artist Exchange).<\/p>\r\n<\/div>\r\n<\/div>\r\n<\/div>\r\n\r\n\r\n\r\n<div class=\"lead_container2\">\r\n<figure><img loading=\"lazy\" decoding=\"async\" class=\"size-full wp-image-1453\" title=\"Jenny Woon, Chief Operating Officer\" src=\"https:\/\/www.verztec.com\/wp-content\/uploads\/2010\/08\/jenny.jpg\" alt=\"\" width=\"112\" height=\"145\" border=\"0\"><\/figure>\r\n<div class=\"lead_image\"><\/div>\r\n<div class=\"lead_profile\">\r\n<h3 class=\"title-normal\">Jenny Woon<br>Direttore Operativo (COO)<\/h3>\r\n<div><a class=\"openDetail\" href=\"#\">Maggiori dettagli<\/a><\/div>\r\n<div class=\"lead_detail\" style=\"display: none;\">\r\n<p>Jenny sovrintende a tutti gli uffici Verztec nell&#8217;area delle finanze, risorse umane e funzioni operative. Dirige anche il comitato direttivo ISO in Verztec per garantire che tutti i processi e le politiche di qualit\u00e0 siano conformi agli standard ISO 9001:2015. Inoltre, lei e il suo team hanno implementato varie tecnologie in azienda per assicurare che i flussi di lavoro siano fluidi ed efficienti, e che i dati siano facilmente recuperabili e archiviabili.<\/p>\r\n<p>Prima di unirsi a Verztec, Jenny ha lavorato come consulente in diverse multinazionali tecnologiche e ha molti anni di esperienza nella gestione di progetti di localizzazione.<\/p>\r\n<p>Jenny ha conseguito una laurea in Informatica presso la National University of Singapore.<\/p>\r\n<\/div>\r\n<\/div>\r\n<\/div>\r\n\r\n\r\n\r\n<div class=\"lead_container2\">\r\n<figure><img loading=\"lazy\" decoding=\"async\" class=\"size-full wp-image-1454\" title=\"Irene Pounder, Senior Operations Manager\" src=\"https:\/\/www.verztec.com\/wp-content\/uploads\/2010\/08\/irene.jpg\" alt=\"\" width=\"112\" height=\"145\" border=\"0\"><\/figure>\r\n<div class=\"lead_image\"><\/div>\r\n<div class=\"lead_profile\">\r\n<h3 class=\"title-normal\">Irene Pounder<br>Responsabile Senior delle Operazioni<\/h3>\r\n<div><a class=\"openDetail\" href=\"#\">Maggiori dettagli<\/a><\/div>\r\n<div class=\"lead_detail\" style=\"display: none;\">\r\n<p>Irene amministra e assicura che le politiche delle risorse umane siano rispettate in Verztec. Essendo Verztec un&#8217;organizzazione orientata alla qualit\u00e0, Irene ha il compito importante di garantire che le procedure standard di qualit\u00e0 ISO 9001:2015 siano efficacemente implementate in tutti i dipartimenti.<\/p>\r\n<p>Prima di entrare in Verztec, Irene ha lavorato nel sourcing globale, collaborando con il Direttore del Sourcing Globale di un&#8217;azienda norvegese. In qualit\u00e0 di team, \u00e8 particolarmente orgogliosa di aver contribuito a far risparmiare all&#8217;azienda circa 5 milioni di dollari all&#8217;anno. Gli anni di esperienza di Irene in numerose multinazionali sono stati utili per comprendere come le diverse culture e origini influenzano il modo di lavorare delle persone.<\/p>\r\n<p>Irene ha conseguito una laurea in Commercio Internazionale presso la Griffith University, Brisbane, Australia.<\/p>\r\n<\/div>\r\n<\/div>\r\n<\/div>\r\n<\/div>\r\n\r\n\r\n\r\n<div style=\"clear: both; border-bottom: 1px solid #eee; margin-bottom: 40px;\">&nbsp;<\/div>\r\n\r\n\r\n\r\n<div class=\"leader-wrapper\">\r\n<div class=\"lead_container2\">\r\n<figure><img loading=\"lazy\" decoding=\"async\" class=\"size-full wp-image-1455\" title=\"E-Lynn Tan, Director, Project Management\" src=\"https:\/\/www.verztec.com\/wp-content\/uploads\/2010\/08\/elynn.jpg\" alt=\"\" width=\"112\" height=\"145\" border=\"0\"><\/figure>\r\n<div class=\"lead_image\"><\/div>\r\n<div class=\"lead_profile\">\r\n<h3 class=\"title-normal\">E-Lynn Tan<br>Direttrice, Gestione Progetti<\/h3>\r\n<div><a class=\"openDetail\" href=\"#\">Maggiori dettagli<\/a><\/div>\r\n<div class=\"lead_detail\" style=\"display: none;\">\r\n<p>E-Lynn \u00e8 la Vice Direttrice del team di gestione progetti di Verztec. Ispira il suo team a fornire un servizio impeccabile e progetti di qualit\u00e0 costante.<\/p>\r\n<p>La sua profonda comprensione delle procedure di gestione dei progetti la porta a lavorare a stretto contatto con il team dirigenziale per implementare processi che migliorino drasticamente l&#8217;efficienza del team e la qualit\u00e0 dei risultati.<\/p>\r\n<p>E-Lynn \u00e8 anche responsabile dell&#8217;assicurazione della qualit\u00e0 complessiva dei progetti e di garantire che la comunicazione con i clienti sia sempre trasparente ed efficace.<\/p>\r\n<p>Ha una laurea in Informatica (Business) presso la National University of Singapore.<\/p>\r\n<\/div>\r\n<\/div>\r\n<\/div>\r\n\r\n\r\n\r\n<div class=\"lead_container2\">\r\n<figure><img loading=\"lazy\" decoding=\"async\" class=\"size-full wp-image-1456\" title=\"Karen Bunger, Vice President, Localization and Client Account Management, USA\" src=\"https:\/\/www.verztec.com\/wp-content\/uploads\/2010\/08\/karen.jpg\" alt=\"\" width=\"112\" height=\"145\" border=\"0\"><\/figure>\r\n<div class=\"lead_image\"><\/div>\r\n<div class=\"lead_profile\">\r\n<h3 class=\"title-normal\">Karen Bunger<br>Vicepresidente, Localizzazione e Gestione Clienti, USA<\/h3>\r\n<div><a class=\"openDetail\" href=\"#\">Maggiori dettagli<\/a><\/div>\r\n<div class=\"lead_detail\" style=\"display: none;\">\r\n<p>Karen \u00e8 responsabile della gestione progetti, dello sviluppo aziendale e delle relazioni con i clienti negli Stati Uniti.<\/p>\r\n<p>\u00c8 una professionista esperta nella gestione di progetti, con un&#8217;ampia esperienza nei settori della localizzazione e dell&#8217;e-learning. In qualit\u00e0 di direttrice di progetto, \u00e8 responsabile della gestione dei team, della consegna dei servizi e dell&#8217;amministrazione per una variet\u00e0 di clienti. Per i progetti assegnati, \u00e8 il contatto principale del cliente e garantisce la consegna di un progetto di alta qualit\u00e0 entro i tempi e il budget stabiliti. Karen lavora a stretto contatto con clienti e potenziali clienti per identificare le loro esigenze specifiche di localizzazione e i loro obiettivi di settore.<\/p>\r\n<\/div>\r\n<\/div>\r\n<\/div>\r\n\r\n\r\n\r\n<div class=\"lead_container2\">\r\n<figure><img loading=\"lazy\" decoding=\"async\" class=\"size-full wp-image-1457\" title=\"Jae Ahn, Senior Strategic Advisor, USA\" src=\"https:\/\/www.verztec.com\/wp-content\/uploads\/2010\/08\/jae_ahn.jpg\" alt=\"\" width=\"112\" height=\"145\" border=\"0\"><\/figure>\r\n<div class=\"lead_image\"><\/div>\r\n<div class=\"lead_profile\">\r\n<h3 class=\"title-normal\">Jae Ahn<br>Consulente Strategico Senior, USA<\/h3>\r\n<div><a class=\"openDetail\" href=\"#\">Maggiori dettagli<\/a><\/div>\r\n<div class=\"lead_detail\" style=\"display: none;\">\r\n<p>Jae \u00e8 un consulente senior e consulente per lo sviluppo strategico aziendale. Ha oltre 25 anni di esperienza nel settore finanziario e nei mercati dei capitali globali, inclusi ricerca, investimenti principali, marketing, sviluppo di strategie aziendali e gestione.<\/p>\r\n<p>La sua carriera negli Stati Uniti e in Asia ha incluso ruoli presso BNY Mellon Bank, Moody\u2019s Investors Service, Credit Suisse, Barclays Capital, e successivamente ha fondato e consultato start-up nei settori della consulenza finanziaria e gestione degli investimenti.<\/p>\r\n<p>Jae \u00e8 laureato presso la George Washington University e ha conseguito un Master presso l&#8217;Universit\u00e0 della Pennsylvania. Attualmente vive a New York, USA.<\/p>\r\n<\/div>\r\n<\/div>\r\n<\/div>\r\n<\/div>\r\n\r\n\r\n\r\n<div style=\"clear: both; border-bottom: 1px solid #eee; margin-bottom: 40px;\">&nbsp;<\/div>\r\n\r\n\r\n\r\n<p><\/p>\r\n\r\n\r\n\r\n<div class=\"leader-wrapper\">\r\n<div class=\"lead_container2\">\r\n<figure><img loading=\"lazy\" decoding=\"async\" class=\"size-full wp-image-1460\" title=\"Noriko Fujimori, Senior Strategic Director, Japan\" src=\"https:\/\/www.verztec.com\/wp-content\/uploads\/2010\/08\/noriko.jpg\" alt=\"\" width=\"112\" height=\"145\" border=\"0\"><\/figure>\r\n<div class=\"lead_image\"><\/div>\r\n<div class=\"lead_profile\">\r\n<h3 class=\"title-normal\">Noriko Fujimori<br>Direttrice Strategica Senior, Giappone<\/h3>\r\n<div><a class=\"openDetail\" href=\"#\">Maggiori dettagli<\/a><\/div>\r\n<div class=\"lead_detail\" style=\"display: none;\">\r\n<p>Noriko Fujimori \u00e8 responsabile delle relazioni con i clienti e della gestione dei progetti per Verztec a Tokyo, Giappone. Ha oltre 24 anni di esperienza come traduttrice professionista e correttrice di bozze. Inoltre, ha gestito numerosi grandi progetti di localizzazione come responsabile di progetto.<\/p>\r\n<p>Ha iniziato la sua carriera come prima rappresentante femminile nelle vendite e nel marketing presso la joint venture tra Nippon Steel e Lockheed in Giappone, subito dopo l&#8217;entrata in vigore della legge sull&#8217;Uguaglianza di Opportunit\u00e0 e Trattamento tra Uomini e Donne nell&#8217;Occupazione in Giappone.<\/p>\r\n<p>Noriko ha trascorso 8 anni negli Stati Uniti e ha frequentato sia la Ferris Women&#8217;s University che la University of Utah, dove ha studiato Letteratura Inglese e Chimica, laureandosi in Chimica Organica presso l&#8217;Universit\u00e0 dello Utah.<\/p>\r\n<\/div>\r\n<\/div>\r\n<\/div>\r\n\r\n\r\n\r\n<div class=\"lead_container2\">\r\n<figure><img loading=\"lazy\" decoding=\"async\" class=\"size-full wp-image-1461\" title=\"Pakaraparn Nakyam, Operations Manager, Thailand\" src=\"https:\/\/www.verztec.com\/wp-content\/uploads\/2010\/08\/patty.jpg\" alt=\"\" width=\"112\" height=\"145\" border=\"0\"><\/figure>\r\n<div class=\"lead_image\"><\/div>\r\n<div class=\"lead_profile\">\r\n<h3 class=\"title-normal\">Pakaraparn Nakyam<br>Direttore Generale, Thailandia<\/h3>\r\n<div><a class=\"openDetail\" href=\"#\">Maggiori dettagli<\/a><\/div>\r\n<div class=\"lead_detail\" style=\"display: none;\">\r\n<p>Pakaraparn, o pi\u00f9 comunemente chiamata &#8216;Patty&#8217;, supervisiona le operazioni dell&#8217;ufficio Verztec in Thailandia, situato a Bangkok. In qualit\u00e0 di supervisore, Patty \u00e8 responsabile delle funzioni di risorse umane, come il reclutamento del personale e la gestione finanziaria. Inoltre, collabora strettamente con il team tecnologico della sede centrale per migliorare e implementare i processi di assicurazione della qualit\u00e0 gestiti dal team IT in Thailandia.<\/p>\r\n<p>Patty ha lavorato in diverse multinazionali tedesche, come Siemens e VA Tech Transmission Line Co. Ltd.<\/p>\r\n<p>Patty ha conseguito una laurea con lode in Arti, con specializzazione in Tedesco, presso la Silapakorn University, Thailandia.<\/p>\r\n<\/div>\r\n<\/div>\r\n<\/div>\r\n\r\n\r\n\r\n<div class=\"lead_container2\">\r\n<figure><img loading=\"lazy\" decoding=\"async\" class=\"size-full wp-image-1462\" title=\"Oraphan Phuanpathom, Business Development Director, Thailand\" src=\"https:\/\/www.verztec.com\/wp-content\/uploads\/2010\/08\/Meow.jpg\" alt=\"\" width=\"112\" height=\"145\" border=\"0\"><\/figure>\r\n<div class=\"lead_image\"><\/div>\r\n<div class=\"lead_profile\">\r\n<h3 class=\"title-normal\">Oraphan Phuanpathom<br>Direttore dello Sviluppo Aziendale, Thailandia<\/h3>\r\n<div><a class=\"openDetail\" href=\"#\">Maggiori dettagli<\/a><\/div>\r\n<div class=\"lead_detail\" style=\"display: none;\">\r\n<p>Oraphan, conosciuta pi\u00f9 comunemente come &#8216;Meow&#8217;, guida la divisione di sviluppo aziendale in Thailandia.<\/p>\r\n<p>Con la sua esperienza precedente presso Sanyo Semiconductor, Newly Weds Food e Witwood Food Products, Meow ha dimostrato una notevole lungimiranza nell&#8217;identificare aziende con grande potenziale, acquisire nuovi clienti e mantenere partnership.<\/p>\r\n<p>Sincera e appassionata nella costruzione di rapporti con la sua clientela, Meow gestisce grandi conti come Honda Automobile (Thailand) Ltd., Central Department Store, Government Saving Bank, Krungsri Ayutthaya Bank e BEC Tero Entertainment PCL.<\/p>\r\n<p>Meow ha conseguito un Master in Lingua e Comunicazione, con specializzazione in Inglese, presso il National Institute of Development Administration Arts, oltre a una laurea in Giurisprudenza presso la Sukhothai Thamathirat Open University.<\/p>\r\n<\/div>\r\n<\/div>\r\n<\/div>\r\n<\/div>\r\n\r\n\r\n\r\n\r\n<div style=\"clear: both; border-bottom: 1px solid #eee; margin-bottom: 40px;\">&nbsp;<\/div>\r\n\r\n\r\n\r\n<div class=\"leader-wrapper last\">\r\n<div class=\"lead_container2\">\r\n<figure><img loading=\"lazy\" decoding=\"async\" class=\"size-full wp-image-1463\" title=\"Tran Tran, Deputy General Manager, Vietnam\" src=\"https:\/\/www.verztec.com\/wp-content\/uploads\/2010\/08\/tran.jpg\" alt=\"\" width=\"112\" height=\"145\" border=\"0\"><\/figure>\r\n<div class=\"lead_image\"><\/div>\r\n<div class=\"lead_profile\">\r\n<h3 class=\"title-normal\">Tran Tran<br>Vice Direttrice Generale, Vietnam<\/h3>\r\n<div><a class=\"openDetail\" href=\"#\">Maggiori dettagli<\/a><\/div>\r\n<div class=\"lead_detail\" style=\"display: none;\">\r\n<p>Tran Tran supervisiona le operazioni dell&#8217;ufficio Verztec in Vietnam, situato a Ho Chi Minh City. \u00c8 responsabile di tutte le funzioni: vendite, risorse umane, amministrazione e gestione dei progetti. Collabora strettamente con il team di Singapore per garantire la qualit\u00e0 dei progetti svolti dal team vietnamita, rispettando gli standard ISO 9001:2015.<\/p>\r\n<p>Possiede due lauree in Contabilit\u00e0 e Diritto Economico. Prima di entrare a far parte di Verztec, ha lavorato per U&#038;I Auditing Company e AFE Solutions, un&#8217;azienda tecnologica internazionale.<\/p>\r\n<p>Tran Tran e il suo team assicurano che il loro sviluppo sia una parte inseparabile di Verztec e che crescano insieme all&#8217;azienda.<\/p>\r\n<\/div>\r\n<\/div>\r\n<\/div>\r\n\r\n\r\n\r\n<div class=\"lead_container2\">\r\n<figure><img loading=\"lazy\" decoding=\"async\" class=\"size-full wp-image-1464\" title=\"Theresia Hosianna, Operations Director, Indonesia\" src=\"https:\/\/www.verztec.com\/wp-content\/uploads\/2010\/08\/theresia.jpg\" alt=\"\" width=\"112\" height=\"145\" border=\"0\"><\/figure>\r\n<div class=\"lead_image\"><\/div>\r\n<div class=\"lead_profile\">\r\n<h3 class=\"title-normal\">Theresia Hosianna<br>Direttrice delle Operazioni, Indonesia<\/h3>\r\n<div><a class=\"openDetail\" href=\"#\">Maggiori dettagli<\/a><\/div>\r\n<div class=\"lead_detail\" style=\"display: none;\">\r\n<p>Theresia supervisiona le operazioni dell&#8217;ufficio Verztec in Indonesia, situato a Jakarta. Ricoprendo un ruolo di supervisione, Theresia \u00e8 responsabile della leadership delle operazioni complessive di Verztec Indonesia, che includono la gestione delle risorse umane, finanze, sviluppo aziendale, relazioni con i clienti, vendite e marketing. Lavora a stretto contatto con il team dirigenziale presso la sede di Verztec a Singapore, per garantire che tutte le funzioni siano svolte in modo adeguato, efficiente e in linea con i valori, la missione e la visione di Verztec.<\/p>\r\n<p>Prima di entrare in Verztec, Theresia ha acquisito una vasta esperienza nel campo delle operazioni lavorando per PT Bulk Commodities Indonesia, il pioniere nel settore minerario e del commercio di carbone in Indonesia. Ha sviluppato forti competenze manageriali in ambiti quali occupazione, standard etici, collaborazione di squadra, negoziazioni, gestione dei conflitti, pianificazione strategica e budgeting, oltre a motivare i dipendenti a raggiungere livelli di prestazione pi\u00f9 elevati.<\/p>\r\n<p>Theresia si \u00e8 laureata in Economia presso l&#8217;Universit\u00e0 dell&#8217;Indonesia.<\/p>\r\n<\/div>\r\n<\/div>\r\n<\/div>\r\n<\/div>\r\n\r\n\r\n<script>\r\n    \/\/ Select all 'More Details' buttons\r\n    document.querySelectorAll('.openDetail').forEach(button => {\r\n        button.addEventListener('click', function(event) {\r\n            event.preventDefault(); \/\/ Prevent default link behavior\r\n\r\n            \/\/ Find the corresponding detail section\r\n            const detailSection = this.closest('.lead_profile').querySelector('.lead_detail');\r\n\r\n            \/\/ Toggle visibility\r\n            if (detailSection.style.display === 'none' || !detailSection.style.display) {\r\n                detailSection.style.display = 'block';\r\n            } else {\r\n                detailSection.style.display = 'none';\r\n            }\r\n        });\r\n    });\r\n<\/script>","protected":false},"excerpt":{"rendered":"<p>Il nostro team di leadership \u00e8 composto da professionisti esperti con una vasta esperienza e una passione per l&#8217;eccellenza. Con i loro diversi background e competenze, portano una prospettiva unica&hellip;<\/p>\n","protected":false},"author":1,"featured_media":2024,"parent":0,"menu_order":10,"comment_status":"closed","ping_status":"closed","template":"","meta":{"footnotes":""},"class_list":["post-1465","page","type-page","status-publish","has-post-thumbnail","hentry"],"_links":{"self":[{"href":"https:\/\/www.verztec.com\/wp-json\/wp\/v2\/pages\/1465"}],"collection":[{"href":"https:\/\/www.verztec.com\/wp-json\/wp\/v2\/pages"}],"about":[{"href":"https:\/\/www.verztec.com\/wp-json\/wp\/v2\/types\/page"}],"author":[{"embeddable":true,"href":"https:\/\/www.verztec.com\/wp-json\/wp\/v2\/users\/1"}],"replies":[{"embeddable":true,"href":"https:\/\/www.verztec.com\/wp-json\/wp\/v2\/comments?post=1465"}],"version-history":[{"count":8,"href":"https:\/\/www.verztec.com\/wp-json\/wp\/v2\/pages\/1465\/revisions"}],"predecessor-version":[{"id":3975,"href":"https:\/\/www.verztec.com\/wp-json\/wp\/v2\/pages\/1465\/revisions\/3975"}],"wp:featuredmedia":[{"embeddable":true,"href":"https:\/\/www.verztec.com\/wp-json\/wp\/v2\/media\/2024"}],"wp:attachment":[{"href":"https:\/\/www.verztec.com\/wp-json\/wp\/v2\/media?parent=1465"}],"curies":[{"name":"wp","href":"https:\/\/api.w.org\/{rel}","templated":true}]}}