{"id":1481,"date":"2011-01-31T10:18:11","date_gmt":"2011-01-31T10:18:11","guid":{"rendered":"http:\/\/staging.verztec.com\/verztec\/our-awards\/"},"modified":"2024-11-01T03:13:13","modified_gmt":"2024-11-01T03:13:13","slug":"our-awards","status":"publish","type":"page","link":"https:\/\/www.verztec.com\/our-awards","title":{"rendered":"I nostri premi e riconoscimenti"},"content":{"rendered":"<div class=\"awards-container\">\n<p>Nel corso degli anni, abbiamo avuto il privilegio di ricevere numerosi premi grazie all&#8217;impegno e alla dedizione del nostro team nel fornire servizi di qualit\u00e0 a tutti i nostri clienti.<\/p>\n<div class=\"award-item\">\n<div class=\"award-image\">\n            <img decoding=\"async\" src=\"https:\/\/www.verztec.com\/wp-content\/uploads\/2011\/01\/championsOfGood.png\" alt=\"\" width=\"120px\" \/><\/div>\n<div class=\"award-content\">\n<p>&#8220;Champions of Good&#8221; \u00e8 un&#8217;onorificenza assegnata alle aziende che non solo si sono distinte nei loro sforzi di responsabilit\u00e0 sociale aziendale, ma hanno anche avuto un&#8217;influenza e un effetto moltiplicatore coinvolgendo i loro partner e stakeholder in un percorso collaborativo di donazione. Verztec \u00e8 lieta di essere stata riconosciuta come Champions of Good nel novembre 2017.<\/p>\n<\/div>\n<\/div>\n<div class=\"award-item\">\n<div class=\"award-image\">\n            <img decoding=\"async\" src=\"https:\/\/www.verztec.com\/wp-content\/uploads\/2011\/01\/TDA.jpg\" alt=\"\" width=\"130px\" \/><\/div>\n<div class=\"award-content\">\n<p>Il premio &#8220;NS Advocate Award 2016&#8221; riconosce le istituzioni educative e le organizzazioni familiari e comunitarie che dimostrano un forte supporto per il Servizio Nazionale. Le organizzazioni che fanno un passo in pi\u00f9 ricevono questo premio in riconoscimento del loro forte supporto e delle loro politiche e ruoli proattivi.<\/p>\n<p>Il premio \u00e8 valutato dal Consiglio Consultivo per le Relazioni Comunitarie nella Difesa (ACCORD).<\/p>\n<\/div>\n<\/div>\n<div class=\"award-item\">\n<div class=\"award-image\">\n            <img decoding=\"async\" class=\" size-full wp-image-1468\" src=\"https:\/\/www.verztec.com\/wp-content\/uploads\/2011\/01\/cogl.jpg\" alt=\"\" width=\"100px\" border=\"0\" \/><br \/>\n<img decoding=\"async\" class=\" size-full wp-image-1469\" src=\"https:\/\/www.verztec.com\/wp-content\/uploads\/2011\/01\/nvpc.jpg\" alt=\"\" width=\"100px\" border=\"0\" \/><\/div>\n<div class=\"award-content\">\n<p>Lanciato il 2 giugno 2016, &#8220;The Company of Good&#8221; \u00e8 un programma che consente alle aziende di contribuire in modo migliore e pi\u00f9 completo. \u00c8 stato sviluppato dal Centro Nazionale per il Volontariato e la Filantropia (NVPC), in collaborazione con la Fondazione della Federazione delle Imprese di Singapore (SBFF) e con il supporto del Ministero della Cultura, della Comunit\u00e0 e della Giovent\u00f9 (MCCY). Verztec \u00e8 orgogliosa di essere membro fondatore di &#8220;The Company of Good&#8221; dal 2016.<\/p>\n<\/div>\n<\/div>\n<div class=\"award-item\">\n<div class=\"award-image\">\n            <img decoding=\"async\" class=\" size-full wp-image-317\" src=\"https:\/\/www.verztec.com\/wp-content\/uploads\/2009\/06\/common_sense_2016.png\" alt=\"\" width=\"120px\" border=\"0\" \/><br \/>\n<img decoding=\"async\" class=\" size-full wp-image-1470\" src=\"https:\/\/www.verztec.com\/wp-content\/uploads\/2011\/01\/csa2013.png\" alt=\"\" width=\"120px\" border=\"0\" \/><\/div>\n<div class=\"award-content\">\n<p>Verztec \u00e8 onorata di essere stata riconosciuta come uno dei primi 50 fornitori di servizi linguistici a livello globale nel 2013 e nel 2016 da Common Sense Advisory.<\/p>\n<p>Common Sense Advisory \u00e8 una societ\u00e0 di ricerca indipendente con sede in Massachusetts.<\/p>\n<\/div>\n<\/div>\n<div class=\"award-item\">\n<div class=\"award-image\">\n            <img loading=\"lazy\" decoding=\"async\" class=\" size-full wp-image-1471\" src=\"https:\/\/www.verztec.com\/wp-content\/uploads\/2011\/01\/s1000_family.jpg\" alt=\"\" width=\"206\" height=\"187\" border=\"0\" \/><\/div>\n<div class=\"award-content\">\n<p>La famiglia di classifiche &#8220;Singapore 1000&#8221; (Singapore 1000, Singapore SME 1000, Singapore International 100 e Fastest Growing 50) \u00e8 una guida prestigiosa che classifica annualmente le migliori aziende del paese da quasi 3 decenni.<\/p>\n<p>Si impegna a profilare il successo delle aziende basandosi su indicatori finanziari come ricavi, utili netti, rendimento del capitale proprio e ricavi esteri. Considerando tutte le aziende e senza richiedere candidature a pagamento, il Singapore 1000 analizza ogni anno oltre 70.000 bilanci certificati per identificare le migliori 1000 corporazioni e PMI di Singapore.<\/p>\n<\/div>\n<\/div>\n<div class=\"award-item\">\n<div class=\"award-image\">\n            <img loading=\"lazy\" decoding=\"async\" class=\" size-full wp-image-1472\" src=\"https:\/\/www.verztec.com\/wp-content\/uploads\/2011\/01\/topbrand.jpg\" alt=\"\" width=\"206\" height=\"102\" border=\"0\" \/><\/div>\n<div class=\"award-content\">\n<p>Il programma di premi &#8220;InfluentialBrands\u2122&#8221; si basa sulle opinioni dei consumatori riguardo alle preferenze di marca di un segmento, ai principali fattori che possono influenzare i loro comportamenti d&#8217;acquisto e su come i marchi possono applicare questi risultati per interagire meglio con i consumatori.<\/p>\n<p>Verztec \u00e8 orgogliosa di aver ricevuto il premio &#8220;InfluentialBrands\u2122 &#8211; Top Brand 2015&#8221; nella categoria Servizi Professionali per le Imprese.<\/p>\n<\/div>\n<\/div>\n<div class=\"award-item\">\n<div class=\"award-image\">\n            <img loading=\"lazy\" decoding=\"async\" class=\" size-full wp-image-1473\" src=\"https:\/\/www.verztec.com\/wp-content\/uploads\/2011\/01\/superbrands_logo_small.png\" alt=\"\" width=\"133\" height=\"135\" border=\"0\" \/><\/div>\n<div class=\"award-content\">\n<p>I premi &#8220;Superbrands&#8221; promuovono la disciplina del branding e celebrano il successo dei principali marchi internazionali e locali a Singapore. \u00c8 un riconoscimento unico per i marchi business-to-business che soddisfano gli standard globali rigorosi stabiliti dall&#8217;organizzazione Superbrands. Verztec \u00e8 orgogliosa di aver ricevuto il premio Superbrands nel 2014.<\/p>\n<\/div>\n<\/div>\n<div class=\"award-item\">\n<div class=\"award-image\">\n            <img loading=\"lazy\" decoding=\"async\" class=\" size-full wp-image-1474\" src=\"https:\/\/www.verztec.com\/wp-content\/uploads\/2011\/01\/EE_Logo_small.jpg\" alt=\"\" width=\"150\" height=\"76\" border=\"0\" \/><\/div>\n<div class=\"award-content\">\n<p>Il premio &#8220;Emerging Enterprise&#8221; \u00e8 l&#8217;unico premio imprenditoriale annuale locale aperto alle aziende con un fatturato annuo fino a 15 milioni di dollari. Inaugurato nel 2008, \u00e8 presentato congiuntamente da The Business Times e OCBC Bank, con il supporto di SPRING Singapore, NUS Extension, Acorn Marketing &#038; Research Consultants, SingTel, MasterCard e RSM Chio Lim, che funge anche da revisore ufficiale.<\/p>\n<p>I criteri di valutazione si basano sulla visione e missione dell&#8217;organizzazione, sul modello di business, sulle capacit\u00e0 di gestione, sui traguardi raggiunti e sull&#8217;utilizzo dei premi ricevuti.<\/p>\n<\/div>\n<\/div>\n<div class=\"award-item\">\n<div class=\"award-image\">\n            <img loading=\"lazy\" decoding=\"async\" class=\" size-full wp-image-1475\" src=\"https:\/\/www.verztec.com\/wp-content\/uploads\/2011\/01\/spba2014_small.jpg\" alt=\"\" width=\"110\" height=\"88\" border=\"0\" \/><br \/>\n<img loading=\"lazy\" decoding=\"async\" class=\" size-full wp-image-1476\" src=\"https:\/\/www.verztec.com\/wp-content\/uploads\/2011\/01\/SPBA-logo_2013_.jpg\" alt=\"\" width=\"110\" height=\"87\" border=\"0\" \/><br \/>\n<img loading=\"lazy\" decoding=\"async\" class=\" size-full wp-image-1477\" src=\"https:\/\/www.verztec.com\/wp-content\/uploads\/2011\/01\/SPBA-logo.jpg\" alt=\"\" width=\"110\" height=\"89\" border=\"0\" \/><\/div>\n<div class=\"award-content\">\n<p>Organizzato congiuntamente dall&#8217;Associazione delle Piccole e Medie Imprese e da Lianhe Zaobao, il Singapore Prestige Brand Award (SPBA) \u00e8 stato istituito per riconoscere i marchi di Singapore che si sono dimostrati validi attraverso varie iniziative di branding. Questo premio riconosce i marchi che sono stati sviluppati e gestiti attraverso strategie di branding efficaci.<\/p>\n<p>Verztec \u00e8 orgogliosa di essere stata premiata tre volte con lo SPBA \u2013 SPBA Promising Brands nel 2010 e SPBA Established Brands nel 2013 e 2014.<\/p>\n<\/div>\n<\/div>\n<div class=\"award-item\">\n<div class=\"award-image\">\n            <img loading=\"lazy\" decoding=\"async\" class=\" size-full wp-image-1478\" src=\"https:\/\/www.verztec.com\/wp-content\/uploads\/2011\/01\/SME_small2.jpg\" alt=\"\" width=\"150\" height=\"106\" border=\"0\" \/><\/div>\n<div class=\"award-content\">\n<p>I premi &#8220;SME1 Asia Awards 2012&#8221; riconoscono le piccole e medie imprese (PMI) di successo a Singapore e in Asia che sono socialmente responsabili. Questo premio serve come riconoscimento per le aziende per il loro impegno e i loro sforzi nei settori economico, sociale e ambientale sostenibile. Gli SME1 Asia Awards mirano a creare una comunit\u00e0 attiva di leader aziendali socialmente responsabili per condividere idee di business e migliori pratiche per una crescita sostenibile.<\/p>\n<p>Verztec ha ricevuto il premio Overall Top Winner \u2013 Categoria Prominent degli SME1 Asia Awards 2012.<\/p>\n<\/div>\n<\/div>\n<div class=\"award-item\">\n<div class=\"award-image\">\n            <img decoding=\"async\" class=\" size-full wp-image-1479\" src=\"https:\/\/www.verztec.com\/wp-content\/uploads\/2011\/01\/SOE-logo.jpg\" alt=\"\" width=\"100px\" border=\"0\" \/><\/div>\n<div class=\"award-content\">\n<p>Il premio &#8220;Spirit of Enterprise&#8221; (SOE) promuove e avanza lo spirito imprenditoriale a Singapore onorando gli imprenditori locali autosufficienti che dimostrano eccellenza e determinazione nel loro campo di attivit\u00e0. Determinati dal Consiglio Direttivo del SOE e dai voti del pubblico, i premiati sono stati selezionati per aver dimostrato uno spirito imprenditoriale eccezionale.<\/p>\n<\/div>\n<\/div>\n<div class=\"award-item\">\n<div class=\"award-image\">\n            <img decoding=\"async\" class=\" size-full wp-image-1480\" src=\"https:\/\/www.verztec.com\/wp-content\/uploads\/2011\/01\/SME500-logo.jpg\" alt=\"\" width=\"100px\" border=\"0\" \/><\/div>\n<div class=\"award-content\">\n<p>Il premio &#8220;Promising SME 500&#8221; riconosce l&#8217;eccellenza aziendale in Asia. I premiati sono scelti sulla base di rigorosi criteri di valutazione, che includono la valutazione della leadership lungimirante, l&#8217;uso dell&#8217;innovazione per creare maggior valore sia per l&#8217;azienda che per i clienti, le prestazioni aziendali costanti, le opinioni positive e il potenziale di ulteriore crescita.<\/p>\n<\/div>\n<\/div>\n<\/div>\n","protected":false},"excerpt":{"rendered":"<p>Nel corso degli anni, abbiamo avuto il privilegio di ricevere numerosi premi grazie all&#8217;impegno e alla dedizione del nostro team nel fornire servizi di qualit\u00e0 a tutti i nostri clienti.&hellip;<\/p>\n","protected":false},"author":1,"featured_media":2020,"parent":0,"menu_order":9,"comment_status":"closed","ping_status":"closed","template":"","meta":{"footnotes":""},"class_list":["post-1481","page","type-page","status-publish","has-post-thumbnail","hentry"],"_links":{"self":[{"href":"https:\/\/www.verztec.com\/wp-json\/wp\/v2\/pages\/1481"}],"collection":[{"href":"https:\/\/www.verztec.com\/wp-json\/wp\/v2\/pages"}],"about":[{"href":"https:\/\/www.verztec.com\/wp-json\/wp\/v2\/types\/page"}],"author":[{"embeddable":true,"href":"https:\/\/www.verztec.com\/wp-json\/wp\/v2\/users\/1"}],"replies":[{"embeddable":true,"href":"https:\/\/www.verztec.com\/wp-json\/wp\/v2\/comments?post=1481"}],"version-history":[{"count":5,"href":"https:\/\/www.verztec.com\/wp-json\/wp\/v2\/pages\/1481\/revisions"}],"predecessor-version":[{"id":2903,"href":"https:\/\/www.verztec.com\/wp-json\/wp\/v2\/pages\/1481\/revisions\/2903"}],"wp:featuredmedia":[{"embeddable":true,"href":"https:\/\/www.verztec.com\/wp-json\/wp\/v2\/media\/2020"}],"wp:attachment":[{"href":"https:\/\/www.verztec.com\/wp-json\/wp\/v2\/media?parent=1481"}],"curies":[{"name":"wp","href":"https:\/\/api.w.org\/{rel}","templated":true}]}}