{"id":1488,"date":"2011-02-16T08:21:27","date_gmt":"2011-02-16T08:21:27","guid":{"rendered":"http:\/\/staging.verztec.com\/verztec\/communicate\/"},"modified":"2025-02-14T06:38:19","modified_gmt":"2025-02-14T06:38:19","slug":"language-services","status":"publish","type":"page","link":"https:\/\/www.verztec.com\/language-services","title":{"rendered":"Servizi Linguistici"},"content":{"rendered":"<div class=\"services\">\n<div class=\"educate\"><a href=\"digital-learning\"><img loading=\"lazy\" decoding=\"async\" class=\" size-full wp-image-1483\" src=\"https:\/\/www.verztec.com\/wp-content\/uploads\/2011\/02\/educate_icon.png\" alt=\"\" width=\"36\" height=\"34\" \/> Apprendimento Digitale<\/a><\/div>\n<div class=\"communicate active\"><a href=\"language-services\"><img loading=\"lazy\" decoding=\"async\" class=\" size-full wp-image-1482\" src=\"https:\/\/www.verztec.com\/wp-content\/uploads\/2011\/02\/communicate_icon.png\" alt=\"\" width=\"36\" height=\"34\" \/> Servizi Linguistici<\/a><\/div>\n<div class=\"publish\"><a href=\"design\"><img loading=\"lazy\" decoding=\"async\" class=\" size-full wp-image-1484\" src=\"https:\/\/www.verztec.com\/wp-content\/uploads\/2011\/02\/publish_icon.png\" alt=\"\" width=\"36\" height=\"34\" \/> Design Creativo Globale<\/a><\/div>\n<\/div>\n<p>Sblocca nuove opportunit\u00e0 con i nostri servizi linguistici di prima classe progettati per soddisfare le esigenze diversificate di aziende e privati. Con oltre 20 anni di esperienza nel settore delle traduzioni professionali, abbiamo costruito un team dedicato alla gestione dei fornitori e una vasta rete di partner linguistici locali e affidabili, in grado di supportare oltre 100 lingue in molte parti del mondo.<\/p>\n<p>Sia che tu abbia bisogno di traduzioni umane precise e professionali o dell&#8217;efficienza delle traduzioni assistite da IA con revisioni di qualit\u00e0 meticolose, offriamo soluzioni personalizzate per garantire che il tuo messaggio risuoni oltre i confini. I nostri servizi rispondono alle esigenze di vari settori, fornendo diversi livelli di traduzione adatti alle tue specifiche necessit\u00e0 e al tuo budget.<\/p>\n<p>Per le aziende, il nostro team di esperti supporta operazioni globali senza intoppi con soluzioni di interpretariato per conferenze, garantendo che il tuo messaggio venga trasmesso in modo accurato ed efficace. I nostri servizi di trascrizione catturano ogni dettaglio delle tue riunioni importanti, webinar e altro, rendendo le informazioni accessibili e utilizzabili.<\/p>\n<p>Per i privati che cercano servizi di traduzione per documenti di lavoro, offriamo traduzioni accurate, complete di notarizzazione se necessario. Che si tratti di richiedere permessi di lavoro o gestire processi di immigrazione, garantiamo che i tuoi documenti soddisfino tutti gli standard necessari per la presentazione.<\/p>\n<p>Quando ci affidi il tuo progetto, formiamo un team di progetto dedicato per te, composto da un account manager esperto, gestione del progetto e specialisti IT e di design pertinenti quando necessario, per supportare tutti i requisiti del progetto dall&#8217;inizio alla fine, garantendo risultati della massima qualit\u00e0.<\/p>\n<p>Fidati di noi per superare le barriere linguistiche e migliorare la tua comunicazione globale. Con un impegno verso la qualit\u00e0 e una gamma di servizi versatili, siamo il tuo partner per raggiungere il successo internazionale.<\/p>\n<p>Contattaci oggi all&#8217;indirizzo <a href=\"mailto:enquiry@verztec.com\">enquiry@verztec.com<\/a> e scopri come le nostre soluzioni linguistiche possono trasformare i tuoi progetti aziendali e personali.<\/p>\n<div class=\"banner\">\n<div class=\"item-1 padding1\">Scarica gratuitamente la nostra <b>Guida<\/b> per scegliere la tua azienda di traduzioni.<\/div>\n<div class=\"item-2 padding1\" style=\"text-align: center;\"><a class=\"btn\" href=\"https:\/\/www.verztec.com\/wp-content\/uploads\/2011\/02\/Guide-to-Choosing-a-Translation-Company.pdf\" target=\"_blank\" rel=\"noopener\">SCARICA GUIDA GRATUITA<\/a><\/div>\n<div class=\"item-3 file\">\u00a0<\/div>\n<\/div>\n<p><strong style=\"font-size: 20px;\">Fornire Lavoro di Qualit\u00e0 con Agilit\u00e0<\/strong><\/p>\n<p>Fornire costantemente lavori di alta qualit\u00e0 ai nostri clienti \u00e8 per noi di fondamentale importanza.<\/p>\n<p>In Verztec, la nostra priorit\u00e0 assoluta \u00e8 fornire costantemente lavori di qualit\u00e0 ai nostri clienti. Per tutti i progetti di risorse digitali, come siti web, corsi di eLearning, app, software e video, eseguiamo tre livelli di controllo qualit\u00e0 per la localizzazione (QA) per garantire qualit\u00e0 e precisione:<\/p>\n<ul>\n<li><strong>Controllo Qualit\u00e0 Visivo<\/strong> \u2013 Assicurazione qualit\u00e0 su tutti gli aspetti visivi dell&#8217;interfaccia grafica utente, inclusi formattazione del contenuto, ottimizzazione grafica, allineamento del testo e layout complessivo.\n<\/li>\n<li><strong>Controllo Qualit\u00e0 Funzionale<\/strong> \u2013 Assicurazione qualit\u00e0 per garantire che collegamenti ipertestuali, pulsanti di navigazione, file o link scaricabili e tutte le funzioni e caratteristiche del sistema funzionino correttamente.\n<\/li>\n<li><strong>Controllo Qualit\u00e0 Linguistico<\/strong> \u2013 Assicurazione qualit\u00e0 per garantire che tutti i contenuti localizzati siano tradotti correttamente, senza errori di codifica unicode o di battitura, senza omissioni accidentali di contenuto tradotto rispetto al contenuto originale e con verifica della struttura delle frasi, grammatica e ortografia.\n<\/li>\n<\/ul>\n<div class=\"row modulemachine-ai\" style=\"margin: 0;\">\n<div class=\"machinelogo\"><img loading=\"lazy\" decoding=\"async\" class=\"machinelogo1 size-full wp-image-1487\" src=\"https:\/\/www.verztec.com\/wp-content\/uploads\/2011\/02\/machineai_2.png\" alt=\"\" width=\"859\" height=\"310\" srcset=\"https:\/\/www.verztec.com\/wp-content\/uploads\/2011\/02\/machineai_2.png 859w, https:\/\/www.verztec.com\/wp-content\/uploads\/2011\/02\/machineai_2-300x108.png 300w, https:\/\/www.verztec.com\/wp-content\/uploads\/2011\/02\/machineai_2-768x277.png 768w\" sizes=\"(max-width: 859px) 100vw, 859px\" \/><\/div>\n<div class=\"machinetext\">\n<p style=\"margin-bottom: 5px;\">Verztec offre soluzioni flessibili di traduzione umana professionale e traduzione assistita dall&#8217;IA ai nostri clienti.<\/p>\n<p><a href=\"about-machine-ai-translation\">Scopri di pi\u00f9 sulla Traduzione Assistita dall&#8217;IA di Verztec<\/a><\/p>\n<\/div>\n<\/div>\n<p>\u00a0<\/p>\n<p>Possiamo assisterti nelle seguenti aree:<\/p>\n<ul>\n<li>Traduzioni specializzate di manuali e documenti con terminologia tecnica<\/li>\n<li>Traduzioni legali per brevetti, contratti, accordi e comunicazioni di conformit\u00e0<\/li>\n<li>Traduzioni mediche per rapporti clinici, studi, test di laboratorio o software medico<\/li>\n<li>Localizzazione completa dei contenuti dei tuoi corsi di formazione o eLearning<\/li>\n<li>Traduzioni del tuo sito web che richiedono test QA da parte di madrelingua<\/li>\n<li>Pubblicazione desktop e test QA delle tue brochure da parte di madrelingua prima della stampa<\/li>\n<li>Sottotitoli o doppiaggi per video da distribuire nei tuoi paesi target<\/li>\n<li>Sviluppo di contenuti per i tuoi siti web, rapporti annuali aziendali o corsi di formazione aziendali<\/li>\n<li>Interpreti simultanei per conferenze con soluzioni complete di attrezzature o interpreti di accompagnamento per facilitare la comunicazione in riunioni di lavoro<\/li>\n<li>Servizi di consulenza professionale per l&#8217;espansione globale<\/li>\n<\/ul>\n<p>I nostri servizi linguistici includono:<\/p>\n<ol>\n<li><a href=\"translation\">Traduzione Umana Professionale<\/a><\/li>\n<li><a title=\"Transcreation\" href=\"transcreation\">Transcreazione<\/a><\/li>\n<li><a href=\"machine-ai-translation-post-edit-services\">Traduzione Assistita dall&#8217;IA con Post-Editing (ATPE)<\/a><\/li>\n<li><a href=\"transcription\">Trascrizione Audio e Video<\/a><\/li>\n<li><a href=\"multilingual-voice-over\">Voice-Over Professionali e Assistiti dall&#8217;IA<\/a><\/li>\n<li><a href=\"multilingual-content-development\">Sviluppo e Revisione di Contenuti<\/a><\/li>\n<li><a href=\"multilingual-desktop-publishing\">Pubblicazione Desktop (DTP), Stampa e Distribuzione<\/a><\/li>\n<li><a href=\"video-localization-and-subtitling\">Localizzazione Video e Sottotitolazione<\/a><\/li>\n<li><a href=\"web-localization-and-testing\">Localizzazione e Test di Siti Web<\/a><\/li>\n<li><a href=\"software-testing\">Localizzazione di Software e Applicazioni Mobile<\/a><\/li>\n<li><a href=\"interpretation\">Interpretazione Professionale in Sede<\/a><\/li>\n<li><a href=\"remote-interpretation\">Interpretazione Remota<\/a><\/li>\n<li><a href=\"outsourcing-offshore-staffing\">Soluzioni di Reclutamento Multilingue<\/a><\/li>\n<li><a href=\"multilingual-brand-management\">Outsourcing e Assunzione Offshore<\/a><\/li>\n<\/ol>\n<p><strong>Per richieste, contattaci a <a href=\"mailto:enquiry@verztec.com\">enquiry@verztec.com<\/a><\/strong><\/p>\n","protected":false},"excerpt":{"rendered":"<p>Apprendimento Digitale Servizi Linguistici Design Creativo Globale Sblocca nuove opportunit\u00e0 con i nostri servizi linguistici di prima classe progettati per soddisfare le esigenze diversificate di aziende e privati. Con oltre&hellip;<\/p>\n","protected":false},"author":1,"featured_media":2018,"parent":0,"menu_order":9,"comment_status":"closed","ping_status":"closed","template":"","meta":{"footnotes":""},"class_list":["post-1488","page","type-page","status-publish","has-post-thumbnail","hentry"],"_links":{"self":[{"href":"https:\/\/www.verztec.com\/wp-json\/wp\/v2\/pages\/1488"}],"collection":[{"href":"https:\/\/www.verztec.com\/wp-json\/wp\/v2\/pages"}],"about":[{"href":"https:\/\/www.verztec.com\/wp-json\/wp\/v2\/types\/page"}],"author":[{"embeddable":true,"href":"https:\/\/www.verztec.com\/wp-json\/wp\/v2\/users\/1"}],"replies":[{"embeddable":true,"href":"https:\/\/www.verztec.com\/wp-json\/wp\/v2\/comments?post=1488"}],"version-history":[{"count":12,"href":"https:\/\/www.verztec.com\/wp-json\/wp\/v2\/pages\/1488\/revisions"}],"predecessor-version":[{"id":4054,"href":"https:\/\/www.verztec.com\/wp-json\/wp\/v2\/pages\/1488\/revisions\/4054"}],"wp:featuredmedia":[{"embeddable":true,"href":"https:\/\/www.verztec.com\/wp-json\/wp\/v2\/media\/2018"}],"wp:attachment":[{"href":"https:\/\/www.verztec.com\/wp-json\/wp\/v2\/media?parent=1488"}],"curies":[{"name":"wp","href":"https:\/\/api.w.org\/{rel}","templated":true}]}}