{"id":1563,"date":"2011-06-28T09:15:50","date_gmt":"2011-06-28T09:15:50","guid":{"rendered":"http:\/\/staging.verztec.com\/verztec\/our-charity-partnerships\/"},"modified":"2025-03-18T07:45:31","modified_gmt":"2025-03-18T07:45:31","slug":"our-charity-partnerships","status":"publish","type":"page","link":"https:\/\/www.verztec.com\/our-charity-partnerships","title":{"rendered":"Le Nostre Partnership Caritative"},"content":{"rendered":"\r\n<p>Come organizzazione responsabile, una parte fondamentale della nostra strategia \u00e8 costruire partnership caritative efficaci e durature, in particolare con le organizzazioni benefiche che si occupano di aiutare i giovani nella nostra societ\u00e0.<\/p>\r\n\r\n\r\n\r\n<p>Crediamo fermamente che, grazie a partnership di successo con organizzazioni benefiche con idee simili, Verztec sar\u00e0 in grado di cambiare in meglio la vita di bambini e giovani.<\/p>\r\n\r\n\r\n\r\n<p>Per diventare partner e unirti a noi nel supporto ai nostri partner caritativi, contattaci a <a href=\"mailto:charity@verztec.com\">charity@verztec.com<\/a>.<\/p>\r\n\r\n\r\n\r\n<p><strong>1. Life Community Services Society<\/strong><\/p>\r\n\r\n\r\n\r\n<figure><a href=\"http:\/\/life-community.org\/\" target=\"_blank\" rel=\"noopener\"><img decoding=\"async\" src=\"https:\/\/www.verztec.com\/wp-content\/uploads\/2011\/06\/lcss-logo.jpg\" alt=\"lcss-logo\" title=\"LCSS Logo\"\/><\/a><\/figure>\r\n\r\n\r\n\r\n<p><\/p>\r\n\r\n\r\n\r\n<p>Life Community Services Society (LCSS) \u00e8 stata registrata come organizzazione benefica senza scopo di lucro nel 1996. LCSS \u00e8 membro del National Council of Social Service (NCSS). Da agosto 2003, a LCSS \u00e8 stato conferito lo status di Istituzione di Carattere Pubblico (IPC). Nel 2005, LCSS \u00e8 stata premiata per gli sforzi nel colmare il divario intergenerazionale vincendo il premio presentato da SM Goh Chok Tong per il &#8220;Miglior Programma di Nonni e Legame Intergenerazionale&#8221;, organizzato da MCYS.<\/p>\r\n\r\n\r\n\r\n<p>LCSS ha quattro servizi principali con pi\u00f9 di 950 clienti.<\/p>\r\n\r\n\r\n\r\n<ol class=\"wp-block-list\">\r\n<li>Life Student Care (LSC) si rivolge ai bambini delle scuole primarie nelle zone residenziali (indipendentemente da razza, lingua o religione) offrendo servizi di cura scolastica di qualit\u00e0. Attualmente, LCSS ha 3 centri di cura scolastica situati a Hougang, Sengkang e Yishun. La priorit\u00e0 viene data ai bambini provenienti da famiglie povere e bisognose.<\/li>\r\n\r\n\r\n\r\n<li>MightyKids, Families &amp; Community (MKFC) cerca di instillare fiducia in ogni bambino e motivarlo a vivere una vita intenzionale, fruttuosa e potenziata.<\/li>\r\n\r\n\r\n\r\n<li>Friends of Youth (FOY) cerca di fare amicizia e fare da mentore ai giovani (di et\u00e0 compresa tra i 12 e i 19 anni) con genitori attualmente o precedentemente incarcerati.<\/li>\r\n\r\n\r\n\r\n<li>Il programma Friends of Children (FOC) adotta un approccio di intervento fornendo cura e supporto ai bambini (dai 7 ai 13 anni) con genitori attualmente o precedentemente incarcerati.<\/li>\r\n<\/ol>\r\n\r\n\r\n\r\n<ul>\r\n    <li style=\"list-style-type: none;\">\r\n        <p><span style=\"color: #000000;\"><strong><strong>2023 &#8211; LCSS a Kiztopia<\/strong><\/strong><\/span><\/p>\r\n        <div id=\"gallery\" class=\"small\">\r\n            <a href=\"https:\/\/www.verztec.com\/wp-content\/uploads\/events\/kiztopia\/2.jpg\" class=\"gallery-item\">\r\n                <img decoding=\"async\" src=\"https:\/\/www.verztec.com\/wp-content\/uploads\/events\/kiztopia\/2.jpg\" alt=\"LCSS at Kiztopia\" \/>\r\n            <\/a>\r\n            <a href=\"https:\/\/www.verztec.com\/wp-content\/uploads\/events\/kiztopia\/4.jpg\" class=\"gallery-item\">\r\n                <img decoding=\"async\" src=\"https:\/\/www.verztec.com\/wp-content\/uploads\/events\/kiztopia\/4.jpg\" alt=\"LCSS at Kiztopia\" \/>\r\n            <\/a>\r\n            <a href=\"https:\/\/www.verztec.com\/wp-content\/uploads\/events\/kiztopia\/6.jpg\" class=\"gallery-item\">\r\n                <img decoding=\"async\" src=\"https:\/\/www.verztec.com\/wp-content\/uploads\/events\/kiztopia\/6.jpg\" alt=\"LCSS at Kiztopia\" \/>\r\n            <\/a>\r\n        <\/div>\r\n    <\/li>\r\n    <li style=\"list-style-type: none;\">\r\n        <p><span style=\"color: #000000;\"><strong><strong>2019 &#8211; LCSS a PastaMania<\/strong><\/strong><\/span><\/p>\r\n        <div id=\"gallery\" class=\"small\">\r\n            <a href=\"https:\/\/www.verztec.com\/wp-content\/uploads\/events\/pastamania\/2.jpg\" class=\"gallery-item\">\r\n                <img decoding=\"async\" src=\"https:\/\/www.verztec.com\/wp-content\/uploads\/events\/pastamania\/2.jpg\" alt=\"LCSS at PastaMania\" \/>\r\n            <\/a>\r\n            <a href=\"https:\/\/www.verztec.com\/wp-content\/uploads\/events\/pastamania\/4.jpg\" class=\"gallery-item\">\r\n                <img decoding=\"async\" src=\"https:\/\/www.verztec.com\/wp-content\/uploads\/events\/pastamania\/4.jpg\" alt=\"LCSS at PastaMania\" \/>\r\n            <\/a>\r\n            <a href=\"https:\/\/www.verztec.com\/wp-content\/uploads\/events\/pastamania\/6.jpg\" class=\"gallery-item\">\r\n                <img decoding=\"async\" src=\"https:\/\/www.verztec.com\/wp-content\/uploads\/events\/pastamania\/6.jpg\" alt=\"LCSS at PastaMania\" \/>\r\n            <\/a>\r\n        <\/div>\r\n    <\/li>\r\n    <li style=\"list-style-type: none;\">\r\n        <p><span style=\"color: #000000;\"><strong><strong>2018 &#8211; LCSS a AMPED<\/strong><\/strong><\/span><\/p>\r\n        <div id=\"gallery\" class=\"small\">\r\n            <a href=\"https:\/\/www.verztec.com\/wp-content\/uploads\/events\/lcss2018\/1.jpg\" class=\"gallery-item\">\r\n                <img decoding=\"async\" src=\"https:\/\/www.verztec.com\/wp-content\/uploads\/events\/lcss2018\/1.jpg\" alt=\"LCSS at AMPED\" \/>\r\n            <\/a>\r\n            <a href=\"https:\/\/www.verztec.com\/wp-content\/uploads\/events\/lcss2018\/3.jpg\" class=\"gallery-item\">\r\n                <img decoding=\"async\" src=\"https:\/\/www.verztec.com\/wp-content\/uploads\/events\/lcss2018\/3.jpg\" alt=\"LCSS at AMPED\" \/>\r\n            <\/a>\r\n            <a href=\"https:\/\/www.verztec.com\/wp-content\/uploads\/events\/lcss2018\/8.jpg\" class=\"gallery-item\">\r\n                <img decoding=\"async\" src=\"https:\/\/www.verztec.com\/wp-content\/uploads\/events\/lcss2018\/8.jpg\" alt=\"LCSS at AMPED\" \/>\r\n            <\/a>\r\n        <\/div>\r\n    <\/li>\r\n    <li style=\"list-style-type: none;\">\r\n        <p><span style=\"color: #000000;\"><strong><strong>2017 &#8211; LCSS Christmas Extravaganza<\/strong><\/strong><\/span><\/p>\r\n        <div id=\"gallery\" class=\"small\">\r\n            <a href=\"https:\/\/www.verztec.com\/wp-content\/uploads\/events\/lcssxmas2017\/8.jpg\" class=\"gallery-item\">\r\n                <img decoding=\"async\" src=\"https:\/\/www.verztec.com\/wp-content\/uploads\/events\/lcssxmas2017\/8.jpg\" alt=\"LCSS Christmas Extravaganza\" \/>\r\n            <\/a>\r\n            <a href=\"https:\/\/www.verztec.com\/wp-content\/uploads\/events\/lcssxmas2017\/3.jpg\" class=\"gallery-item\">\r\n                <img decoding=\"async\" src=\"https:\/\/www.verztec.com\/wp-content\/uploads\/events\/lcssxmas2017\/3.jpg\" alt=\"LCSS Christmas Extravaganza\" \/>\r\n            <\/a>\r\n            <a href=\"https:\/\/www.verztec.com\/wp-content\/uploads\/events\/lcssxmas2017\/7.jpg\" class=\"gallery-item\">\r\n                <img decoding=\"async\" src=\"https:\/\/www.verztec.com\/wp-content\/uploads\/events\/lcssxmas2017\/7.jpg\" alt=\"LCSS Christmas Extravaganza\" \/>\r\n            <\/a>\r\n        <\/div>\r\n    <\/li>\r\n<\/ul>\r\n\r\n\r\n\r\n<p>Per saperne di pi\u00f9 su LCSS o unirti a noi per aiutare i pi\u00f9 bisognosi, visita il <a title=\"LCSS Website\" href=\"http:\/\/life-community.org\/\" target=\"_blank\" rel=\"noopener\">sito web di LCSS<\/a>.<\/p>\r\n\r\n\r\n\r\n<p><strong>2. Intercultural Theatre Institute<br><\/strong><\/p>\r\n\r\n\r\n\r\n<figure><a href=\"http:\/\/iti.edu.sg\" target=\"_blank\" rel=\"noopener\"><img decoding=\"async\" src=\"https:\/\/www.verztec.com\/wp-content\/uploads\/2011\/06\/iti-logo.jpg\" alt=\"iti-logo\" title=\"ITI Logo\"\/><\/a><\/figure>\r\n\r\n\r\n\r\n<p><\/p>\r\n\r\n\r\n\r\n<p>Il Intercultural Theatre Institute \u00e8 stato fondato nel 2000. \u00c8 una scuola di teatro indipendente per artisti contemporanei, concepita come un\u2019impresa unica e senza precedenti nella formazione teatrale, nell&#8217;interazione sociale e culturale e nella comprensione umana.<\/p>\r\n\r\n\r\n\r\n<p>Questa organizzazione artistica offre attualmente un programma di formazione professionale pratico di tre anni: il Diploma Professionale in Teatro Interculturale (Recitazione).<\/p>\r\n\r\n\r\n\r\n<p>Basato sulla visione del cofondatore Kuo Pao Kun, \u00e8 l&#8217;unico programma al mondo basato su una rigorosa metodologia di apprendimento interculturale con l&#8217;obiettivo di produrre teatro contemporaneo originale. Gli studenti vengono selezionati tra i migliori talenti di tutta l&#8217;Asia e oltre.<\/p>\r\n\r\n\r\n\r\n<p>Verztec \u00e8 orgogliosa di essere partner del Intercultural Theatre Institute.<\/p>\r\n\r\n\r\n\r\n\r\n        <div id=\"gallery\" class=\"small\">\r\n            <a href=\"https:\/\/www.verztec.com\/wp-content\/uploads\/events\/2012\/2012_1.jpg\" class=\"gallery-item\">\r\n                <img decoding=\"async\" src=\"https:\/\/www.verztec.com\/wp-content\/uploads\/events\/2012\/2012_1.jpg\" alt=\"The Water Station by Ota Shogo, final year production directed by Philip B. Zarrilli, 2004, at Esplanade Theatre Studio\" \/>\r\n            <\/a>\r\n            <a href=\"https:\/\/www.verztec.com\/wp-content\/uploads\/events\/2012\/2012_2.jpg\" class=\"gallery-item\">\r\n                <img decoding=\"async\" src=\"https:\/\/www.verztec.com\/wp-content\/uploads\/events\/2012\/2012_2.jpg\" alt=\"Campus of The Intercultural Theatre Institute is located at Emily Hill - Singapore's first independent cooperative for arts and the creative industries\" \/>\r\n            <\/a>\r\n            <a href=\"https:\/\/www.verztec.com\/wp-content\/uploads\/events\/2012\/2012_3.jpg\" class=\"gallery-item\">\r\n                <img decoding=\"async\" src=\"https:\/\/www.verztec.com\/wp-content\/uploads\/events\/2012\/2012_3.jpg\" alt=\"T. Sasitharan, Director and co-founder of ITI teaching an Acting class\" \/>\r\n            <\/a>\r\n        <\/div>\r\n    \r\n\r\n\r\n\r\n<p>Per saperne di pi\u00f9 sull\u2019Intercultural Theatre Institute o unirti a noi per preservare i migliori talenti, visita il <a href=\"http:\/\/iti.edu.sg\/\" target=\"_blank\" rel=\"noopener\">sito web dell\u2019Intercultural Theatre Institute<\/a>.<\/p>\r\n\r\n\r\n\r\n<p><strong>3. St. Vincent Home<br><\/strong><\/p>\r\n\r\n\r\n\r\n<div style=\"display: flex;\"><figure><a href=\"https:\/\/catholicwelfare.org.sg\/\" target=\"_blank\" rel=\"noopener\"><img decoding=\"async\" src=\"https:\/\/www.verztec.com\/wp-content\/uploads\/2011\/06\/svh1.jpg\" alt=\"St. Vincent Home\" title=\"St. Vincent Home Logo\"\/><\/a><\/figure>\r\n<figure><a href=\"https:\/\/catholicwelfare.org.sg\/\" target=\"_blank\" rel=\"noopener\"><img decoding=\"async\" src=\"https:\/\/www.verztec.com\/wp-content\/uploads\/2011\/06\/svh2.jpg\" alt=\"St. Vincent Home\" title=\"St. Vincent Home Logo\"\/><\/a><\/figure><\/div>\r\n\r\n\r\n\r\n<p><\/p>\r\n\r\n\r\n\r\n<p>St. Vincent Home \u00e8 una organizzazione benefica registrata senza scopo di lucro sotto Catholic Welfare Services Singapore.<\/p>\r\n\r\n\r\n\r\n<p>St. Vincent Home \u00e8 una casa protetta in un complesso residenziale che offre servizi di base ai residenti anziani ambulanti. I residenti anziani gestiscono le proprie attivit\u00e0 quotidiane per mantenere la loro indipendenza all&#8217;interno della comunit\u00e0. I residenti della casa hanno pi\u00f9 di 60 anni e si affidano all&#8217;assistenza pubblica poich\u00e9 non hanno una famiglia immediata che si prenda cura di loro.<\/p>\r\n\r\n\r\n\r\n<div id=\"gallery\" class=\"small\">\r\n    <a href=\"https:\/\/www.verztec.com\/wp-content\/uploads\/events\/stvincent2020\/3.jpg\" class=\"gallery-item\">\r\n        <img decoding=\"async\" src=\"https:\/\/www.verztec.com\/wp-content\/uploads\/events\/stvincent2020\/3.jpg\" alt=\"St Vincent 2020\" \/>\r\n    <\/a>\r\n    <a href=\"https:\/\/www.verztec.com\/wp-content\/uploads\/events\/stvincent2020\/4.jpg\" class=\"gallery-item\">\r\n        <img decoding=\"async\" src=\"https:\/\/www.verztec.com\/wp-content\/uploads\/events\/stvincent2020\/4.jpg\" alt=\"St Vincent 2020\" \/>\r\n    <\/a>\r\n    <a href=\"https:\/\/www.verztec.com\/wp-content\/uploads\/events\/stvincent2020\/5.jpg\" class=\"gallery-item\">\r\n        <img decoding=\"async\" src=\"https:\/\/www.verztec.com\/wp-content\/uploads\/events\/stvincent2020\/5.jpg\" alt=\"St Vincent 2020\" \/>\r\n    <\/a>\r\n    <a href=\"https:\/\/www.verztec.com\/wp-content\/uploads\/events\/stvincent2020\/6.jpg\" class=\"gallery-item\">\r\n        <img decoding=\"async\" src=\"https:\/\/www.verztec.com\/wp-content\/uploads\/events\/stvincent2020\/6.jpg\" alt=\"St Vincent 2020\" \/>\r\n    <\/a>\r\n    <a href=\"https:\/\/www.verztec.com\/wp-content\/uploads\/events\/stvincent2018\/1.jpg\" class=\"gallery-item\">\r\n        <img decoding=\"async\" src=\"https:\/\/www.verztec.com\/wp-content\/uploads\/events\/stvincent2018\/1.jpg\" alt=\"St Vincent 2018\" \/>\r\n    <\/a>\r\n    <a href=\"https:\/\/www.verztec.com\/wp-content\/uploads\/events\/stvincent2018\/2.jpg\" class=\"gallery-item\">\r\n        <img decoding=\"async\" src=\"https:\/\/www.verztec.com\/wp-content\/uploads\/events\/stvincent2018\/2.jpg\" alt=\"St Vincent 2018\" \/>\r\n    <\/a>\r\n    <a href=\"https:\/\/www.verztec.com\/wp-content\/uploads\/events\/2016\/charity-1.jpg\" class=\"gallery-item\">\r\n        <img decoding=\"async\" src=\"https:\/\/www.verztec.com\/wp-content\/uploads\/events\/2016\/charity-1.jpg\" alt=\"St Vincent 2016\" \/>\r\n    <\/a>\r\n    <a href=\"https:\/\/www.verztec.com\/wp-content\/uploads\/events\/2016\/charity-2.jpg\" class=\"gallery-item\">\r\n        <img decoding=\"async\" src=\"https:\/\/www.verztec.com\/wp-content\/uploads\/events\/2016\/charity-2.jpg\" alt=\"St Vincent 2016\" \/>\r\n    <\/a>\r\n    <a href=\"https:\/\/www.verztec.com\/wp-content\/uploads\/events\/2016\/charity-3.jpg\" class=\"gallery-item\">\r\n        <img decoding=\"async\" src=\"https:\/\/www.verztec.com\/wp-content\/uploads\/events\/2016\/charity-3.jpg\" alt=\"St Vincent 2016\" \/>\r\n    <\/a>\r\n    <a href=\"https:\/\/www.verztec.com\/wp-content\/uploads\/events\/2015\/charity-4.jpg\" class=\"gallery-item\">\r\n        <img decoding=\"async\" src=\"https:\/\/www.verztec.com\/wp-content\/uploads\/events\/2015\/charity-4.jpg\" alt=\"St Vincent 2056\" \/>\r\n    <\/a>\r\n    <a href=\"https:\/\/www.verztec.com\/wp-content\/uploads\/events\/2015\/charity-5.jpg\" class=\"gallery-item\">\r\n        <img decoding=\"async\" src=\"https:\/\/www.verztec.com\/wp-content\/uploads\/events\/2015\/charity-5.jpg\" alt=\"St Vincent 2015\" \/>\r\n    <\/a>\r\n    <a href=\"https:\/\/www.verztec.com\/wp-content\/uploads\/events\/2015\/charity-6.jpg\" class=\"gallery-item\">\r\n        <img decoding=\"async\" src=\"https:\/\/www.verztec.com\/wp-content\/uploads\/events\/2015\/charity-6.jpg\" alt=\"St Vincent 2015\" \/>\r\n    <\/a>\r\n<\/div>\r\n\r\n\r\n\r\n<p>Per saperne di pi\u00f9 su St. Vincent Home o unirti a noi per sostenere questa causa, visita il <a href=\"https:\/\/catholicwelfare.org.sg\/\" target=\"_blank\" rel=\"noopener\">sito web di St. Vincent Home<\/a>.<\/p>\r\n\r\n","protected":false},"excerpt":{"rendered":"<p>Come organizzazione responsabile, una parte fondamentale della nostra strategia \u00e8 costruire partnership caritative efficaci e durature, in particolare con le organizzazioni benefiche che si occupano di aiutare i giovani nella&hellip;<\/p>\n","protected":false},"author":1,"featured_media":2011,"parent":0,"menu_order":7,"comment_status":"closed","ping_status":"closed","template":"","meta":{"footnotes":""},"class_list":["post-1563","page","type-page","status-publish","has-post-thumbnail","hentry"],"_links":{"self":[{"href":"https:\/\/www.verztec.com\/wp-json\/wp\/v2\/pages\/1563"}],"collection":[{"href":"https:\/\/www.verztec.com\/wp-json\/wp\/v2\/pages"}],"about":[{"href":"https:\/\/www.verztec.com\/wp-json\/wp\/v2\/types\/page"}],"author":[{"embeddable":true,"href":"https:\/\/www.verztec.com\/wp-json\/wp\/v2\/users\/1"}],"replies":[{"embeddable":true,"href":"https:\/\/www.verztec.com\/wp-json\/wp\/v2\/comments?post=1563"}],"version-history":[{"count":21,"href":"https:\/\/www.verztec.com\/wp-json\/wp\/v2\/pages\/1563\/revisions"}],"predecessor-version":[{"id":4251,"href":"https:\/\/www.verztec.com\/wp-json\/wp\/v2\/pages\/1563\/revisions\/4251"}],"wp:featuredmedia":[{"embeddable":true,"href":"https:\/\/www.verztec.com\/wp-json\/wp\/v2\/media\/2011"}],"wp:attachment":[{"href":"https:\/\/www.verztec.com\/wp-json\/wp\/v2\/media?parent=1563"}],"curies":[{"name":"wp","href":"https:\/\/api.w.org\/{rel}","templated":true}]}}