{"id":1698,"date":"2012-04-04T08:42:15","date_gmt":"2012-04-04T08:42:15","guid":{"rendered":"http:\/\/staging.verztec.com\/verztec\/electronics\/"},"modified":"2025-02-03T08:35:57","modified_gmt":"2025-02-03T08:35:57","slug":"electronics","status":"publish","type":"page","link":"https:\/\/www.verztec.com\/electronics","title":{"rendered":"Elettronica"},"content":{"rendered":"<p>L&#8217;industria elettronica ha mostrato una crescita costante, in particolare nell&#8217;elettronica di consumo come telefoni cellulari, dispositivi GPS e dispositivi portatili. Le aziende investono tempo e risorse significative nella ricerca e nello sviluppo di prodotti elettronici per avere successo in questo mercato globale competitivo.<\/p>\r\n<p>Per differenziarsi e conquistare mercati in tutto il mondo, le aziende elettroniche devono comunicare efficacemente il loro messaggio di marca, le informazioni sui prodotti e i manuali attraverso diverse culture. La necessit\u00e0 di localizzazione che risuoni con il pubblico internazionale non \u00e8 mai stata cos\u00ec critica.<\/p>\r\n<p>Verztec si specializza nella fornitura di soluzioni di localizzazione economiche su misura per l&#8217;industria elettronica. Il nostro team di esperti di localizzazione garantisce che la GUI (interfaccia grafica dell&#8217;utente) del software, i file di aiuto del software, il packaging dei prodotti, i manuali tecnici, i documenti di formazione, i materiali di conformit\u00e0, la formazione etica, i materiali di marketing (brochure, volantini, newsletter), i moduli di formazione online, i siti web, intranet ed extranet siano tradotti accuratamente e culturalmente adattati.<\/p>\r\n<p>Le capacit\u00e0 di Verztec comprendono una vasta gamma di documenti specifici per l&#8217;industria elettronica, tra cui:<\/p>\r\n<ul>\r\n<li>GUI (Interfaccia grafica dell&#8217;utente) del software<\/li>\r\n<li>File di aiuto del software<\/li>\r\n<li>Packaging dei prodotti<\/li>\r\n<li>Fogli di sicurezza dei materiali<\/li>\r\n<li>Manuali tecnici<\/li>\r\n<li>Documenti di formazione<\/li>\r\n<li>Materiali di conformit\u00e0 e regolamentari specifici per l&#8217;industria<\/li>\r\n<li>Materiali etici aziendali, come manuali del codice di condotta e formazione etica<\/li>\r\n<li>Materiali di marketing (brochure, volantini, newsletter)<\/li>\r\n<li>Sviluppo e localizzazione della formazione online<\/li>\r\n<li>Siti web, extranet e intranet<\/li>\r\n<li>Software e sistemi<\/li>\r\n<li>Traduzione di materiali di presentazione aziendale (Flash, PowerPoint, ecc.)<\/li>\r\n<\/ul>\r\n<p>Collabora con Verztec per ottimizzare la tua strategia di comunicazione globale nell&#8217;industria elettronica. Scopri come i nostri servizi linguistici completi e le soluzioni di apprendimento digitale possano supportare efficacemente la tua espansione in nuovi mercati. Contattaci oggi per saperne di pi\u00f9 sulle nostre soluzioni personalizzate e la nostra esperienza nel settore.<\/p>\r\n\r\n<hr style=\"margin-top: 20px; margin-bottom: 20px; border: 0; border-top: 1px solid #eee;\" \/>\n<p style=\"margin-bottom: 0;\"><a href=\"https:\/\/www.verztec.com\/it\/testimonials\/\" target=\"_blank\" rel=\"noopener\">Testimonianze dei Clienti<\/a> &nbsp; : Leggi cosa dicono i nostri clienti di noi!<\/p>\n<p><a href=\"https:\/\/www.verztec.com\/it\/clients\/\" target=\"_blank\" rel=\"noopener\">I Nostri Preziosi Clienti<\/a> &nbsp; : Visualizza l&#8217;elenco dei nostri stimati clienti.<\/p>\n\r\n","protected":false},"excerpt":{"rendered":"<p>L&#8217;industria elettronica ha mostrato una crescita costante, in particolare nell&#8217;elettronica di consumo come telefoni cellulari, dispositivi GPS e dispositivi portatili. Le aziende investono tempo e risorse significative nella ricerca e&hellip;<\/p>\n","protected":false},"author":1,"featured_media":4027,"parent":0,"menu_order":14,"comment_status":"closed","ping_status":"closed","template":"","meta":{"footnotes":""},"class_list":["post-1698","page","type-page","status-publish","has-post-thumbnail","hentry"],"_links":{"self":[{"href":"https:\/\/www.verztec.com\/wp-json\/wp\/v2\/pages\/1698"}],"collection":[{"href":"https:\/\/www.verztec.com\/wp-json\/wp\/v2\/pages"}],"about":[{"href":"https:\/\/www.verztec.com\/wp-json\/wp\/v2\/types\/page"}],"author":[{"embeddable":true,"href":"https:\/\/www.verztec.com\/wp-json\/wp\/v2\/users\/1"}],"replies":[{"embeddable":true,"href":"https:\/\/www.verztec.com\/wp-json\/wp\/v2\/comments?post=1698"}],"version-history":[{"count":2,"href":"https:\/\/www.verztec.com\/wp-json\/wp\/v2\/pages\/1698\/revisions"}],"predecessor-version":[{"id":2877,"href":"https:\/\/www.verztec.com\/wp-json\/wp\/v2\/pages\/1698\/revisions\/2877"}],"wp:featuredmedia":[{"embeddable":true,"href":"https:\/\/www.verztec.com\/wp-json\/wp\/v2\/media\/4027"}],"wp:attachment":[{"href":"https:\/\/www.verztec.com\/wp-json\/wp\/v2\/media?parent=1698"}],"curies":[{"name":"wp","href":"https:\/\/api.w.org\/{rel}","templated":true}]}}