{"id":1710,"date":"2013-03-13T11:18:55","date_gmt":"2013-03-13T11:18:55","guid":{"rendered":"http:\/\/staging.verztec.com\/verztec\/why-join-us\/"},"modified":"2025-03-11T03:43:56","modified_gmt":"2025-03-11T03:43:56","slug":"why-join-us","status":"publish","type":"page","link":"https:\/\/www.verztec.com\/why-join-us","title":{"rendered":"Perch\u00e9 unirsi al nostro team?"},"content":{"rendered":"<h3 class=\"title-normal\">Unisciti alla nostra missione<\/h3>\n<p>In Verztec, la nostra missione \u00e8 aiutare le aziende a espandersi a livello globale e ottenere un maggiore successo nella loro espansione internazionale. Ci concentriamo sul miglioramento dell&#8217;apprendimento sul posto di lavoro e sullo sviluppo delle competenze per i nostri clienti in molti settori attraverso soluzioni di apprendimento digitale. I nostri servizi di traduzione e localizzazione, controllati professionalmente, migliorano la comunicazione transfrontaliera, supportando l&#8217;esportazione di prodotti e servizi in tutto il mondo. Migliorando la comunicazione, favoriamo le collaborazioni, riduciamo i malintesi e creiamo un mondo pi\u00f9 felice per tutti.<\/p>\n<p>\u00a0<\/p>\n<h3 class=\"title-normal\">Il nostro impatto positivo come squadra<\/h3>\n<p>Dai suoi umili inizi nel 2000, Verztec \u00e8 diventata una delle principali societ\u00e0 di consulenza nel campo delle soluzioni di apprendimento e linguistiche di alta qualit\u00e0. Siamo una delle societ\u00e0 di consulenza pi\u00f9 grandi e in rapida crescita in Asia, offrendo soluzioni di apprendimento digitale, traduzioni professionali, localizzazione di software e design creativo innovativo in oltre 100 lingue.<\/p>\n<p>Nel corso degli anni, abbiamo aiutato molte aziende a entrare in nuovi mercati globali, creare flussi di reddito sostenibili e raggiungere livelli pi\u00f9 alti di coinvolgimento con clienti, partner e dipendenti. Supportiamo un terzo delle aziende Fortune 500 a livello mondiale, tra cui IBM, HP, Microsoft, Citibank, Rolls Royce Motors, P&#038;G, Honeywell, McDonald\u2019s Corporation, UBS e Unilever.<\/p>\n<p>Verztec \u00e8 anche un&#8217;azienda socialmente responsabile, impegnata verso i suoi dipendenti, clienti, fornitori, la comunit\u00e0 e l&#8217;ambiente. Dai un&#8217;occhiata alle nostre <strong><a href=\"our-community-involvements\" target=\"_blank\" rel=\"noopener\">Iniziative Comunitarie<\/a><\/strong> per vedere come restituiamo alla societ\u00e0.<\/p>\n<p>\u00a0<\/p>\n<h3 class=\"title-normal\">Il tuo benessere \u00e8 importante per noi<\/h3>\n<p>In Verztec, diamo importanza ai valori familiari e al sostegno reciproco nei momenti di difficolt\u00e0. Il lavoro di squadra \u00e8 cruciale e ci concentriamo sull&#8217;offrire il livello pi\u00f9 alto di servizio ai nostri clienti. Cerchiamo continuamente modi innovativi per migliorare i nostri processi e diamo il massimo per coloro che si fidano del nostro lavoro.<\/p>\n<p>Valorizziamo l&#8217;impegno e la lealt\u00e0, come dimostra il numero di dipendenti che sono con noi da anni. I nostri premi per i lunghi anni di servizio, gli eventi aziendali e i programmi di riconoscimento dei dipendenti sono segni di apprezzamento per i nostri membri del team dedicati che eccellono nel loro lavoro e servono bene i nostri clienti.<\/p>\n<p>\u00a0<\/p>\n<h3 class=\"title-normal\">Il tuo futuro \u00e8 importante con noi<\/h3>\n<p>In Verztec, il successo si basa sul merito, non sulle relazioni. Chiunque sia capace e motivato pu\u00f2 raggiungere la vetta. Crediamo fermamente nelle 3 C del successo: Competenza, Coerenza e Carattere.<\/p>\n<p>\u00a0<\/p>\n<p>Per maggiori informazioni sulle nostre opportunit\u00e0 di lavoro, visita <a href=\"employment-opportunities\" target=\"_blank\" rel=\"noopener\">Opportunit\u00e0 di Lavoro<\/a><\/p>\n<p>Unisciti a Verztec e fai parte di un team che ha un impatto globale attraverso una comunicazione senza soluzione di continuit\u00e0 e soluzioni innovative. Non vediamo l&#8217;ora di darti il benvenuto!<\/p>\n","protected":false},"excerpt":{"rendered":"<p>Unisciti alla nostra missione In Verztec, la nostra missione \u00e8 aiutare le aziende a espandersi a livello globale e ottenere un maggiore successo nella loro espansione internazionale. Ci concentriamo sul&hellip;<\/p>\n","protected":false},"author":1,"featured_media":2033,"parent":0,"menu_order":4,"comment_status":"closed","ping_status":"closed","template":"","meta":{"footnotes":""},"class_list":["post-1710","page","type-page","status-publish","has-post-thumbnail","hentry"],"_links":{"self":[{"href":"https:\/\/www.verztec.com\/wp-json\/wp\/v2\/pages\/1710"}],"collection":[{"href":"https:\/\/www.verztec.com\/wp-json\/wp\/v2\/pages"}],"about":[{"href":"https:\/\/www.verztec.com\/wp-json\/wp\/v2\/types\/page"}],"author":[{"embeddable":true,"href":"https:\/\/www.verztec.com\/wp-json\/wp\/v2\/users\/1"}],"replies":[{"embeddable":true,"href":"https:\/\/www.verztec.com\/wp-json\/wp\/v2\/comments?post=1710"}],"version-history":[{"count":3,"href":"https:\/\/www.verztec.com\/wp-json\/wp\/v2\/pages\/1710\/revisions"}],"predecessor-version":[{"id":4222,"href":"https:\/\/www.verztec.com\/wp-json\/wp\/v2\/pages\/1710\/revisions\/4222"}],"wp:featuredmedia":[{"embeddable":true,"href":"https:\/\/www.verztec.com\/wp-json\/wp\/v2\/media\/2033"}],"wp:attachment":[{"href":"https:\/\/www.verztec.com\/wp-json\/wp\/v2\/media?parent=1710"}],"curies":[{"name":"wp","href":"https:\/\/api.w.org\/{rel}","templated":true}]}}