{"id":1723,"date":"2014-09-09T03:21:57","date_gmt":"2014-09-09T03:21:57","guid":{"rendered":"http:\/\/staging.verztec.com\/verztec\/bizsafe-compliant\/"},"modified":"2024-10-02T01:30:39","modified_gmt":"2024-10-02T01:30:39","slug":"bizsafe-compliant","status":"publish","type":"page","link":"https:\/\/www.verztec.com\/bizsafe-compliant","title":{"rendered":"Conforme a BizSAFE"},"content":{"rendered":"<p><img decoding=\"async\" class=\" size-full wp-image-1722\" src=\"https:\/\/www.verztec.com\/wp-content\/uploads\/2014\/09\/bizsafe.jpg\" alt=\"\" width=\"190\" border=\"0\" \/><\/p>\n<p>Impegno di Verztec per la sicurezza sul lavoro: Ottenimento della certificazione bizSAFE di livello 3<\/p>\n<p>In Verztec, diamo priorit\u00e0 alla sicurezza e al benessere dei nostri dipendenti e clienti, ed \u00e8 per questo che siamo orgogliosi di aver ottenuto la certificazione bizSAFE di livello 3 a partire dal 3 settembre 2014. Il programma bizSAFE, avviato dal Consiglio per la sicurezza e la salute sul luogo di lavoro (WSH), promuove la sicurezza e la salute sul luogo di lavoro attraverso il riconoscimento delle aziende che dimostrano un forte impegno per la sicurezza. Questa certificazione riflette il nostro impegno a mantenere un ambiente di lavoro sicuro e sano.<\/p>\n<p>Il processo di ottenimento di questa certificazione ha comportato una verifica approfondita della nostra implementazione della gestione del rischio da parte di un revisore esterno, assicurando che Verztec sia conforme a tutti i requisiti necessari. Aderendo agli standard bizSAFE, non solo miglioriamo la sicurezza sul posto di lavoro, ma promuoviamo anche una cultura di responsabilit\u00e0 e di gestione proattiva del rischio tra il nostro personale.<\/p>\n<p>Per i nostri dipendenti, questo impegno si traduce in un ambiente di lavoro sicuro, che riduce significativamente il rischio di incidenti e problemi di salute. Un luogo di lavoro sicuro aumenta il morale e la soddisfazione lavorativa, consentendo al nostro team di concentrarsi sul proprio ruolo senza preoccuparsi di potenziali pericoli. Inoltre, le nostre iniziative di formazione continua forniscono al personale le conoscenze e le competenze essenziali relative alle pratiche di sicurezza, assicurando che tutti partecipino al mantenimento di elevati standard di sicurezza.<\/p>\n<p>Per i nostri clienti, la certificazione bizSAFE di livello 3 \u00e8 un marchio di affidabilit\u00e0 e professionalit\u00e0. Assicura loro che operiamo nel rispetto di standard di sicurezza rigorosi, che possono portare a risultati di qualit\u00e0 superiore e a un&#8217;esecuzione pi\u00f9 fluida dei progetti. I clienti possono fidarsi del nostro approccio proattivo alla gestione del rischio, che riduce al minimo le interruzioni e garantisce la conformit\u00e0 in tutte le nostre operazioni.<\/p>\n<p>In Verztec, il conseguimento della certificazione bizSAFE di livello 3 non \u00e8 solo una pietra miliare, ma rappresenta il nostro impegno continuo verso l&#8217;eccellenza nella sicurezza e nella salute sul posto di lavoro. Migliorando continuamente i nostri protocolli di sicurezza, puntiamo a stabilire un punto di riferimento nel settore, con un impatto positivo sui nostri dipendenti, sui clienti e sulla comunit\u00e0.<\/p>\n","protected":false},"excerpt":{"rendered":"<p>Impegno di Verztec per la sicurezza sul lavoro: Ottenimento della certificazione bizSAFE di livello 3 In Verztec, diamo priorit\u00e0 alla sicurezza e al benessere dei nostri dipendenti e clienti, ed&hellip;<\/p>\n","protected":false},"author":1,"featured_media":2024,"parent":0,"menu_order":1,"comment_status":"closed","ping_status":"closed","template":"","meta":{"footnotes":""},"class_list":["post-1723","page","type-page","status-publish","has-post-thumbnail","hentry"],"_links":{"self":[{"href":"https:\/\/www.verztec.com\/wp-json\/wp\/v2\/pages\/1723"}],"collection":[{"href":"https:\/\/www.verztec.com\/wp-json\/wp\/v2\/pages"}],"about":[{"href":"https:\/\/www.verztec.com\/wp-json\/wp\/v2\/types\/page"}],"author":[{"embeddable":true,"href":"https:\/\/www.verztec.com\/wp-json\/wp\/v2\/users\/1"}],"replies":[{"embeddable":true,"href":"https:\/\/www.verztec.com\/wp-json\/wp\/v2\/comments?post=1723"}],"version-history":[{"count":1,"href":"https:\/\/www.verztec.com\/wp-json\/wp\/v2\/pages\/1723\/revisions"}],"predecessor-version":[{"id":2025,"href":"https:\/\/www.verztec.com\/wp-json\/wp\/v2\/pages\/1723\/revisions\/2025"}],"wp:featuredmedia":[{"embeddable":true,"href":"https:\/\/www.verztec.com\/wp-json\/wp\/v2\/media\/2024"}],"wp:attachment":[{"href":"https:\/\/www.verztec.com\/wp-json\/wp\/v2\/media?parent=1723"}],"curies":[{"name":"wp","href":"https:\/\/api.w.org\/{rel}","templated":true}]}}