{"id":1781,"date":"2017-01-04T06:24:53","date_gmt":"2017-01-04T06:24:53","guid":{"rendered":"http:\/\/staging.verztec.com\/verztec\/client-reference-videos\/"},"modified":"2024-10-02T01:28:07","modified_gmt":"2024-10-02T01:28:07","slug":"client-reference-videos","status":"publish","type":"page","link":"https:\/\/www.verztec.com\/client-reference-videos","title":{"rendered":"Video di riferimento del cliente"},"content":{"rendered":"<p>In Verztec, supportare i progetti dei nostri clienti \u00e8 la nostra massima priorit\u00e0. Abbiamo chiesto ad alcuni dei nostri clienti perch\u00e9 apprezzano il nostro servizio e siamo stati lieti di ascoltare le loro risposte.<\/p>\n<div class=\"video-container\"><iframe loading=\"lazy\" id=\"frameV\" class=\"Vvideo\" src=\"https:\/\/www.youtube.com\/embed\/ui4u_MrkXko\" width=\"560\" height=\"315\" frameborder=\"0\" allowfullscreen=\"\"><\/iframe><\/div>\n","protected":false},"excerpt":{"rendered":"<p>In Verztec, supportare i progetti dei nostri clienti \u00e8 la nostra massima priorit\u00e0. Abbiamo chiesto ad alcuni dei nostri clienti perch\u00e9 apprezzano il nostro servizio e siamo stati lieti di&hellip;<\/p>\n","protected":false},"author":1,"featured_media":2020,"parent":0,"menu_order":0,"comment_status":"closed","ping_status":"closed","template":"","meta":{"footnotes":""},"class_list":["post-1781","page","type-page","status-publish","has-post-thumbnail","hentry"],"_links":{"self":[{"href":"https:\/\/www.verztec.com\/wp-json\/wp\/v2\/pages\/1781"}],"collection":[{"href":"https:\/\/www.verztec.com\/wp-json\/wp\/v2\/pages"}],"about":[{"href":"https:\/\/www.verztec.com\/wp-json\/wp\/v2\/types\/page"}],"author":[{"embeddable":true,"href":"https:\/\/www.verztec.com\/wp-json\/wp\/v2\/users\/1"}],"replies":[{"embeddable":true,"href":"https:\/\/www.verztec.com\/wp-json\/wp\/v2\/comments?post=1781"}],"version-history":[{"count":2,"href":"https:\/\/www.verztec.com\/wp-json\/wp\/v2\/pages\/1781\/revisions"}],"predecessor-version":[{"id":3721,"href":"https:\/\/www.verztec.com\/wp-json\/wp\/v2\/pages\/1781\/revisions\/3721"}],"wp:featuredmedia":[{"embeddable":true,"href":"https:\/\/www.verztec.com\/wp-json\/wp\/v2\/media\/2020"}],"wp:attachment":[{"href":"https:\/\/www.verztec.com\/wp-json\/wp\/v2\/media?parent=1781"}],"curies":[{"name":"wp","href":"https:\/\/api.w.org\/{rel}","templated":true}]}}