{"id":1793,"date":"2018-05-03T01:36:05","date_gmt":"2018-05-03T01:36:05","guid":{"rendered":"http:\/\/staging.verztec.com\/verztec\/blockchain-industry-and-start-ups\/"},"modified":"2025-02-03T08:30:45","modified_gmt":"2025-02-03T08:30:45","slug":"blockchain-industry-and-start-ups","status":"publish","type":"page","link":"https:\/\/www.verztec.com\/blockchain-industry-and-start-ups","title":{"rendered":"Blockchain e Startup"},"content":{"rendered":"<p>Poich\u00e9 l&#8217;industria Blockchain e le startup continuano a espandersi a livello globale, \u00e8 fondamentale che le aziende offrano traduzioni di contenuti multilingue per ICO, White Paper e siti web.<\/p>\r\n<p>Verztec ti aiuta a connetterti con un pubblico pi\u00f9 ampio di potenziali investitori in tutto il mondo, facilitando il finanziamento da parte di VC e vari round di finanziamento (Serie A, B, C, ecc.). Coinvolgiamo gli stakeholder chiave offrendo traduzioni di alta qualit\u00e0 ed efficaci in oltre 100 lingue.<\/p>\r\n<p>Nel prospero mondo di Blockchain, Verztec consiglia di tradurre i 5 principali materiali di marketing per ICO:<\/p>\r\n<ol>\r\n<li><b>Il tuo sito web:<\/b> Tradurre il tuo sito web ICO \u00e8 essenziale per attrarre investitori stranieri. Fornire informazioni sul tuo progetto, prodotti\/servizi e team in pi\u00f9 lingue migliora l&#8217;accessibilit\u00e0 e la credibilit\u00e0.<\/li>\r\n<li><b>Il tuo White Paper:<\/b> Insieme al tuo sito web, il tuo white paper \u00e8 fondamentale poich\u00e9 fornisce dettagli essenziali di marketing, finanza e tecnologia sul tuo progetto. Tradurlo nelle lingue madri dei tuoi investitori costruisce fiducia e comprensione.<\/li>\r\n<li><b>La tua e-Reputation:<\/b> Un marketing ICO efficace in varie lingue \u00e8 cruciale per la comunicazione internazionale. Lanciare il tuo ICO implica annunciarlo in modo strategico su piattaforme come social media (Slack, Telegram, Reddit, LinkedIn Groups) e calendari ICO.<\/li>\r\n<li><b>Video esplicativi (video da lavagna o animazioni 2D):<\/b> I video esplicativi sono strumenti potenti per mostrare visivamente la proposta di valore del tuo ICO. Migliorano l&#8217;impegno e la comprensione, aumentando significativamente l&#8217;identit\u00e0 del tuo brand e la strategia SEO quando sono localizzati.<\/li>\r\n<li><b>Banner:<\/b> Il marketing con banner coinvolgenti \u00e8 una parte integrante dei tuoi sforzi di branding. Banner multilingue con chiamate all&#8217;azione chiare attirano efficacemente gli investitori internazionali.<\/li>\r\n<\/ol>\r\n<p>Verztec garantisce che il tuo contenuto non solo venga tradotto con precisione, ma anche culturalmente adattato per risuonare con un pubblico diversificato in tutto il mondo. La nostra esperienza nel settore Blockchain e startup ci consente di supportare integralmente le tue strategie di marketing globale.<\/p>\r\n<p>Scopri come Verztec pu\u00f2 elevare la visibilit\u00e0 globale del tuo ICO e l&#8217;impegno degli investitori. Contattaci oggi per esplorare la nostra gamma completa di servizi linguistici e soluzioni di marketing digitale.<\/p>\r\n\r\n<hr style=\"margin-top: 20px; margin-bottom: 20px; border: 0; border-top: 1px solid #eee;\" \/>\n<p style=\"margin-bottom: 0;\"><a href=\"https:\/\/www.verztec.com\/it\/testimonials\/\" target=\"_blank\" rel=\"noopener\">Testimonianze dei Clienti<\/a> &nbsp; : Leggi cosa dicono i nostri clienti di noi!<\/p>\n<p><a href=\"https:\/\/www.verztec.com\/it\/clients\/\" target=\"_blank\" rel=\"noopener\">I Nostri Preziosi Clienti<\/a> &nbsp; : Visualizza l&#8217;elenco dei nostri stimati clienti.<\/p>\n\r\n","protected":false},"excerpt":{"rendered":"<p>Poich\u00e9 l&#8217;industria Blockchain e le startup continuano a espandersi a livello globale, \u00e8 fondamentale che le aziende offrano traduzioni di contenuti multilingue per ICO, White Paper e siti web. Verztec&hellip;<\/p>\n","protected":false},"author":1,"featured_media":4027,"parent":0,"menu_order":6,"comment_status":"closed","ping_status":"closed","template":"","meta":{"footnotes":""},"class_list":["post-1793","page","type-page","status-publish","has-post-thumbnail","hentry"],"_links":{"self":[{"href":"https:\/\/www.verztec.com\/wp-json\/wp\/v2\/pages\/1793"}],"collection":[{"href":"https:\/\/www.verztec.com\/wp-json\/wp\/v2\/pages"}],"about":[{"href":"https:\/\/www.verztec.com\/wp-json\/wp\/v2\/types\/page"}],"author":[{"embeddable":true,"href":"https:\/\/www.verztec.com\/wp-json\/wp\/v2\/users\/1"}],"replies":[{"embeddable":true,"href":"https:\/\/www.verztec.com\/wp-json\/wp\/v2\/comments?post=1793"}],"version-history":[{"count":2,"href":"https:\/\/www.verztec.com\/wp-json\/wp\/v2\/pages\/1793\/revisions"}],"predecessor-version":[{"id":2871,"href":"https:\/\/www.verztec.com\/wp-json\/wp\/v2\/pages\/1793\/revisions\/2871"}],"wp:featuredmedia":[{"embeddable":true,"href":"https:\/\/www.verztec.com\/wp-json\/wp\/v2\/media\/4027"}],"wp:attachment":[{"href":"https:\/\/www.verztec.com\/wp-json\/wp\/v2\/media?parent=1793"}],"curies":[{"name":"wp","href":"https:\/\/api.w.org\/{rel}","templated":true}]}}