{"id":1802,"date":"2023-02-27T02:52:15","date_gmt":"2023-02-27T02:52:15","guid":{"rendered":"http:\/\/staging.verztec.com\/verztec\/machine-ai-translation-post-edit-services\/"},"modified":"2025-09-23T07:19:41","modified_gmt":"2025-09-23T07:19:41","slug":"machine-ai-translation-post-edit-services","status":"publish","type":"page","link":"https:\/\/www.verztec.com\/machine-ai-translation-post-edit-services","title":{"rendered":"Traduzione con AI e servizi di post-editing"},"content":{"rendered":"<p>Verztec offre servizi di traduzione con intelligenza artificiale e post-editing per aziende in tutto il mondo. Possiamo supportare la tua azienda per raggiungere il perfetto equilibrio tra velocit\u00e0, precisione ed economicit\u00e0.<\/p>\r\n<p>Se non sei sicuro di cosa siano i servizi di traduzione con intelligenza artificiale e post-editing o di come si differenzino dalla traduzione automatica, i nostri consulenti possono guidarti attraverso il processo e le opzioni disponibili. Di seguito, esploriamo questi servizi in dettaglio per aiutarti a determinare quali potrebbero essere utili per la tua azienda.<\/p>\r\n<br \/>\r\n<h3>Cos&#8217;\u00e8 la traduzione con intelligenza artificiale e post-editing di Verztec?<\/h3>\r\n<br \/>\r\n<p>La nostra traduzione con intelligenza artificiale e post-editing (ATPE) \u00e8 un ibrido tra traduzione automatizzata e revisione da parte di traduttori umani qualificati. La macchina si occupa del processo iniziale di traduzione, seguito da una revisione e modifica effettuata da un team di traduttori per migliorare la qualit\u00e0 complessiva della traduzione.<\/p>\r\n<p>Se la tua azienda ha un elevato volume di contenuti da tradurre con un budget limitato, i nostri servizi di traduzione automatica con post-editing possono essere una soluzione ideale da considerare.<\/p>\r\n<p>Sebbene le lingue possano essere piuttosto complesse e vi siano molteplici aspetti da verificare, per questo particolare servizio il nostro team di traduttori umani si impegna al massimo per migliorare la qualit\u00e0 delle traduzioni generate dall&#8217;IA. Prestano particolare attenzione a tono, scorrevolezza, grammatica, chiarezza, accuratezza e rilevanza culturale locale. Grazie alla loro esperienza, migliorano il lavoro della macchina per offrire traduzioni pi\u00f9 precise e raffinate.<\/p>\r\n<br \/>\r\n<h3>La riservatezza prima di tutto. Ogni parola, ogni volta.<\/h3>\r\n<p>Da Verztec, vietiamo l\u2019uso di strumenti di IA pubblici per i contenuti dei clienti, al fine di prevenire qualsiasi rischio di esposizione dei dati. Tutto il lavoro viene svolto nei nostri ambienti di traduzione sicuri e approvati, e ogni linguista \u00e8 vincolato da accordi di riservatezza.<\/p>\r\n<p>Quando vengono utilizzate tecnologie di IA aziendale o strumenti CAT (Traduzione Assistita da Computer), operano solo in sistemi chiusi e conformi, e tutti i risultati sono sottoposti a controlli di qualit\u00e0 umani. Ci\u00f2 garantisce che le vostre informazioni rimangano completamente protette e che le traduzioni soddisfino i pi\u00f9 alti standard.<\/p>\r\n<br \/>\r\n<h3>Perch\u00e9 la tua azienda dovrebbe utilizzare i servizi di traduzione con intelligenza artificiale e post-editing?<\/h3>\r\n<br \/>\r\n<p>I servizi di traduzione con intelligenza artificiale e post-editing di Verztec rappresentano il modo ideale per tradurre grandi volumi di documenti rapidamente mantenendo i costi accessibili.<\/p>\r\n<p>Se la tua azienda deve comunicare grandi quantit\u00e0 di contenuti in pi\u00f9 lingue, utilizzare i servizi di traduzione con intelligenza artificiale e post-editing \u00e8 un approccio molto pi\u00f9 efficace rispetto a utilizzare solo traduzioni automatiche disponibili pubblicamente.<\/p>\r\n<p>Puoi ottenere traduzioni di qualit\u00e0 a un costo significativamente inferiore rispetto a un servizio di traduzione completamente umano e professionale.<\/p>\r\n<p>Uno dei principali vantaggi dell&#8217;utilizzo dei servizi di traduzione con intelligenza artificiale e post-editing di Verztec, rispetto a strumenti come Google Translate, ChatGPT, Amazon Translate o altri strumenti di traduzione automatica, \u00e8 che il nostro sistema avanzato si basa su dataset specializzati per settore, offrendo risultati pi\u00f9 accurati.<\/p>\r\n<p>Successivamente, il nostro team di traduttori professionisti rivede attentamente e perfeziona l&#8217;output, tenendo conto del contesto linguistico, delle terminologie e delle sensibilit\u00e0 culturali durante il processo di modifica. Ci\u00f2 garantisce che le traduzioni siano prive di gravi errori, problemi di accuratezza o potenziali offese alle sensibilit\u00e0 locali.<\/p>\r\n<br \/>\r\n<h3>Come possono i nostri servizi di traduzione con intelligenza artificiale e post-editing aiutare la tua azienda?<\/h3>\r\n<br \/>\r\n<p>I nostri consulenti lavoreranno in partnership con te per identificare i servizi di cui hai bisogno in base alle tue priorit\u00e0 operative. Garantiamo che tutto venga gestito nel modo pi\u00f9 appropriato ed efficiente, rispettando al contempo i requisiti di riservatezza e sicurezza dei dati.<\/p>\r\n<p>Se la tua azienda \u00e8 nuova nell&#8217;uso della traduzione con intelligenza artificiale e post-editing, possiamo spiegarti come questo processo possa essere vantaggioso per te. Ogni azienda \u00e8 unica, e facciamo del nostro meglio per modellare i nostri servizi in modo da aiutarti a raggiungere il giusto equilibrio tra velocit\u00e0, costo e qualit\u00e0 per soddisfare i tuoi obiettivi.<\/p>\r\n<p>Ci sono diverse opzioni di traduzione con intelligenza artificiale e post-editing tra cui scegliere.<\/p>\r\n<br \/>\r\n<h4>2 opzioni di servizi di traduzione con intelligenza artificiale e post-editing di Verztec<\/h4>\r\n<div class=\"aipe\">\r\n<div class=\"logo\"><img decoding=\"async\" src=\"https:\/\/www.verztec.com\/wp-content\/uploads\/2025\/02\/Icon1.png\" alt=\"icon 1\" \/><\/div>\r\n<div class=\"text\">\r\n<h4 class=\"title-normal\">1. Traduzione con intelligenza artificiale e post-editing standard<\/h4>\r\n<p>Il nostro servizio di traduzione con intelligenza artificiale e post-editing standard garantisce traduzioni accurate e di buona qualit\u00e0. I nostri traduttori, generalmente con 5-7 anni di esperienza, correggono errori di traduzione e affrontano eventuali omissioni o aggiunte provenienti dall&#8217;output dell&#8217;IA. Il team migliora inoltre l&#8217;ortografia, la punteggiatura e la grammatica, ottimizza il tono e la scorrevolezza, garantisce coerenza, corregge errori e apporta eventuali modifiche stilistiche o di formattazione necessarie. Le sfumature culturali ed etnocentriche vengono attentamente considerate per allineare i contenuti al pubblico di destinazione.<\/p>\r\n<\/div>\r\n<\/div>\r\n<div class=\"aipe\">\r\n<div class=\"logo\"><img decoding=\"async\" src=\"https:\/\/www.verztec.com\/wp-content\/uploads\/2025\/02\/Icon2.png\" alt=\"icon 2\" \/><\/div>\r\n<div class=\"text\">\r\n<h4 class=\"title-normal\">2. Traduzione con intelligenza artificiale e post-editing premium<\/h4>\r\n<p>Per chi cerca la massima qualit\u00e0, il nostro servizio di traduzione con intelligenza artificiale e post-editing premium \u00e8 la scelta ideale. Il team di traduttori assegnato al tuo progetto sar\u00e0 composto da professionisti senior con 10-20 anni di esperienza, dotati delle competenze e della conoscenza specifica del settore necessarie per soddisfare le tue esigenze. Questo servizio garantisce una gestione accurata della terminologia specialistica e dei concetti. Il risultato \u00e8 una traduzione di alta qualit\u00e0 paragonabile ai servizi professionali di traduzione umana, con il vantaggio aggiuntivo di risparmio sui costi per i tuoi progetti.<\/p>\r\n<\/div>\r\n<\/div>\r\n\r\n<hr style=\"margin-top: 20px; margin-bottom: 20px; border: 0; border-top: 1px solid #eee;\" \/>\n<p style=\"margin-bottom: 0;\">\n  <img decoding=\"async\" src=\"https:\/\/www.verztec.com\/wp-content\/images\/home\/more.png\" alt=\"\" \/>\n  &nbsp;<a href=\"https:\/\/www.verztec.com\/it\/language-services\/\" target=\"_blank\" rel=\"noopener\">Vedi tutti i &#8220;Servizi linguistici&#8221;<\/a>\n<\/p>","protected":false},"excerpt":{"rendered":"<p>Verztec offre servizi di traduzione con intelligenza artificiale e post-editing per aziende in tutto il mondo. Possiamo supportare la tua azienda per raggiungere il perfetto equilibrio tra velocit\u00e0, precisione ed&hellip;<\/p>\n","protected":false},"author":1,"featured_media":2018,"parent":0,"menu_order":0,"comment_status":"closed","ping_status":"closed","template":"","meta":{"footnotes":""},"class_list":["post-1802","page","type-page","status-publish","has-post-thumbnail","hentry"],"_links":{"self":[{"href":"https:\/\/www.verztec.com\/wp-json\/wp\/v2\/pages\/1802"}],"collection":[{"href":"https:\/\/www.verztec.com\/wp-json\/wp\/v2\/pages"}],"about":[{"href":"https:\/\/www.verztec.com\/wp-json\/wp\/v2\/types\/page"}],"author":[{"embeddable":true,"href":"https:\/\/www.verztec.com\/wp-json\/wp\/v2\/users\/1"}],"replies":[{"embeddable":true,"href":"https:\/\/www.verztec.com\/wp-json\/wp\/v2\/comments?post=1802"}],"version-history":[{"count":18,"href":"https:\/\/www.verztec.com\/wp-json\/wp\/v2\/pages\/1802\/revisions"}],"predecessor-version":[{"id":4271,"href":"https:\/\/www.verztec.com\/wp-json\/wp\/v2\/pages\/1802\/revisions\/4271"}],"wp:featuredmedia":[{"embeddable":true,"href":"https:\/\/www.verztec.com\/wp-json\/wp\/v2\/media\/2018"}],"wp:attachment":[{"href":"https:\/\/www.verztec.com\/wp-json\/wp\/v2\/media?parent=1802"}],"curies":[{"name":"wp","href":"https:\/\/api.w.org\/{rel}","templated":true}]}}