{"id":1804,"date":"2024-07-15T07:56:16","date_gmt":"2024-07-15T07:56:16","guid":{"rendered":"http:\/\/staging.verztec.com\/verztec\/life-sciences\/"},"modified":"2025-02-03T08:27:10","modified_gmt":"2025-02-03T08:27:10","slug":"life-sciences","status":"publish","type":"page","link":"https:\/\/www.verztec.com\/life-sciences","title":{"rendered":"Scienze della vita"},"content":{"rendered":"<p>Gli sviluppi nelle scienze della vita e nel settore medico stanno avanzando a un ritmo senza precedenti. Man mano che la ricerca diventa sempre pi\u00f9 tecnica e multidisciplinare, le organizzazioni affrontano sfide nell&#8217;accesso a informazioni complete e nella collaborazione efficace con partner globali.<\/p>\r\n<p>L&#8217;espansione verso nuovi mercati comporta complessit\u00e0 aggiuntive, inclusi requisiti normativi rigorosi e la necessit\u00e0 di comunicare informazioni complesse sui prodotti in pi\u00f9 lingue. Questi fattori sono fondamentali per mantenere la conformit\u00e0 e garantire la penetrazione del mercato globale nel settore delle scienze della vita.<\/p>\r\n<p>Verztec \u00e8 specializzata nel supportare le principali organizzazioni delle scienze della vita e del settore medico con una combinazione unica di eccellenza linguistica, competenza tecnica, solidi sistemi di gestione della qualit\u00e0 e pratiche efficienti di coordinamento dei progetti.<\/p>\r\n<p>Le capacit\u00e0 di Verztec coprono una vasta gamma di documenti sorgente essenziali per l&#8217;industria delle scienze della vita:<\/p>\r\n<ul>\r\n<li>Applicazioni software mediche e cliniche<\/li>\r\n<li>Interfacce utente per dispositivi medici<\/li>\r\n<li>Schede informative per i pazienti<\/li>\r\n<li>Brevetti<\/li>\r\n<li>Sperimentazioni cliniche<\/li>\r\n<li>Fogli di sicurezza dei materiali (MSDS)<\/li>\r\n<li>Offerte scientifiche<\/li>\r\n<li>Rapporti e letteratura medica<\/li>\r\n<li>Comunicazioni di marketing<\/li>\r\n<li>Siti web, extranet e intranet<\/li>\r\n<li>Guide per l&#8217;utente e manuali<\/li>\r\n<li>Moduli per registrazioni mediche<\/li>\r\n<li>Procedure operative standard<\/li>\r\n<li>Contratti e accordi<\/li>\r\n<li>Trascrizioni di prove mediche<\/li>\r\n<li>Servizi di interpretazione<\/li>\r\n<li>Documenti etici, di conformit\u00e0 e normativi<\/li>\r\n<li>Rapporti di ricerca medica e protocolli di sperimentazione clinica<\/li>\r\n<li>Documenti informativi per i pazienti<\/li>\r\n<li>Documenti psicologici<\/li>\r\n<li>Prescrizioni mediche e diagnosi<\/li>\r\n<li>Guide per il personale medico e per i pazienti<\/li>\r\n<li>Manuali di istruzioni, brochure e software per dispositivi medici<\/li>\r\n<li>Documenti clinici, tossicologici, farmacologici e biologici<\/li>\r\n<li>Questionari medici e glossari di terminologia medica<\/li>\r\n<\/ul>\r\n<p>Oltre alla traduzione e localizzazione di documenti, Verztec offre soluzioni digitali specializzate su misura per l&#8217;industria delle scienze della vita. I nostri servizi includono lo sviluppo di moduli di formazione online multilingue, il miglioramento dei canali di comunicazione e la garanzia di conformit\u00e0 agli standard regolatori globali.<\/p>\r\n<p>Collabora con Verztec per ottimizzare le tue strategie di comunicazione globale, accelerare le approvazioni regolatorie e migliorare la prontezza del mercato per le tue innovazioni nelle scienze della vita.<\/p>\r\n<p>Contattaci oggi per scoprire come i nostri servizi specializzati possano supportare la crescita e il successo della tua organizzazione nel dinamico campo delle scienze della vita.<\/p>\r\n\r\n<hr style=\"margin-top: 20px; margin-bottom: 20px; border: 0; border-top: 1px solid #eee;\" \/>\n<p style=\"margin-bottom: 0;\"><a href=\"https:\/\/www.verztec.com\/it\/testimonials\/\" target=\"_blank\" rel=\"noopener\">Testimonianze dei Clienti<\/a> &nbsp; : Leggi cosa dicono i nostri clienti di noi!<\/p>\n<p><a href=\"https:\/\/www.verztec.com\/it\/clients\/\" target=\"_blank\" rel=\"noopener\">I Nostri Preziosi Clienti<\/a> &nbsp; : Visualizza l&#8217;elenco dei nostri stimati clienti.<\/p>\n\r\n","protected":false},"excerpt":{"rendered":"<p>Gli sviluppi nelle scienze della vita e nel settore medico stanno avanzando a un ritmo senza precedenti. Man mano che la ricerca diventa sempre pi\u00f9 tecnica e multidisciplinare, le organizzazioni&hellip;<\/p>\n","protected":false},"author":1,"featured_media":4027,"parent":0,"menu_order":5,"comment_status":"closed","ping_status":"closed","template":"","meta":{"footnotes":""},"class_list":["post-1804","page","type-page","status-publish","has-post-thumbnail","hentry"],"_links":{"self":[{"href":"https:\/\/www.verztec.com\/wp-json\/wp\/v2\/pages\/1804"}],"collection":[{"href":"https:\/\/www.verztec.com\/wp-json\/wp\/v2\/pages"}],"about":[{"href":"https:\/\/www.verztec.com\/wp-json\/wp\/v2\/types\/page"}],"author":[{"embeddable":true,"href":"https:\/\/www.verztec.com\/wp-json\/wp\/v2\/users\/1"}],"replies":[{"embeddable":true,"href":"https:\/\/www.verztec.com\/wp-json\/wp\/v2\/comments?post=1804"}],"version-history":[{"count":2,"href":"https:\/\/www.verztec.com\/wp-json\/wp\/v2\/pages\/1804\/revisions"}],"predecessor-version":[{"id":2866,"href":"https:\/\/www.verztec.com\/wp-json\/wp\/v2\/pages\/1804\/revisions\/2866"}],"wp:featuredmedia":[{"embeddable":true,"href":"https:\/\/www.verztec.com\/wp-json\/wp\/v2\/media\/4027"}],"wp:attachment":[{"href":"https:\/\/www.verztec.com\/wp-json\/wp\/v2\/media?parent=1804"}],"curies":[{"name":"wp","href":"https:\/\/api.w.org\/{rel}","templated":true}]}}