{"id":1807,"date":"2024-07-15T08:51:12","date_gmt":"2024-07-15T08:51:12","guid":{"rendered":"http:\/\/staging.verztec.com\/verztec\/entertainment\/"},"modified":"2025-02-03T08:49:47","modified_gmt":"2025-02-03T08:49:47","slug":"entertainment","status":"publish","type":"page","link":"https:\/\/www.verztec.com\/entertainment","title":{"rendered":"Intrattenimento"},"content":{"rendered":"<p>Nel mondo dinamico dell&#8217;intrattenimento, catturare l&#8217;attenzione del pubblico e rimanere rilevante richiede pi\u00f9 della semplice creativit\u00e0: \u00e8 necessaria una comunicazione efficace attraverso diverse culture e lingue. Dai film e programmi televisivi alla musica e agli eventi dal vivo, l&#8217;industria dell&#8217;intrattenimento prospera nel connettersi con il pubblico globale.<\/p>\r\n<p>In Verztec, comprendiamo il ruolo fondamentale della localizzazione nel migliorare l&#8217;engagement del pubblico e nell&#8217;espandere la portata del mercato. I nostri servizi specializzati rispondono alle esigenze uniche delle aziende di intrattenimento, assicurando che i contenuti risuonino in modo autentico con gli spettatori, gli ascoltatori e i partecipanti locali in tutto il mondo.<\/p>\r\n<p>I servizi di localizzazione di Verztec coprono una vasta gamma di media di intrattenimento:<\/p>\r\n<p><b>Film e televisione:<\/b> Localizziamo i sottotitoli, i copioni per il doppiaggio e il materiale promozionale per garantire un&#8217;esperienza di visione fluida in diverse lingue e culture. I nostri linguisti esperti e specialisti audiovisivi preservano l&#8217;integrit\u00e0 artistica delle tue produzioni pur rendendole accessibili al pubblico globale.<\/p>\r\n<p><b>Musica e arti performative:<\/b> Dalla traduzione dei testi delle canzoni e delle note dell&#8217;album all&#8217;adattamento dei programmi dei concerti e dei contenuti promozionali, Verztec supporta artisti e etichette nel raggiungere appassionati di musica e spettatori di teatro in tutto il mondo. Ci assicuriamo che le tue espressioni creative siano trasmesse in modo preciso in ogni lingua.<\/p>\r\n<p><b>Eventi dal vivo e festival:<\/b> Per eventi internazionali e festival, Verztec fornisce soluzioni di localizzazione complete. Traduciamo gli orari degli eventi, i materiali di marketing e la comunicazione con i partecipanti per facilitare le interazioni fluide e migliorare l&#8217;esperienza dei partecipanti oltre i confini.<\/p>\r\n<p><b>Piattaforme digitali e di streaming:<\/b> Nell&#8217;era digitale, i servizi di streaming e le piattaforme online sono i motori del consumo globale di intrattenimento. Verztec offre la localizzazione dei contenuti digitali, inclusi interfacce di app, contenuti di siti web e media in streaming, per ottimizzare l&#8217;engagement e la fidelizzazione degli utenti a livello mondiale.<\/p>\r\n<p><b>Soluzioni di apprendimento digitale:<\/b> Migliorare l&#8217;engagement del pubblico e la fidelizzazione degli utenti \u00e8 cruciale nell&#8217;industria dell&#8217;intrattenimento. Verztec sviluppa moduli interattivi di eLearning, video di formazione e esperienze gamificate per educare i fan, migliorare la lealt\u00e0 degli spettatori ed elevare l&#8217;esperienza complessiva dell&#8217;intrattenimento.<\/p>\r\n<p>Che tu stia lanciando un nuovo film, producendo un album musicale, organizzando un evento globale o espandendo la tua presenza digitale, Verztec offre soluzioni di localizzazione e apprendimento digitale personalizzate per aiutarti a connetterti con il pubblico di tutto il mondo.<\/p>\r\n<p>Collabora con noi per migliorare il tuo contenuto di intrattenimento e raggiungere il successo globale. Contatta Verztec oggi per scoprire di pi\u00f9 sui nostri servizi specializzati per l&#8217;industria dell&#8217;intrattenimento.<\/p>\r\n\r\n<hr style=\"margin-top: 20px; margin-bottom: 20px; border: 0; border-top: 1px solid #eee;\" \/>\n<p style=\"margin-bottom: 0;\"><a href=\"https:\/\/www.verztec.com\/it\/testimonials\/\" target=\"_blank\" rel=\"noopener\">Testimonianze dei Clienti<\/a> &nbsp; : Leggi cosa dicono i nostri clienti di noi!<\/p>\n<p><a href=\"https:\/\/www.verztec.com\/it\/clients\/\" target=\"_blank\" rel=\"noopener\">I Nostri Preziosi Clienti<\/a> &nbsp; : Visualizza l&#8217;elenco dei nostri stimati clienti.<\/p>\n\r\n","protected":false},"excerpt":{"rendered":"<p>Nel mondo dinamico dell&#8217;intrattenimento, catturare l&#8217;attenzione del pubblico e rimanere rilevante richiede pi\u00f9 della semplice creativit\u00e0: \u00e8 necessaria una comunicazione efficace attraverso diverse culture e lingue. Dai film e programmi&hellip;<\/p>\n","protected":false},"author":1,"featured_media":4027,"parent":0,"menu_order":2,"comment_status":"closed","ping_status":"closed","template":"","meta":{"footnotes":""},"class_list":["post-1807","page","type-page","status-publish","has-post-thumbnail","hentry"],"_links":{"self":[{"href":"https:\/\/www.verztec.com\/wp-json\/wp\/v2\/pages\/1807"}],"collection":[{"href":"https:\/\/www.verztec.com\/wp-json\/wp\/v2\/pages"}],"about":[{"href":"https:\/\/www.verztec.com\/wp-json\/wp\/v2\/types\/page"}],"author":[{"embeddable":true,"href":"https:\/\/www.verztec.com\/wp-json\/wp\/v2\/users\/1"}],"replies":[{"embeddable":true,"href":"https:\/\/www.verztec.com\/wp-json\/wp\/v2\/comments?post=1807"}],"version-history":[{"count":2,"href":"https:\/\/www.verztec.com\/wp-json\/wp\/v2\/pages\/1807\/revisions"}],"predecessor-version":[{"id":2884,"href":"https:\/\/www.verztec.com\/wp-json\/wp\/v2\/pages\/1807\/revisions\/2884"}],"wp:featuredmedia":[{"embeddable":true,"href":"https:\/\/www.verztec.com\/wp-json\/wp\/v2\/media\/4027"}],"wp:attachment":[{"href":"https:\/\/www.verztec.com\/wp-json\/wp\/v2\/media?parent=1807"}],"curies":[{"name":"wp","href":"https:\/\/api.w.org\/{rel}","templated":true}]}}