{"id":1808,"date":"2024-07-15T08:53:53","date_gmt":"2024-07-15T08:53:53","guid":{"rendered":"http:\/\/staging.verztec.com\/verztec\/non-profit-agencies\/"},"modified":"2025-02-03T08:36:37","modified_gmt":"2025-02-03T08:36:37","slug":"non-profit-agencies","status":"publish","type":"page","link":"https:\/\/www.verztec.com\/non-profit-agencies","title":{"rendered":"Organizzazioni non profit"},"content":{"rendered":"<p>Nel settore delle organizzazioni non profit, una comunicazione efficace \u00e8 fondamentale per favorire connessioni significative e promuovere iniziative impattanti. Mentre le organizzazioni si impegnano per affrontare problemi sociali urgenti e difendere il cambiamento, la necessit\u00e0 di coinvolgere diverse comunit\u00e0 e stakeholder sta diventando sempre pi\u00f9 importante.<\/p>\r\n<p>In Verztec, riconosciamo le sfide uniche che le organizzazioni non profit affrontano nel comunicare le loro missioni, valori e iniziative attraverso barriere culturali e linguistiche. I nostri servizi specializzati di localizzazione e comunicazione consentono alle organizzazioni non profit di raggiungere il pubblico globale, amplificare i loro messaggi e ispirare azioni a livello mondiale.<\/p>\r\n<p><b>Campagne di advocacy e sensibilizzazione:<\/b> Collaboriamo con le organizzazioni non profit per localizzare le campagne di advocacy, assicurandoci che i messaggi chiave risuonino autenticamente con il pubblico target in diverse regioni. Dalla traduzione del materiale delle campagne all&#8217;adattamento dei contenuti multimediali, Verztec supporta le organizzazioni nell&#8217;aumentare la consapevolezza e mobilitare il supporto per cause sociali critiche in tutto il mondo.<\/p>\r\n<p><b>Raccolta fondi e coinvolgimento dei donatori:<\/b> Un coinvolgimento efficace dei donatori \u00e8 essenziale per sostenere le operazioni delle organizzazioni non profit e spingere gli sforzi di raccolta fondi. Verztec fornisce la localizzazione delle richieste di donazione, delle comunicazioni con i donatori e del materiale per gli eventi di raccolta fondi per migliorare l&#8217;efficacia della diffusione e coltivare le relazioni con i donatori in diverse comunit\u00e0 linguistiche.<\/p>\r\n<p><b>Programmi educativi e di formazione:<\/b> Le organizzazioni non profit spesso realizzano iniziative educative per dare potere alle comunit\u00e0 e agli stakeholder. Verztec sviluppa materiali educativi multilingue, moduli di formazione e piattaforme di e-learning per facilitare la diffusione della conoscenza e lo sviluppo delle competenze su scala globale. Le nostre soluzioni di apprendimento digitale garantiscono che i contenuti educativi siano accessibili e impattanti oltre i confini.<\/p>\r\n<p><b>Costruzione di capacit\u00e0 e partnership globali:<\/b> Per rafforzare le capacit\u00e0 organizzative e favorire collaborazioni globali, Verztec offre la traduzione e localizzazione di accordi di partnership, proposte di finanziamento e documentazione programmatica. Aiutiamo le organizzazioni non profit a superare le sfide della comunicazione interculturale e a creare partnership strategiche che generano un impatto sostenibile.<\/p>\r\n<p><b>Relazioni pubbliche e sensibilizzazione:<\/b> Dai comunicati stampa e kit stampa ai contenuti dei siti web e alle campagne sui social media, Verztec supporta le organizzazioni non profit nel creare narrazioni coinvolgenti che risuonano con il pubblico internazionale. I nostri servizi completi di localizzazione migliorano la visibilit\u00e0, la credibilit\u00e0 e l&#8217;engagement, consentendo alle organizzazioni di amplificare i loro sforzi di sensibilizzazione e ottenere una maggiore influenza.<\/p>\r\n<p><b>Soluzioni di apprendimento digitale:<\/b> Nell&#8217;era digitale, le organizzazioni non profit utilizzano piattaforme digitali per il coinvolgimento della comunit\u00e0 e la difesa delle cause. Verztec sviluppa moduli interattivi di e-learning, webinar e contenuti multimediali per educare le parti interessate, promuovere cause sociali e favorire una comprensione pi\u00f9 profonda di questioni complesse.<\/p>\r\n<p>Collabora con Verztec per amplificare l&#8217;impatto della tua organizzazione non profit attraverso soluzioni esperte di localizzazione e apprendimento digitale. Insieme, possiamo abbattere le barriere linguistiche, potenziare le comunit\u00e0 e promuovere un cambiamento positivo in tutto il mondo. Contatta Verztec oggi stesso per scoprire come possiamo supportare la missione della tua organizzazione con soluzioni linguistiche su misura.<\/p>\r\n\r\n<hr style=\"margin-top: 20px; margin-bottom: 20px; border: 0; border-top: 1px solid #eee;\" \/>\n<p style=\"margin-bottom: 0;\"><a href=\"https:\/\/www.verztec.com\/it\/testimonials\/\" target=\"_blank\" rel=\"noopener\">Testimonianze dei Clienti<\/a> &nbsp; : Leggi cosa dicono i nostri clienti di noi!<\/p>\n<p><a href=\"https:\/\/www.verztec.com\/it\/clients\/\" target=\"_blank\" rel=\"noopener\">I Nostri Preziosi Clienti<\/a> &nbsp; : Visualizza l&#8217;elenco dei nostri stimati clienti.<\/p>\n\r\n","protected":false},"excerpt":{"rendered":"<p>Nel settore delle organizzazioni non profit, una comunicazione efficace \u00e8 fondamentale per favorire connessioni significative e promuovere iniziative impattanti. Mentre le organizzazioni si impegnano per affrontare problemi sociali urgenti e&hellip;<\/p>\n","protected":false},"author":1,"featured_media":4027,"parent":0,"menu_order":1,"comment_status":"closed","ping_status":"closed","template":"","meta":{"footnotes":""},"class_list":["post-1808","page","type-page","status-publish","has-post-thumbnail","hentry"],"_links":{"self":[{"href":"https:\/\/www.verztec.com\/wp-json\/wp\/v2\/pages\/1808"}],"collection":[{"href":"https:\/\/www.verztec.com\/wp-json\/wp\/v2\/pages"}],"about":[{"href":"https:\/\/www.verztec.com\/wp-json\/wp\/v2\/types\/page"}],"author":[{"embeddable":true,"href":"https:\/\/www.verztec.com\/wp-json\/wp\/v2\/users\/1"}],"replies":[{"embeddable":true,"href":"https:\/\/www.verztec.com\/wp-json\/wp\/v2\/comments?post=1808"}],"version-history":[{"count":2,"href":"https:\/\/www.verztec.com\/wp-json\/wp\/v2\/pages\/1808\/revisions"}],"predecessor-version":[{"id":2878,"href":"https:\/\/www.verztec.com\/wp-json\/wp\/v2\/pages\/1808\/revisions\/2878"}],"wp:featuredmedia":[{"embeddable":true,"href":"https:\/\/www.verztec.com\/wp-json\/wp\/v2\/media\/4027"}],"wp:attachment":[{"href":"https:\/\/www.verztec.com\/wp-json\/wp\/v2\/media?parent=1808"}],"curies":[{"name":"wp","href":"https:\/\/api.w.org\/{rel}","templated":true}]}}