{"id":22,"date":"2009-06-17T03:29:24","date_gmt":"2009-06-17T03:29:24","guid":{"rendered":"http:\/\/staging.verztec.com\/verztec\/contact-us\/"},"modified":"2025-01-03T06:28:55","modified_gmt":"2025-01-03T06:28:55","slug":"contact-us","status":"publish","type":"page","link":"https:\/\/www.verztec.com\/contact-us","title":{"rendered":"Le nostre sedi"},"content":{"rendered":"\r\n<style>\r\n    .country {\r\n        font-weight: bold;\r\n        text-decoration: underline;\r\n    }\r\n\r\n    .row {\r\n        display: flex;\r\n        margin-bottom: 20px;\r\n    }\r\n\r\n    .address {\r\n        width: 20%;\r\n        margin-right: 40rem;\r\n    }\r\n\r\n    .location_image {\r\n        width: 58.33333333%;\r\n        max-width: 600px;\r\n    }\r\n\r\n    .email.top {\r\n        height: 20px;\r\n    }\r\n\r\n    .email.singapore {\r\n        height: 24px;\r\n    }\r\n\r\n    .email.london {\r\n        height: 22px;\r\n    }\r\n\r\n    .email.newyork {\r\n        height: 19px;\r\n    }\r\n\r\n    .email.thailand {\r\n        height: 19px;\r\n    }\r\n\r\n    .email.indonesia {\r\n        height: 22px;\r\n    }\r\n\r\n    .email.korea {\r\n        height: 20px;\r\n    }\r\n\r\n    .email.china {\r\n        height: 22px;\r\n    }\r\n\r\n    .email.japan {\r\n        height: 20px;\r\n    }\r\n\r\n    .email.vietnam {\r\n        height: 20px;\r\n    }\r\n\r\n    .email.myanmar {\r\n        height: 21px;\r\n    }\r\n\r\n    @media only screen and (max-width: 1200px) {\r\n        .address {\r\n            width: 80%;\r\n        }\r\n    }\r\n\r\n    @media only screen and (max-width: 992px) {\r\n        .row {\r\n            flex-direction: column;\r\n        }\r\n\r\n        .address {\r\n            width: 100%;\r\n            margin-right: 0;\r\n        }\r\n\r\n        .location_image {\r\n            width: 100%;\r\n        }\r\n\r\n        .email.top {\r\n            height: 16px;\r\n        }   \r\n\r\n        .email.singapore {\r\n            width: 170px;\r\n        }\r\n\r\n        .email.london {\r\n            height: 18px;\r\n        }   \r\n\r\n        .email.newyork {\r\n            height: 15px;\r\n        }\r\n\r\n        .email.thailand {\r\n            height: 16px;\r\n        }\r\n\r\n        .email.indonesia {\r\n            height: 18px;\r\n        }\r\n\r\n        .email.korea {\r\n            height: 16px;\r\n        }\r\n\r\n        .email.china {\r\n            height: 18px;\r\n        }\r\n\r\n        .email.japan {\r\n            height: 16px;\r\n        }\r\n\r\n        .email.vietnam {\r\n            height: 16px;\r\n        }\r\n\r\n        .email.myanmar {\r\n            height: 17px;\r\n        }\r\n    }\r\n<\/style>\r\n\r\n<p>Grazie per averci contattato su Verztec. Siamo sempre felici di discutere con voi su come Verztec pu\u00f2 aiutare a far crescere la vostra attivit\u00e0. Contattateci in qualsiasi momento!<\/p>\r\n<p><strong><span style=\"text-decoration: underline;\">Opportunit\u00e0 di lavoro<\/span><\/strong><\/p>\r\n<ol style=\"margin-bottom: 20px;\">\r\n<li>Per informazioni su carriere a tempo pieno o opportunit\u00e0 di contratto con Verztec, visitate la nostra pagina <a title=\"Opportunit\u00e0 di lavoro\" href=\"employment-opportunities\" target=\"_self\" rel=\"noopener\">Opportunit\u00e0 di lavoro<\/a>.<\/li>\r\n<li>Per diventare partner o fornitore di Verztec, registratevi su <a title=\"Verztec Xtranet\" href=\"https:\/\/xtranet.verztec.com\/\" target=\"_blank\" rel=\"noopener\">Verztec Xtranet<\/a>.<\/li>\r\n<\/ol>\r\n<p><span style=\"text-decoration: underline;\"><strong>Relazioni con i media<\/strong><\/span><\/p>\r\n<p>Email: <img decoding=\"async\" src=\"https:\/\/www.verztec.com\/wp-content\/images\/ourlocations\/media-email.png\" class=\"email top\" alt=\"\" \/><\/p>\r\n<p><span style=\"text-decoration: underline;\"><strong>Assistenza commerciale<\/strong><\/span><\/p>\r\n<p>Email: <img decoding=\"async\" src=\"https:\/\/www.verztec.com\/wp-content\/images\/ourlocations\/enquiry-email.png\" class=\"email top\" alt=\"\" \/><\/p>\r\n<p><span style=\"text-decoration: underline;\"><strong>Relazioni con gli investitori<\/strong><\/span><\/p>\r\n<p>Email: <img decoding=\"async\" src=\"https:\/\/www.verztec.com\/wp-content\/images\/ourlocations\/invest-email.png\" class=\"email top\" alt=\"\" \/><\/p>\r\n<h3 class=\"title-normal\">Sedi<\/h3>\r\n<p><em>Sede principale<\/em><\/p>\r\n<div class=\"row bottom-spacing\">\r\n<div class=\"col-sm-5 address\">\r\n<p><span class=\"country\">Singapore<\/span><\/p>\r\n<p>10 Jalan Besar #16-01\/02<br \/>Sim Lim Tower<br \/>Singapore 208787<\/p>\r\n<p>Tel: +65 6577 4646 <br \/>Fax: +65 6577 4647<br \/>Email: <img decoding=\"async\" src=\"https:\/\/www.verztec.com\/wp-content\/images\/ourlocations\/singapore-email.png\" class=\"email singapore\" alt=\"\" \/><\/p>\r\n<\/div>\r\n<div class=\"col-sm-7 location_image location_image\"><img loading=\"lazy\" decoding=\"async\" class=\" size-full wp-image-12\" style=\"width: 100%;\" src=\"https:\/\/www.verztec.com\/wp-content\/uploads\/2009\/06\/sg.jpg\" alt=\"\" width=\"850\" height=\"300\" srcset=\"https:\/\/www.verztec.com\/wp-content\/uploads\/2009\/06\/sg.jpg 850w, https:\/\/www.verztec.com\/wp-content\/uploads\/2009\/06\/sg-300x106.jpg 300w, https:\/\/www.verztec.com\/wp-content\/uploads\/2009\/06\/sg-768x271.jpg 768w\" sizes=\"(max-width: 850px) 100vw, 850px\" \/><\/div>\r\n<\/div>\r\n<div class=\"row bottom-spacing\">\r\n<div class=\"col-sm-5 address\">\r\n<p><span class=\"country\">Londra, Regno Unito<\/span><\/p>\r\n<p>80-83 Long Lane<br \/>Londra, EC1A 9ET<br \/>Regno Unito<\/p>\r\n<p>Tel: +44 203 524 1634<br \/>Email: <img decoding=\"async\" src=\"https:\/\/www.verztec.com\/wp-content\/images\/ourlocations\/london-email.png\" class=\"email london\" alt=\"\" \/><\/p>\r\n<\/div>\r\n<div class=\"col-sm-7 location_image\"><img loading=\"lazy\" decoding=\"async\" class=\" size-full wp-image-13\" style=\"width: 100%;\" src=\"https:\/\/www.verztec.com\/wp-content\/uploads\/2009\/06\/uk.jpg\" alt=\"\" width=\"850\" height=\"300\" srcset=\"https:\/\/www.verztec.com\/wp-content\/uploads\/2009\/06\/uk.jpg 850w, https:\/\/www.verztec.com\/wp-content\/uploads\/2009\/06\/uk-300x106.jpg 300w, https:\/\/www.verztec.com\/wp-content\/uploads\/2009\/06\/uk-768x271.jpg 768w\" sizes=\"(max-width: 850px) 100vw, 850px\" \/><\/div>\r\n<\/div>\r\n<div class=\"row bottom-spacing\">\r\n<div class=\"col-sm-5 address\">\r\n<p><span class=\"country\">New York, Stati Uniti<\/span><\/p>\r\n<p>576 Fifth Ave, Suite 903<br \/>New York, NY 10036<br \/>Stati Uniti<\/p>\r\n<p>Tel: +1 212 3308235<br \/>Fax: +1 212 3308236<br \/>Email: <img decoding=\"async\" src=\"https:\/\/www.verztec.com\/wp-content\/images\/ourlocations\/newyork-email.png\" class=\"email newyork\" alt=\"\" \/><\/p>\r\n<\/div>\r\n<div class=\"col-sm-7 location_image\"><img loading=\"lazy\" decoding=\"async\" class=\" size-full wp-image-14\" style=\"width: 100%;\" src=\"https:\/\/www.verztec.com\/wp-content\/uploads\/2009\/06\/us.jpg\" alt=\"\" width=\"850\" height=\"300\" srcset=\"https:\/\/www.verztec.com\/wp-content\/uploads\/2009\/06\/us.jpg 850w, https:\/\/www.verztec.com\/wp-content\/uploads\/2009\/06\/us-300x106.jpg 300w, https:\/\/www.verztec.com\/wp-content\/uploads\/2009\/06\/us-768x271.jpg 768w\" sizes=\"(max-width: 850px) 100vw, 850px\" \/><\/div>\r\n<\/div>\r\n<div class=\"row bottom-spacing\">\r\n<div class=\"col-sm-5 address\">\r\n<p><span class=\"country\">Bangkok, Tailandia<\/span><\/p>\r\n<p>26 Sathorn Prime Tower<br \/>Unit 8, 11th Floor,<br \/>Naradhiwas-Rajanagarindra Road, Yannawa,<br \/>Sathorn, Bangkok 10120<br \/>Tailandia<\/p>\r\n<p>Tel: +66 2 670 0461<br \/>Fax: +66 2 670 0462<br \/>Email: <img decoding=\"async\" src=\"https:\/\/www.verztec.com\/wp-content\/images\/ourlocations\/bangkok-email.png\" class=\"email thailand\" alt=\"\" \/><\/p>\r\n<\/div>\r\n<div class=\"col-sm-7 location_image\"><img loading=\"lazy\" decoding=\"async\" class=\" size-full wp-image-15\" style=\"width: 100%;\" src=\"https:\/\/www.verztec.com\/wp-content\/uploads\/2009\/06\/th.jpg\" alt=\"\" width=\"850\" height=\"300\" srcset=\"https:\/\/www.verztec.com\/wp-content\/uploads\/2009\/06\/th.jpg 850w, https:\/\/www.verztec.com\/wp-content\/uploads\/2009\/06\/th-300x106.jpg 300w, https:\/\/www.verztec.com\/wp-content\/uploads\/2009\/06\/th-768x271.jpg 768w\" sizes=\"(max-width: 850px) 100vw, 850px\" \/><\/div>\r\n<\/div>\r\n<div class=\"row bottom-spacing\">\r\n<div class=\"col-sm-5 address\">\r\n<p><span class=\"country\">Giacarta, Indonesia<\/span><\/p>\r\n<p>Sampoerna Strategic Square, <br \/>North Tower, 24th Floor, <br \/>Jl. Jend. Sudirman Kav 45-46, <br \/>Giacarta 12930<br \/>Indonesia<\/p>\r\n<p>Tel: +62 21 50 150 150<br \/>Email: <img decoding=\"async\" src=\"https:\/\/www.verztec.com\/wp-content\/images\/ourlocations\/jakarta-email.png\" class=\"email indonesia\" alt=\"\" \/><\/p>\r\n<\/div>\r\n<div class=\"col-sm-7 location_image\"><img loading=\"lazy\" decoding=\"async\" class=\" size-full wp-image-16\" style=\"width: 100%;\" src=\"https:\/\/www.verztec.com\/wp-content\/uploads\/2009\/06\/indo.jpg\" alt=\"\" width=\"850\" height=\"300\" srcset=\"https:\/\/www.verztec.com\/wp-content\/uploads\/2009\/06\/indo.jpg 850w, https:\/\/www.verztec.com\/wp-content\/uploads\/2009\/06\/indo-300x106.jpg 300w, https:\/\/www.verztec.com\/wp-content\/uploads\/2009\/06\/indo-768x271.jpg 768w\" sizes=\"(max-width: 850px) 100vw, 850px\" \/><\/div>\r\n<\/div>\r\n<div class=\"row bottom-spacing\">\r\n<div class=\"col-sm-5 address\">\r\n<p><span class=\"country\">Seoul, Corea del Sud<\/span><\/p>\r\n<p>20F, Korea First Bank Bldg.<br \/>100 Gongpyung-dong, Jongno-gu<br \/>Seoul 110-702<br \/>Corea del Sud<\/p>\r\n<p>Tel: +82 (2) 2076 8320<br \/>Fax: +82 (2) 2076 8488<br \/>Email: <img decoding=\"async\" src=\"https:\/\/www.verztec.com\/wp-content\/images\/ourlocations\/seoul-email.png\" class=\"email korea\" alt=\"\" \/><\/p>\r\n<\/div>\r\n<div class=\"col-sm-7 location_image\"><img loading=\"lazy\" decoding=\"async\" class=\" size-full wp-image-17\" style=\"width: 100%;\" src=\"https:\/\/www.verztec.com\/wp-content\/uploads\/2009\/06\/kr.jpg\" alt=\"\" width=\"850\" height=\"300\" srcset=\"https:\/\/www.verztec.com\/wp-content\/uploads\/2009\/06\/kr.jpg 850w, https:\/\/www.verztec.com\/wp-content\/uploads\/2009\/06\/kr-300x106.jpg 300w, https:\/\/www.verztec.com\/wp-content\/uploads\/2009\/06\/kr-768x271.jpg 768w\" sizes=\"(max-width: 850px) 100vw, 850px\" \/><\/div>\r\n<\/div>\r\n<div class=\"row bottom-spacing\">\r\n<div class=\"col-sm-5 address\">\r\n<p><span class=\"country\">Xiamen, Cina<\/span><\/p>\r\n<p>15L\/M, Huangda Building<br \/>28 Houdaixi Rd. Xiamen 361004<br \/>Cina<\/p>\r\n<p>Tel: +86 (0)10 8405 4230<br \/>Email: <img decoding=\"async\" src=\"https:\/\/www.verztec.com\/wp-content\/images\/ourlocations\/xiamen-email.png\" class=\"email china\" alt=\"\" \/><\/p>\r\n<\/div>\r\n<div class=\"col-sm-7 location_image\"><img loading=\"lazy\" decoding=\"async\" class=\" size-full wp-image-18\" style=\"width: 100%;\" src=\"https:\/\/www.verztec.com\/wp-content\/uploads\/2009\/06\/ch.jpg\" alt=\"\" width=\"850\" height=\"300\" srcset=\"https:\/\/www.verztec.com\/wp-content\/uploads\/2009\/06\/ch.jpg 850w, https:\/\/www.verztec.com\/wp-content\/uploads\/2009\/06\/ch-300x106.jpg 300w, https:\/\/www.verztec.com\/wp-content\/uploads\/2009\/06\/ch-768x271.jpg 768w\" sizes=\"(max-width: 850px) 100vw, 850px\" \/><\/div>\r\n<\/div>\r\n<div class=\"row bottom-spacing\">\r\n<div class=\"col-sm-5 address\">\r\n<p><span class=\"country\">Tokyo, Giappone<\/span><\/p>\r\n<p>3F Nishishinjuku K-1 Building<br \/>7-2-6 Nishi-Shinjuku<br \/>Shinjuku-ku, Tokyo, Giappone 160-0023<\/p>\r\n<p>Tel: +81 3 6890 1145<br \/>Fax: +81 3 6890 1157<br \/>Email: <img decoding=\"async\" src=\"https:\/\/www.verztec.com\/wp-content\/images\/ourlocations\/tokyo-email.png\" class=\"email japan\" alt=\"\" \/><\/p>\r\n<\/div>\r\n<div class=\"col-sm-7 location_image\"><img loading=\"lazy\" decoding=\"async\" class=\" size-full wp-image-19\" style=\"width: 100%;\" src=\"https:\/\/www.verztec.com\/wp-content\/uploads\/2009\/06\/jp.jpg\" alt=\"\" width=\"850\" height=\"300\" srcset=\"https:\/\/www.verztec.com\/wp-content\/uploads\/2009\/06\/jp.jpg 850w, https:\/\/www.verztec.com\/wp-content\/uploads\/2009\/06\/jp-300x106.jpg 300w, https:\/\/www.verztec.com\/wp-content\/uploads\/2009\/06\/jp-768x271.jpg 768w\" sizes=\"(max-width: 850px) 100vw, 850px\" \/><\/div>\r\n<\/div>\r\n<div class=\"row bottom-spacing\">\r\n<div class=\"col-sm-5 address\">\r\n<p><span class=\"country\">Citt\u00e0 di Ho Chi Minh, Vietnam<\/span><\/p>\r\n<p>Level 14, Saigon Centre Tower 1,<br \/>65 Le Loi Street,<br \/>Ben Nghe Ward, District 1,<br \/>Citt\u00e0 di Ho Chi Minh, Vietnam<\/p>\r\n<p>Tel: +84 911 054 977 \/ +84 911 742 977<br \/>Email: <img decoding=\"async\" src=\"https:\/\/www.verztec.com\/wp-content\/images\/ourlocations\/hochiminh-email.png\" class=\"email vietnam\" alt=\"\" \/><\/p>\r\n<\/div>\r\n<div class=\"col-sm-7 location_image\"><img loading=\"lazy\" decoding=\"async\" class=\" size-full wp-image-20\" style=\"width: 100%;\" src=\"https:\/\/www.verztec.com\/wp-content\/uploads\/2009\/06\/vn.jpg\" alt=\"\" width=\"850\" height=\"300\" srcset=\"https:\/\/www.verztec.com\/wp-content\/uploads\/2009\/06\/vn.jpg 850w, https:\/\/www.verztec.com\/wp-content\/uploads\/2009\/06\/vn-300x106.jpg 300w, https:\/\/www.verztec.com\/wp-content\/uploads\/2009\/06\/vn-768x271.jpg 768w\" sizes=\"(max-width: 850px) 100vw, 850px\" \/><\/div>\r\n<\/div>\r\n<div class=\"row\">\r\n<div class=\"col-sm-5 address\">\r\n<p><span class=\"country\">Yangon, Myanmar<\/span><\/p>\r\n<p>No 520 Kabar Aye Pagoda Road,<br \/>Excel Tower, 2nd Floor,<br \/>Unit 206, Bahan Township,<br \/>Yangon, Myanmar<\/p>\r\n<p>Email: <img decoding=\"async\" src=\"https:\/\/www.verztec.com\/wp-content\/images\/ourlocations\/yangon-email.png\" class=\"email myanmar\" alt=\"\" \/><\/p>\r\n<\/div>\r\n<div class=\"col-sm-7 location_image\"><img loading=\"lazy\" decoding=\"async\" class=\" size-full wp-image-21\" style=\"width: 100%;\" src=\"https:\/\/www.verztec.com\/wp-content\/uploads\/2009\/06\/mm.jpg\" alt=\"\" width=\"850\" height=\"300\" srcset=\"https:\/\/www.verztec.com\/wp-content\/uploads\/2009\/06\/mm.jpg 850w, https:\/\/www.verztec.com\/wp-content\/uploads\/2009\/06\/mm-300x106.jpg 300w, https:\/\/www.verztec.com\/wp-content\/uploads\/2009\/06\/mm-768x271.jpg 768w\" sizes=\"(max-width: 850px) 100vw, 850px\" \/><\/div>\r\n<\/div>\r\n\r\n","protected":false},"excerpt":{"rendered":"<p>Grazie per averci contattato su Verztec. Siamo sempre felici di discutere con voi su come Verztec pu\u00f2 aiutare a far crescere la vostra attivit\u00e0. Contattateci in qualsiasi momento! Opportunit\u00e0 di&hellip;<\/p>\n","protected":false},"author":1,"featured_media":2033,"parent":0,"menu_order":12,"comment_status":"closed","ping_status":"closed","template":"","meta":{"footnotes":""},"class_list":["post-22","page","type-page","status-publish","has-post-thumbnail","hentry"],"_links":{"self":[{"href":"https:\/\/www.verztec.com\/wp-json\/wp\/v2\/pages\/22"}],"collection":[{"href":"https:\/\/www.verztec.com\/wp-json\/wp\/v2\/pages"}],"about":[{"href":"https:\/\/www.verztec.com\/wp-json\/wp\/v2\/types\/page"}],"author":[{"embeddable":true,"href":"https:\/\/www.verztec.com\/wp-json\/wp\/v2\/users\/1"}],"replies":[{"embeddable":true,"href":"https:\/\/www.verztec.com\/wp-json\/wp\/v2\/comments?post=22"}],"version-history":[{"count":51,"href":"https:\/\/www.verztec.com\/wp-json\/wp\/v2\/pages\/22\/revisions"}],"predecessor-version":[{"id":3952,"href":"https:\/\/www.verztec.com\/wp-json\/wp\/v2\/pages\/22\/revisions\/3952"}],"wp:featuredmedia":[{"embeddable":true,"href":"https:\/\/www.verztec.com\/wp-json\/wp\/v2\/media\/2033"}],"wp:attachment":[{"href":"https:\/\/www.verztec.com\/wp-json\/wp\/v2\/media?parent=22"}],"curies":[{"name":"wp","href":"https:\/\/api.w.org\/{rel}","templated":true}]}}