{"id":678,"date":"2009-07-31T04:29:06","date_gmt":"2009-07-31T04:29:06","guid":{"rendered":"http:\/\/staging.verztec.com\/verztec\/investors\/"},"modified":"2024-10-29T06:26:33","modified_gmt":"2024-10-29T06:26:33","slug":"investors","status":"publish","type":"page","link":"https:\/\/www.verztec.com\/investors","title":{"rendered":"Relazioni con gli Investitori"},"content":{"rendered":"\r\n<p>In Verztec, diamo priorit\u00e0 alla comunicazione trasparente e a un impegno costante nel mantenere le nostre promesse, il che ci aiuta a guadagnare la fiducia dei nostri investitori. Il nostro storico dimostra risultati costanti grazie a tassi di crescita elevati e al raggiungimento con successo dei nostri obiettivi finanziari.<\/p>\r\n\r\n\r\n\r\n<p>Man mano che le aziende si globalizzano e si espandono in mercati esteri, si prevede che la domanda di servizi di localizzazione aumenter\u00e0 significativamente nei prossimi anni. Questo offre solide opportunit\u00e0 di crescita continua e innovazione nel nostro settore. Inoltre, il passaggio verso soluzioni di apprendimento digitale posiziona Verztec all&#8217;avanguardia di un mercato in rapida evoluzione, con un potenziale di crescita significativo nell&#8217;eLearning e nella formazione online.<\/p>\r\n\r\n\r\n\r\n<p>Verztec \u00e8 una societ\u00e0 tecnologica dinamica e in rapida crescita, e vi invitiamo a far parte del nostro percorso. Il vostro investimento pu\u00f2 aiutarci a portare avanti la nostra missione e a sfruttare le opportunit\u00e0 di mercato emergenti sia nella localizzazione che nell&#8217;apprendimento digitale.<\/p>\r\n\r\n\r\n\r\n<p>Per gli investitori interessati, vi preghiamo di contattarci a <a class=\"blue\" href=\"mailto:invest@verztec.com\">invest@verztec.com<\/a> per ulteriori dettagli sulle potenziali opportunit\u00e0 di investimento.<\/p>\r\n<p>&nbsp;<\/p>\r\n\r\n\r\n\r\n<h3 class=\"wp-block-heading title-normal\">Partnership Strategica: Grandiose Pte Ltd<\/h3>\r\n\r\n\r\n\r\n<figure class=\"wp-block-image\"><img loading=\"lazy\" decoding=\"async\" width=\"331\" height=\"60\" src=\"https:\/\/www.verztec.com\/wp-content\/uploads\/2009\/07\/grandiose.jpg\" alt=\"grandiose\" class=\"wp-image-677\" title=\"Grandiose\" srcset=\"https:\/\/www.verztec.com\/wp-content\/uploads\/2009\/07\/grandiose.jpg 331w, https:\/\/www.verztec.com\/wp-content\/uploads\/2009\/07\/grandiose-300x54.jpg 300w\" sizes=\"(max-width: 331px) 100vw, 331px\" \/><\/figure>\r\n\r\n\r\n\r\n<p><\/p>\r\n\r\n\r\n\r\n<p>Grandiose Pte Ltd \u00e8 un importante investitore aziendale in Verztec Consulting Pte Ltd. Con una forte presenza nel settore assicurativo, Grandiose si specializza nell&#8217;organizzare assicurazioni per aziende coinvolte in progetti assegnati sia da enti governativi che privati. La loro stimata clientela include multinazionali come Qing Jian Group, Shanghai Tunnel, Samsung C&amp;T Corporation, tra gli altri.<\/p>\r\n\r\n\r\n\r\n<p>Per saperne di pi\u00f9 su Grandiose e i loro servizi completi, visitate <a class=\"blue\" href=\"http:\/\/www.grandiose.com.sg\" target=\"_BLANK\" rel=\"noopener\">http:\/\/www.grandiose.com.sg<\/a>.<\/p>\r\n\r\n\r\n\r\n<p>Insieme, puntiamo a raggiungere traguardi pi\u00f9 alti e a sviluppare relazioni a lungo termine con i nostri investitori. Grazie per aver considerato Verztec come una preziosa aggiunta al vostro portafoglio di investimenti.<\/p>\r\n\r\n","protected":false},"excerpt":{"rendered":"<p>In Verztec, diamo priorit\u00e0 alla comunicazione trasparente e a un impegno costante nel mantenere le nostre promesse, il che ci aiuta a guadagnare la fiducia dei nostri investitori. Il nostro&hellip;<\/p>\n","protected":false},"author":1,"featured_media":2024,"parent":0,"menu_order":18,"comment_status":"closed","ping_status":"closed","template":"","meta":{"footnotes":""},"class_list":["post-678","page","type-page","status-publish","has-post-thumbnail","hentry"],"_links":{"self":[{"href":"https:\/\/www.verztec.com\/wp-json\/wp\/v2\/pages\/678"}],"collection":[{"href":"https:\/\/www.verztec.com\/wp-json\/wp\/v2\/pages"}],"about":[{"href":"https:\/\/www.verztec.com\/wp-json\/wp\/v2\/types\/page"}],"author":[{"embeddable":true,"href":"https:\/\/www.verztec.com\/wp-json\/wp\/v2\/users\/1"}],"replies":[{"embeddable":true,"href":"https:\/\/www.verztec.com\/wp-json\/wp\/v2\/comments?post=678"}],"version-history":[{"count":3,"href":"https:\/\/www.verztec.com\/wp-json\/wp\/v2\/pages\/678\/revisions"}],"predecessor-version":[{"id":2826,"href":"https:\/\/www.verztec.com\/wp-json\/wp\/v2\/pages\/678\/revisions\/2826"}],"wp:featuredmedia":[{"embeddable":true,"href":"https:\/\/www.verztec.com\/wp-json\/wp\/v2\/media\/2024"}],"wp:attachment":[{"href":"https:\/\/www.verztec.com\/wp-json\/wp\/v2\/media?parent=678"}],"curies":[{"name":"wp","href":"https:\/\/api.w.org\/{rel}","templated":true}]}}