{"id":854,"date":"2009-08-03T07:28:50","date_gmt":"2009-08-03T07:28:50","guid":{"rendered":"http:\/\/staging.verztec.com\/verztec\/social-responsibility\/"},"modified":"2024-09-30T03:32:19","modified_gmt":"2024-09-30T03:32:19","slug":"social-responsibility","status":"publish","type":"page","link":"https:\/\/www.verztec.com\/social-responsibility","title":{"rendered":"Il nostro impegno per la CSR (Responsabilit\u00e0 Sociale d'Impresa)."},"content":{"rendered":"<p>Verztec \u00e8 responsabile verso le comunit\u00e0 in cui conduciamo la nostra attivit\u00e0 e dove i nostri dipendenti vivono.<\/p>\n<p>Verztec crede che una reputazione come datore di lavoro diligente, che agisce in modo responsabile, con integrit\u00e0, migliorer\u00e0 la nostra credibilit\u00e0 come fornitore di servizi linguistici di livello mondiale.<\/p>\n<p>Gli affari sono pi\u00f9 di una semplice economia. Sebbene una buona salute finanziaria e la redditivit\u00e0 ci consentano di sopravvivere e prosperare, sono ben lontane dall&#8217;essere tutta la storia di Verztec.<\/p>\n<p>Riconosciamo che il successo della nostra azienda dipende dallo sviluppo, dalla revisione e dall&#8217;implementazione di politiche aziendali responsabili che riguardano l&#8217;ambiente, la selezione dei fornitori e dei dipendenti. Inoltre, consideriamo e gestiamo gli impatti della nostra attivit\u00e0 sui gruppi di stakeholder chiave, tra cui dipendenti, clienti, fornitori, partner e la comunit\u00e0 locale.<\/p>\n<p>Il nostro impegno per una cittadinanza aziendale responsabile \u00e8 esemplificato attraverso il nostro focus sul comportamento etico aziendale, i programmi di donazione aziendale, il coinvolgimento della comunit\u00e0 dei dipendenti e la partecipazione all&#8217;industria.<\/p>\n<p>Verztec si impegna affinch\u00e9 i suoi dipendenti siano onesti, abbiano integrit\u00e0 e facciano sempre la cosa giusta.<\/p>\n<p>Verztec definisce la responsabilit\u00e0 sociale d&#8217;impresa come azioni positive che influenzano i nostri clienti, le nostre persone, i nostri fornitori e le comunit\u00e0 intorno alle nostre attivit\u00e0.<\/p>\n<p>I cinque principali ambiti del nostro impegno per la responsabilit\u00e0 sociale d&#8217;impresa includono:<\/p>\n<ul>\n<li><a href=\"#People\">Le nostre persone<\/a> &#8211; Investire nelle nostre persone e nei nostri processi<\/li>\n<li><a href=\"#Customers\">I nostri clienti<\/a> &#8211; Condurre la nostra attivit\u00e0 in modo etico<\/li>\n<li><a href=\"#Suppliers\">I nostri fornitori<\/a> &#8211; Partnership etiche con i nostri fornitori<\/li>\n<li><a href=\"#Community\">La nostra comunit\u00e0<\/a> \u2013 Impegnarsi con la comunit\u00e0 locale<\/li>\n<li><a href=\"#Environment\">Il nostro ambiente<\/a> &#8211; Gestione dell&#8217;impatto ambientale<\/li>\n<\/ul>\n<p><a title=\"People\" name=\"People\"><\/a><\/p>\n<p>\u00a0<\/p>\n<h3 class=\"title-normal\">Le nostre persone<\/h3>\n<p>Presso Verztec, le nostre persone sono la base della nostra attivit\u00e0 e sono cruciali per il nostro successo a lungo termine. Le valorizziamo molto e ci concentriamo sullo sviluppo del nostro personale gi\u00e0 talentuoso. Tutti i nuovi dipendenti di Verztec partecipano al nostro programma di induzione &#8220;Living our Winning Ways&#8221;, assicurandosi di sentirsi in grado di svolgere con successo il proprio lavoro.<\/p>\n<p>Le opportunit\u00e0 di sviluppo che Verztec offre assicurano che le nostre persone abbiano le competenze e l&#8217;expertise per prosperare nelle loro attivit\u00e0 quotidiane. Verztec garantisce che i nostri dipendenti qualificati siano dotati degli strumenti, delle attrezzature e dei processi necessari per ottenere il massimo successo nel loro lavoro.<\/p>\n<p>Una buona leadership \u00e8 fondamentale per ogni azienda. Verztec comprende l&#8217;importanza di buone relazioni tra manager e dipendenti e adottiamo una politica di porte aperte in tutti i nostri uffici. I nostri manager riconoscono che \u00e8 fondamentale ascoltare i dipendenti e fare da mentori, guidandoli dove necessario, aiutandoli a migliorare le proprie competenze e a realizzare il proprio potenziale.<\/p>\n<p><a title=\"Customers\" name=\"Customers\"><\/a><\/p>\n<p>\u00a0<\/p>\n<h3 class=\"title-normal\">I nostri clienti<\/h3>\n<p>Relazioni di successo e durature sono fondamentali per il nostro successo aziendale. L&#8217;apertura, l&#8217;onest\u00e0 e l&#8217;equit\u00e0 nel trattare con tutti gli stakeholder sono essenziali per sviluppare buone relazioni.<\/p>\n<p>Tutti i membri del personale sono responsabili di garantire che ogni contatto con i nostri clienti e il pubblico rifletta professionalit\u00e0, efficienza e onest\u00e0. Verztec si impegna a fornire un servizio clienti di riferimento e monitoriamo il nostro successo nel soddisfare le aspettative dei clienti nella nostra erogazione dei servizi utilizzando indicatori chiave di performance.<\/p>\n<p>Promuoviamo e proteggiamo la nostra reputazione attraverso l&#8217;integrazione di pratiche aziendali responsabili su tutta la nostra azienda, inclusi il modo in cui commercializziamo e vendiamo i nostri servizi.<\/p>\n<ul>\n<li>Puntiamo ad essere aperti e trasparenti in tutti i nostri rapporti e a garantire che i nostri prodotti e servizi soddisfino le esigenze dei nostri clienti<\/li>\n<li>Offriamo solo i servizi che possiamo fornire e ci impegniamo a mantenere almeno le nostre promesse<\/li>\n<li>Ci sforziamo di erogare i nostri servizi in tempo e rispondiamo prontamente alle richieste di informazioni<\/li>\n<li>Rispettiamo i nostri obblighi contrattuali e addebitiamo onestamente i nostri servizi<\/li>\n<li>Abbiamo controlli formali per rivedere eventuali nuovi lavori in base a quanto sopra e alla nostra capacit\u00e0 (sia in termini di competenze che di risorse) di portare a termine un incarico proposto<\/li>\n<\/ul>\n<p><strong>Servizio clienti<\/strong><\/p>\n<p>Presso Verztec, il nostro focus sul servizio clienti \u00e8 una priorit\u00e0 e viene rivisitato regolarmente, per riflettere i cambiamenti nella natura e nelle dimensioni della nostra attivit\u00e0. Le nostre persone dimostrano sempre un comportamento orientato al cliente; sono competenti, mostrano professionalit\u00e0 e cortesia nel soddisfare le esigenze dei nostri clienti.<\/p>\n<p>Comprendiamo l&#8217;importanza della comunicazione con i clienti e rispondiamo a tutte le telefonate e le e-mail entro i tempi concordati. Informiamo i nostri clienti il prima possibile nel caso improbabile che non riusciamo a rispettare le scadenze o che ci siano cambiamenti nei piani o nei processi concordati &#8211; e concordiamo una nuova scadenza.<\/p>\n<p><strong>Feedback dei clienti<\/strong><\/p>\n<p>Verztec mira a verificare i requisiti dei nostri clienti attraverso comunicazioni regolari e la fornitura di soluzioni di localizzazione di riferimento che superano le aspettative di qualit\u00e0, costo e consegna dei nostri clienti.<\/p>\n<p>Per misurare ulteriormente come facciamo affari, abbiamo implementato un processo di feedback a ciclo chiuso, utilizzando i dati per migliorare continuamente il nostro modo di fare affari. Abbiamo anche introdotto un processo di risoluzione delle query dei clienti e dei reclami che riconosce eventuali problemi dei clienti. I nostri Responsabili delle Operazioni rivedono ogni problema con tutti gli stakeholder interni coinvolti e concordano con il cliente un piano d&#8217;azione per risolvere il problema.<\/p>\n<p>Con questi processi in atto, siamo impegnati a fornire un servizio di alta qualit\u00e0 ed efficiente in ogni momento ai nostri clienti.<\/p>\n<p><a title=\"Suppliers\" name=\"Suppliers\"><\/a><\/p>\n<p>\u00a0<\/p>\n<h3 class=\"title-normal\">I nostri fornitori<\/h3>\n<p>Per soddisfare le aspettative di qualit\u00e0, costo e consegna dei nostri clienti, dobbiamo ottenere sempre la migliore qualit\u00e0 e valore dai nostri fornitori e partner. Verztec ha in atto un processo strutturato di coinvolgimento dei fornitori progettato per valutare le capacit\u00e0 dei potenziali fornitori di Verztec. Il nostro approccio \u00e8 quello di lavorare in stretta relazione con i nostri fornitori in un ambiente di reciproca fiducia e rispetto.<\/p>\n<p>La selezione dei fornitori \u00e8 un fattore strategico chiave per il valore e la qualit\u00e0 all&#8217;interno delle nostre attivit\u00e0 geografiche; gestire le nostre relazioni con i fornitori in modo equo ed etico \u00e8 una priorit\u00e0 per noi. Come azienda globale, crediamo nell&#8217;approvvigionamento di beni e servizi da fornitori che operano a loro volta in modo etico e speriamo che le persone con cui lavoriamo condividano la nostra etica e i nostri valori.<\/p>\n<p>\u00c8 politica di Verztec garantire che tutte le fatture dei fornitori siano saldate entro 30 giorni dalla data della fattura. La nostra capacit\u00e0 di rispettare questa politica dipende dalla tempestiva presentazione delle fatture dettagliate e accurate all&#8217;indirizzo corretto.<\/p>\n<p>La politica di Verztec \u00e8 di garantire che i fornitori vengano contattati senza indugi quando le fatture vengono contestate e che eventuali reclami dai nostri fornitori riguardo ai pagamenti non effettuati siano trattati in modo efficiente e rapido.<\/p>\n<p><strong>Soddisfazione dei fornitori<\/strong><\/p>\n<p>Avere eccellenti relazioni di lavoro aperte e oneste con i nostri fornitori \u00e8 essenziale per la crescita e la redditivit\u00e0 continua di Verztec. Sollecitiamo il feedback su come lavoriamo insieme. Apprezziamo il feedback dei fornitori sui nostri servizi e sul modo in cui comunichiamo. Riconosciamo anche il diritto dei nostri fornitori di fare un complimento, un reclamo o una proposta sui nostri servizi e processi. Siamo impegnati a utilizzare il feedback dei fornitori per migliorare i nostri servizi e concentrarci sulle esigenze dei nostri clienti.<\/p>\n<p><a title=\"Community\" name=\"Community\"><\/a><\/p>\n<p>\u00a0<\/p>\n<h3 class=\"title-normal\">La nostra comunit\u00e0<\/h3>\n<p>Verztec \u00e8 impegnata nell&#8217;impegno con la comunit\u00e0 locale; i membri dello staff di Verztec sono incoraggiati ad agire in modo responsabile come cittadini delle loro comunit\u00e0 e a supportare progetti, organizzazioni e servizi che lavorano per il bene comune:<\/p>\n<ul>\n<li>Incoraggiamo il personale a sostenere la propria comunit\u00e0 locale, offrendo supporto pratico e\/o finanziario a iniziative approvate<\/li>\n<li>Sosteniamo le cause locali e incoraggiamo i dipendenti a diventare attivamente coinvolti nella raccolta fondi per le organizzazioni benefiche scelte a livello locale o personale<\/li>\n<li>Sosteniamo l&#8217;economia locale attraverso le nostre pratiche di reclutamento e approvvigionamento, quando possibile<\/li>\n<li>Sosteniamo attivamente le imprese e i forum professionali locali<\/li>\n<\/ul>\n<p><a title=\"Environment\" name=\"Environment\"><\/a><\/p>\n<p>\u00a0<\/p>\n<h3 class=\"title-normal\">Il nostro ambiente<\/h3>\n<p>Verztec \u00e8 dedicata a diventare un leader globale nel settore dei servizi linguistici, focalizzandosi sulla riduzione dell&#8217;impatto ambientale e sul miglioramento di tutte le aree di efficienza energetica.<\/p>\n<p>I punti chiave della nostra strategia per raggiungere questo obiettivo sono:<\/p>\n<ul>\n<li>Minimizzare i rifiuti assicurandoci che le nostre operazioni globali siano il pi\u00f9 efficienti possibile<\/li>\n<li>Promuovere il riciclaggio internamente, tra i nostri fornitori e i nostri clienti<\/li>\n<li>Fare un uso efficiente delle risorse e ridurre al minimo l&#8217;uso di energia, acqua e forniture<\/li>\n<li>Accrescere la consapevolezza tra i dipendenti e incoraggiare la partecipazione<\/li>\n<li>Rispettare o superare tutta la legislazione ambientale che riguarda l&#8217;azienda<\/li>\n<li>Assicurarsi che le decisioni aziendali prendano in considerazione le problematiche ambientali<\/li>\n<\/ul>\n<p>Verztec sta intraprendendo numerose iniziative ambientali e si concentrer\u00e0 principalmente sulle iniziative immediate seguite dalla nostra strategia a lungo termine. Le iniziative immediate (gran parte delle quali sono gi\u00e0 state implementate) includono:<\/p>\n<ul>\n<li>Riduzione dell&#8217;uso della carta all&#8217;interno dei nostri uffici e nelle nostre comunicazioni con i clienti. Ci\u00f2 include la produzione di meno materiale di marketing stampato e il focus sulle comunicazioni elettroniche con i nostri fornitori e clienti<\/li>\n<li>Verztec ha riciclato carta negli ultimi 3 anni e questo continua a essere un obiettivo importante. Nei prossimi 6 mesi, estenderemo l&#8217;attenzione al riciclaggio di altri rifiuti<\/li>\n<li>Quando le attrezzature da ufficio devono essere sostituite, l&#8217;azienda lo far\u00e0 utilizzando prodotti EnergyStar ed European EcoLabel, quando possibile<\/li>\n<li>Verztec incoraggia attivamente le teleconferenze e le videoconferenze piuttosto che viaggiare verso i siti dei clienti via strada, ferrovia o aereo.<\/li>\n<\/ul>\n","protected":false},"excerpt":{"rendered":"<p>Verztec \u00e8 responsabile verso le comunit\u00e0 in cui conduciamo la nostra attivit\u00e0 e dove i nostri dipendenti vivono. Verztec crede che una reputazione come datore di lavoro diligente, che agisce&hellip;<\/p>\n","protected":false},"author":1,"featured_media":2011,"parent":0,"menu_order":1,"comment_status":"closed","ping_status":"closed","template":"","meta":{"footnotes":""},"class_list":["post-854","page","type-page","status-publish","has-post-thumbnail","hentry"],"_links":{"self":[{"href":"https:\/\/www.verztec.com\/wp-json\/wp\/v2\/pages\/854"}],"collection":[{"href":"https:\/\/www.verztec.com\/wp-json\/wp\/v2\/pages"}],"about":[{"href":"https:\/\/www.verztec.com\/wp-json\/wp\/v2\/types\/page"}],"author":[{"embeddable":true,"href":"https:\/\/www.verztec.com\/wp-json\/wp\/v2\/users\/1"}],"replies":[{"embeddable":true,"href":"https:\/\/www.verztec.com\/wp-json\/wp\/v2\/comments?post=854"}],"version-history":[{"count":1,"href":"https:\/\/www.verztec.com\/wp-json\/wp\/v2\/pages\/854\/revisions"}],"predecessor-version":[{"id":2012,"href":"https:\/\/www.verztec.com\/wp-json\/wp\/v2\/pages\/854\/revisions\/2012"}],"wp:featuredmedia":[{"embeddable":true,"href":"https:\/\/www.verztec.com\/wp-json\/wp\/v2\/media\/2011"}],"wp:attachment":[{"href":"https:\/\/www.verztec.com\/wp-json\/wp\/v2\/media?parent=854"}],"curies":[{"name":"wp","href":"https:\/\/api.w.org\/{rel}","templated":true}]}}