{"id":860,"date":"2009-08-03T07:35:35","date_gmt":"2009-08-03T07:35:35","guid":{"rendered":"http:\/\/staging.verztec.com\/verztec\/translation\/"},"modified":"2025-02-05T09:48:11","modified_gmt":"2025-02-05T09:48:11","slug":"translation","status":"publish","type":"page","link":"https:\/\/www.verztec.com\/translation","title":{"rendered":"Traduzione umana professionale"},"content":{"rendered":"<div class=\"mobile_img\" style=\"float: right; margin-left: 5px;\"><img loading=\"lazy\" decoding=\"async\" class=\" size-full wp-image-857\" style=\"max-width: 230px;\" src=\"https:\/\/www.verztec.com\/wp-content\/uploads\/2009\/08\/quotesMCD.jpg\" alt=\"\" width=\"375\" height=\"685\" border=\"0\" srcset=\"https:\/\/www.verztec.com\/wp-content\/uploads\/2009\/08\/quotesMCD.jpg 375w, https:\/\/www.verztec.com\/wp-content\/uploads\/2009\/08\/quotesMCD-164x300.jpg 164w\" sizes=\"(max-width: 375px) 100vw, 375px\" \/><\/div>\r\n<p>Nel mondo interconnesso di oggi, dove il commercio elettronico sta trasformando il mercato globale, \u00e8 essenziale espandere la propria attivit\u00e0 nei mercati internazionali. Che si tratti di vendere prodotti, offrire servizi o costruire il proprio marchio, una comunicazione efficace con i clienti internazionali \u00e8 cruciale. Il commercio transfrontaliero \u00e8 sempre pi\u00f9 comune e una traduzione di qualit\u00e0 \u00e8 la chiave del successo.<\/p>\r\n<h4 class=\"title-normal\">Perch\u00e9 una traduzione di qualit\u00e0 \u00e8 essenziale per il successo aziendale<\/h4>\r\n<p>Nel mercato globale, tradurre i propri contenuti in pi\u00f9 lingue non significa solo convertire parole, ma assicurarsi che il messaggio risuoni con il pubblico locale, costruisca fiducia e favorisca relazioni durature. Con le aziende che utilizzano sempre pi\u00f9 piattaforme digitali per raggiungere nuovi mercati, una traduzione di alta qualit\u00e0 \u00e8 fondamentale. Aiuta a garantire che i prodotti e i servizi siano commercializzati in modo efficace e percepiti positivamente nei mercati esteri.<\/p>\r\n<p>Sebbene gli strumenti digitali rendano la traduzione pi\u00f9 accessibile, le traduzioni automatiche non possono cogliere le sfumature del linguaggio umano. Sono necessarie revisioni linguistiche e modifiche adeguate per garantire l&#8217;uso corretto della terminologia e uno stile di scrittura appropriato. Quando eseguita correttamente, la traduzione diventa uno strumento potente per il successo internazionale.<\/p>\r\n<h4 class=\"title-normal\">L&#8217;esperienza di Verztec nei servizi di traduzione<\/h4>\r\n<p>In Verztec, comprendiamo l&#8217;importanza di una traduzione accurata, culturalmente appropriata e professionale. Ogni mese elaboriamo oltre 100 milioni di parole in vari settori, tra cui materiali di formazione, documenti legali, brevetti, schede di sicurezza, campagne di marketing, sondaggi di ricerca, documentazione aziendale, studi clinici, manuali tecnici, siti web e altro ancora.<\/p>\r\n<p>Con oltre 10.000 traduttori professionisti, tutti madrelingua con pi\u00f9 di 10 anni di esperienza, garantiamo che i vostri contenuti siano tradotti con precisione e adattati al pubblico di riferimento. Dai documenti legali ai materiali di marketing, assicuriamo che la vostra comunicazione aziendale sia linguisticamente accurata e culturalmente pertinente.<\/p>\r\n<h4 class=\"title-normal\">L&#8217;importanza della sensibilit\u00e0 culturale e della precisione<\/h4>\r\n<p>Il linguaggio \u00e8 profondamente legato alla cultura. I nostri traduttori non sono solo esperti linguistici, ma anche conoscitori della cultura locale, il che consente loro di adattare i contenuti alle specificit\u00e0 del mercato. Questa sensibilit\u00e0 culturale garantisce che il vostro messaggio abbia un impatto significativo.<\/p>\r\n<p>Oltre all&#8217;adattamento culturale, la precisione \u00e8 fondamentale. Una cattiva traduzione pu\u00f2 causare incomprensioni, errori di comunicazione e persino conseguenze legali. Il processo completo di Verztec include revisioni linguistiche per garantire accuratezza e chiarezza, contribuendo a proteggere la vostra reputazione nei mercati globali.<\/p>\r\n<h4 class=\"title-normal\">Coerenza del marchio attraverso i confini<\/h4>\r\n<p>Quando si espande in nuovi mercati, mantenere la coerenza del messaggio del marchio \u00e8 essenziale. Che si tratti di tradurre materiali di marketing, descrizioni di prodotti o comunicazioni con i clienti, ci assicuriamo che l&#8217;identit\u00e0 del vostro marchio rimanga intatta. Un messaggio coerente costruisce fiducia e riconoscimento, favorendo la fedelt\u00e0 dei clienti internazionali.<\/p>\r\n<h4 class=\"title-normal\">Riduzione dei rischi con traduzioni di alta qualit\u00e0<\/h4>\r\n<p>Una traduzione inadeguata pu\u00f2 comportare rischi come danni all&#8217;immagine del marchio, complicazioni legali e opportunit\u00e0 mancate. Un singolo errore nella traduzione di contratti legali, documentazione sulla sicurezza o istruzioni sui prodotti pu\u00f2 causare crisi di pubbliche relazioni o azioni legali. Collaborando con Verztec, riducete al minimo questi rischi. Il nostro processo di garanzia della qualit\u00e0 garantisce traduzioni accurate e affidabili, proteggendo la vostra attivit\u00e0 e la vostra reputazione.<\/p>\r\n<h4 class=\"title-normal\">Sfruttare la traduzione per ampliare la propria portata<\/h4>\r\n<p>Il commercio elettronico e il marketing digitale rendono pi\u00f9 facile che mai raggiungere i clienti internazionali. Offrire un sito web multilingue o un microsito consente di accedere a nuovi mercati, connettersi con i clienti e trovare partner o reti di distribuzione. Con i servizi di traduzione esperti di Verztec, potete testare nuovi mercati con fiducia, acquisire nuovi clienti e promuovere la crescita attraverso il marketing in pi\u00f9 lingue.<\/p>\r\n<h4 class=\"title-normal\">Evitare crisi di pubbliche relazioni e problemi legali<\/h4>\r\n<p>Una traduzione adeguata garantisce che il vostro messaggio sia chiaro e culturalmente appropriato, riducendo cos\u00ec il rischio di crisi di pubbliche relazioni e problemi legali. In settori come la sanit\u00e0, la banca e la finanza o la produzione, dove la precisione \u00e8 fondamentale, gli errori di traduzione possono portare a problemi di sicurezza, sfide normative o persino contenziosi. Gli esperti linguisti di Verztec assicurano che i vostri contenuti rispettino gli standard legali e normativi locali, aiutandovi a evitare errori costosi.<\/p>\r\n<h4 class=\"title-normal\">La differenza di Verztec: un partner affidabile per l&#8217;espansione globale<\/h4>\r\n<p>Man mano che vi espandete a livello internazionale, collaborare con un fornitore di servizi di traduzione esperto \u00e8 essenziale. Verztec si occupa delle vostre esigenze linguistiche, dalla traduzione iniziale agli sforzi di localizzazione continua, garantendo che i vostri contenuti siano sempre accurati ed efficaci. Supportiamo oltre 100 lingue, consentendovi di interagire con clienti in tutto il mondo.<\/p>\r\n<p>Che stiate entrando in nuovi mercati, testando prodotti o espandendo la vostra presenza online, Verztec \u00e8 qui per supportarvi. I nostri servizi di traduzione vanno oltre la lingua, offrendo soluzioni complete per aiutarvi a costruire il vostro marchio internazionale e coinvolgere i clienti in modo pi\u00f9 efficace.<\/p>\r\n<h4 class=\"title-normal\">Pronti a espandere la vostra attivit\u00e0 a livello globale?<\/h4>\r\n<p>Non lasciate che le barriere linguistiche limitino il vostro successo. Lasciate che Verztec vi aiuti a comunicare con il mondo e a far crescere la vostra attivit\u00e0 nei mercati internazionali. Con i nostri servizi di traduzione di alta qualit\u00e0, potete entrare con fiducia in nuovi mercati, ampliare la vostra quota di mercato e costruire un marchio globale che risuoni oltre i confini.<\/p>\r\n<p>Collaborate con Verztec oggi stesso e sperimentate la potenza della traduzione umana professionale per la vostra azienda.<\/p>\r\n<p align=\"center\"><img loading=\"lazy\" decoding=\"async\" class=\" size-full wp-image-858\" style=\"width: 650px;\" title=\"Processo di Traduzione\" src=\"https:\/\/www.verztec.com\/wp-content\/uploads\/2009\/08\/CheckList.jpg\" alt=\"Processo di Traduzione\" width=\"747\" height=\"448\" border=\"0\" srcset=\"https:\/\/www.verztec.com\/wp-content\/uploads\/2009\/08\/CheckList.jpg 747w, https:\/\/www.verztec.com\/wp-content\/uploads\/2009\/08\/CheckList-300x180.jpg 300w\" sizes=\"(max-width: 747px) 100vw, 747px\" \/><\/p>\r\n<h4 style=\"text-align: center;\"><strong>Processo di Traduzione<\/strong><\/h4>\r\n<p align=\"center\"><img loading=\"lazy\" decoding=\"async\" class=\" size-full wp-image-859\" style=\"width: 950px;\" title=\"Processo di Traduzione Professionale\" src=\"https:\/\/www.verztec.com\/wp-content\/uploads\/2009\/08\/process.jpg\" alt=\"Processo di Traduzione Professionale\" width=\"1979\" height=\"1044\" border=\"0\" srcset=\"https:\/\/www.verztec.com\/wp-content\/uploads\/2009\/08\/process.jpg 1979w, https:\/\/www.verztec.com\/wp-content\/uploads\/2009\/08\/process-300x158.jpg 300w, https:\/\/www.verztec.com\/wp-content\/uploads\/2009\/08\/process-1024x540.jpg 1024w, https:\/\/www.verztec.com\/wp-content\/uploads\/2009\/08\/process-768x405.jpg 768w, https:\/\/www.verztec.com\/wp-content\/uploads\/2009\/08\/process-1536x810.jpg 1536w\" sizes=\"(max-width: 1979px) 100vw, 1979px\" \/><\/p>\r\n<p>Hai un grande volume di contenuti da tradurre? Considera il nostro servizio di <strong>Traduzione con AI e Revisioni Professionali Umane<\/strong> per una soluzione economica e veloce. Questo servizio combina tecnologia di traduzione AI avanzata con verifiche linguistiche meticolose e revisioni effettuate dal team altamente qualificato ed esperto di Verztec. Garantisce accuratezza ed elimina errori causati da incomprensioni dell&#8217;AI, rendendolo ideale per documenti aziendali e ufficiali importanti.<\/p>\r\n<p>Scopri di pi\u00f9 su <a href=\"communicate\/machine-ai-translation-post-edit-services\" target=\"_blank\" rel=\"noopener\">Verztec&#8217;s AI Translation with Post-Edit (ATPE)<\/a>.<\/p>\r\n<p><strong>Contattaci oggi a <a href=\"mailto:enquiry@verztec.com\" target=\"_blank\" rel=\"noopener\">enquiry@verztec.com<\/a> per saperne di pi\u00f9 sui nostri servizi e su come possiamo aiutarti ad avere successo su scala globale.<\/strong><\/p>\r\n\r\n<hr style=\"margin-top: 20px; margin-bottom: 20px; border: 0; border-top: 1px solid #eee;\" \/>\n<p style=\"margin-bottom: 0;\">\n  <img decoding=\"async\" src=\"https:\/\/www.verztec.com\/wp-content\/images\/home\/more.png\" alt=\"\" \/>\n  &nbsp;<a href=\"https:\/\/www.verztec.com\/it\/language-services\/\" target=\"_blank\" rel=\"noopener\">Vedi tutti i &#8220;Servizi linguistici&#8221;<\/a>\n<\/p>","protected":false},"excerpt":{"rendered":"<p>Nel mondo interconnesso di oggi, dove il commercio elettronico sta trasformando il mercato globale, \u00e8 essenziale espandere la propria attivit\u00e0 nei mercati internazionali. Che si tratti di vendere prodotti, offrire&hellip;<\/p>\n","protected":false},"author":1,"featured_media":2018,"parent":0,"menu_order":20,"comment_status":"closed","ping_status":"closed","template":"","meta":{"footnotes":""},"class_list":["post-860","page","type-page","status-publish","has-post-thumbnail","hentry"],"_links":{"self":[{"href":"https:\/\/www.verztec.com\/wp-json\/wp\/v2\/pages\/860"}],"collection":[{"href":"https:\/\/www.verztec.com\/wp-json\/wp\/v2\/pages"}],"about":[{"href":"https:\/\/www.verztec.com\/wp-json\/wp\/v2\/types\/page"}],"author":[{"embeddable":true,"href":"https:\/\/www.verztec.com\/wp-json\/wp\/v2\/users\/1"}],"replies":[{"embeddable":true,"href":"https:\/\/www.verztec.com\/wp-json\/wp\/v2\/comments?post=860"}],"version-history":[{"count":14,"href":"https:\/\/www.verztec.com\/wp-json\/wp\/v2\/pages\/860\/revisions"}],"predecessor-version":[{"id":4089,"href":"https:\/\/www.verztec.com\/wp-json\/wp\/v2\/pages\/860\/revisions\/4089"}],"wp:featuredmedia":[{"embeddable":true,"href":"https:\/\/www.verztec.com\/wp-json\/wp\/v2\/media\/2018"}],"wp:attachment":[{"href":"https:\/\/www.verztec.com\/wp-json\/wp\/v2\/media?parent=860"}],"curies":[{"name":"wp","href":"https:\/\/api.w.org\/{rel}","templated":true}]}}