{"id":870,"date":"2009-08-03T07:50:40","date_gmt":"2009-08-03T07:50:40","guid":{"rendered":"http:\/\/staging.verztec.com\/verztec\/software-testing\/"},"modified":"2025-01-22T01:54:00","modified_gmt":"2025-01-22T01:54:00","slug":"software-testing","status":"publish","type":"page","link":"https:\/\/www.verztec.com\/software-testing","title":{"rendered":"Localizzazione di software e applicazioni mobili"},"content":{"rendered":"<div class=\"mobile_img\" style=\"float: right; margin-left: 5px;\"><img loading=\"lazy\" decoding=\"async\" class=\" size-full wp-image-869\" src=\"https:\/\/www.verztec.com\/wp-content\/uploads\/2009\/08\/quotes7.jpg\" alt=\"\" width=\"180\" height=\"356\" border=\"0\" srcset=\"https:\/\/www.verztec.com\/wp-content\/uploads\/2009\/08\/quotes7.jpg 180w, https:\/\/www.verztec.com\/wp-content\/uploads\/2009\/08\/quotes7-152x300.jpg 152w\" sizes=\"(max-width: 180px) 100vw, 180px\" \/><\/div>\r\n<p>Nel mondo digitale connesso di oggi, raggiungere mercati non anglofoni richiede pi\u00f9 che una semplice traduzione del software. Richiede una localizzazione precisa che risuoni linguisticamente e culturalmente con il pubblico target. La localizzazione del software va oltre la semplice traduzione linguistica per adattare grafica, interfacce utente, messaggi di errore e altro ancora, garantendo un\u2019esperienza utente fluida in diverse regioni e lingue.<\/p>\r\n<br \/>\r\n<h3>Perch\u00e9 scegliere Verztec per la localizzazione di software e app mobili?<\/h3>\r\n<br \/>\r\n<p>Verztec \u00e8 dedicata a fornire soluzioni personalizzate end-to-end per le esigenze di localizzazione di software e app mobili. Con una solida combinazione di competenze ingegneristiche nel software e risorse linguistiche complete, semplifichiamo il complesso processo di localizzazione, garantendo precisione e rilevanza culturale in ogni fase.<\/p>\r\n<br \/>\r\n<h3>Processo di localizzazione completo<\/h3>\r\n<br \/>\r\n<p>Il nostro approccio inizia con una pianificazione meticolosa e protocolli di test prima ancora che la localizzazione abbia inizio. Integriamo procedure di test all&#8217;inizio del ciclo di sviluppo per identificare potenziali problemi e ottimizzare la funzionalit\u00e0 del prodotto. Durante tutto il processo di localizzazione, conduciamo controlli dettagliati per mantenere gli standard di qualit\u00e0 e migliorare la soddisfazione degli utenti.<\/p>\r\n<br \/>\r\n<h3>Protocolli di test<\/h3>\r\n<br \/>\r\n<p>I nostri protocolli di test coprono una vasta gamma di elementi critici per garantire che il software funzioni perfettamente in diverse lingue e regioni:<\/p>\r\n<ul>\r\n<li>Formattazione del testo e dei contenuti: Dalle lingue da sinistra a destra e da destra a sinistra alla corretta visualizzazione di simboli di valuta, date e indirizzi.<\/li>\r\n<li>Conversione di maiuscole e gestione dei decimali: Verifichiamo la conversione delle maiuscole e la gestione dei decimali per mantenere l&#8217;integrit\u00e0 dei dati e la coerenza dell&#8217;esperienza utente.<\/li>\r\n<li>Supporto per i caratteri: Garantiamo la compatibilit\u00e0 con alfabeti complessi come quelli utilizzati nelle lingue asiatiche, incluso il supporto per caratteri a 16 bit.<\/li>\r\n<\/ul>\r\n<br \/>\r\n<h3>Esperienza utente migliorata<\/h3>\r\n<br \/>\r\n<p>Oltre ai test funzionali, diamo priorit\u00e0 all\u2019integrit\u00e0 estetica. Ad esempio, il nostro approccio meticoloso garantisce che parole pi\u00f9 lunghe in lingue come il tedesco siano visualizzate correttamente e in modo estetico, mantenendo leggibilit\u00e0 e coinvolgimento dell\u2019utente.<\/p>\r\n<br \/>\r\n<h3>Assicurazione della qualit\u00e0 e soddisfazione del cliente<\/h3>\r\n<p>I processi proattivi di assicurazione della qualit\u00e0 di Verztec sono progettati per soddisfare rigorosi standard di funzionalit\u00e0 ed estetica. Il nostro obiettivo \u00e8 consegnare software e app mobili ben localizzati che non solo soddisfino, ma superino le aspettative degli utenti, promuovendo fiducia e lealt\u00e0 nella vostra base clienti globale.<\/p>\r\n<br \/>\r\n<h3>Collabora con Verztec<\/h3>\r\n<p><strong>Unisciti ai principali sviluppatori di software che si affidano a Verztec per le loro esigenze di localizzazione di software e app mobili. Che si tratti di espandersi in nuovi mercati o migliorare il coinvolgimento degli utenti in quelli esistenti, la nostra esperienza garantisce che il tuo software funzioni perfettamente tra lingue e culture. Per ulteriori informazioni, contattaci a <a href=\"mailto:enquiry@verztec.com\" target=\"_blank\" rel=\"noopener\">enquiry@verztec.com<\/a>.<\/strong><\/p>\r\n\r\n<hr style=\"margin-top: 20px; margin-bottom: 20px; border: 0; border-top: 1px solid #eee;\" \/>\n<p style=\"margin-bottom: 0;\">\n  <img decoding=\"async\" src=\"https:\/\/www.verztec.com\/wp-content\/images\/home\/more.png\" alt=\"\" \/>\n  &nbsp;<a href=\"https:\/\/www.verztec.com\/it\/language-services\/\" target=\"_blank\" rel=\"noopener\">Vedi tutti i &#8220;Servizi linguistici&#8221;<\/a>\n<\/p>\r\n","protected":false},"excerpt":{"rendered":"<p>Nel mondo digitale connesso di oggi, raggiungere mercati non anglofoni richiede pi\u00f9 che una semplice traduzione del software. Richiede una localizzazione precisa che risuoni linguisticamente e culturalmente con il pubblico&hellip;<\/p>\n","protected":false},"author":1,"featured_media":2018,"parent":0,"menu_order":19,"comment_status":"closed","ping_status":"closed","template":"","meta":{"footnotes":""},"class_list":["post-870","page","type-page","status-publish","has-post-thumbnail","hentry"],"_links":{"self":[{"href":"https:\/\/www.verztec.com\/wp-json\/wp\/v2\/pages\/870"}],"collection":[{"href":"https:\/\/www.verztec.com\/wp-json\/wp\/v2\/pages"}],"about":[{"href":"https:\/\/www.verztec.com\/wp-json\/wp\/v2\/types\/page"}],"author":[{"embeddable":true,"href":"https:\/\/www.verztec.com\/wp-json\/wp\/v2\/users\/1"}],"replies":[{"embeddable":true,"href":"https:\/\/www.verztec.com\/wp-json\/wp\/v2\/comments?post=870"}],"version-history":[{"count":4,"href":"https:\/\/www.verztec.com\/wp-json\/wp\/v2\/pages\/870\/revisions"}],"predecessor-version":[{"id":4004,"href":"https:\/\/www.verztec.com\/wp-json\/wp\/v2\/pages\/870\/revisions\/4004"}],"wp:featuredmedia":[{"embeddable":true,"href":"https:\/\/www.verztec.com\/wp-json\/wp\/v2\/media\/2018"}],"wp:attachment":[{"href":"https:\/\/www.verztec.com\/wp-json\/wp\/v2\/media?parent=870"}],"curies":[{"name":"wp","href":"https:\/\/api.w.org\/{rel}","templated":true}]}}