{"id":879,"date":"2009-08-03T08:34:21","date_gmt":"2009-08-03T08:34:21","guid":{"rendered":"http:\/\/staging.verztec.com\/verztec\/customer-promise\/"},"modified":"2024-10-02T02:13:44","modified_gmt":"2024-10-02T02:13:44","slug":"customer-promise","status":"publish","type":"page","link":"https:\/\/www.verztec.com\/customer-promise","title":{"rendered":"La Nostra Promessa ai Clienti"},"content":{"rendered":"<p>Nell&#8217;attuale scenario globale, una corretta internazionalizzazione richiede un&#8217;attenta considerazione di vari fattori sociali, economici e politici. In Verztec, comprendiamo che i nostri clienti sono al centro della nostra missione, motivo per cui ci dedichiamo a fornire esperienze di localizzazione eccezionali, su misura per le vostre esigenze.<\/p>\n<p>Verztec consente alle aziende di espandersi a livello globale con soluzioni di apprendimento digitale di alto livello e servizi di traduzione professionale. Offriamo traduzioni sia umane che assistite dall&#8217;intelligenza artificiale, sempre accompagnate da revisioni professionali per garantire accuratezza e chiarezza. Il nostro approccio \u00e8 guidato da tre principi fondamentali:<\/p>\n<ul>\n<li><strong>Pianificazione Strategica<\/strong>: Collaboriamo strettamente con voi per comprendere gli obiettivi della vostra organizzazione, consentendoci di personalizzare i nostri servizi e di creare un team qualificato che fornisca risultati efficaci su misura per le vostre esigenze.<\/li>\n<li><strong>Preparazione alle Contingenze<\/strong>: Con una vasta esperienza e una solida rete di team interni qualificati e partner esterni, siamo pronti ad adattarci rapidamente a qualsiasi sfida che possa sorgere durante il ciclo di vita del progetto. Questo assicura che il vostro progetto rimanga sulla buona strada, anche di fronte a ostacoli imprevisti.<\/li>\n<li><strong>Efficienza<\/strong>: Valorizziamo il vostro tempo e ci impegniamo a consegnare i progetti con la massima efficienza, mantenendo i pi\u00f9 alti standard di qualit\u00e0. Che abbiate bisogno di traduzioni specializzate per documenti tecnici o di una completa localizzazione di corsi eLearning, Verztec possiede le competenze e le risorse per soddisfare le vostre necessit\u00e0.<\/li>\n<\/ul>\n<p>Inoltre, offriamo un&#8217;ampia gamma di servizi, tra cui lo sviluppo personalizzato di eLearning, soluzioni per il Sistema di Gestione dell&#8217;Apprendimento (LMS), servizi di design, desktop publishing, test di garanzia della qualit\u00e0 e consulenza professionale per facilitare un&#8217;espansione globale senza intoppi.<\/p>\n<p>In Verztec, ci impegniamo per l&#8217;eccellenza nei servizi di localizzazione e per costruire relazioni durature con i nostri clienti. Il vostro successo \u00e8 la nostra priorit\u00e0, e siamo qui per supportarvi mentre navigate nelle complessit\u00e0 dei mercati internazionali.<\/p>\n","protected":false},"excerpt":{"rendered":"<p>Nell&#8217;attuale scenario globale, una corretta internazionalizzazione richiede un&#8217;attenta considerazione di vari fattori sociali, economici e politici. In Verztec, comprendiamo che i nostri clienti sono al centro della nostra missione, motivo&hellip;<\/p>\n","protected":false},"author":1,"featured_media":2024,"parent":0,"menu_order":14,"comment_status":"closed","ping_status":"closed","template":"","meta":{"footnotes":""},"class_list":["post-879","page","type-page","status-publish","has-post-thumbnail","hentry"],"_links":{"self":[{"href":"https:\/\/www.verztec.com\/wp-json\/wp\/v2\/pages\/879"}],"collection":[{"href":"https:\/\/www.verztec.com\/wp-json\/wp\/v2\/pages"}],"about":[{"href":"https:\/\/www.verztec.com\/wp-json\/wp\/v2\/types\/page"}],"author":[{"embeddable":true,"href":"https:\/\/www.verztec.com\/wp-json\/wp\/v2\/users\/1"}],"replies":[{"embeddable":true,"href":"https:\/\/www.verztec.com\/wp-json\/wp\/v2\/comments?post=879"}],"version-history":[{"count":1,"href":"https:\/\/www.verztec.com\/wp-json\/wp\/v2\/pages\/879\/revisions"}],"predecessor-version":[{"id":2076,"href":"https:\/\/www.verztec.com\/wp-json\/wp\/v2\/pages\/879\/revisions\/2076"}],"wp:featuredmedia":[{"embeddable":true,"href":"https:\/\/www.verztec.com\/wp-json\/wp\/v2\/media\/2024"}],"wp:attachment":[{"href":"https:\/\/www.verztec.com\/wp-json\/wp\/v2\/media?parent=879"}],"curies":[{"name":"wp","href":"https:\/\/api.w.org\/{rel}","templated":true}]}}