{"id":882,"date":"2009-08-03T08:56:27","date_gmt":"2009-08-03T08:56:27","guid":{"rendered":"http:\/\/staging.verztec.com\/verztec\/flexibility\/"},"modified":"2024-10-02T01:45:21","modified_gmt":"2024-10-02T01:45:21","slug":"flexibility","status":"publish","type":"page","link":"https:\/\/www.verztec.com\/flexibility","title":{"rendered":"Flessibilit\u00e0"},"content":{"rendered":"<p>Verztec crede fermamente nell&#8217;importanza di anticipare e rispondere efficacemente ai cambiamenti nella gestione dei progetti dei clienti, in particolare nei settori dell&#8217;apprendimento digitale, delle soluzioni LMS personalizzate, della traduzione e della localizzazione.<\/p>\n<p>Nell&#8217;attuale ambiente aziendale dinamico, i sistemi di gestione dei progetti devono essere sia flessibili che affidabili per soddisfare le esigenze in continua evoluzione dei clienti. Comprendiamo che possono sorgere modifiche in vari aspetti di un progetto, come le tempistiche previste, gli aggiustamenti di ambito, i cambiamenti delle date di consegna, gli aggiornamenti di prodotti o servizi, i cambiamenti nell&#8217;orientamento tematico e la riallocazione delle priorit\u00e0 globali. Presso Verztec, ci dedichiamo ad adattare il nostro approccio per affrontare queste sfide, garantendo che nessuna modifica comprometta la precisione o l&#8217;impegno che mettiamo nel vostro progetto n\u00e9 ostacoli il nostro impegno nel rispettare le scadenze in modo efficace.<\/p>\n<p>La nostra capacit\u00e0 di flessibilit\u00e0 e reattivit\u00e0 \u00e8 stata riconosciuta da clienti prestigiosi come Invensys, Philips Consumer Electronics e IBM. Questi riconoscimenti evidenziano la nostra capacit\u00e0 di gestire i requisiti diversificati dei progetti con agilit\u00e0 e precisione, fornendo risultati che superano le aspettative.<\/p>\n<p>Per quanto riguarda le iniziative di apprendimento digitale, inclusa la personalizzazione di sistemi di gestione dell&#8217;apprendimento (LMS), la traduzione di contenuti educativi e la localizzazione completa in pi\u00f9 lingue e contesti culturali, Verztec eccelle. Il nostro team dedicato, composto da project manager, linguisti, esperti di apprendimento digitale e specialisti tecnici, garantisce la nostra capacit\u00e0 di adattarci senza difficolt\u00e0 alle esigenze uniche di ogni progetto. Che si tratti di integrare piattaforme LMS personalizzate, adattare contenuti formativi per un pubblico globale o garantire l&#8217;accuratezza linguistica e culturale nei materiali di e-learning, Verztec sfrutta la sua esperienza e i suoi avanzati sistemi di gestione dei progetti per fornire risultati superiori.<\/p>\n<p>Prioritizziamo la soddisfazione del cliente attraverso una comunicazione proattiva, una pianificazione accurata e misure di garanzia della qualit\u00e0 solide. Questo approccio non solo supporta l&#8217;esecuzione di successo dei vostri progetti, ma favorisce anche partnership a lungo termine basate sulla fiducia e sul successo reciproco.<\/p>\n<p>Collaborate con Verztec per sperimentare un approccio proattivo e reattivo alla gestione dei progetti, adattato alle vostre specifiche esigenze di apprendimento digitale e localizzazione. Contattateci a <a href=\"mailto:enquiry@verztec.com\">enquiry@verztec.com<\/a> per scoprire come possiamo supportare e migliorare efficacemente i vostri progetti.<\/p>\n","protected":false},"excerpt":{"rendered":"<p>Verztec crede fermamente nell&#8217;importanza di anticipare e rispondere efficacemente ai cambiamenti nella gestione dei progetti dei clienti, in particolare nei settori dell&#8217;apprendimento digitale, delle soluzioni LMS personalizzate, della traduzione e&hellip;<\/p>\n","protected":false},"author":1,"featured_media":2031,"parent":0,"menu_order":5,"comment_status":"closed","ping_status":"closed","template":"","meta":{"footnotes":""},"class_list":["post-882","page","type-page","status-publish","has-post-thumbnail","hentry"],"_links":{"self":[{"href":"https:\/\/www.verztec.com\/wp-json\/wp\/v2\/pages\/882"}],"collection":[{"href":"https:\/\/www.verztec.com\/wp-json\/wp\/v2\/pages"}],"about":[{"href":"https:\/\/www.verztec.com\/wp-json\/wp\/v2\/types\/page"}],"author":[{"embeddable":true,"href":"https:\/\/www.verztec.com\/wp-json\/wp\/v2\/users\/1"}],"replies":[{"embeddable":true,"href":"https:\/\/www.verztec.com\/wp-json\/wp\/v2\/comments?post=882"}],"version-history":[{"count":1,"href":"https:\/\/www.verztec.com\/wp-json\/wp\/v2\/pages\/882\/revisions"}],"predecessor-version":[{"id":2047,"href":"https:\/\/www.verztec.com\/wp-json\/wp\/v2\/pages\/882\/revisions\/2047"}],"wp:featuredmedia":[{"embeddable":true,"href":"https:\/\/www.verztec.com\/wp-json\/wp\/v2\/media\/2031"}],"wp:attachment":[{"href":"https:\/\/www.verztec.com\/wp-json\/wp\/v2\/media?parent=882"}],"curies":[{"name":"wp","href":"https:\/\/api.w.org\/{rel}","templated":true}]}}