{"id":883,"date":"2009-08-03T08:56:54","date_gmt":"2009-08-03T08:56:54","guid":{"rendered":"http:\/\/staging.verztec.com\/verztec\/transparency-integrity\/"},"modified":"2024-11-01T01:37:24","modified_gmt":"2024-11-01T01:37:24","slug":"transparency-integrity","status":"publish","type":"page","link":"https:\/\/www.verztec.com\/transparency-integrity","title":{"rendered":"Trasparenza e integrit\u00e0"},"content":{"rendered":"<div class=\"page-header clearfix\">\n<p class=\"page-title\"><span style=\"font-size: revert; color: initial;\">Il team di Verztec \u00e8 profondamente impegnato a costruire relazioni solide e fidate con i nostri clienti. Al centro di questo impegno si trova una base costruita sulla trasparenza e sull&#8217;integrit\u00e0 in ogni aspetto delle nostre operazioni.<\/span><\/p>\n<\/div>\n<p>La trasparenza \u00e8 un pilastro fondamentale del nostro approccio. Crediamo nel fornire ai nostri clienti una visibilit\u00e0 completa sui procedimenti, le tempistiche e gli obiettivi dei progetti. Questo garantisce che i nostri clienti siano pienamente informati e coinvolti in ogni fase del processo di localizzazione.<\/p>\n<p>La fiducia \u00e8 ulteriormente rafforzata dal nostro impegno a fornire lavori di localizzazione eccezionali. Affrontiamo ogni progetto con diligenza e responsabilit\u00e0, collaborando strettamente con i nostri clienti per superare le sfide e raggiungere insieme risultati di successo.<\/p>\n<p>L&#8217;integrit\u00e0 \u00e8 fondamentale nelle nostre relazioni con i clienti. Manteniamo i pi\u00f9 alti standard di onest\u00e0 e professionalit\u00e0, garantendo che i nostri clienti ricevano informazioni accurate e orientamento esperto durante tutto il ciclo di vita del progetto.<\/p>\n<p>In Verztec, dimostriamo il nostro impegno verso i clienti attraverso una serie di principi fondamentali:<\/p>\n<ol>\n<li><strong>Definizione precisa dell&#8217;ambito del progetto:<\/strong> Definiamo con precisione l&#8217;ambito del progetto, le tempistiche, le considerazioni di bilancio e i requisiti di risorse fin dall&#8217;inizio, garantendo aspettative chiare sin dalle prime fasi.<\/li>\n<li><strong>Consulenza esperta:<\/strong> Grazie alla nostra vasta esperienza, offriamo raccomandazioni informate per ottimizzare i processi di localizzazione e massimizzarne l&#8217;efficienza e l&#8217;impatto.<\/li>\n<li><strong>Comunicazione regolare:<\/strong> Manteniamo canali di comunicazione aperti, affrontando prontamente qualsiasi sviluppo o preoccupazione per mantenere i nostri clienti sempre informati e coinvolti.<\/li>\n<li><strong>Coinvolgimento di specialisti:<\/strong> Assegniamo i migliori specialisti a ogni progetto, assicurandoci che i nostri clienti beneficino di competenze adattate alle loro esigenze specifiche e ai requisiti del settore.<\/li>\n<li><strong>Consegna puntuale:<\/strong> Indipendentemente dalla dimensione o complessit\u00e0 del progetto, ci impegniamo a rispettare tutte le scadenze e i requisiti concordati senza compromessi.<\/li>\n<\/ol>\n<p>In Verztec, comprendiamo che fare promesse \u00e8 facile, ma mantenerle costantemente richiede dedizione e capacit\u00e0 comprovata. Siamo orgogliosi di non solo mantenere questi impegni, ma anche integrarli nei nostri solidi sistemi di gestione dei progetti, garantendo risultati tangibili che superano le aspettative.<\/p>\n<p>Collabora con Verztec per sperimentare in prima persona il nostro impegno costante verso la trasparenza, l&#8217;integrit\u00e0 e la soddisfazione del cliente in ogni progetto di localizzazione. Contattaci a <a href=\"mailto:enquiry@verztec.com\">enquiry@verztec.com<\/a> per scoprire come possiamo supportare efficacemente le tue esigenze di comunicazione globale.<\/p>\n","protected":false},"excerpt":{"rendered":"<p>Il team di Verztec \u00e8 profondamente impegnato a costruire relazioni solide e fidate con i nostri clienti. Al centro di questo impegno si trova una base costruita sulla trasparenza e&hellip;<\/p>\n","protected":false},"author":1,"featured_media":2031,"parent":0,"menu_order":3,"comment_status":"closed","ping_status":"closed","template":"","meta":{"footnotes":""},"class_list":["post-883","page","type-page","status-publish","has-post-thumbnail","hentry"],"_links":{"self":[{"href":"https:\/\/www.verztec.com\/wp-json\/wp\/v2\/pages\/883"}],"collection":[{"href":"https:\/\/www.verztec.com\/wp-json\/wp\/v2\/pages"}],"about":[{"href":"https:\/\/www.verztec.com\/wp-json\/wp\/v2\/types\/page"}],"author":[{"embeddable":true,"href":"https:\/\/www.verztec.com\/wp-json\/wp\/v2\/users\/1"}],"replies":[{"embeddable":true,"href":"https:\/\/www.verztec.com\/wp-json\/wp\/v2\/comments?post=883"}],"version-history":[{"count":2,"href":"https:\/\/www.verztec.com\/wp-json\/wp\/v2\/pages\/883\/revisions"}],"predecessor-version":[{"id":2886,"href":"https:\/\/www.verztec.com\/wp-json\/wp\/v2\/pages\/883\/revisions\/2886"}],"wp:featuredmedia":[{"embeddable":true,"href":"https:\/\/www.verztec.com\/wp-json\/wp\/v2\/media\/2031"}],"wp:attachment":[{"href":"https:\/\/www.verztec.com\/wp-json\/wp\/v2\/media?parent=883"}],"curies":[{"name":"wp","href":"https:\/\/api.w.org\/{rel}","templated":true}]}}