{"id":897,"date":"2009-08-03T09:23:13","date_gmt":"2009-08-03T09:23:13","guid":{"rendered":"http:\/\/staging.verztec.com\/verztec\/video-localization-and-subtitling\/"},"modified":"2025-01-22T01:50:51","modified_gmt":"2025-01-22T01:50:51","slug":"video-localization-and-subtitling","status":"publish","type":"page","link":"https:\/\/www.verztec.com\/video-localization-and-subtitling","title":{"rendered":"Localizzazione Video e Sottotitoli"},"content":{"rendered":"<p>Nell&#8217;era digitale di oggi, sfruttare i video per comunicare efficacemente con un pubblico diversificato \u00e8 essenziale per le aziende globali. I video catturano l&#8217;attenzione, trasmettono messaggi con impatto e lasciano impressioni durature. Presso Verztec, siamo specializzati in servizi di Localizzazione e Sottotitolazione Video progettati per aiutare i tuoi contenuti a risuonare attraverso culture e lingue diverse, garantendo che il tuo marchio mantenga la sua integrit\u00e0 ed efficacia in tutto il mondo.<\/p>\r\n<br \/>\r\n<h3>Perch\u00e9 scegliere Verztec per la Localizzazione e Sottotitolazione Video?<\/h3>\r\n<br \/>\r\n<p>Espandersi in mercati internazionali richiede pi\u00f9 della semplice traduzione linguistica. \u00c8 necessaria un&#8217;adattamento culturale e una sensibilit\u00e0 per garantire che il tuo messaggio venga ricevuto come previsto. I nostri servizi sono progettati per:<\/p>\r\n<p>Migliorare la Comunicazione Globale: Che si tratti di formare dipendenti multiculturali, coinvolgere sponsor globali o connettersi con clienti in tutto il mondo, i nostri servizi di localizzazione video garantiscono che i tuoi contenuti siano culturalmente pertinenti e linguisticamente accurati.<\/p>\r\n<p>Servizi Professionali di Doppiaggio: Scegli tra una vasta selezione di oltre 12.000 campioni vocali in pi\u00f9 di 100 lingue, forniti dai nostri linguisti nativi nel paese. In alternativa, opta per i nostri servizi di doppiaggio AI di alta qualit\u00e0 per una soluzione rapida e conveniente. I nostri ingegneri di localizzazione dedicati supervisionano l&#8217;intero processo, garantendo un&#8217;integrazione perfetta degli elementi audiovisivi per consegnare un prodotto finale di alta qualit\u00e0.<\/p>\r\n<p>Soluzioni Complete di Sottotitolazione: I nostri esperti madrelingua utilizzano software di editing video all&#8217;avanguardia per aggiungere sottotitoli culturalmente e linguisticamente precisi. Rigorosi processi di assicurazione della qualit\u00e0 garantiscono un tempismo e un posizionamento accurati, migliorando la professionalit\u00e0 e l&#8217;accessibilit\u00e0 dei tuoi video.<\/p>\r\n<h4 class=\"title-normal\">Eccellenza nel Doppiaggio<\/h4>\r\n<p>Dalla trascrizione e traduzione all&#8217;ingegneria di post-produzione, il nostro approccio meticoloso garantisce che ogni doppiaggio completi perfettamente i tuoi video. Eliminiamo distrazioni come respiri e rumori di fondo migliorando chiarezza e tono, offrendo un&#8217;esperienza audio professionale che cattura gli spettatori.<\/p>\r\n<p><strong>Cliente: Subway<\/strong><\/p>\r\n<div class=\"language-service-video\">\r\n    <div class=\"language-service-video-item\"><a href=\"\/media\/video\/subway1.html\" target=\"_blank\" rel=\"noopener\"><img loading=\"lazy\" decoding=\"async\" src=\"https:\/\/www.verztec.com\/wp-content\/uploads\/2009\/08\/subway_eng.gif\" alt=\"Project Subway\" width=\"140\" height=\"117\" border=\"0\" \/><\/a><p>Originale &#8211; Inglese<\/p><\/div>\r\n    <div class=\"language-service-video-item\"><a href=\"\/media\/video\/subway2.html\" target=\"_blank\" rel=\"noopener\"><img loading=\"lazy\" decoding=\"async\" src=\"https:\/\/www.verztec.com\/wp-content\/uploads\/2009\/08\/subway_SC.gif\" alt=\"Project Subway\" width=\"140\" height=\"117\" border=\"0\" \/><\/a><p>Doppiaggio in Cinese<\/p><\/div>\r\n    <div class=\"language-service-video-item\"><a href=\"\/media\/video\/subway3.html\" target=\"_blank\" rel=\"noopener\"><img loading=\"lazy\" decoding=\"async\" src=\"https:\/\/www.verztec.com\/wp-content\/uploads\/2009\/08\/subway_KR.gif\" alt=\"Project Subway\" width=\"140\" height=\"117\" border=\"0\" \/><\/a><p>Doppiaggio in Coreano<\/p><\/div>\r\n<\/div>\r\n<p><strong>Cliente: Grayling<\/strong><\/p>\r\n<div class=\"language-service-video\">\r\n    <div class=\"language-service-video-item\"><a href=\"\/media\/video\/grayling.html\" target=\"_blank\" rel=\"noopener\"> <img loading=\"lazy\" decoding=\"async\" src=\"https:\/\/www.verztec.com\/wp-content\/uploads\/2009\/08\/grayling.jpg\" alt=\"Project grayling\" width=\"140\" height=\"117\" border=\"0\" \/><\/a><p>Doppiaggio in Inglese<\/p><\/div>\r\n<\/div>\r\n<h4 class=\"title-normal\">Precisione nei Sottotitoli<\/h4>\r\n<p>Sia che i tuoi video richiedano sottotitoli per chiarezza o per conformarsi agli standard di accessibilit\u00e0, i nostri esperti garantiscono che i sottotitoli vengano aggiunti in modo accurato ed efficace. Ottimizziamo la leggibilit\u00e0 e il coinvolgimento degli spettatori, sia che il tuo video sia destinato a piattaforme web o a grandi schermi.<\/p>\r\n<h4 class=\"title-normal\">Scegliere tra Doppiaggio e Sottotitolazione<\/h4>\r\n<p>Considera il tuo mezzo di distribuzione e le preferenze del pubblico quando decidi tra doppiaggio e sottotitolazione. Mentre la sottotitolazione \u00e8 economica e ideale per i video web, il doppiaggio migliora il coinvolgimento degli spettatori, specialmente per formati ad alta risoluzione e pubblici globali.<\/p>\r\n<p><strong>Cliente: Hadeed<\/strong><\/p>\r\n<div class=\"language-service-video\">\r\n    <div class=\"language-service-video-item\"><a href=\"\/media\/video\/EN-Hadeed.html\" target=\"_blank\" rel=\"noopener\"><img loading=\"lazy\" decoding=\"async\" src=\"https:\/\/www.verztec.com\/wp-content\/uploads\/2009\/08\/hadeed_Eng.gif\" alt=\"Project Hadeed \" width=\"140\" height=\"112\" border=\"0\" \/><\/a><p>Originale &#8211; Inglese<\/p><\/div>\r\n    <div class=\"language-service-video-item\"><a href=\"\/media\/video\/CHI-Hadeed.html\" target=\"_blank\" rel=\"noopener\"><img loading=\"lazy\" decoding=\"async\" src=\"https:\/\/www.verztec.com\/wp-content\/uploads\/2009\/08\/hadeed_SC.gif\" alt=\"Project Hadeed\" width=\"140\" height=\"112\" border=\"0\" \/><\/a><p>Sottotitoli in Cinese<\/p><\/div>\r\n    <div class=\"language-service-video-item\"><a href=\"\/media\/video\/KR-Hadeed.html\" target=\"_blank\" rel=\"noopener\"><img loading=\"lazy\" decoding=\"async\" src=\"https:\/\/www.verztec.com\/wp-content\/uploads\/2009\/08\/hadeed_KR.gif\" alt=\"Project Hadeed\" width=\"140\" height=\"112\" border=\"0\" \/><\/a><p>Sottotitoli in Coreano<\/p><\/div>\r\n<\/div>\r\n<p><strong>Cliente: ICSC<\/strong><\/p>\r\n<div class=\"language-service-video\">\r\n    <div class=\"language-service-video-item\"><a href=\"\/media\/video\/ICSC.html\" target=\"_blank\" rel=\"noopener\"> <img loading=\"lazy\" decoding=\"async\" src=\"https:\/\/www.verztec.com\/wp-content\/uploads\/2009\/08\/icsc_chi.gif\" alt=\"Project ICSC\" width=\"140\" height=\"117\" border=\"0\" \/><\/a><p>Sottotitoli in Cinese<\/p><\/div>\r\n<\/div>\r\n<p><strong>Cliente: IBM<\/strong><\/p>\r\n<div class=\"language-service-video\">\r\n    <div class=\"language-service-video-item\"><a href=\"\/media\/video\/IBM_jp.html\" target=\"_blank\" rel=\"noopener\"> <img loading=\"lazy\" decoding=\"async\" src=\"https:\/\/www.verztec.com\/wp-content\/uploads\/2009\/08\/ibm.jpg\" alt=\"Project IBM\" width=\"140\" height=\"117\" border=\"0\" \/><\/a><p>Sottotitoli in Giapponese<\/p><\/div>\r\n    <div class=\"language-service-video-item\"><a href=\"\/media\/video\/IBM_chi.html\" target=\"_blank\" rel=\"noopener\"> <img loading=\"lazy\" decoding=\"async\" src=\"https:\/\/www.verztec.com\/wp-content\/uploads\/2009\/08\/ibm.jpg\" alt=\"Project IBM\" width=\"140\" height=\"117\" border=\"0\" \/><\/a><p>Sottotitoli in Cinese<\/p><\/div>\r\n    <div class=\"language-service-video-item\"><a href=\"\/media\/video\/IBM_de.html\" target=\"_blank\" rel=\"noopener\"> <img loading=\"lazy\" decoding=\"async\" src=\"https:\/\/www.verztec.com\/wp-content\/uploads\/2009\/08\/ibm.jpg\" alt=\"Project IBM\" width=\"140\" height=\"117\" border=\"0\" \/><\/a><p>Sottotitoli in Tedesco<\/p><\/div>\r\n    <div class=\"language-service-video-item\"><a href=\"\/media\/video\/IBM_fr.html\" target=\"_blank\" rel=\"noopener\"> <img loading=\"lazy\" decoding=\"async\" src=\"https:\/\/www.verztec.com\/wp-content\/uploads\/2009\/08\/ibm.jpg\" alt=\"Project IBM\" width=\"140\" height=\"117\" border=\"0\" \/><\/a><p>Sottotitoli in Francese<\/p><\/div>\r\n    <div class=\"language-service-video-item\"><a href=\"\/media\/video\/IBM_it.html\" target=\"_blank\" rel=\"noopener\"> <img loading=\"lazy\" decoding=\"async\" src=\"https:\/\/www.verztec.com\/wp-content\/uploads\/2009\/08\/ibm.jpg\" alt=\"Project IBM\" width=\"140\" height=\"117\" border=\"0\" \/><\/a><p>Sottotitoli in Italiano<\/p><\/div>\r\n<\/div>\r\n<p><strong>Cliente: IHG<\/strong><\/p>\r\n<div class=\"language-service-video\">\r\n    <div class=\"language-service-video-item\"><a href=\"\/media\/video\/IHG_chi.html\" target=\"_blank\" rel=\"noopener\"> <img loading=\"lazy\" decoding=\"async\" src=\"https:\/\/www.verztec.com\/wp-content\/uploads\/2009\/08\/IHG.jpg\" alt=\"Project IHG\" width=\"140\" height=\"117\" border=\"0\" \/><\/a><p>Sottotitoli in Cinese<\/p><\/div>\r\n    <div class=\"language-service-video-item\"><a href=\"\/media\/video\/IHG_indo.html\" target=\"_blank\" rel=\"noopener\"> <img loading=\"lazy\" decoding=\"async\" src=\"https:\/\/www.verztec.com\/wp-content\/uploads\/2009\/08\/IHG.jpg\" alt=\"Project IHG\" width=\"140\" height=\"117\" border=\"0\" \/><\/a><p>Sottotitoli in Indonesiano<\/p><\/div>\r\n    <div class=\"language-service-video-item\"><a href=\"\/media\/video\/IHG_kr.html\" target=\"_blank\" rel=\"noopener\"> <img loading=\"lazy\" decoding=\"async\" src=\"https:\/\/www.verztec.com\/wp-content\/uploads\/2009\/08\/IHG.jpg\" alt=\"Project IHG\" width=\"140\" height=\"117\" border=\"0\" \/><\/a><p>Sottotitoli in Coreano<\/p><\/div>\r\n    <div class=\"language-service-video-item\"><a href=\"\/media\/video\/IHG_jp.html\" target=\"_blank\" rel=\"noopener\"> <img loading=\"lazy\" decoding=\"async\" src=\"https:\/\/www.verztec.com\/wp-content\/uploads\/2009\/08\/IHG.jpg\" alt=\"Project IHG\" width=\"140\" height=\"117\" border=\"0\" \/><\/a><p>Sottotitoli in Giapponese<\/p><\/div>\r\n    <div class=\"language-service-video-item\"><a href=\"\/media\/video\/IHG_malay.html\" target=\"_blank\" rel=\"noopener\"> <img loading=\"lazy\" decoding=\"async\" src=\"https:\/\/www.verztec.com\/wp-content\/uploads\/2009\/08\/IHG.jpg\" alt=\"Project IHG\" width=\"140\" height=\"117\" border=\"0\" \/><\/a><p>Sottotitoli in Malese<\/p><\/div>\r\n<\/div>\r\n<div class=\"language-service-video\">\r\n    <div class=\"language-service-video-item\"><a href=\"\/media\/video\/IHG_HongKong.html\" target=\"_blank\" rel=\"noopener\"> <img loading=\"lazy\" decoding=\"async\" src=\"https:\/\/www.verztec.com\/wp-content\/uploads\/2009\/08\/IHG.jpg\" alt=\"Project IHG\" width=\"140\" height=\"117\" border=\"0\" \/><\/a><p>Sottotitoli in Cantonese (Hong Kong)<\/p><\/div>\r\n    <div class=\"language-service-video-item\"><a href=\"\/media\/video\/IHG_tagalog.html\" target=\"_blank\" rel=\"noopener\"> <img loading=\"lazy\" decoding=\"async\" src=\"https:\/\/www.verztec.com\/wp-content\/uploads\/2009\/08\/IHG.jpg\" alt=\"Project IHG\" width=\"140\" height=\"117\" border=\"0\" \/><\/a><p>Sottotitoli in Tagalog<\/p><\/div>\r\n    <div class=\"language-service-video-item\"><a href=\"\/media\/video\/IHG_thai.html\" target=\"_blank\" rel=\"noopener\"> <img loading=\"lazy\" decoding=\"async\" src=\"https:\/\/www.verztec.com\/wp-content\/uploads\/2009\/08\/IHG.jpg\" alt=\"Project IHG\" width=\"140\" height=\"117\" border=\"0\" \/><\/a><p>Sottotitoli in Tailandese<\/p><\/div>\r\n    <div class=\"language-service-video-item\"><a href=\"\/media\/video\/IHG_taiwan.html\" target=\"_blank\" rel=\"noopener\"> <img loading=\"lazy\" decoding=\"async\" src=\"https:\/\/www.verztec.com\/wp-content\/uploads\/2009\/08\/IHG.jpg\" alt=\"Project IHG\" width=\"140\" height=\"117\" border=\"0\" \/><\/a><p>Sottotitoli in Taiwanese<\/p><\/div>\r\n    <div class=\"language-service-video-item\"><a href=\"\/media\/video\/IHG_Vietnamese.html\" target=\"_blank\" rel=\"noopener\"> <img loading=\"lazy\" decoding=\"async\" src=\"https:\/\/www.verztec.com\/wp-content\/uploads\/2009\/08\/IHG.jpg\" alt=\"Project IHG\" width=\"140\" height=\"117\" border=\"0\" \/><\/a><p>Sottotitoli in Vietnamita<\/p><\/div>\r\n<\/div>\r\n<h4 class=\"title-normal\">Storie di Successo dei Clienti<\/h4>\r\n<p>Unisciti a marchi leader come Subway, IHG, IBM e Grayling che si affidano a Verztec per le loro esigenze di localizzazione video. Scopri il valore di video ben prodotti che elevano la presenza e l&#8217;impatto del tuo marchio in qualsiasi mercato.<\/p>\r\n<br \/>\r\n<h3>Diventa Partner di Verztec<\/h3>\r\n<br \/>\r\n<p><strong>Porta la tua strategia video globale a nuovi livelli con l&#8217;esperienza di Verztec nella Localizzazione e Sottotitolazione Video. Contattaci oggi a <a href=\"mailto:enquiry@verztec.com\" target=\"_blank\" rel=\"noopener\">enquiry@verztec.com<\/a> per discutere il tuo progetto e scoprire come possiamo aiutarti a informare, educare e comunicare efficacemente attraverso lingue e mercati.<\/strong><\/p>\r\n\r\n<hr style=\"margin-top: 20px; margin-bottom: 20px; border: 0; border-top: 1px solid #eee;\" \/>\n<p style=\"margin-bottom: 0;\">\n  <img decoding=\"async\" src=\"https:\/\/www.verztec.com\/wp-content\/images\/home\/more.png\" alt=\"\" \/>\n  &nbsp;<a href=\"https:\/\/www.verztec.com\/it\/language-services\/\" target=\"_blank\" rel=\"noopener\">Vedi tutti i &#8220;Servizi linguistici&#8221;<\/a>\n<\/p>","protected":false},"excerpt":{"rendered":"<p>Nell&#8217;era digitale di oggi, sfruttare i video per comunicare efficacemente con un pubblico diversificato \u00e8 essenziale per le aziende globali. I video catturano l&#8217;attenzione, trasmettono messaggi con impatto e lasciano&hellip;<\/p>\n","protected":false},"author":1,"featured_media":2018,"parent":0,"menu_order":18,"comment_status":"closed","ping_status":"closed","template":"","meta":{"footnotes":""},"class_list":["post-897","page","type-page","status-publish","has-post-thumbnail","hentry"],"_links":{"self":[{"href":"https:\/\/www.verztec.com\/wp-json\/wp\/v2\/pages\/897"}],"collection":[{"href":"https:\/\/www.verztec.com\/wp-json\/wp\/v2\/pages"}],"about":[{"href":"https:\/\/www.verztec.com\/wp-json\/wp\/v2\/types\/page"}],"author":[{"embeddable":true,"href":"https:\/\/www.verztec.com\/wp-json\/wp\/v2\/users\/1"}],"replies":[{"embeddable":true,"href":"https:\/\/www.verztec.com\/wp-json\/wp\/v2\/comments?post=897"}],"version-history":[{"count":6,"href":"https:\/\/www.verztec.com\/wp-json\/wp\/v2\/pages\/897\/revisions"}],"predecessor-version":[{"id":4002,"href":"https:\/\/www.verztec.com\/wp-json\/wp\/v2\/pages\/897\/revisions\/4002"}],"wp:featuredmedia":[{"embeddable":true,"href":"https:\/\/www.verztec.com\/wp-json\/wp\/v2\/media\/2018"}],"wp:attachment":[{"href":"https:\/\/www.verztec.com\/wp-json\/wp\/v2\/media?parent=897"}],"curies":[{"name":"wp","href":"https:\/\/api.w.org\/{rel}","templated":true}]}}