{"id":900,"date":"2009-08-03T09:32:16","date_gmt":"2009-08-03T09:32:16","guid":{"rendered":"http:\/\/staging.verztec.com\/verztec\/message-from-our-ceo\/"},"modified":"2025-01-22T00:54:57","modified_gmt":"2025-01-22T00:54:57","slug":"message-from-our-ceo","status":"publish","type":"page","link":"https:\/\/www.verztec.com\/message-from-our-ceo","title":{"rendered":"Messaggio del nostro Group CEO"},"content":{"rendered":"\r\n<style>.wp-block-image img {padding: 30px;}<\/style>\r\n\r\n\r\n<div class=\"wp-block-image\">\r\n<figure class=\"alignright nicholas\"><img loading=\"lazy\" decoding=\"async\" width=\"320\" height=\"480\" src=\"https:\/\/www.verztec.com\/wp-content\/uploads\/2009\/08\/ceo-1.jpg\" alt=\"Sig. Nicholas Goh, CEO\" class=\"wp-image-898\" title=\"Sig. Nicholas Goh, CEO\" srcset=\"https:\/\/www.verztec.com\/wp-content\/uploads\/2009\/08\/ceo-1.jpg 320w, https:\/\/www.verztec.com\/wp-content\/uploads\/2009\/08\/ceo-1-200x300.jpg 200w\" sizes=\"(max-width: 320px) 100vw, 320px\" \/><\/figure><\/div>\r\n\r\n\r\n<p>Salve, sono Nicholas Goh, CEO del Gruppo Verztec, e sono lieto che stiate dedicando del tempo a esplorare il nostro sito web.<\/p>\r\n\r\n\r\n\r\n<p>Innanzitutto, vorrei ringraziare Dio per la Sua grazia che ci ha portato fino a questo punto. Nel corso degli anni, abbiamo avuto il privilegio di aiutare molte aziende a migliorare le proprie performance attraverso soluzioni digitali innovative per programmi di formazione regionali e globali. \u00c8 stato un vero onore contribuire alla loro crescita globale. Molti dei nostri clienti si affidano a noi per digitalizzare e mantenere i loro programmi di formazione interna, tra cui onboarding del personale, gestione del rischio e conformit\u00e0, sicurezza informatica e altro ancora. I nostri servizi gestiti consentono loro di implementare e gestire questi programmi come soluzioni completamente digitali o ibride in diverse regioni.<\/p>\r\n\r\n\r\n\r\n<p>Dal nostro umile inizio nel 2000, Verztec \u00e8 cresciuta fino a diventare un leader nelle soluzioni di apprendimento e linguistiche di alta qualit\u00e0. Il nostro obiettivo principale \u00e8 sempre stato quello di dare potere a persone talentuose per offrire un lavoro eccezionale che superi costantemente le aspettative dei clienti.<\/p>\r\n\r\n\r\n\r\n<p>Come azienda impegnata nell&#8217;innovazione continua, siamo lieti di offrire una vasta gamma di soluzioni assistite dall&#8217;IA, tra cui traduzione, trascrizione e servizi di doppiaggio in oltre 100 lingue. Questi servizi basati sull&#8217;IA migliorano le risorse digitali dei nostri clienti nel marketing e nella formazione, offrendo sia efficienza che risparmi sui costi. Tuttavia, comprendiamo che l&#8217;IA da sola non sempre riesce a cogliere le sfumature necessarie per una qualit\u00e0 impeccabile. Per questo motivo, combiniamo soluzioni basate sull&#8217;IA con la supervisione umana: i nostri team professionali effettuano verifiche e revisioni approfondite per garantire i migliori risultati. Questa combinazione di IA ed esperienza umana ci consente di fornire servizi eccezionali mantenendo i costi gestibili per i nostri clienti.<\/p>\r\n\r\n\r\n\r\n<p>In Verztec, la nostra missione \u00e8 supportare aziende come la vostra nella crescita e migliorare le performance nei mercati esteri attraverso l&#8217;apprendimento digitale e servizi linguistici efficaci. Comprendiamo l&#8217;importanza di fornire soluzioni precise, puntuali ed economicamente convenienti. Con oltre 10.000 traduttori nativi qualificati in pi\u00f9 di 50 paesi, ci assicuriamo che i vostri messaggi siano localizzati per essere percepiti come contenuti originali \u2013 accuratamente controllati e revisionati \u2013 ovunque si trovi il vostro pubblico.<\/p>\r\n\r\n\r\n\r\n<p>Siamo inoltre profondamente grati ai membri del nostro personale dedicato che si sono uniti a noi nel corso degli anni. Il loro impegno e il loro duro lavoro hanno fornito loro esperienze preziose, aiutandoli a crescere sia professionalmente che personalmente, continuando a progredire nelle loro carriere. Siamo orgogliosi di offrire loro una piattaforma su cui possano prosperare.<\/p>\r\n\r\n\r\n\r\n<p>Inoltre, Verztec \u00e8 una piattaforma che Dio sta utilizzando per connettere le persone, costruire ponti tra culture e facilitare il commercio internazionale. Siamo grati per i numerosi partner commerciali con cui abbiamo avuto il privilegio di connetterci, aiutandoli a formare alleanze e a far progredire i loro affari in modi che non avevano previsto.<\/p>\r\n\r\n\r\n\r\n<p>La nostra visione \u00e8 essere un partner globale di classe mondiale, rinomato per la consulenza di qualit\u00e0 e le soluzioni complete. Lavoriamo in collaborazione con i nostri clienti, impegnandoci al massimo per offrire il miglior valore possibile. Questa dedizione ci ha guadagnato la fiducia dei nostri clienti, come dimostrano le collaborazioni ripetute con clienti soddisfatti.<\/p>\r\n\r\n\r\n\r\n<p>Siamo orgogliosi dei nostri forti valori aziendali, che ci hanno permesso di prosperare anche nei momenti difficili. Qualit\u00e0, integrit\u00e0 e impegno verso l&#8217;eccellenza sono al centro di tutto ci\u00f2 che facciamo. Il nostro successo si basa su una cultura che valorizza il lavoro di alta qualit\u00e0, supportata dall&#8217;infrastruttura e dall&#8217;esperienza che abbiamo sviluppato nel corso degli anni. Lavorare con Verztec significa ricevere un&#8217;attenzione personalizzata per i vostri progetti dall&#8217;inizio alla fine. Siamo impegnati a comprendere le vostre esigenze e ad aiutarvi a navigare nelle tendenze di mercato e nelle sfide. I nostri clienti apprezzano il nostro approccio orientato al cliente e il nostro equilibrio tra essere abbastanza grandi da soddisfare esigenze diverse e abbastanza piccoli da preoccuparci davvero del loro business.<\/p>\r\n\r\n\r\n\r\n<p>Vi invitiamo a esplorare il nostro sito web per saperne di pi\u00f9 su di noi. Grazie ancora per il vostro interesse. Non vediamo l&#8217;ora di avere presto l&#8217;opportunit\u00e0 di collaborare con voi.<\/p>\r\n\r\n\r\n\r\n<p><strong>Distinti saluti,<\/strong><br>Nicholas Goh<br><\/p>\r\n\r\n\r\n","protected":false},"excerpt":{"rendered":"<p>Salve, sono Nicholas Goh, CEO del Gruppo Verztec, e sono lieto che stiate dedicando del tempo a esplorare il nostro sito web. Innanzitutto, vorrei ringraziare Dio per la Sua grazia&hellip;<\/p>\n","protected":false},"author":1,"featured_media":2024,"parent":0,"menu_order":20,"comment_status":"closed","ping_status":"closed","template":"","meta":{"footnotes":""},"class_list":["post-900","page","type-page","status-publish","has-post-thumbnail","hentry"],"_links":{"self":[{"href":"https:\/\/www.verztec.com\/wp-json\/wp\/v2\/pages\/900"}],"collection":[{"href":"https:\/\/www.verztec.com\/wp-json\/wp\/v2\/pages"}],"about":[{"href":"https:\/\/www.verztec.com\/wp-json\/wp\/v2\/types\/page"}],"author":[{"embeddable":true,"href":"https:\/\/www.verztec.com\/wp-json\/wp\/v2\/users\/1"}],"replies":[{"embeddable":true,"href":"https:\/\/www.verztec.com\/wp-json\/wp\/v2\/comments?post=900"}],"version-history":[{"count":7,"href":"https:\/\/www.verztec.com\/wp-json\/wp\/v2\/pages\/900\/revisions"}],"predecessor-version":[{"id":3994,"href":"https:\/\/www.verztec.com\/wp-json\/wp\/v2\/pages\/900\/revisions\/3994"}],"wp:featuredmedia":[{"embeddable":true,"href":"https:\/\/www.verztec.com\/wp-json\/wp\/v2\/media\/2024"}],"wp:attachment":[{"href":"https:\/\/www.verztec.com\/wp-json\/wp\/v2\/media?parent=900"}],"curies":[{"name":"wp","href":"https:\/\/api.w.org\/{rel}","templated":true}]}}